{"id":3317,"date":"2026-03-07T16:54:42","date_gmt":"2026-03-07T15:54:42","guid":{"rendered":"https:\/\/holyshit.global\/holy-shit-se-estrena-en-suiza-en-ziegelhutte-zurich-el-29-de-octubre-de-2023\/"},"modified":"2026-03-07T17:28:41","modified_gmt":"2026-03-07T16:28:41","slug":"holy-shit-se-estrena-en-suiza-en-ziegelhutte-zurich-el-29-de-octubre-de-2023","status":"publish","type":"page","link":"https:\/\/holyshit.global\/es\/holy-shit-se-estrena-en-suiza-en-ziegelhutte-zurich-el-29-de-octubre-de-2023\/","title":{"rendered":"Holy Shit se estrena en Suiza en Ziegelh\u00fctte, Z\u00farich, el 29 de octubre de 2023."},"content":{"rendered":"\n<p>Gracias a Tamo y Rose, de Ziegelh\u00fctte, por su amabilidad y apoyo hacia m\u00ed y hacia la pel\u00edcula. La sala estaba llena, con m\u00e1s de 100 personas presentes. Fue una noche maravillosa con amigos y seres queridos, entre ellos la editora de la pel\u00edcula, C\u00e9cile Welter, y su familia. La ronda de preguntas y respuestas estuvo a cargo de Jojo Casanova, de Kompotoi, Bastian Etter, de Vuna, y yo mismo.   <\/p>\n\n<figure class=\"wp-block-image size-large\"><img loading=\"lazy\" decoding=\"async\" width=\"1024\" height=\"768\" src=\"https:\/\/holyshit.global\/wp-content\/uploads\/2026\/03\/Ziegel-beer-garden-w-film-poster-1-1024x768.jpg\" alt=\"\" class=\"wp-image-3345\" srcset=\"https:\/\/holyshit.global\/wp-content\/uploads\/2026\/03\/Ziegel-beer-garden-w-film-poster-1-1024x768.jpg 1024w, https:\/\/holyshit.global\/wp-content\/uploads\/2026\/03\/Ziegel-beer-garden-w-film-poster-1-300x225.jpg 300w, https:\/\/holyshit.global\/wp-content\/uploads\/2026\/03\/Ziegel-beer-garden-w-film-poster-1-768x576.jpg 768w, https:\/\/holyshit.global\/wp-content\/uploads\/2026\/03\/Ziegel-beer-garden-w-film-poster-1-1536x1152.jpg 1536w, https:\/\/holyshit.global\/wp-content\/uploads\/2026\/03\/Ziegel-beer-garden-w-film-poster-1-465x349.jpg 465w, https:\/\/holyshit.global\/wp-content\/uploads\/2026\/03\/Ziegel-beer-garden-w-film-poster-1-667x500.jpg 667w, https:\/\/holyshit.global\/wp-content\/uploads\/2026\/03\/Ziegel-beer-garden-w-film-poster-1.jpg 2016w\" sizes=\"auto, (max-width: 1024px) 100vw, 1024px\" \/><\/figure>\n\n<figure class=\"wp-block-image size-full\"><img loading=\"lazy\" decoding=\"async\" width=\"1024\" height=\"768\" src=\"https:\/\/holyshit.global\/wp-content\/uploads\/2026\/03\/Screening-Ziegelhuette-1-1.jpg\" alt=\"\" class=\"wp-image-3339\" srcset=\"https:\/\/holyshit.global\/wp-content\/uploads\/2026\/03\/Screening-Ziegelhuette-1-1.jpg 1024w, https:\/\/holyshit.global\/wp-content\/uploads\/2026\/03\/Screening-Ziegelhuette-1-1-300x225.jpg 300w, https:\/\/holyshit.global\/wp-content\/uploads\/2026\/03\/Screening-Ziegelhuette-1-1-768x576.jpg 768w, https:\/\/holyshit.global\/wp-content\/uploads\/2026\/03\/Screening-Ziegelhuette-1-1-465x349.jpg 465w, https:\/\/holyshit.global\/wp-content\/uploads\/2026\/03\/Screening-Ziegelhuette-1-1-667x500.jpg 667w\" sizes=\"auto, (max-width: 1024px) 100vw, 1024px\" \/><\/figure>\n\n<figure class=\"wp-block-image size-full\"><img loading=\"lazy\" decoding=\"async\" width=\"768\" height=\"1024\" src=\"https:\/\/holyshit.global\/wp-content\/uploads\/2026\/03\/QA-Stage-at-Ziegelhuette-1-1.jpg\" alt=\"\" class=\"wp-image-3342\" srcset=\"https:\/\/holyshit.global\/wp-content\/uploads\/2026\/03\/QA-Stage-at-Ziegelhuette-1-1.jpg 768w, https:\/\/holyshit.global\/wp-content\/uploads\/2026\/03\/QA-Stage-at-Ziegelhuette-1-1-225x300.jpg 225w, https:\/\/holyshit.global\/wp-content\/uploads\/2026\/03\/QA-Stage-at-Ziegelhuette-1-1-450x600.jpg 450w, https:\/\/holyshit.global\/wp-content\/uploads\/2026\/03\/QA-Stage-at-Ziegelhuette-1-1-375x500.jpg 375w\" sizes=\"auto, (max-width: 768px) 100vw, 768px\" \/><\/figure>\n\n<figure class=\"wp-block-image size-large\"><img loading=\"lazy\" decoding=\"async\" width=\"768\" height=\"1024\" src=\"https:\/\/holyshit.global\/wp-content\/uploads\/2026\/03\/Ziegelhuetteposter-2-768x1024.jpg\" alt=\"\" class=\"wp-image-3348\" srcset=\"https:\/\/holyshit.global\/wp-content\/uploads\/2026\/03\/Ziegelhuetteposter-2-768x1024.jpg 768w, https:\/\/holyshit.global\/wp-content\/uploads\/2026\/03\/Ziegelhuetteposter-2-225x300.jpg 225w, https:\/\/holyshit.global\/wp-content\/uploads\/2026\/03\/Ziegelhuetteposter-2-1152x1536.jpg 1152w, https:\/\/holyshit.global\/wp-content\/uploads\/2026\/03\/Ziegelhuetteposter-2-450x600.jpg 450w, https:\/\/holyshit.global\/wp-content\/uploads\/2026\/03\/Ziegelhuetteposter-2-375x500.jpg 375w, https:\/\/holyshit.global\/wp-content\/uploads\/2026\/03\/Ziegelhuetteposter-2.jpg 1512w\" sizes=\"auto, (max-width: 768px) 100vw, 768px\" \/><\/figure>\n","protected":false},"excerpt":{"rendered":"<p>Gracias a Tamo y Rose, de Ziegelh\u00fctte, por su amabilidad y apoyo hacia m\u00ed y hacia la pel\u00edcula. La sala estaba llena, con m\u00e1s de 100 personas presentes. Fue una noche maravillosa con amigos y seres queridos, entre ellos la editora de la pel\u00edcula, C\u00e9cile Welter, y su familia. La<span class=\"more-link\"><a href=\"https:\/\/holyshit.global\/es\/holy-shit-se-estrena-en-suiza-en-ziegelhutte-zurich-el-29-de-octubre-de-2023\/\">Read More &rarr;<\/a><\/span><\/p>\n","protected":false},"author":1,"featured_media":0,"parent":0,"menu_order":0,"comment_status":"closed","ping_status":"closed","template":"","meta":{"footnotes":""},"class_list":["entry","author-wzu2bwzu2bwzu2b","post-3317","page","type-page","status-publish"],"_links":{"self":[{"href":"https:\/\/holyshit.global\/es\/wp-json\/wp\/v2\/pages\/3317","targetHints":{"allow":["GET"]}}],"collection":[{"href":"https:\/\/holyshit.global\/es\/wp-json\/wp\/v2\/pages"}],"about":[{"href":"https:\/\/holyshit.global\/es\/wp-json\/wp\/v2\/types\/page"}],"author":[{"embeddable":true,"href":"https:\/\/holyshit.global\/es\/wp-json\/wp\/v2\/users\/1"}],"replies":[{"embeddable":true,"href":"https:\/\/holyshit.global\/es\/wp-json\/wp\/v2\/comments?post=3317"}],"version-history":[{"count":2,"href":"https:\/\/holyshit.global\/es\/wp-json\/wp\/v2\/pages\/3317\/revisions"}],"predecessor-version":[{"id":3353,"href":"https:\/\/holyshit.global\/es\/wp-json\/wp\/v2\/pages\/3317\/revisions\/3353"}],"wp:attachment":[{"href":"https:\/\/holyshit.global\/es\/wp-json\/wp\/v2\/media?parent=3317"}],"curies":[{"name":"wp","href":"https:\/\/api.w.org\/{rel}","templated":true}]}}