{"id":3303,"date":"2026-03-07T12:43:31","date_gmt":"2026-03-07T11:43:31","guid":{"rendered":"https:\/\/holyshit.global\/holy-shit-en-el-festival-de-cine-de-naturaleza-de-innsbruck-en-octubre-de-2023\/"},"modified":"2026-03-07T12:47:21","modified_gmt":"2026-03-07T11:47:21","slug":"holy-shit-en-el-festival-de-cine-de-naturaleza-de-innsbruck-en-octubre-de-2023","status":"publish","type":"page","link":"https:\/\/holyshit.global\/es\/holy-shit-en-el-festival-de-cine-de-naturaleza-de-innsbruck-en-octubre-de-2023\/","title":{"rendered":"Holy Shit en el Festival de Cine de Naturaleza de Innsbruck en octubre de 2023"},"content":{"rendered":"\n<p>Fue un placer compartir el escenario con Florian Augustin, de Finizio, y el Dr. Heribert Insam, un experto jubilado en sistemas tradicionales de tratamiento de aguas residuales de Austria. Florian y yo explicamos las ventajas de un sistema sin agua frente al tradicional defendido por el Dr. Insam. El debate fue intenso, pero respetuoso. El Dr. Insam se\u00f1al\u00f3 que en Austria hay plantas de tratamiento de aguas residuales que tienen un consumo energ\u00e9tico neto cero. Sin embargo, no recuperan los nutrientes de nuestros excrementos, como lo hacen los inodoros secos de Finizio.    <\/p>\n\n<figure class=\"wp-block-gallery has-nested-images columns-default is-cropped wp-block-gallery-1 is-layout-flex wp-block-gallery-is-layout-flex\">\n<figure class=\"wp-block-image size-large\"><img loading=\"lazy\" decoding=\"async\" width=\"1024\" height=\"768\" data-id=\"3296\" src=\"https:\/\/holyshit.global\/wp-content\/uploads\/2026\/03\/Innsbruck-Florian-talks-on-stage-1024x768.jpg\" alt=\"\" class=\"wp-image-3296\" srcset=\"https:\/\/holyshit.global\/wp-content\/uploads\/2026\/03\/Innsbruck-Florian-talks-on-stage-1024x768.jpg 1024w, https:\/\/holyshit.global\/wp-content\/uploads\/2026\/03\/Innsbruck-Florian-talks-on-stage-300x225.jpg 300w, https:\/\/holyshit.global\/wp-content\/uploads\/2026\/03\/Innsbruck-Florian-talks-on-stage-768x576.jpg 768w, https:\/\/holyshit.global\/wp-content\/uploads\/2026\/03\/Innsbruck-Florian-talks-on-stage-1536x1152.jpg 1536w, https:\/\/holyshit.global\/wp-content\/uploads\/2026\/03\/Innsbruck-Florian-talks-on-stage-465x349.jpg 465w, https:\/\/holyshit.global\/wp-content\/uploads\/2026\/03\/Innsbruck-Florian-talks-on-stage-667x500.jpg 667w, https:\/\/holyshit.global\/wp-content\/uploads\/2026\/03\/Innsbruck-Florian-talks-on-stage.jpg 2016w\" sizes=\"auto, (max-width: 1024px) 100vw, 1024px\" \/><\/figure>\n\n\n\n<figure class=\"wp-block-image size-large\"><img loading=\"lazy\" decoding=\"async\" width=\"1024\" height=\"422\" data-id=\"3293\" src=\"https:\/\/holyshit.global\/wp-content\/uploads\/2026\/03\/Innsbruck-audience-listens-1024x422.jpg\" alt=\"\" class=\"wp-image-3293\" srcset=\"https:\/\/holyshit.global\/wp-content\/uploads\/2026\/03\/Innsbruck-audience-listens-1024x422.jpg 1024w, https:\/\/holyshit.global\/wp-content\/uploads\/2026\/03\/Innsbruck-audience-listens-300x124.jpg 300w, https:\/\/holyshit.global\/wp-content\/uploads\/2026\/03\/Innsbruck-audience-listens-768x316.jpg 768w, https:\/\/holyshit.global\/wp-content\/uploads\/2026\/03\/Innsbruck-audience-listens-1536x633.jpg 1536w, https:\/\/holyshit.global\/wp-content\/uploads\/2026\/03\/Innsbruck-audience-listens-2048x844.jpg 2048w, https:\/\/holyshit.global\/wp-content\/uploads\/2026\/03\/Innsbruck-audience-listens-465x192.jpg 465w, https:\/\/holyshit.global\/wp-content\/uploads\/2026\/03\/Innsbruck-audience-listens-695x286.jpg 695w\" sizes=\"auto, (max-width: 1024px) 100vw, 1024px\" \/><\/figure>\n\n\n\n<figure class=\"wp-block-image size-large\"><img loading=\"lazy\" decoding=\"async\" width=\"1024\" height=\"576\" data-id=\"3275\" src=\"https:\/\/holyshit.global\/wp-content\/uploads\/2026\/03\/Innsbruck-RA-talks-on-stage-1024x576.jpg\" alt=\"\" class=\"wp-image-3275\" srcset=\"https:\/\/holyshit.global\/wp-content\/uploads\/2026\/03\/Innsbruck-RA-talks-on-stage-1024x576.jpg 1024w, https:\/\/holyshit.global\/wp-content\/uploads\/2026\/03\/Innsbruck-RA-talks-on-stage-300x169.jpg 300w, https:\/\/holyshit.global\/wp-content\/uploads\/2026\/03\/Innsbruck-RA-talks-on-stage-768x432.jpg 768w, https:\/\/holyshit.global\/wp-content\/uploads\/2026\/03\/Innsbruck-RA-talks-on-stage-1536x864.jpg 1536w, https:\/\/holyshit.global\/wp-content\/uploads\/2026\/03\/Innsbruck-RA-talks-on-stage-465x262.jpg 465w, https:\/\/holyshit.global\/wp-content\/uploads\/2026\/03\/Innsbruck-RA-talks-on-stage-695x391.jpg 695w, https:\/\/holyshit.global\/wp-content\/uploads\/2026\/03\/Innsbruck-RA-talks-on-stage.jpg 1760w\" sizes=\"auto, (max-width: 1024px) 100vw, 1024px\" \/><\/figure>\n\n\n\n<figure class=\"wp-block-image size-large\"><img loading=\"lazy\" decoding=\"async\" width=\"1024\" height=\"768\" data-id=\"3278\" src=\"https:\/\/holyshit.global\/wp-content\/uploads\/2026\/03\/Innsbruck-audience-asks-1024x768.jpg\" alt=\"\" class=\"wp-image-3278\" srcset=\"https:\/\/holyshit.global\/wp-content\/uploads\/2026\/03\/Innsbruck-audience-asks-1024x768.jpg 1024w, https:\/\/holyshit.global\/wp-content\/uploads\/2026\/03\/Innsbruck-audience-asks-300x225.jpg 300w, https:\/\/holyshit.global\/wp-content\/uploads\/2026\/03\/Innsbruck-audience-asks-768x576.jpg 768w, https:\/\/holyshit.global\/wp-content\/uploads\/2026\/03\/Innsbruck-audience-asks-1536x1152.jpg 1536w, https:\/\/holyshit.global\/wp-content\/uploads\/2026\/03\/Innsbruck-audience-asks-465x349.jpg 465w, https:\/\/holyshit.global\/wp-content\/uploads\/2026\/03\/Innsbruck-audience-asks-667x500.jpg 667w, https:\/\/holyshit.global\/wp-content\/uploads\/2026\/03\/Innsbruck-audience-asks.jpg 2016w\" sizes=\"auto, (max-width: 1024px) 100vw, 1024px\" \/><\/figure>\n\n\n\n<figure class=\"wp-block-image size-large\"><img loading=\"lazy\" decoding=\"async\" width=\"1024\" height=\"768\" data-id=\"3290\" src=\"https:\/\/holyshit.global\/wp-content\/uploads\/2026\/03\/Innsbruck-outside-w-poster-1024x768.jpg\" alt=\"\" class=\"wp-image-3290\" srcset=\"https:\/\/holyshit.global\/wp-content\/uploads\/2026\/03\/Innsbruck-outside-w-poster-1024x768.jpg 1024w, https:\/\/holyshit.global\/wp-content\/uploads\/2026\/03\/Innsbruck-outside-w-poster-300x225.jpg 300w, https:\/\/holyshit.global\/wp-content\/uploads\/2026\/03\/Innsbruck-outside-w-poster-768x576.jpg 768w, https:\/\/holyshit.global\/wp-content\/uploads\/2026\/03\/Innsbruck-outside-w-poster-1536x1152.jpg 1536w, https:\/\/holyshit.global\/wp-content\/uploads\/2026\/03\/Innsbruck-outside-w-poster-465x349.jpg 465w, https:\/\/holyshit.global\/wp-content\/uploads\/2026\/03\/Innsbruck-outside-w-poster-667x500.jpg 667w, https:\/\/holyshit.global\/wp-content\/uploads\/2026\/03\/Innsbruck-outside-w-poster.jpg 2016w\" sizes=\"auto, (max-width: 1024px) 100vw, 1024px\" \/><\/figure>\n\n\n\n<figure class=\"wp-block-image size-large\"><img loading=\"lazy\" decoding=\"async\" width=\"1024\" height=\"768\" data-id=\"3299\" src=\"https:\/\/holyshit.global\/wp-content\/uploads\/2026\/03\/Innsbruck-view-church-tower-1024x768.jpg\" alt=\"\" class=\"wp-image-3299\" srcset=\"https:\/\/holyshit.global\/wp-content\/uploads\/2026\/03\/Innsbruck-view-church-tower-1024x768.jpg 1024w, https:\/\/holyshit.global\/wp-content\/uploads\/2026\/03\/Innsbruck-view-church-tower-300x225.jpg 300w, https:\/\/holyshit.global\/wp-content\/uploads\/2026\/03\/Innsbruck-view-church-tower-768x576.jpg 768w, https:\/\/holyshit.global\/wp-content\/uploads\/2026\/03\/Innsbruck-view-church-tower-1536x1152.jpg 1536w, https:\/\/holyshit.global\/wp-content\/uploads\/2026\/03\/Innsbruck-view-church-tower-465x349.jpg 465w, https:\/\/holyshit.global\/wp-content\/uploads\/2026\/03\/Innsbruck-view-church-tower-667x500.jpg 667w, https:\/\/holyshit.global\/wp-content\/uploads\/2026\/03\/Innsbruck-view-church-tower.jpg 2016w\" sizes=\"auto, (max-width: 1024px) 100vw, 1024px\" \/><\/figure>\n\n\n\n<figure class=\"wp-block-image size-large\"><img loading=\"lazy\" decoding=\"async\" width=\"1024\" height=\"768\" data-id=\"3284\" src=\"https:\/\/holyshit.global\/wp-content\/uploads\/2026\/03\/Innsbruck-river-mounts-1024x768.jpg\" alt=\"\" class=\"wp-image-3284\" srcset=\"https:\/\/holyshit.global\/wp-content\/uploads\/2026\/03\/Innsbruck-river-mounts-1024x768.jpg 1024w, https:\/\/holyshit.global\/wp-content\/uploads\/2026\/03\/Innsbruck-river-mounts-300x225.jpg 300w, https:\/\/holyshit.global\/wp-content\/uploads\/2026\/03\/Innsbruck-river-mounts-768x576.jpg 768w, https:\/\/holyshit.global\/wp-content\/uploads\/2026\/03\/Innsbruck-river-mounts-1536x1152.jpg 1536w, https:\/\/holyshit.global\/wp-content\/uploads\/2026\/03\/Innsbruck-river-mounts-465x349.jpg 465w, https:\/\/holyshit.global\/wp-content\/uploads\/2026\/03\/Innsbruck-river-mounts-667x500.jpg 667w, https:\/\/holyshit.global\/wp-content\/uploads\/2026\/03\/Innsbruck-river-mounts.jpg 2016w\" sizes=\"auto, (max-width: 1024px) 100vw, 1024px\" \/><\/figure>\n\n\n\n<figure class=\"wp-block-image size-large\"><img loading=\"lazy\" decoding=\"async\" width=\"1024\" height=\"768\" data-id=\"3281\" src=\"https:\/\/holyshit.global\/wp-content\/uploads\/2026\/03\/Innsbruck-mountain-river-view-1024x768.jpg\" alt=\"\" class=\"wp-image-3281\" srcset=\"https:\/\/holyshit.global\/wp-content\/uploads\/2026\/03\/Innsbruck-mountain-river-view-1024x768.jpg 1024w, https:\/\/holyshit.global\/wp-content\/uploads\/2026\/03\/Innsbruck-mountain-river-view-300x225.jpg 300w, https:\/\/holyshit.global\/wp-content\/uploads\/2026\/03\/Innsbruck-mountain-river-view-768x576.jpg 768w, https:\/\/holyshit.global\/wp-content\/uploads\/2026\/03\/Innsbruck-mountain-river-view-1536x1152.jpg 1536w, https:\/\/holyshit.global\/wp-content\/uploads\/2026\/03\/Innsbruck-mountain-river-view-465x349.jpg 465w, https:\/\/holyshit.global\/wp-content\/uploads\/2026\/03\/Innsbruck-mountain-river-view-667x500.jpg 667w, https:\/\/holyshit.global\/wp-content\/uploads\/2026\/03\/Innsbruck-mountain-river-view.jpg 2016w\" sizes=\"auto, (max-width: 1024px) 100vw, 1024px\" \/><\/figure>\n\n\n\n<figure class=\"wp-block-image size-large\"><img loading=\"lazy\" decoding=\"async\" width=\"1024\" height=\"768\" data-id=\"3287\" src=\"https:\/\/holyshit.global\/wp-content\/uploads\/2026\/03\/Innsbruck-river-bldngs-1024x768.jpg\" alt=\"\" class=\"wp-image-3287\" srcset=\"https:\/\/holyshit.global\/wp-content\/uploads\/2026\/03\/Innsbruck-river-bldngs-1024x768.jpg 1024w, https:\/\/holyshit.global\/wp-content\/uploads\/2026\/03\/Innsbruck-river-bldngs-300x225.jpg 300w, https:\/\/holyshit.global\/wp-content\/uploads\/2026\/03\/Innsbruck-river-bldngs-768x576.jpg 768w, https:\/\/holyshit.global\/wp-content\/uploads\/2026\/03\/Innsbruck-river-bldngs-1536x1152.jpg 1536w, https:\/\/holyshit.global\/wp-content\/uploads\/2026\/03\/Innsbruck-river-bldngs-465x349.jpg 465w, https:\/\/holyshit.global\/wp-content\/uploads\/2026\/03\/Innsbruck-river-bldngs-667x500.jpg 667w, https:\/\/holyshit.global\/wp-content\/uploads\/2026\/03\/Innsbruck-river-bldngs.jpg 2016w\" sizes=\"auto, (max-width: 1024px) 100vw, 1024px\" \/><\/figure>\n<\/figure>\n","protected":false},"excerpt":{"rendered":"<p>Fue un placer compartir el escenario con Florian Augustin, de Finizio, y el Dr. Heribert Insam, un experto jubilado en sistemas tradicionales de tratamiento de aguas residuales de Austria. Florian y yo explicamos las ventajas de un sistema sin agua frente al tradicional defendido por el Dr. Insam. El debate<span class=\"more-link\"><a href=\"https:\/\/holyshit.global\/es\/holy-shit-en-el-festival-de-cine-de-naturaleza-de-innsbruck-en-octubre-de-2023\/\">Read More &rarr;<\/a><\/span><\/p>\n","protected":false},"author":1,"featured_media":0,"parent":0,"menu_order":0,"comment_status":"closed","ping_status":"closed","template":"","meta":{"footnotes":""},"class_list":["entry","author-wzu2bwzu2bwzu2b","post-3303","page","type-page","status-publish"],"_links":{"self":[{"href":"https:\/\/holyshit.global\/es\/wp-json\/wp\/v2\/pages\/3303","targetHints":{"allow":["GET"]}}],"collection":[{"href":"https:\/\/holyshit.global\/es\/wp-json\/wp\/v2\/pages"}],"about":[{"href":"https:\/\/holyshit.global\/es\/wp-json\/wp\/v2\/types\/page"}],"author":[{"embeddable":true,"href":"https:\/\/holyshit.global\/es\/wp-json\/wp\/v2\/users\/1"}],"replies":[{"embeddable":true,"href":"https:\/\/holyshit.global\/es\/wp-json\/wp\/v2\/comments?post=3303"}],"version-history":[{"count":1,"href":"https:\/\/holyshit.global\/es\/wp-json\/wp\/v2\/pages\/3303\/revisions"}],"predecessor-version":[{"id":3304,"href":"https:\/\/holyshit.global\/es\/wp-json\/wp\/v2\/pages\/3303\/revisions\/3304"}],"wp:attachment":[{"href":"https:\/\/holyshit.global\/es\/wp-json\/wp\/v2\/media?parent=3303"}],"curies":[{"name":"wp","href":"https:\/\/api.w.org\/{rel}","templated":true}]}}