{"id":3266,"date":"2026-03-06T17:32:47","date_gmt":"2026-03-06T16:32:47","guid":{"rendered":"https:\/\/holyshit.global\/holy-shit-en-la-bienal-de-arquitectura-de-venecia-19-de-octubre-de-2023\/"},"modified":"2026-03-06T17:38:22","modified_gmt":"2026-03-06T16:38:22","slug":"holy-shit-en-la-bienal-de-arquitectura-de-venecia-19-de-octubre-de-2023","status":"publish","type":"page","link":"https:\/\/holyshit.global\/es\/holy-shit-en-la-bienal-de-arquitectura-de-venecia-19-de-octubre-de-2023\/","title":{"rendered":"Holy Shit en la Bienal de Arquitectura de Venecia 19 de octubre de 2023"},"content":{"rendered":"\n<p>Holy Shit tuvo una participaci\u00f3n especial en la Bienal de Arquitectura de Venecia 2023, organizada por el Pabell\u00f3n Alem\u00e1n. La proyecci\u00f3n tuvo lugar en el maravilloso recinto S.a.L.E. Docks, un antiguo almac\u00e9n de sal abandonado que fue ocupado por un grupo de residentes venecianos que finalmente obtuvieron la titularidad de la propiedad y la convirtieron en un centro cultural polivalente (teatro, cine, literatura, danza, m\u00fasica, reuniones sociales&#8230;) y, por cierto, con un retrete de compostaje seco.<\/p>\n\n<p>Adem\u00e1s, hubo un di\u00e1logo sobre cine y arquitectura en el contexto de la econom\u00eda circular entre el arquitecto Fernando Abru\u00f1a Charneco FAIA y el director de Holy Shit Rub\u00e9n Abru\u00f1a. Fernando particip\u00f3 desde San Juan, Puerto Rico, y Rub\u00e9n desde la bienal de Venecia, Italia.<\/p>\n\n<p>Gracias a Zirkulier.bar por su apoyo.<\/p>\n\n<figure class=\"wp-block-gallery has-nested-images columns-default is-cropped wp-block-gallery-1 is-layout-flex wp-block-gallery-is-layout-flex\">\n<figure class=\"wp-block-image size-large\"><img loading=\"lazy\" decoding=\"async\" width=\"576\" height=\"1024\" data-id=\"3234\" src=\"https:\/\/holyshit.global\/wp-content\/uploads\/2026\/03\/Venice-Bienal-program-576x1024.jpg\" alt=\"\" class=\"wp-image-3234\" srcset=\"https:\/\/holyshit.global\/wp-content\/uploads\/2026\/03\/Venice-Bienal-program-576x1024.jpg 576w, https:\/\/holyshit.global\/wp-content\/uploads\/2026\/03\/Venice-Bienal-program-169x300.jpg 169w, https:\/\/holyshit.global\/wp-content\/uploads\/2026\/03\/Venice-Bienal-program-768x1366.jpg 768w, https:\/\/holyshit.global\/wp-content\/uploads\/2026\/03\/Venice-Bienal-program-337x600.jpg 337w, https:\/\/holyshit.global\/wp-content\/uploads\/2026\/03\/Venice-Bienal-program-281x500.jpg 281w, https:\/\/holyshit.global\/wp-content\/uploads\/2026\/03\/Venice-Bienal-program.jpg 863w\" sizes=\"auto, (max-width: 576px) 100vw, 576px\" \/><\/figure>\n\n\n\n<figure class=\"wp-block-image size-large\"><img loading=\"lazy\" decoding=\"async\" width=\"1024\" height=\"768\" data-id=\"3249\" src=\"https:\/\/holyshit.global\/wp-content\/uploads\/2026\/03\/Venice-canal-1024x768.jpg\" alt=\"\" class=\"wp-image-3249\" srcset=\"https:\/\/holyshit.global\/wp-content\/uploads\/2026\/03\/Venice-canal-1024x768.jpg 1024w, https:\/\/holyshit.global\/wp-content\/uploads\/2026\/03\/Venice-canal-300x225.jpg 300w, https:\/\/holyshit.global\/wp-content\/uploads\/2026\/03\/Venice-canal-768x576.jpg 768w, https:\/\/holyshit.global\/wp-content\/uploads\/2026\/03\/Venice-canal-1536x1152.jpg 1536w, https:\/\/holyshit.global\/wp-content\/uploads\/2026\/03\/Venice-canal-465x349.jpg 465w, https:\/\/holyshit.global\/wp-content\/uploads\/2026\/03\/Venice-canal-667x500.jpg 667w, https:\/\/holyshit.global\/wp-content\/uploads\/2026\/03\/Venice-canal.jpg 2016w\" sizes=\"auto, (max-width: 1024px) 100vw, 1024px\" \/><\/figure>\n\n\n\n<figure class=\"wp-block-image size-large\"><img loading=\"lazy\" decoding=\"async\" width=\"1024\" height=\"768\" data-id=\"3246\" src=\"https:\/\/holyshit.global\/wp-content\/uploads\/2026\/03\/Venice-gondolas-1024x768.jpg\" alt=\"\" class=\"wp-image-3246\" srcset=\"https:\/\/holyshit.global\/wp-content\/uploads\/2026\/03\/Venice-gondolas-1024x768.jpg 1024w, https:\/\/holyshit.global\/wp-content\/uploads\/2026\/03\/Venice-gondolas-300x225.jpg 300w, https:\/\/holyshit.global\/wp-content\/uploads\/2026\/03\/Venice-gondolas-768x576.jpg 768w, https:\/\/holyshit.global\/wp-content\/uploads\/2026\/03\/Venice-gondolas-1536x1152.jpg 1536w, https:\/\/holyshit.global\/wp-content\/uploads\/2026\/03\/Venice-gondolas-465x349.jpg 465w, https:\/\/holyshit.global\/wp-content\/uploads\/2026\/03\/Venice-gondolas-666x500.jpg 666w, https:\/\/holyshit.global\/wp-content\/uploads\/2026\/03\/Venice-gondolas.jpg 1798w\" sizes=\"auto, (max-width: 1024px) 100vw, 1024px\" \/><\/figure>\n\n\n\n<figure class=\"wp-block-image size-large\"><img loading=\"lazy\" decoding=\"async\" width=\"1024\" height=\"768\" data-id=\"3240\" src=\"https:\/\/holyshit.global\/wp-content\/uploads\/2026\/03\/Poster-at-Venice-w-people-1024x768.jpg\" alt=\"\" class=\"wp-image-3240\" srcset=\"https:\/\/holyshit.global\/wp-content\/uploads\/2026\/03\/Poster-at-Venice-w-people-1024x768.jpg 1024w, https:\/\/holyshit.global\/wp-content\/uploads\/2026\/03\/Poster-at-Venice-w-people-300x225.jpg 300w, https:\/\/holyshit.global\/wp-content\/uploads\/2026\/03\/Poster-at-Venice-w-people-768x576.jpg 768w, https:\/\/holyshit.global\/wp-content\/uploads\/2026\/03\/Poster-at-Venice-w-people-1536x1152.jpg 1536w, https:\/\/holyshit.global\/wp-content\/uploads\/2026\/03\/Poster-at-Venice-w-people-465x349.jpg 465w, https:\/\/holyshit.global\/wp-content\/uploads\/2026\/03\/Poster-at-Venice-w-people-666x500.jpg 666w, https:\/\/holyshit.global\/wp-content\/uploads\/2026\/03\/Poster-at-Venice-w-people.jpg 1754w\" sizes=\"auto, (max-width: 1024px) 100vw, 1024px\" \/><\/figure>\n\n\n\n<figure class=\"wp-block-image size-large\"><img loading=\"lazy\" decoding=\"async\" width=\"1024\" height=\"768\" data-id=\"3255\" src=\"https:\/\/holyshit.global\/wp-content\/uploads\/2026\/03\/Venice-Bookstore-at-Sale-1024x768.jpg\" alt=\"\" class=\"wp-image-3255\" srcset=\"https:\/\/holyshit.global\/wp-content\/uploads\/2026\/03\/Venice-Bookstore-at-Sale-1024x768.jpg 1024w, https:\/\/holyshit.global\/wp-content\/uploads\/2026\/03\/Venice-Bookstore-at-Sale-300x225.jpg 300w, https:\/\/holyshit.global\/wp-content\/uploads\/2026\/03\/Venice-Bookstore-at-Sale-768x576.jpg 768w, https:\/\/holyshit.global\/wp-content\/uploads\/2026\/03\/Venice-Bookstore-at-Sale-1536x1152.jpg 1536w, https:\/\/holyshit.global\/wp-content\/uploads\/2026\/03\/Venice-Bookstore-at-Sale-465x349.jpg 465w, https:\/\/holyshit.global\/wp-content\/uploads\/2026\/03\/Venice-Bookstore-at-Sale-667x500.jpg 667w, https:\/\/holyshit.global\/wp-content\/uploads\/2026\/03\/Venice-Bookstore-at-Sale.jpg 2016w\" sizes=\"auto, (max-width: 1024px) 100vw, 1024px\" \/><\/figure>\n\n\n\n<figure class=\"wp-block-image size-large\"><img loading=\"lazy\" decoding=\"async\" width=\"1024\" height=\"768\" data-id=\"3258\" src=\"https:\/\/holyshit.global\/wp-content\/uploads\/2026\/03\/Venice-Bar-at-Sale-1024x768.jpg\" alt=\"\" class=\"wp-image-3258\" srcset=\"https:\/\/holyshit.global\/wp-content\/uploads\/2026\/03\/Venice-Bar-at-Sale-1024x768.jpg 1024w, https:\/\/holyshit.global\/wp-content\/uploads\/2026\/03\/Venice-Bar-at-Sale-300x225.jpg 300w, https:\/\/holyshit.global\/wp-content\/uploads\/2026\/03\/Venice-Bar-at-Sale-768x576.jpg 768w, https:\/\/holyshit.global\/wp-content\/uploads\/2026\/03\/Venice-Bar-at-Sale-1536x1152.jpg 1536w, https:\/\/holyshit.global\/wp-content\/uploads\/2026\/03\/Venice-Bar-at-Sale-465x349.jpg 465w, https:\/\/holyshit.global\/wp-content\/uploads\/2026\/03\/Venice-Bar-at-Sale-667x500.jpg 667w, https:\/\/holyshit.global\/wp-content\/uploads\/2026\/03\/Venice-Bar-at-Sale.jpg 2016w\" sizes=\"auto, (max-width: 1024px) 100vw, 1024px\" \/><\/figure>\n\n\n\n<figure class=\"wp-block-image size-large\"><img loading=\"lazy\" decoding=\"async\" width=\"1024\" height=\"768\" data-id=\"3243\" src=\"https:\/\/holyshit.global\/wp-content\/uploads\/2026\/03\/Venice-piazza-St-marco-1024x768.jpg\" alt=\"\" class=\"wp-image-3243\" srcset=\"https:\/\/holyshit.global\/wp-content\/uploads\/2026\/03\/Venice-piazza-St-marco-1024x768.jpg 1024w, https:\/\/holyshit.global\/wp-content\/uploads\/2026\/03\/Venice-piazza-St-marco-300x225.jpg 300w, https:\/\/holyshit.global\/wp-content\/uploads\/2026\/03\/Venice-piazza-St-marco-768x576.jpg 768w, https:\/\/holyshit.global\/wp-content\/uploads\/2026\/03\/Venice-piazza-St-marco-1536x1152.jpg 1536w, https:\/\/holyshit.global\/wp-content\/uploads\/2026\/03\/Venice-piazza-St-marco-465x349.jpg 465w, https:\/\/holyshit.global\/wp-content\/uploads\/2026\/03\/Venice-piazza-St-marco-667x500.jpg 667w, https:\/\/holyshit.global\/wp-content\/uploads\/2026\/03\/Venice-piazza-St-marco.jpg 2016w\" sizes=\"auto, (max-width: 1024px) 100vw, 1024px\" \/><\/figure>\n\n\n\n<figure class=\"wp-block-image size-large\"><img loading=\"lazy\" decoding=\"async\" width=\"1024\" height=\"768\" data-id=\"3252\" src=\"https:\/\/holyshit.global\/wp-content\/uploads\/2026\/03\/Venice-flooded-St.-Marks-1024x768.jpg\" alt=\"\" class=\"wp-image-3252\" srcset=\"https:\/\/holyshit.global\/wp-content\/uploads\/2026\/03\/Venice-flooded-St.-Marks-1024x768.jpg 1024w, https:\/\/holyshit.global\/wp-content\/uploads\/2026\/03\/Venice-flooded-St.-Marks-300x225.jpg 300w, https:\/\/holyshit.global\/wp-content\/uploads\/2026\/03\/Venice-flooded-St.-Marks-768x576.jpg 768w, https:\/\/holyshit.global\/wp-content\/uploads\/2026\/03\/Venice-flooded-St.-Marks-1536x1152.jpg 1536w, https:\/\/holyshit.global\/wp-content\/uploads\/2026\/03\/Venice-flooded-St.-Marks-465x349.jpg 465w, https:\/\/holyshit.global\/wp-content\/uploads\/2026\/03\/Venice-flooded-St.-Marks-667x500.jpg 667w, https:\/\/holyshit.global\/wp-content\/uploads\/2026\/03\/Venice-flooded-St.-Marks.jpg 2016w\" sizes=\"auto, (max-width: 1024px) 100vw, 1024px\" \/><\/figure>\n\n\n\n<figure class=\"wp-block-image size-large\"><img loading=\"lazy\" decoding=\"async\" width=\"1024\" height=\"768\" data-id=\"3261\" src=\"https:\/\/holyshit.global\/wp-content\/uploads\/2026\/03\/Venice-at-Sale-screening-1024x768.jpg\" alt=\"\" class=\"wp-image-3261\" srcset=\"https:\/\/holyshit.global\/wp-content\/uploads\/2026\/03\/Venice-at-Sale-screening-1024x768.jpg 1024w, https:\/\/holyshit.global\/wp-content\/uploads\/2026\/03\/Venice-at-Sale-screening-300x225.jpg 300w, https:\/\/holyshit.global\/wp-content\/uploads\/2026\/03\/Venice-at-Sale-screening-768x576.jpg 768w, https:\/\/holyshit.global\/wp-content\/uploads\/2026\/03\/Venice-at-Sale-screening-1536x1152.jpg 1536w, https:\/\/holyshit.global\/wp-content\/uploads\/2026\/03\/Venice-at-Sale-screening-465x349.jpg 465w, https:\/\/holyshit.global\/wp-content\/uploads\/2026\/03\/Venice-at-Sale-screening-667x500.jpg 667w, https:\/\/holyshit.global\/wp-content\/uploads\/2026\/03\/Venice-at-Sale-screening.jpg 2016w\" sizes=\"auto, (max-width: 1024px) 100vw, 1024px\" \/><\/figure>\n<\/figure>\n\n<figure class=\"wp-block-gallery has-nested-images columns-default is-cropped wp-block-gallery-2 is-layout-flex wp-block-gallery-is-layout-flex\">\n<figure class=\"wp-block-image size-large\"><img loading=\"lazy\" decoding=\"async\" width=\"1024\" height=\"768\" data-id=\"3237\" src=\"https:\/\/holyshit.global\/wp-content\/uploads\/2026\/03\/F-Stone-on-screen-at-Sale-1024x768.jpg\" alt=\"\" class=\"wp-image-3237\" srcset=\"https:\/\/holyshit.global\/wp-content\/uploads\/2026\/03\/F-Stone-on-screen-at-Sale-1024x768.jpg 1024w, https:\/\/holyshit.global\/wp-content\/uploads\/2026\/03\/F-Stone-on-screen-at-Sale-300x225.jpg 300w, https:\/\/holyshit.global\/wp-content\/uploads\/2026\/03\/F-Stone-on-screen-at-Sale-768x576.jpg 768w, https:\/\/holyshit.global\/wp-content\/uploads\/2026\/03\/F-Stone-on-screen-at-Sale-1536x1152.jpg 1536w, https:\/\/holyshit.global\/wp-content\/uploads\/2026\/03\/F-Stone-on-screen-at-Sale-465x349.jpg 465w, https:\/\/holyshit.global\/wp-content\/uploads\/2026\/03\/F-Stone-on-screen-at-Sale-667x500.jpg 667w, https:\/\/holyshit.global\/wp-content\/uploads\/2026\/03\/F-Stone-on-screen-at-Sale.jpg 1581w\" sizes=\"auto, (max-width: 1024px) 100vw, 1024px\" \/><\/figure>\n<\/figure>\n\n<figure class=\"wp-block-gallery has-nested-images columns-default is-cropped wp-block-gallery-3 is-layout-flex wp-block-gallery-is-layout-flex\"><\/figure>\n","protected":false},"excerpt":{"rendered":"<p>Holy Shit tuvo una participaci\u00f3n especial en la Bienal de Arquitectura de Venecia 2023, organizada por el Pabell\u00f3n Alem\u00e1n. La proyecci\u00f3n tuvo lugar en el maravilloso recinto S.a.L.E. Docks, un antiguo almac\u00e9n de sal abandonado que fue ocupado por un grupo de residentes venecianos que finalmente obtuvieron la titularidad de<span class=\"more-link\"><a href=\"https:\/\/holyshit.global\/es\/holy-shit-en-la-bienal-de-arquitectura-de-venecia-19-de-octubre-de-2023\/\">Read More &rarr;<\/a><\/span><\/p>\n","protected":false},"author":1,"featured_media":0,"parent":0,"menu_order":0,"comment_status":"closed","ping_status":"closed","template":"","meta":{"footnotes":""},"class_list":["entry","author-wzu2bwzu2bwzu2b","post-3266","page","type-page","status-publish"],"_links":{"self":[{"href":"https:\/\/holyshit.global\/es\/wp-json\/wp\/v2\/pages\/3266","targetHints":{"allow":["GET"]}}],"collection":[{"href":"https:\/\/holyshit.global\/es\/wp-json\/wp\/v2\/pages"}],"about":[{"href":"https:\/\/holyshit.global\/es\/wp-json\/wp\/v2\/types\/page"}],"author":[{"embeddable":true,"href":"https:\/\/holyshit.global\/es\/wp-json\/wp\/v2\/users\/1"}],"replies":[{"embeddable":true,"href":"https:\/\/holyshit.global\/es\/wp-json\/wp\/v2\/comments?post=3266"}],"version-history":[{"count":1,"href":"https:\/\/holyshit.global\/es\/wp-json\/wp\/v2\/pages\/3266\/revisions"}],"predecessor-version":[{"id":3267,"href":"https:\/\/holyshit.global\/es\/wp-json\/wp\/v2\/pages\/3266\/revisions\/3267"}],"wp:attachment":[{"href":"https:\/\/holyshit.global\/es\/wp-json\/wp\/v2\/media?parent=3266"}],"curies":[{"name":"wp","href":"https:\/\/api.w.org\/{rel}","templated":true}]}}