{"id":3227,"date":"2026-03-06T16:34:37","date_gmt":"2026-03-06T15:34:37","guid":{"rendered":"https:\/\/holyshit.global\/holy-shit-en-el-festival-de-cine-de-derechos-humanos-de-berlin-del-16-al-18-de-octubre-de-2023\/"},"modified":"2026-03-06T16:44:15","modified_gmt":"2026-03-06T15:44:15","slug":"holy-shit-en-el-festival-de-cine-de-derechos-humanos-de-berlin-del-16-al-18-de-octubre-de-2023","status":"publish","type":"page","link":"https:\/\/holyshit.global\/es\/holy-shit-en-el-festival-de-cine-de-derechos-humanos-de-berlin-del-16-al-18-de-octubre-de-2023\/","title":{"rendered":"Holy Shit en el Festival de Cine de Derechos Humanos de Berl\u00edn, del 16 al 18 de octubre de 2023."},"content":{"rendered":"\n<p>La pel\u00edcula tuvo tres proyecciones y una presentaci\u00f3n especial en la Embajada de Suiza. Lo pasamos muy bien con Alisa Kessey y Patricia Arquette, representantes de GiveLove, una ONG especial y colaboradora de la pel\u00edcula. Tambi\u00e9n fue especial porque estuvieron presentes el productor Valentin Thurn, el director de fotograf\u00eda Hajo Schomerus y el t\u00e9cnico de sonido Ralf Weber.<\/p>\n\n<figure class=\"wp-block-gallery has-nested-images columns-default is-cropped wp-block-gallery-1 is-layout-flex wp-block-gallery-is-layout-flex\">\n<figure class=\"wp-block-image size-large\"><img loading=\"lazy\" decoding=\"async\" width=\"1024\" height=\"768\" data-id=\"3222\" src=\"https:\/\/holyshit.global\/wp-content\/uploads\/2026\/03\/RA-and-PArquette-BerlinHRFF-1024x768.jpg\" alt=\"\" class=\"wp-image-3222\" srcset=\"https:\/\/holyshit.global\/wp-content\/uploads\/2026\/03\/RA-and-PArquette-BerlinHRFF-1024x768.jpg 1024w, https:\/\/holyshit.global\/wp-content\/uploads\/2026\/03\/RA-and-PArquette-BerlinHRFF-300x225.jpg 300w, https:\/\/holyshit.global\/wp-content\/uploads\/2026\/03\/RA-and-PArquette-BerlinHRFF-768x576.jpg 768w, https:\/\/holyshit.global\/wp-content\/uploads\/2026\/03\/RA-and-PArquette-BerlinHRFF-1536x1152.jpg 1536w, https:\/\/holyshit.global\/wp-content\/uploads\/2026\/03\/RA-and-PArquette-BerlinHRFF-465x349.jpg 465w, https:\/\/holyshit.global\/wp-content\/uploads\/2026\/03\/RA-and-PArquette-BerlinHRFF-667x500.jpg 667w, https:\/\/holyshit.global\/wp-content\/uploads\/2026\/03\/RA-and-PArquette-BerlinHRFF.jpg 2016w\" sizes=\"auto, (max-width: 1024px) 100vw, 1024px\" \/><\/figure>\n\n\n\n<figure class=\"wp-block-image size-large\"><img loading=\"lazy\" decoding=\"async\" width=\"1024\" height=\"768\" data-id=\"3216\" src=\"https:\/\/holyshit.global\/wp-content\/uploads\/2026\/03\/Audience-before-screening-BerlinHRFF-1024x768.jpg\" alt=\"\" class=\"wp-image-3216\" srcset=\"https:\/\/holyshit.global\/wp-content\/uploads\/2026\/03\/Audience-before-screening-BerlinHRFF-1024x768.jpg 1024w, https:\/\/holyshit.global\/wp-content\/uploads\/2026\/03\/Audience-before-screening-BerlinHRFF-300x225.jpg 300w, https:\/\/holyshit.global\/wp-content\/uploads\/2026\/03\/Audience-before-screening-BerlinHRFF-768x576.jpg 768w, https:\/\/holyshit.global\/wp-content\/uploads\/2026\/03\/Audience-before-screening-BerlinHRFF-1536x1152.jpg 1536w, https:\/\/holyshit.global\/wp-content\/uploads\/2026\/03\/Audience-before-screening-BerlinHRFF-465x349.jpg 465w, https:\/\/holyshit.global\/wp-content\/uploads\/2026\/03\/Audience-before-screening-BerlinHRFF-667x500.jpg 667w, https:\/\/holyshit.global\/wp-content\/uploads\/2026\/03\/Audience-before-screening-BerlinHRFF.jpg 2016w\" sizes=\"auto, (max-width: 1024px) 100vw, 1024px\" \/><\/figure>\n\n\n\n<figure class=\"wp-block-image size-large\"><img loading=\"lazy\" decoding=\"async\" width=\"1024\" height=\"768\" data-id=\"3219\" src=\"https:\/\/holyshit.global\/wp-content\/uploads\/2026\/03\/Hajo-and-PArquette-BerlinHRFF-1024x768.jpg\" alt=\"\" class=\"wp-image-3219\" srcset=\"https:\/\/holyshit.global\/wp-content\/uploads\/2026\/03\/Hajo-and-PArquette-BerlinHRFF-1024x768.jpg 1024w, https:\/\/holyshit.global\/wp-content\/uploads\/2026\/03\/Hajo-and-PArquette-BerlinHRFF-300x225.jpg 300w, https:\/\/holyshit.global\/wp-content\/uploads\/2026\/03\/Hajo-and-PArquette-BerlinHRFF-768x576.jpg 768w, https:\/\/holyshit.global\/wp-content\/uploads\/2026\/03\/Hajo-and-PArquette-BerlinHRFF-1536x1152.jpg 1536w, https:\/\/holyshit.global\/wp-content\/uploads\/2026\/03\/Hajo-and-PArquette-BerlinHRFF-465x349.jpg 465w, https:\/\/holyshit.global\/wp-content\/uploads\/2026\/03\/Hajo-and-PArquette-BerlinHRFF-667x500.jpg 667w, https:\/\/holyshit.global\/wp-content\/uploads\/2026\/03\/Hajo-and-PArquette-BerlinHRFF.jpg 2016w\" sizes=\"auto, (max-width: 1024px) 100vw, 1024px\" \/><\/figure>\n\n\n\n<figure class=\"wp-block-image size-large\"><img loading=\"lazy\" decoding=\"async\" width=\"1024\" height=\"790\" data-id=\"3213\" src=\"https:\/\/holyshit.global\/wp-content\/uploads\/2026\/03\/Screen-w-Dr-Cho-BerlinHRFF-1024x790.jpg\" alt=\"\" class=\"wp-image-3213\" srcset=\"https:\/\/holyshit.global\/wp-content\/uploads\/2026\/03\/Screen-w-Dr-Cho-BerlinHRFF-1024x790.jpg 1024w, https:\/\/holyshit.global\/wp-content\/uploads\/2026\/03\/Screen-w-Dr-Cho-BerlinHRFF-300x231.jpg 300w, https:\/\/holyshit.global\/wp-content\/uploads\/2026\/03\/Screen-w-Dr-Cho-BerlinHRFF-768x593.jpg 768w, https:\/\/holyshit.global\/wp-content\/uploads\/2026\/03\/Screen-w-Dr-Cho-BerlinHRFF-1536x1185.jpg 1536w, https:\/\/holyshit.global\/wp-content\/uploads\/2026\/03\/Screen-w-Dr-Cho-BerlinHRFF-465x359.jpg 465w, https:\/\/holyshit.global\/wp-content\/uploads\/2026\/03\/Screen-w-Dr-Cho-BerlinHRFF-648x500.jpg 648w, https:\/\/holyshit.global\/wp-content\/uploads\/2026\/03\/Screen-w-Dr-Cho-BerlinHRFF.jpg 1940w\" sizes=\"auto, (max-width: 1024px) 100vw, 1024px\" \/><\/figure>\n<\/figure>\n","protected":false},"excerpt":{"rendered":"<p>La pel\u00edcula tuvo tres proyecciones y una presentaci\u00f3n especial en la Embajada de Suiza. Lo pasamos muy bien con Alisa Kessey y Patricia Arquette, representantes de GiveLove, una ONG especial y colaboradora de la pel\u00edcula. Tambi\u00e9n fue especial porque estuvieron presentes el productor Valentin Thurn, el director de fotograf\u00eda Hajo<span class=\"more-link\"><a href=\"https:\/\/holyshit.global\/es\/holy-shit-en-el-festival-de-cine-de-derechos-humanos-de-berlin-del-16-al-18-de-octubre-de-2023\/\">Read More &rarr;<\/a><\/span><\/p>\n","protected":false},"author":1,"featured_media":0,"parent":0,"menu_order":0,"comment_status":"closed","ping_status":"closed","template":"","meta":{"footnotes":""},"class_list":["entry","author-wzu2bwzu2bwzu2b","post-3227","page","type-page","status-publish"],"_links":{"self":[{"href":"https:\/\/holyshit.global\/es\/wp-json\/wp\/v2\/pages\/3227","targetHints":{"allow":["GET"]}}],"collection":[{"href":"https:\/\/holyshit.global\/es\/wp-json\/wp\/v2\/pages"}],"about":[{"href":"https:\/\/holyshit.global\/es\/wp-json\/wp\/v2\/types\/page"}],"author":[{"embeddable":true,"href":"https:\/\/holyshit.global\/es\/wp-json\/wp\/v2\/users\/1"}],"replies":[{"embeddable":true,"href":"https:\/\/holyshit.global\/es\/wp-json\/wp\/v2\/comments?post=3227"}],"version-history":[{"count":1,"href":"https:\/\/holyshit.global\/es\/wp-json\/wp\/v2\/pages\/3227\/revisions"}],"predecessor-version":[{"id":3228,"href":"https:\/\/holyshit.global\/es\/wp-json\/wp\/v2\/pages\/3227\/revisions\/3228"}],"wp:attachment":[{"href":"https:\/\/holyshit.global\/es\/wp-json\/wp\/v2\/media?parent=3227"}],"curies":[{"name":"wp","href":"https:\/\/api.w.org\/{rel}","templated":true}]}}