{"id":3152,"date":"2024-02-17T13:04:38","date_gmt":"2024-02-17T12:04:38","guid":{"rendered":"https:\/\/holyshit.global\/holy-shit-gana-los-premios-del-publico-y-a-la-mejor-pelicula-en-el-festival-aleman-de-cine-de-la-naturaleza\/"},"modified":"2024-02-18T09:20:19","modified_gmt":"2024-02-18T08:20:19","slug":"holy-shit-gana-los-premios-del-publico-y-a-la-mejor-pelicula-en-el-festival-aleman-de-cine-de-la-naturaleza","status":"publish","type":"page","link":"https:\/\/holyshit.global\/es\/holy-shit-gana-los-premios-del-publico-y-a-la-mejor-pelicula-en-el-festival-aleman-de-cine-de-la-naturaleza\/","title":{"rendered":"Holy Shit gana los premios del p\u00fablico y a la mejor pel\u00edcula en el Festival Alem\u00e1n de Cine de la Naturaleza"},"content":{"rendered":"\n<div class=\"wp-block-group\"><div class=\"wp-block-group__inner-container is-layout-constrained wp-block-group-is-layout-constrained\">\n<div class=\"wp-block-group is-content-justification-center is-nowrap is-layout-flex wp-container-core-group-is-layout-94bc23d7 wp-block-group-is-layout-flex\">\n<figure class=\"wp-block-image size-large is-resized\"><img loading=\"lazy\" decoding=\"async\" width=\"1024\" height=\"819\" src=\"https:\/\/holyshit.global\/wp-content\/uploads\/2024\/02\/NFP_Publikumswahl_GOLD_23-1024x819.jpg\" alt=\"\" class=\"wp-image-3124\" style=\"width:277px;height:auto\" srcset=\"https:\/\/holyshit.global\/wp-content\/uploads\/2024\/02\/NFP_Publikumswahl_GOLD_23-1024x819.jpg 1024w, https:\/\/holyshit.global\/wp-content\/uploads\/2024\/02\/NFP_Publikumswahl_GOLD_23-300x240.jpg 300w, https:\/\/holyshit.global\/wp-content\/uploads\/2024\/02\/NFP_Publikumswahl_GOLD_23-768x615.jpg 768w, https:\/\/holyshit.global\/wp-content\/uploads\/2024\/02\/NFP_Publikumswahl_GOLD_23-465x372.jpg 465w, https:\/\/holyshit.global\/wp-content\/uploads\/2024\/02\/NFP_Publikumswahl_GOLD_23-625x500.jpg 625w, https:\/\/holyshit.global\/wp-content\/uploads\/2024\/02\/NFP_Publikumswahl_GOLD_23.jpg 1181w\" sizes=\"auto, (max-width: 1024px) 100vw, 1024px\" \/><\/figure>\n\n\n\n<figure class=\"wp-block-image size-large is-resized\"><img loading=\"lazy\" decoding=\"async\" width=\"1024\" height=\"819\" src=\"https:\/\/holyshit.global\/wp-content\/uploads\/2024\/02\/NFP_Bester_Film_M_N_ROT_23-1024x819.jpg\" alt=\"\" class=\"wp-image-3133\" style=\"width:290px;height:auto\" srcset=\"https:\/\/holyshit.global\/wp-content\/uploads\/2024\/02\/NFP_Bester_Film_M_N_ROT_23-1024x819.jpg 1024w, https:\/\/holyshit.global\/wp-content\/uploads\/2024\/02\/NFP_Bester_Film_M_N_ROT_23-300x240.jpg 300w, https:\/\/holyshit.global\/wp-content\/uploads\/2024\/02\/NFP_Bester_Film_M_N_ROT_23-768x615.jpg 768w, https:\/\/holyshit.global\/wp-content\/uploads\/2024\/02\/NFP_Bester_Film_M_N_ROT_23-465x372.jpg 465w, https:\/\/holyshit.global\/wp-content\/uploads\/2024\/02\/NFP_Bester_Film_M_N_ROT_23-625x500.jpg 625w, https:\/\/holyshit.global\/wp-content\/uploads\/2024\/02\/NFP_Bester_Film_M_N_ROT_23.jpg 1181w\" sizes=\"auto, (max-width: 1024px) 100vw, 1024px\" \/><\/figure>\n<\/div>\n<\/div><\/div>\n\n<p class=\"has-medium-font-size\">El 7 de octubre de 2023, Holy Shit recibi\u00f3 el Premio del P\u00fablico y el Premio a la Mejor Pel\u00edcula en la categor\u00eda Humanos y Naturaleza, del Festival de Cine de Naturaleza m\u00e1s importante de Alemania, el Darsser NaturFilmPreis. El laudo lo dice claramente.<\/p>\n\n<p class=\"has-medium-font-size\">LAUDO<br\/>Premio alem\u00e1n NatureFilmPrize 2023<br\/>Mejor Pel\u00edcula | Humanos y Naturaleza<\/p>\n\n<p class=\"has-medium-font-size\">Quien se enfrenta a los problemas de la naturaleza, enseguida se siente desesperanzado. Nosotros, la especie humana, estamos destruyendo muchas cosas. El clima, la diversidad de especies.. \u00bfA\u00fan podemos salvar el mundo? Esa es una gran pregunta. Una parte de la respuesta est\u00e1 quiz\u00e1 m\u00e1s cerca de lo que se piensa. M\u00e1s concretamente: en la taza del inodoro.<\/p>\n\n<p class=\"has-medium-font-size\">Experimentamos la historia de una transformaci\u00f3n. C\u00f3mo lo que todos tiramos descuidadamente por el retrete cada d\u00eda puede convertirse en algo maravilloso y valioso: abono. Se necesitan 86 minutos para contar esta incre\u00edble historia. Ni un segundo es aburrido. La historia nos lleva por medio mundo. Cada estaci\u00f3n destaca una nueva faceta del tema. Puede adivinar cu\u00e1nto tiempo se dedic\u00f3 a la investigaci\u00f3n. Qu\u00e9 fina es la l\u00ednea que separa el tono divertido que ha encontrado la pel\u00edcula y los chistes baratos que se han prestado a ello.<\/p>\n\n<p class=\"has-medium-font-size\">Pero eso no es lo \u00fanico. Tambi\u00e9n son las personas que conocemos las que hacen que la pel\u00edcula sea tan incre\u00edblemente buena. Hombres y mujeres que investigan y act\u00faan con valent\u00eda y libres de convencionalismos, que persiguen el mismo sue\u00f1o: Devolver la caca humana al ciclo de la naturaleza. Su entusiasmo es contagioso. O, como dijo un miembro del jurado: Ahora tiene un deseo urgente de construir un inodoro de composta.<\/p>\n\n<p class=\"has-medium-font-size\">El ganador del Premio Alem\u00e1n de Cine de Naturaleza 2023 en la categor\u00eda \u00abMejor Pel\u00edcula | Humanos y Naturaleza\u00bb es: \u00abHoly Shit\u00bb de Rub\u00e9n Abru\u00f1a.<\/p>\n\n<p class=\"has-medium-font-size\">Felicidades!<\/p>\n\n<figure class=\"wp-block-gallery has-nested-images columns-default is-cropped wp-block-gallery-1 is-layout-flex wp-block-gallery-is-layout-flex\">\n<figure class=\"wp-block-image size-large\"><img decoding=\"async\" data-id=\"3111\" src=\"https:\/\/holyshit.global\/wp-content\/uploads\/2024\/02\/52_FM6_5879web-scaled.jpg\" alt=\"\" class=\"wp-image-3111\"\/><\/figure>\n\n\n\n<figure class=\"wp-block-image size-large\"><img decoding=\"async\" data-id=\"3117\" src=\"https:\/\/holyshit.global\/wp-content\/uploads\/2024\/02\/52_FM6_5887web.jpg\" alt=\"\" class=\"wp-image-3117\"\/><\/figure>\n\n\n\n<figure class=\"wp-block-image size-full\"><img decoding=\"async\" data-id=\"3108\" src=\"https:\/\/holyshit.global\/wp-content\/uploads\/2024\/02\/52_FM6_6066web-scaled.jpg\" alt=\"\" class=\"wp-image-3108\"\/><\/figure>\n\n\n\n<figure class=\"wp-block-image size-large\"><img decoding=\"async\" data-id=\"3105\" src=\"https:\/\/holyshit.global\/wp-content\/uploads\/2024\/02\/52_FM6_6061web-scaled.jpg\" alt=\"\" class=\"wp-image-3105\"\/><\/figure>\n\n\n\n<figure class=\"wp-block-image size-large\"><img loading=\"lazy\" decoding=\"async\" width=\"1024\" height=\"576\" data-id=\"3050\" src=\"https:\/\/holyshit.global\/wp-content\/uploads\/2024\/02\/Deutscher_NaturfilmPreis_2023__c__DSN___picture_alliance___Frank_May-1024x576.jpg\" alt=\"\" class=\"wp-image-3050\" srcset=\"https:\/\/holyshit.global\/wp-content\/uploads\/2024\/02\/Deutscher_NaturfilmPreis_2023__c__DSN___picture_alliance___Frank_May-1024x576.jpg 1024w, https:\/\/holyshit.global\/wp-content\/uploads\/2024\/02\/Deutscher_NaturfilmPreis_2023__c__DSN___picture_alliance___Frank_May-300x169.jpg 300w, https:\/\/holyshit.global\/wp-content\/uploads\/2024\/02\/Deutscher_NaturfilmPreis_2023__c__DSN___picture_alliance___Frank_May-768x432.jpg 768w, https:\/\/holyshit.global\/wp-content\/uploads\/2024\/02\/Deutscher_NaturfilmPreis_2023__c__DSN___picture_alliance___Frank_May-1536x864.jpg 1536w, https:\/\/holyshit.global\/wp-content\/uploads\/2024\/02\/Deutscher_NaturfilmPreis_2023__c__DSN___picture_alliance___Frank_May-2048x1152.jpg 2048w, https:\/\/holyshit.global\/wp-content\/uploads\/2024\/02\/Deutscher_NaturfilmPreis_2023__c__DSN___picture_alliance___Frank_May-465x262.jpg 465w, https:\/\/holyshit.global\/wp-content\/uploads\/2024\/02\/Deutscher_NaturfilmPreis_2023__c__DSN___picture_alliance___Frank_May-695x391.jpg 695w\" sizes=\"auto, (max-width: 1024px) 100vw, 1024px\" \/><\/figure>\n\n\n<div class=\"wp-block-image\">\n<figure class=\"aligncenter size-large\"><img decoding=\"async\" data-id=\"3102\" src=\"https:\/\/holyshit.global\/wp-content\/uploads\/2024\/02\/52_FM6_6044web-scaled.jpg\" alt=\"\" class=\"wp-image-3102\"\/><\/figure>\n<\/div><\/figure>\n\n<p>\u00a9 DNS | picture alliance | Frank May<\/p>\n\n<div class=\"wp-block-group\"><div class=\"wp-block-group__inner-container is-layout-constrained wp-block-group-is-layout-constrained\">\n<div class=\"wp-block-buttons is-content-justification-center is-layout-flex wp-container-core-buttons-is-layout-16018d1d wp-block-buttons-is-layout-flex\">\n<div class=\"wp-block-button\"><a class=\"wp-block-button__link wp-element-button\" href=\"https:\/\/holyshit.global\/es\/presentacion-en-el-restaurante-oberes-bruggli-en-jura-suiza\/\">Anterior<\/a><\/div>\n\n\n\n<div class=\"wp-block-button\"><a class=\"wp-block-button__link wp-element-button\">Siguiente<\/a><\/div>\n<\/div>\n<\/div><\/div>\n","protected":false},"excerpt":{"rendered":"<p>El 7 de octubre de 2023, Holy Shit recibi\u00f3 el Premio del P\u00fablico y el Premio a la Mejor Pel\u00edcula en la categor\u00eda Humanos y Naturaleza, del Festival de Cine de Naturaleza m\u00e1s importante de Alemania, el Darsser NaturFilmPreis. El laudo lo dice claramente. LAUDOPremio alem\u00e1n NatureFilmPrize 2023Mejor Pel\u00edcula |<span class=\"more-link\"><a href=\"https:\/\/holyshit.global\/es\/holy-shit-gana-los-premios-del-publico-y-a-la-mejor-pelicula-en-el-festival-aleman-de-cine-de-la-naturaleza\/\">Read More &rarr;<\/a><\/span><\/p>\n","protected":false},"author":1,"featured_media":0,"parent":0,"menu_order":0,"comment_status":"closed","ping_status":"closed","template":"","meta":{"footnotes":""},"class_list":["entry","author-wzu2bwzu2bwzu2b","post-3152","page","type-page","status-publish"],"_links":{"self":[{"href":"https:\/\/holyshit.global\/es\/wp-json\/wp\/v2\/pages\/3152","targetHints":{"allow":["GET"]}}],"collection":[{"href":"https:\/\/holyshit.global\/es\/wp-json\/wp\/v2\/pages"}],"about":[{"href":"https:\/\/holyshit.global\/es\/wp-json\/wp\/v2\/types\/page"}],"author":[{"embeddable":true,"href":"https:\/\/holyshit.global\/es\/wp-json\/wp\/v2\/users\/1"}],"replies":[{"embeddable":true,"href":"https:\/\/holyshit.global\/es\/wp-json\/wp\/v2\/comments?post=3152"}],"version-history":[{"count":4,"href":"https:\/\/holyshit.global\/es\/wp-json\/wp\/v2\/pages\/3152\/revisions"}],"predecessor-version":[{"id":3172,"href":"https:\/\/holyshit.global\/es\/wp-json\/wp\/v2\/pages\/3152\/revisions\/3172"}],"wp:attachment":[{"href":"https:\/\/holyshit.global\/es\/wp-json\/wp\/v2\/media?parent=3152"}],"curies":[{"name":"wp","href":"https:\/\/api.w.org\/{rel}","templated":true}]}}