{"id":2916,"date":"2023-05-31T13:40:27","date_gmt":"2023-05-31T12:40:27","guid":{"rendered":"https:\/\/holyshit.global\/proyeccion-privada-en-berlin-para-ong-asociadas\/"},"modified":"2024-02-12T17:26:12","modified_gmt":"2024-02-12T16:26:12","slug":"proyeccion-privada-en-berlin-para-ong-asociadas","status":"publish","type":"page","link":"https:\/\/holyshit.global\/es\/proyeccion-privada-en-berlin-para-ong-asociadas\/","title":{"rendered":"Proyecci\u00f3n privada en Berl\u00edn para ONG asociadas"},"content":{"rendered":"\n<figure class=\"wp-block-image size-large\"><img loading=\"lazy\" decoding=\"async\" width=\"1024\" height=\"472\" src=\"https:\/\/holyshit.global\/wp-content\/uploads\/2023\/05\/Berlin-Partner-Screening-1024x472.jpg\" alt=\"\" class=\"wp-image-1667\" srcset=\"https:\/\/holyshit.global\/wp-content\/uploads\/2023\/05\/Berlin-Partner-Screening-1024x472.jpg 1024w, https:\/\/holyshit.global\/wp-content\/uploads\/2023\/05\/Berlin-Partner-Screening-300x138.jpg 300w, https:\/\/holyshit.global\/wp-content\/uploads\/2023\/05\/Berlin-Partner-Screening-768x354.jpg 768w, https:\/\/holyshit.global\/wp-content\/uploads\/2023\/05\/Berlin-Partner-Screening-1536x708.jpg 1536w, https:\/\/holyshit.global\/wp-content\/uploads\/2023\/05\/Berlin-Partner-Screening-465x214.jpg 465w, https:\/\/holyshit.global\/wp-content\/uploads\/2023\/05\/Berlin-Partner-Screening-695x320.jpg 695w, https:\/\/holyshit.global\/wp-content\/uploads\/2023\/05\/Berlin-Partner-Screening-920x425.jpg 920w, https:\/\/holyshit.global\/wp-content\/uploads\/2023\/05\/Berlin-Partner-Screening.jpg 2016w\" sizes=\"auto, (max-width: 1024px) 100vw, 1024px\" \/><\/figure>\n\n\n\n<p class=\"has-medium-font-size\">El documental HOLY SHIT tuvo una proyecci\u00f3n privada en Berl\u00edn el 19 de abril para organizaciones seleccionadas que trabajan en el tratamiento de los excrementos como recurso. Entre los asistentes se encontraban Finizio, Zirkulierbar, Ecovillage Hannover, Diaper Cycle, NABU y Goldeimer. La pel\u00edcula recibi\u00f3 una acogida positiva y se debati\u00f3 la forma de promocionarla antes de su estreno en salas alemanas en octubre, que correr\u00e1 a cargo de Farbfilm Verleih y Kern des Ganzen.<\/p>\n\n\n\n<p class=\"has-medium-font-size\">Foto \u00a9 2023 ThurnFilm\/Rub\u00e9n Abru\u00f1a<\/p>\n\n\n\n<div class=\"wp-block-buttons is-content-justification-center is-layout-flex wp-container-core-buttons-is-layout-16018d1d wp-block-buttons-is-layout-flex\">\n<div class=\"wp-block-button\"><a class=\"wp-block-button__link wp-element-button\" href=\"https:\/\/holyshit.global\/es\/presentacion-en-el-restaurante-oberes-bruggli-en-jura-suiza\">Anterior<\/a><\/div>\n\n\n\n<div class=\"wp-block-button\"><a class=\"wp-block-button__link wp-element-button\" href=\"https:\/\/holyshit.global\/es\/encuentro-de-viva-con-agua-2023\/\">Siguiente<\/a><\/div>\n<\/div>\n","protected":false},"excerpt":{"rendered":"<p>El documental HOLY SHIT tuvo una proyecci\u00f3n privada en Berl\u00edn el 19 de abril para organizaciones seleccionadas que trabajan en el tratamiento de los excrementos como recurso. Entre los asistentes se encontraban Finizio, Zirkulierbar, Ecovillage Hannover, Diaper Cycle, NABU y Goldeimer. La pel\u00edcula recibi\u00f3 una acogida positiva y se debati\u00f3<span class=\"more-link\"><a href=\"https:\/\/holyshit.global\/es\/proyeccion-privada-en-berlin-para-ong-asociadas\/\">Read More &rarr;<\/a><\/span><\/p>\n","protected":false},"author":1,"featured_media":0,"parent":0,"menu_order":0,"comment_status":"closed","ping_status":"closed","template":"","meta":{"footnotes":""},"class_list":["entry","author-wzu2bwzu2bwzu2b","post-2916","page","type-page","status-publish"],"_links":{"self":[{"href":"https:\/\/holyshit.global\/es\/wp-json\/wp\/v2\/pages\/2916","targetHints":{"allow":["GET"]}}],"collection":[{"href":"https:\/\/holyshit.global\/es\/wp-json\/wp\/v2\/pages"}],"about":[{"href":"https:\/\/holyshit.global\/es\/wp-json\/wp\/v2\/types\/page"}],"author":[{"embeddable":true,"href":"https:\/\/holyshit.global\/es\/wp-json\/wp\/v2\/users\/1"}],"replies":[{"embeddable":true,"href":"https:\/\/holyshit.global\/es\/wp-json\/wp\/v2\/comments?post=2916"}],"version-history":[{"count":5,"href":"https:\/\/holyshit.global\/es\/wp-json\/wp\/v2\/pages\/2916\/revisions"}],"predecessor-version":[{"id":2964,"href":"https:\/\/holyshit.global\/es\/wp-json\/wp\/v2\/pages\/2916\/revisions\/2964"}],"wp:attachment":[{"href":"https:\/\/holyshit.global\/es\/wp-json\/wp\/v2\/media?parent=2916"}],"curies":[{"name":"wp","href":"https:\/\/api.w.org\/{rel}","templated":true}]}}