{"id":2914,"date":"2023-05-31T13:44:50","date_gmt":"2023-05-31T12:44:50","guid":{"rendered":"https:\/\/holyshit.global\/encuentro-de-viva-con-agua-2023\/"},"modified":"2024-02-12T17:28:43","modified_gmt":"2024-02-12T16:28:43","slug":"encuentro-de-viva-con-agua-2023","status":"publish","type":"page","link":"https:\/\/holyshit.global\/es\/encuentro-de-viva-con-agua-2023\/","title":{"rendered":"Encuentro de Viva con Agua 2023"},"content":{"rendered":"\n<p class=\"has-medium-font-size\">El s\u00e1bado 20.05, tuve la oportunidad de proyectar Holy Shit: \u00bfCan Poop Save The World? para los participantes del Encuentro de Viva con Agua 2023. Tuvo lugar en los antiguos terrenos de los jardines bot\u00e1nicos de Nieklitz, Gallin, situados a 64 kil\u00f3metros al este de Hamburgo. Se trataba de una actividad de bajo impacto ecol\u00f3gico en la que la gente ten\u00eda que traer sus propias casetas de campa\u00f1a, sacos de dormir y toallas, la comida vegetariana era de elaboraci\u00f3n local, no se serv\u00eda alcohol y se utilizaban retretes de compostaje. La vibra fue agradable y positiva.<\/p>\n\n\n\n<p class=\"has-medium-font-size\">El poder de la creaci\u00f3n de redes me atrajo a este evento de cuatro d\u00edas centrado en generar frentes de lucha, y crear conexiones para que los individuos se conviertan en un colectivo y generen el cambio. Sustituir nuestro destructivo sistema sanitario de tirar de la cadena y olvidarse, por otro circular sostenible que devuelva nuestros excrementos a los suelos para cultivar alimentos requiere un frente coordinado de representantes de diversas organizaciones mundiales y locales. Fue una buena oportunidad para difundir la palabra fecal y multiplicar el efecto de la pel\u00edcula en preparaci\u00f3n para el estreno en los cines de Alemania en octubre.<\/p>\n\n\n\n<figure class=\"wp-block-gallery has-nested-images columns-default is-cropped wp-block-gallery-1 is-layout-flex wp-block-gallery-is-layout-flex\">\n<figure class=\"wp-block-image size-large\"><img loading=\"lazy\" decoding=\"async\" width=\"1024\" height=\"768\" data-id=\"1751\" src=\"https:\/\/holyshit.global\/wp-content\/uploads\/2023\/05\/VCA1-1024x768.jpeg\" alt=\"\" class=\"wp-image-1751\" srcset=\"https:\/\/holyshit.global\/wp-content\/uploads\/2023\/05\/VCA1-1024x768.jpeg 1024w, https:\/\/holyshit.global\/wp-content\/uploads\/2023\/05\/VCA1-300x225.jpeg 300w, https:\/\/holyshit.global\/wp-content\/uploads\/2023\/05\/VCA1-768x576.jpeg 768w, https:\/\/holyshit.global\/wp-content\/uploads\/2023\/05\/VCA1-1536x1152.jpeg 1536w, https:\/\/holyshit.global\/wp-content\/uploads\/2023\/05\/VCA1-465x349.jpeg 465w, https:\/\/holyshit.global\/wp-content\/uploads\/2023\/05\/VCA1-667x500.jpeg 667w, https:\/\/holyshit.global\/wp-content\/uploads\/2023\/05\/VCA1.jpeg 2016w\" sizes=\"auto, (max-width: 1024px) 100vw, 1024px\" \/><\/figure>\n\n\n\n<figure class=\"wp-block-image size-large\"><img loading=\"lazy\" decoding=\"async\" width=\"1024\" height=\"768\" data-id=\"1754\" src=\"https:\/\/holyshit.global\/wp-content\/uploads\/2023\/05\/VCA2-1024x768.jpeg\" alt=\"\" class=\"wp-image-1754\" srcset=\"https:\/\/holyshit.global\/wp-content\/uploads\/2023\/05\/VCA2-1024x768.jpeg 1024w, https:\/\/holyshit.global\/wp-content\/uploads\/2023\/05\/VCA2-300x225.jpeg 300w, https:\/\/holyshit.global\/wp-content\/uploads\/2023\/05\/VCA2-768x576.jpeg 768w, https:\/\/holyshit.global\/wp-content\/uploads\/2023\/05\/VCA2-1536x1152.jpeg 1536w, https:\/\/holyshit.global\/wp-content\/uploads\/2023\/05\/VCA2-465x349.jpeg 465w, https:\/\/holyshit.global\/wp-content\/uploads\/2023\/05\/VCA2-667x500.jpeg 667w, https:\/\/holyshit.global\/wp-content\/uploads\/2023\/05\/VCA2.jpeg 2016w\" sizes=\"auto, (max-width: 1024px) 100vw, 1024px\" \/><\/figure>\n\n\n\n<figure class=\"wp-block-image size-large\"><img loading=\"lazy\" decoding=\"async\" width=\"1024\" height=\"768\" data-id=\"1757\" src=\"https:\/\/holyshit.global\/wp-content\/uploads\/2023\/05\/VCA3-1024x768.jpeg\" alt=\"\" class=\"wp-image-1757\" srcset=\"https:\/\/holyshit.global\/wp-content\/uploads\/2023\/05\/VCA3-1024x768.jpeg 1024w, https:\/\/holyshit.global\/wp-content\/uploads\/2023\/05\/VCA3-300x225.jpeg 300w, https:\/\/holyshit.global\/wp-content\/uploads\/2023\/05\/VCA3-768x576.jpeg 768w, https:\/\/holyshit.global\/wp-content\/uploads\/2023\/05\/VCA3-1536x1152.jpeg 1536w, https:\/\/holyshit.global\/wp-content\/uploads\/2023\/05\/VCA3-465x349.jpeg 465w, https:\/\/holyshit.global\/wp-content\/uploads\/2023\/05\/VCA3-667x500.jpeg 667w, https:\/\/holyshit.global\/wp-content\/uploads\/2023\/05\/VCA3.jpeg 2016w\" sizes=\"auto, (max-width: 1024px) 100vw, 1024px\" \/><\/figure>\n\n\n\n<figure class=\"wp-block-image size-large\"><img loading=\"lazy\" decoding=\"async\" width=\"1024\" height=\"768\" data-id=\"1761\" src=\"https:\/\/holyshit.global\/wp-content\/uploads\/2023\/05\/VCA4-1024x768.jpeg\" alt=\"\" class=\"wp-image-1761\" srcset=\"https:\/\/holyshit.global\/wp-content\/uploads\/2023\/05\/VCA4-1024x768.jpeg 1024w, https:\/\/holyshit.global\/wp-content\/uploads\/2023\/05\/VCA4-300x225.jpeg 300w, https:\/\/holyshit.global\/wp-content\/uploads\/2023\/05\/VCA4-768x576.jpeg 768w, https:\/\/holyshit.global\/wp-content\/uploads\/2023\/05\/VCA4-1536x1152.jpeg 1536w, https:\/\/holyshit.global\/wp-content\/uploads\/2023\/05\/VCA4-465x349.jpeg 465w, https:\/\/holyshit.global\/wp-content\/uploads\/2023\/05\/VCA4-667x500.jpeg 667w, https:\/\/holyshit.global\/wp-content\/uploads\/2023\/05\/VCA4.jpeg 2016w\" sizes=\"auto, (max-width: 1024px) 100vw, 1024px\" \/><\/figure>\n\n\n\n<figure class=\"wp-block-image size-large\"><img loading=\"lazy\" decoding=\"async\" width=\"1024\" height=\"768\" data-id=\"1762\" src=\"https:\/\/holyshit.global\/wp-content\/uploads\/2023\/05\/VCA5-1024x768.jpeg\" alt=\"\" class=\"wp-image-1762\" srcset=\"https:\/\/holyshit.global\/wp-content\/uploads\/2023\/05\/VCA5-1024x768.jpeg 1024w, https:\/\/holyshit.global\/wp-content\/uploads\/2023\/05\/VCA5-300x225.jpeg 300w, https:\/\/holyshit.global\/wp-content\/uploads\/2023\/05\/VCA5-768x576.jpeg 768w, https:\/\/holyshit.global\/wp-content\/uploads\/2023\/05\/VCA5-465x349.jpeg 465w, https:\/\/holyshit.global\/wp-content\/uploads\/2023\/05\/VCA5-666x500.jpeg 666w, https:\/\/holyshit.global\/wp-content\/uploads\/2023\/05\/VCA5.jpeg 1210w\" sizes=\"auto, (max-width: 1024px) 100vw, 1024px\" \/><\/figure>\n\n\n\n<figure class=\"wp-block-image size-large\"><img loading=\"lazy\" decoding=\"async\" width=\"1024\" height=\"768\" data-id=\"1760\" src=\"https:\/\/holyshit.global\/wp-content\/uploads\/2023\/05\/VCA6-1024x768.jpeg\" alt=\"\" class=\"wp-image-1760\" srcset=\"https:\/\/holyshit.global\/wp-content\/uploads\/2023\/05\/VCA6-1024x768.jpeg 1024w, https:\/\/holyshit.global\/wp-content\/uploads\/2023\/05\/VCA6-300x225.jpeg 300w, https:\/\/holyshit.global\/wp-content\/uploads\/2023\/05\/VCA6-768x576.jpeg 768w, https:\/\/holyshit.global\/wp-content\/uploads\/2023\/05\/VCA6-1536x1152.jpeg 1536w, https:\/\/holyshit.global\/wp-content\/uploads\/2023\/05\/VCA6-465x349.jpeg 465w, https:\/\/holyshit.global\/wp-content\/uploads\/2023\/05\/VCA6-667x500.jpeg 667w, https:\/\/holyshit.global\/wp-content\/uploads\/2023\/05\/VCA6.jpeg 2016w\" sizes=\"auto, (max-width: 1024px) 100vw, 1024px\" \/><\/figure>\n\n\n\n<figure class=\"wp-block-image size-large\"><img loading=\"lazy\" decoding=\"async\" width=\"1024\" height=\"768\" data-id=\"1763\" src=\"https:\/\/holyshit.global\/wp-content\/uploads\/2023\/05\/VCA7-1024x768.jpeg\" alt=\"\" class=\"wp-image-1763\" srcset=\"https:\/\/holyshit.global\/wp-content\/uploads\/2023\/05\/VCA7-1024x768.jpeg 1024w, https:\/\/holyshit.global\/wp-content\/uploads\/2023\/05\/VCA7-300x225.jpeg 300w, https:\/\/holyshit.global\/wp-content\/uploads\/2023\/05\/VCA7-768x576.jpeg 768w, https:\/\/holyshit.global\/wp-content\/uploads\/2023\/05\/VCA7-465x349.jpeg 465w, https:\/\/holyshit.global\/wp-content\/uploads\/2023\/05\/VCA7-666x500.jpeg 666w, https:\/\/holyshit.global\/wp-content\/uploads\/2023\/05\/VCA7.jpeg 1210w\" sizes=\"auto, (max-width: 1024px) 100vw, 1024px\" \/><\/figure>\n\n\n\n<figure class=\"wp-block-image size-large\"><img loading=\"lazy\" decoding=\"async\" width=\"1024\" height=\"768\" data-id=\"1773\" src=\"https:\/\/holyshit.global\/wp-content\/uploads\/2023\/05\/VCA9-1024x768.jpeg\" alt=\"\" class=\"wp-image-1773\" srcset=\"https:\/\/holyshit.global\/wp-content\/uploads\/2023\/05\/VCA9-1024x768.jpeg 1024w, https:\/\/holyshit.global\/wp-content\/uploads\/2023\/05\/VCA9-300x225.jpeg 300w, https:\/\/holyshit.global\/wp-content\/uploads\/2023\/05\/VCA9-768x576.jpeg 768w, https:\/\/holyshit.global\/wp-content\/uploads\/2023\/05\/VCA9-465x349.jpeg 465w, https:\/\/holyshit.global\/wp-content\/uploads\/2023\/05\/VCA9-666x500.jpeg 666w, https:\/\/holyshit.global\/wp-content\/uploads\/2023\/05\/VCA9.jpeg 1210w\" sizes=\"auto, (max-width: 1024px) 100vw, 1024px\" \/><\/figure>\n\n\n\n<figure class=\"wp-block-image size-large\"><img loading=\"lazy\" decoding=\"async\" width=\"1024\" height=\"768\" data-id=\"1775\" src=\"https:\/\/holyshit.global\/wp-content\/uploads\/2023\/05\/VCA10-1024x768.jpeg\" alt=\"\" class=\"wp-image-1775\" srcset=\"https:\/\/holyshit.global\/wp-content\/uploads\/2023\/05\/VCA10-1024x768.jpeg 1024w, https:\/\/holyshit.global\/wp-content\/uploads\/2023\/05\/VCA10-300x225.jpeg 300w, https:\/\/holyshit.global\/wp-content\/uploads\/2023\/05\/VCA10-768x576.jpeg 768w, https:\/\/holyshit.global\/wp-content\/uploads\/2023\/05\/VCA10-465x349.jpeg 465w, https:\/\/holyshit.global\/wp-content\/uploads\/2023\/05\/VCA10-666x500.jpeg 666w, https:\/\/holyshit.global\/wp-content\/uploads\/2023\/05\/VCA10.jpeg 1210w\" sizes=\"auto, (max-width: 1024px) 100vw, 1024px\" \/><\/figure>\n<\/figure>\n\n\n\n<div class=\"wp-block-buttons is-content-justification-center is-layout-flex wp-container-core-buttons-is-layout-16018d1d wp-block-buttons-is-layout-flex\">\n<div class=\"wp-block-button\"><a class=\"wp-block-button__link wp-element-button\" href=\"https:\/\/holyshit.global\/es\/proyeccion-privada-en-berlin-para-ong-asociadas\">Anterior<\/a><\/div>\n\n\n\n<div class=\"wp-block-button\"><a class=\"wp-block-button__link wp-element-button\" href=\"https:\/\/holyshit.global\/es\/holy-shit-en-republica-23\">Siguiente<\/a><\/div>\n<\/div>\n","protected":false},"excerpt":{"rendered":"<p>El s\u00e1bado 20.05, tuve la oportunidad de proyectar Holy Shit: \u00bfCan Poop Save The World? para los participantes del Encuentro de Viva con Agua 2023. Tuvo lugar en los antiguos terrenos de los jardines bot\u00e1nicos de Nieklitz, Gallin, situados a 64 kil\u00f3metros al este de Hamburgo. Se trataba de una<span class=\"more-link\"><a href=\"https:\/\/holyshit.global\/es\/encuentro-de-viva-con-agua-2023\/\">Read More &rarr;<\/a><\/span><\/p>\n","protected":false},"author":1,"featured_media":0,"parent":0,"menu_order":0,"comment_status":"closed","ping_status":"closed","template":"","meta":{"footnotes":""},"class_list":["entry","author-wzu2bwzu2bwzu2b","post-2914","page","type-page","status-publish"],"_links":{"self":[{"href":"https:\/\/holyshit.global\/es\/wp-json\/wp\/v2\/pages\/2914","targetHints":{"allow":["GET"]}}],"collection":[{"href":"https:\/\/holyshit.global\/es\/wp-json\/wp\/v2\/pages"}],"about":[{"href":"https:\/\/holyshit.global\/es\/wp-json\/wp\/v2\/types\/page"}],"author":[{"embeddable":true,"href":"https:\/\/holyshit.global\/es\/wp-json\/wp\/v2\/users\/1"}],"replies":[{"embeddable":true,"href":"https:\/\/holyshit.global\/es\/wp-json\/wp\/v2\/comments?post=2914"}],"version-history":[{"count":4,"href":"https:\/\/holyshit.global\/es\/wp-json\/wp\/v2\/pages\/2914\/revisions"}],"predecessor-version":[{"id":2967,"href":"https:\/\/holyshit.global\/es\/wp-json\/wp\/v2\/pages\/2914\/revisions\/2967"}],"wp:attachment":[{"href":"https:\/\/holyshit.global\/es\/wp-json\/wp\/v2\/media?parent=2914"}],"curies":[{"name":"wp","href":"https:\/\/api.w.org\/{rel}","templated":true}]}}