{"id":2912,"date":"2023-06-09T10:09:08","date_gmt":"2023-06-09T09:09:08","guid":{"rendered":"https:\/\/holyshit.global\/presentacion-en-el-restaurante-oberes-bruggli-en-jura-suiza\/"},"modified":"2024-02-17T17:29:30","modified_gmt":"2024-02-17T16:29:30","slug":"presentacion-en-el-restaurante-oberes-bruggli-en-jura-suiza","status":"publish","type":"page","link":"https:\/\/holyshit.global\/es\/presentacion-en-el-restaurante-oberes-bruggli-en-jura-suiza\/","title":{"rendered":"Presentaci\u00f3n en el restaurante Oberes Br\u00fcggli en Jura, Suiza"},"content":{"rendered":"\n<p class=\"has-medium-font-size\">El mi\u00e9rcoles 31 de octubre, el director de Holy Shit, Rub\u00e9n Abru\u00f1a, fue invitado a una presentaci\u00f3n de un sistema de tratamiento local de aguas residuales en el restaurante Oberes Br\u00fcggli, situado en Selzach, en las monta\u00f1as Jura de Suiza. La demostraci\u00f3n corri\u00f3 a cargo de Bastian Etter, cofundador de Vuna , y Rebecca Humborg, estudiante de maestr\u00eda de la Escuela Polit\u00e9cnica Federal de Suiza en Z\u00farich. Asistieron unos 25 participantes, miembros del Club Rotario, invitados por Simon Wyss, de la familia Wyss, propietaria del restaurante y de la empresa de relojes Jowissa. Vuna es el creador de Aurin, un fertilizante derivado de la orina humana que no contiene metales pesados ni residuos m\u00e9dicos y que cuenta con la aprobaci\u00f3n de la Oficina Federal de Agricultura suiza para su uso en la agricultura comercial. La instalaci\u00f3n de Oberes Br\u00fcggli consiste en una combinaci\u00f3n de vermicompostaje y humedales artificiales que limpian las aguas residuales de todo el restaurante. Esto significa que, tras ser limpiadas por plantas y organismos, las aguas residuales se infiltran o se utilizan para el riego, mientras que la parte fecal de los excrementos es digerida por lombrices y convertida en composta. Se trata de un sistema local no conectado al alcantarillado, que es una combinaci\u00f3n del sistema adoptado por la Cooperativa \u00c9quilibre de Ginebra y la Eco-Machine del Centro Omega para la Vida Sostenible, que figuran en la pel\u00edcula Holy Shit. Esto demuestra, una vez m\u00e1s, que hay muchas formas de tratar nuestras aguas residuales, que mantienen intacto el ciclo de nutrientes y no contaminan el medio ambiente.<\/p>\n\n\n\n<figure class=\"wp-block-gallery has-nested-images columns-default is-cropped wp-block-gallery-1 is-layout-flex wp-block-gallery-is-layout-flex\">\n<figure class=\"wp-block-image size-large\"><img loading=\"lazy\" decoding=\"async\" width=\"1024\" height=\"683\" data-id=\"1895\" src=\"https:\/\/holyshit.global\/wp-content\/uploads\/2023\/06\/Attendees-gathering-in-front-of-restaurant-1-1024x683.jpg\" alt=\"\" class=\"wp-image-1895\" srcset=\"https:\/\/holyshit.global\/wp-content\/uploads\/2023\/06\/Attendees-gathering-in-front-of-restaurant-1-1024x683.jpg 1024w, https:\/\/holyshit.global\/wp-content\/uploads\/2023\/06\/Attendees-gathering-in-front-of-restaurant-1-300x200.jpg 300w, https:\/\/holyshit.global\/wp-content\/uploads\/2023\/06\/Attendees-gathering-in-front-of-restaurant-1-768x512.jpg 768w, https:\/\/holyshit.global\/wp-content\/uploads\/2023\/06\/Attendees-gathering-in-front-of-restaurant-1-1536x1024.jpg 1536w, https:\/\/holyshit.global\/wp-content\/uploads\/2023\/06\/Attendees-gathering-in-front-of-restaurant-1-465x310.jpg 465w, https:\/\/holyshit.global\/wp-content\/uploads\/2023\/06\/Attendees-gathering-in-front-of-restaurant-1-695x463.jpg 695w, https:\/\/holyshit.global\/wp-content\/uploads\/2023\/06\/Attendees-gathering-in-front-of-restaurant-1.jpg 2048w\" sizes=\"auto, (max-width: 1024px) 100vw, 1024px\" \/><\/figure>\n\n\n\n<figure class=\"wp-block-image size-large\"><img loading=\"lazy\" decoding=\"async\" width=\"1024\" height=\"683\" data-id=\"1923\" src=\"https:\/\/holyshit.global\/wp-content\/uploads\/2023\/06\/Water-filter-2-1024x683.jpg\" alt=\"\" class=\"wp-image-1923\" srcset=\"https:\/\/holyshit.global\/wp-content\/uploads\/2023\/06\/Water-filter-2-1024x683.jpg 1024w, https:\/\/holyshit.global\/wp-content\/uploads\/2023\/06\/Water-filter-2-300x200.jpg 300w, https:\/\/holyshit.global\/wp-content\/uploads\/2023\/06\/Water-filter-2-768x512.jpg 768w, https:\/\/holyshit.global\/wp-content\/uploads\/2023\/06\/Water-filter-2-1536x1024.jpg 1536w, https:\/\/holyshit.global\/wp-content\/uploads\/2023\/06\/Water-filter-2-465x310.jpg 465w, https:\/\/holyshit.global\/wp-content\/uploads\/2023\/06\/Water-filter-2-695x463.jpg 695w, https:\/\/holyshit.global\/wp-content\/uploads\/2023\/06\/Water-filter-2.jpg 2048w\" sizes=\"auto, (max-width: 1024px) 100vw, 1024px\" \/><\/figure>\n\n\n\n<figure class=\"wp-block-image size-large\"><img loading=\"lazy\" decoding=\"async\" width=\"1024\" height=\"683\" data-id=\"1919\" src=\"https:\/\/holyshit.global\/wp-content\/uploads\/2023\/06\/View-from-restaurant-in-to-the-valley-1024x683.jpg\" alt=\"\" class=\"wp-image-1919\" srcset=\"https:\/\/holyshit.global\/wp-content\/uploads\/2023\/06\/View-from-restaurant-in-to-the-valley-1024x683.jpg 1024w, https:\/\/holyshit.global\/wp-content\/uploads\/2023\/06\/View-from-restaurant-in-to-the-valley-300x200.jpg 300w, https:\/\/holyshit.global\/wp-content\/uploads\/2023\/06\/View-from-restaurant-in-to-the-valley-768x512.jpg 768w, https:\/\/holyshit.global\/wp-content\/uploads\/2023\/06\/View-from-restaurant-in-to-the-valley-1536x1024.jpg 1536w, https:\/\/holyshit.global\/wp-content\/uploads\/2023\/06\/View-from-restaurant-in-to-the-valley-465x310.jpg 465w, https:\/\/holyshit.global\/wp-content\/uploads\/2023\/06\/View-from-restaurant-in-to-the-valley-695x463.jpg 695w, https:\/\/holyshit.global\/wp-content\/uploads\/2023\/06\/View-from-restaurant-in-to-the-valley.jpg 2048w\" sizes=\"auto, (max-width: 1024px) 100vw, 1024px\" \/><\/figure>\n\n\n\n<figure class=\"wp-block-image size-large\"><img loading=\"lazy\" decoding=\"async\" width=\"1024\" height=\"683\" data-id=\"1916\" src=\"https:\/\/holyshit.global\/wp-content\/uploads\/2023\/06\/Rebecca-Humborg-1024x683.jpg\" alt=\"\" class=\"wp-image-1916\" srcset=\"https:\/\/holyshit.global\/wp-content\/uploads\/2023\/06\/Rebecca-Humborg-1024x683.jpg 1024w, https:\/\/holyshit.global\/wp-content\/uploads\/2023\/06\/Rebecca-Humborg-300x200.jpg 300w, https:\/\/holyshit.global\/wp-content\/uploads\/2023\/06\/Rebecca-Humborg-768x512.jpg 768w, https:\/\/holyshit.global\/wp-content\/uploads\/2023\/06\/Rebecca-Humborg-1536x1024.jpg 1536w, https:\/\/holyshit.global\/wp-content\/uploads\/2023\/06\/Rebecca-Humborg-465x310.jpg 465w, https:\/\/holyshit.global\/wp-content\/uploads\/2023\/06\/Rebecca-Humborg-695x463.jpg 695w, https:\/\/holyshit.global\/wp-content\/uploads\/2023\/06\/Rebecca-Humborg.jpg 2048w\" sizes=\"auto, (max-width: 1024px) 100vw, 1024px\" \/><\/figure>\n\n\n\n<figure class=\"wp-block-image size-large\"><img loading=\"lazy\" decoding=\"async\" width=\"1024\" height=\"683\" data-id=\"1913\" src=\"https:\/\/holyshit.global\/wp-content\/uploads\/2023\/06\/MS-water-filter-1024x683.jpg\" alt=\"\" class=\"wp-image-1913\" srcset=\"https:\/\/holyshit.global\/wp-content\/uploads\/2023\/06\/MS-water-filter-1024x683.jpg 1024w, https:\/\/holyshit.global\/wp-content\/uploads\/2023\/06\/MS-water-filter-300x200.jpg 300w, https:\/\/holyshit.global\/wp-content\/uploads\/2023\/06\/MS-water-filter-768x512.jpg 768w, https:\/\/holyshit.global\/wp-content\/uploads\/2023\/06\/MS-water-filter-1536x1024.jpg 1536w, https:\/\/holyshit.global\/wp-content\/uploads\/2023\/06\/MS-water-filter-465x310.jpg 465w, https:\/\/holyshit.global\/wp-content\/uploads\/2023\/06\/MS-water-filter-695x463.jpg 695w, https:\/\/holyshit.global\/wp-content\/uploads\/2023\/06\/MS-water-filter.jpg 2048w\" sizes=\"auto, (max-width: 1024px) 100vw, 1024px\" \/><\/figure>\n\n\n\n<figure class=\"wp-block-image size-large\"><img loading=\"lazy\" decoding=\"async\" width=\"1024\" height=\"683\" data-id=\"1910\" src=\"https:\/\/holyshit.global\/wp-content\/uploads\/2023\/06\/Group2-1024x683.jpg\" alt=\"\" class=\"wp-image-1910\" srcset=\"https:\/\/holyshit.global\/wp-content\/uploads\/2023\/06\/Group2-1024x683.jpg 1024w, https:\/\/holyshit.global\/wp-content\/uploads\/2023\/06\/Group2-300x200.jpg 300w, https:\/\/holyshit.global\/wp-content\/uploads\/2023\/06\/Group2-768x512.jpg 768w, https:\/\/holyshit.global\/wp-content\/uploads\/2023\/06\/Group2-1536x1024.jpg 1536w, https:\/\/holyshit.global\/wp-content\/uploads\/2023\/06\/Group2-465x310.jpg 465w, https:\/\/holyshit.global\/wp-content\/uploads\/2023\/06\/Group2-695x463.jpg 695w, https:\/\/holyshit.global\/wp-content\/uploads\/2023\/06\/Group2.jpg 2048w\" sizes=\"auto, (max-width: 1024px) 100vw, 1024px\" \/><\/figure>\n\n\n\n<figure class=\"wp-block-image size-large\"><img loading=\"lazy\" decoding=\"async\" width=\"1024\" height=\"683\" data-id=\"1907\" src=\"https:\/\/holyshit.global\/wp-content\/uploads\/2023\/06\/Group-1024x683.jpg\" alt=\"\" class=\"wp-image-1907\" srcset=\"https:\/\/holyshit.global\/wp-content\/uploads\/2023\/06\/Group-1024x683.jpg 1024w, https:\/\/holyshit.global\/wp-content\/uploads\/2023\/06\/Group-300x200.jpg 300w, https:\/\/holyshit.global\/wp-content\/uploads\/2023\/06\/Group-768x512.jpg 768w, https:\/\/holyshit.global\/wp-content\/uploads\/2023\/06\/Group-1536x1024.jpg 1536w, https:\/\/holyshit.global\/wp-content\/uploads\/2023\/06\/Group-465x310.jpg 465w, https:\/\/holyshit.global\/wp-content\/uploads\/2023\/06\/Group-695x463.jpg 695w, https:\/\/holyshit.global\/wp-content\/uploads\/2023\/06\/Group.jpg 2048w\" sizes=\"auto, (max-width: 1024px) 100vw, 1024px\" \/><\/figure>\n\n\n\n<figure class=\"wp-block-image size-large\"><img loading=\"lazy\" decoding=\"async\" width=\"1024\" height=\"683\" data-id=\"1901\" src=\"https:\/\/holyshit.global\/wp-content\/uploads\/2023\/06\/Bastian-with-Aurin--1024x683.jpg\" alt=\"\" class=\"wp-image-1901\" srcset=\"https:\/\/holyshit.global\/wp-content\/uploads\/2023\/06\/Bastian-with-Aurin--1024x683.jpg 1024w, https:\/\/holyshit.global\/wp-content\/uploads\/2023\/06\/Bastian-with-Aurin--300x200.jpg 300w, https:\/\/holyshit.global\/wp-content\/uploads\/2023\/06\/Bastian-with-Aurin--768x512.jpg 768w, https:\/\/holyshit.global\/wp-content\/uploads\/2023\/06\/Bastian-with-Aurin--1536x1024.jpg 1536w, https:\/\/holyshit.global\/wp-content\/uploads\/2023\/06\/Bastian-with-Aurin--465x310.jpg 465w, https:\/\/holyshit.global\/wp-content\/uploads\/2023\/06\/Bastian-with-Aurin--695x463.jpg 695w, https:\/\/holyshit.global\/wp-content\/uploads\/2023\/06\/Bastian-with-Aurin-.jpg 2048w\" sizes=\"auto, (max-width: 1024px) 100vw, 1024px\" \/><\/figure>\n\n\n\n<figure class=\"wp-block-image size-large\"><img loading=\"lazy\" decoding=\"async\" width=\"1024\" height=\"683\" data-id=\"1898\" src=\"https:\/\/holyshit.global\/wp-content\/uploads\/2023\/06\/Aurin-1024x683.jpg\" alt=\"\" class=\"wp-image-1898\" srcset=\"https:\/\/holyshit.global\/wp-content\/uploads\/2023\/06\/Aurin-1024x683.jpg 1024w, https:\/\/holyshit.global\/wp-content\/uploads\/2023\/06\/Aurin-300x200.jpg 300w, https:\/\/holyshit.global\/wp-content\/uploads\/2023\/06\/Aurin-768x512.jpg 768w, https:\/\/holyshit.global\/wp-content\/uploads\/2023\/06\/Aurin-1536x1024.jpg 1536w, https:\/\/holyshit.global\/wp-content\/uploads\/2023\/06\/Aurin-465x310.jpg 465w, https:\/\/holyshit.global\/wp-content\/uploads\/2023\/06\/Aurin-695x463.jpg 695w, https:\/\/holyshit.global\/wp-content\/uploads\/2023\/06\/Aurin.jpg 2048w\" sizes=\"auto, (max-width: 1024px) 100vw, 1024px\" \/><\/figure>\n<\/figure>\n\n\n\n<div class=\"wp-block-buttons is-content-justification-center is-layout-flex wp-container-core-buttons-is-layout-16018d1d wp-block-buttons-is-layout-flex\">\n<div class=\"wp-block-button\"><a class=\"wp-block-button__link wp-element-button\" href=\"https:\/\/holyshit.global\/es\/festival-de-cine-de-funf-seen\">Anterior<\/a><\/div>\n\n\n\n<div class=\"wp-block-button\"><a class=\"wp-block-button__link wp-element-button\" href=\"https:\/\/holyshit.global\/es\/holy-shit-gana-los-premios-del-publico-y-a-la-mejor-pelicula-en-el-festival-aleman-de-cine-de-la-naturaleza\">Siguiente<\/a><\/div>\n<\/div>\n","protected":false},"excerpt":{"rendered":"<p>El mi\u00e9rcoles 31 de octubre, el director de Holy Shit, Rub\u00e9n Abru\u00f1a, fue invitado a una presentaci\u00f3n de un sistema de tratamiento local de aguas residuales en el restaurante Oberes Br\u00fcggli, situado en Selzach, en las monta\u00f1as Jura de Suiza. La demostraci\u00f3n corri\u00f3 a cargo de Bastian Etter, cofundador de<span class=\"more-link\"><a href=\"https:\/\/holyshit.global\/es\/presentacion-en-el-restaurante-oberes-bruggli-en-jura-suiza\/\">Read More &rarr;<\/a><\/span><\/p>\n","protected":false},"author":1,"featured_media":0,"parent":0,"menu_order":0,"comment_status":"closed","ping_status":"closed","template":"","meta":{"footnotes":""},"class_list":["entry","author-wzu2bwzu2bwzu2b","post-2912","page","type-page","status-publish"],"_links":{"self":[{"href":"https:\/\/holyshit.global\/es\/wp-json\/wp\/v2\/pages\/2912","targetHints":{"allow":["GET"]}}],"collection":[{"href":"https:\/\/holyshit.global\/es\/wp-json\/wp\/v2\/pages"}],"about":[{"href":"https:\/\/holyshit.global\/es\/wp-json\/wp\/v2\/types\/page"}],"author":[{"embeddable":true,"href":"https:\/\/holyshit.global\/es\/wp-json\/wp\/v2\/users\/1"}],"replies":[{"embeddable":true,"href":"https:\/\/holyshit.global\/es\/wp-json\/wp\/v2\/comments?post=2912"}],"version-history":[{"count":4,"href":"https:\/\/holyshit.global\/es\/wp-json\/wp\/v2\/pages\/2912\/revisions"}],"predecessor-version":[{"id":3160,"href":"https:\/\/holyshit.global\/es\/wp-json\/wp\/v2\/pages\/2912\/revisions\/3160"}],"wp:attachment":[{"href":"https:\/\/holyshit.global\/es\/wp-json\/wp\/v2\/media?parent=2912"}],"curies":[{"name":"wp","href":"https:\/\/api.w.org\/{rel}","templated":true}]}}