{"id":2910,"date":"2023-06-12T10:37:55","date_gmt":"2023-06-12T09:37:55","guid":{"rendered":"https:\/\/holyshit.global\/holy-shit-en-republica-23\/"},"modified":"2024-02-13T11:40:54","modified_gmt":"2024-02-13T10:40:54","slug":"holy-shit-en-republica-23","status":"publish","type":"page","link":"https:\/\/holyshit.global\/es\/holy-shit-en-republica-23\/","title":{"rendered":"HOLY SHIT en re:publica 23"},"content":{"rendered":"\n<p class=\"has-medium-font-size\">El lunes 5 de junio, Rub\u00e9n Abru\u00f1a, director de HOLY SHIT, y el productor Valentin Thurn visitaron re:publica 23, el festival para la sociedad digital, en Berl\u00edn. Este a\u00f1o, el lema del festival fue \u00abCASH\u00bb, que abordaba la correlaci\u00f3n de la injusticia social y la pobreza con el mercado financiero, la codicia y la generosidad. Tambi\u00e9n se abord\u00f3 el impacto de las crisis clim\u00e1tica, b\u00e9lica y energ\u00e9tica. Dado que nuestra pel\u00edcula HOLY SHIT trata, entre otras cosas, de las posibles soluciones al problema existente de la escasez de alimentos, re:publica fue el lugar ideal para presentarla dentro de la secci\u00f3n \u00abEconom\u00eda y Responsabilidad\u00bb. Adem\u00e1s, Iris Lamouyette present\u00f3 por primera vez \u00abHoly Shit\u00bb, su canci\u00f3n para la pel\u00edcula.<\/p>\n\n\n\n<figure class=\"wp-block-gallery has-nested-images columns-default is-cropped wp-block-gallery-1 is-layout-flex wp-block-gallery-is-layout-flex\">\n<figure class=\"wp-block-image size-large\"><img loading=\"lazy\" decoding=\"async\" width=\"1024\" height=\"683\" data-id=\"1975\" src=\"https:\/\/holyshit.global\/wp-content\/uploads\/2023\/06\/Applauding-crowd_Republica-1024x683.jpg\" alt=\"\" class=\"wp-image-1975\" srcset=\"https:\/\/holyshit.global\/wp-content\/uploads\/2023\/06\/Applauding-crowd_Republica-1024x683.jpg 1024w, https:\/\/holyshit.global\/wp-content\/uploads\/2023\/06\/Applauding-crowd_Republica-300x200.jpg 300w, https:\/\/holyshit.global\/wp-content\/uploads\/2023\/06\/Applauding-crowd_Republica-768x512.jpg 768w, https:\/\/holyshit.global\/wp-content\/uploads\/2023\/06\/Applauding-crowd_Republica-1536x1024.jpg 1536w, https:\/\/holyshit.global\/wp-content\/uploads\/2023\/06\/Applauding-crowd_Republica-465x310.jpg 465w, https:\/\/holyshit.global\/wp-content\/uploads\/2023\/06\/Applauding-crowd_Republica-695x463.jpg 695w, https:\/\/holyshit.global\/wp-content\/uploads\/2023\/06\/Applauding-crowd_Republica.jpg 2048w\" sizes=\"auto, (max-width: 1024px) 100vw, 1024px\" \/><\/figure>\n\n\n\n<figure class=\"wp-block-image size-large\"><img loading=\"lazy\" decoding=\"async\" width=\"1024\" height=\"683\" data-id=\"1981\" src=\"https:\/\/holyshit.global\/wp-content\/uploads\/2023\/06\/IL-Sings_Republica-23-1024x683.jpg\" alt=\"\" class=\"wp-image-1981\" srcset=\"https:\/\/holyshit.global\/wp-content\/uploads\/2023\/06\/IL-Sings_Republica-23-1024x683.jpg 1024w, https:\/\/holyshit.global\/wp-content\/uploads\/2023\/06\/IL-Sings_Republica-23-300x200.jpg 300w, https:\/\/holyshit.global\/wp-content\/uploads\/2023\/06\/IL-Sings_Republica-23-768x512.jpg 768w, https:\/\/holyshit.global\/wp-content\/uploads\/2023\/06\/IL-Sings_Republica-23-1536x1024.jpg 1536w, https:\/\/holyshit.global\/wp-content\/uploads\/2023\/06\/IL-Sings_Republica-23-465x310.jpg 465w, https:\/\/holyshit.global\/wp-content\/uploads\/2023\/06\/IL-Sings_Republica-23-695x463.jpg 695w, https:\/\/holyshit.global\/wp-content\/uploads\/2023\/06\/IL-Sings_Republica-23.jpg 2048w\" sizes=\"auto, (max-width: 1024px) 100vw, 1024px\" \/><\/figure>\n\n\n\n<figure class=\"wp-block-image size-large\"><img loading=\"lazy\" decoding=\"async\" width=\"1024\" height=\"683\" data-id=\"1978\" src=\"https:\/\/holyshit.global\/wp-content\/uploads\/2023\/06\/Crowd_presentation_Republica-1024x683.jpg\" alt=\"\" class=\"wp-image-1978\" srcset=\"https:\/\/holyshit.global\/wp-content\/uploads\/2023\/06\/Crowd_presentation_Republica-1024x683.jpg 1024w, https:\/\/holyshit.global\/wp-content\/uploads\/2023\/06\/Crowd_presentation_Republica-300x200.jpg 300w, https:\/\/holyshit.global\/wp-content\/uploads\/2023\/06\/Crowd_presentation_Republica-768x512.jpg 768w, https:\/\/holyshit.global\/wp-content\/uploads\/2023\/06\/Crowd_presentation_Republica-1536x1024.jpg 1536w, https:\/\/holyshit.global\/wp-content\/uploads\/2023\/06\/Crowd_presentation_Republica-465x310.jpg 465w, https:\/\/holyshit.global\/wp-content\/uploads\/2023\/06\/Crowd_presentation_Republica-695x463.jpg 695w, https:\/\/holyshit.global\/wp-content\/uploads\/2023\/06\/Crowd_presentation_Republica.jpg 2048w\" sizes=\"auto, (max-width: 1024px) 100vw, 1024px\" \/><\/figure>\n\n\n\n<figure class=\"wp-block-image size-large\"><img loading=\"lazy\" decoding=\"async\" width=\"1024\" height=\"683\" data-id=\"1984\" src=\"https:\/\/holyshit.global\/wp-content\/uploads\/2023\/06\/RA-presen-ts_Republica-23_-1024x683.jpg\" alt=\"\" class=\"wp-image-1984\" srcset=\"https:\/\/holyshit.global\/wp-content\/uploads\/2023\/06\/RA-presen-ts_Republica-23_-1024x683.jpg 1024w, https:\/\/holyshit.global\/wp-content\/uploads\/2023\/06\/RA-presen-ts_Republica-23_-300x200.jpg 300w, https:\/\/holyshit.global\/wp-content\/uploads\/2023\/06\/RA-presen-ts_Republica-23_-768x512.jpg 768w, https:\/\/holyshit.global\/wp-content\/uploads\/2023\/06\/RA-presen-ts_Republica-23_-1536x1024.jpg 1536w, https:\/\/holyshit.global\/wp-content\/uploads\/2023\/06\/RA-presen-ts_Republica-23_-465x310.jpg 465w, https:\/\/holyshit.global\/wp-content\/uploads\/2023\/06\/RA-presen-ts_Republica-23_-695x463.jpg 695w, https:\/\/holyshit.global\/wp-content\/uploads\/2023\/06\/RA-presen-ts_Republica-23_.jpg 2048w\" sizes=\"auto, (max-width: 1024px) 100vw, 1024px\" \/><\/figure>\n\n\n\n<figure class=\"wp-block-image size-large\"><img loading=\"lazy\" decoding=\"async\" width=\"1024\" height=\"683\" data-id=\"1987\" src=\"https:\/\/holyshit.global\/wp-content\/uploads\/2023\/06\/VT_Presents_Republica-1024x683.jpg\" alt=\"\" class=\"wp-image-1987\" srcset=\"https:\/\/holyshit.global\/wp-content\/uploads\/2023\/06\/VT_Presents_Republica-1024x683.jpg 1024w, https:\/\/holyshit.global\/wp-content\/uploads\/2023\/06\/VT_Presents_Republica-300x200.jpg 300w, https:\/\/holyshit.global\/wp-content\/uploads\/2023\/06\/VT_Presents_Republica-768x512.jpg 768w, https:\/\/holyshit.global\/wp-content\/uploads\/2023\/06\/VT_Presents_Republica-1536x1024.jpg 1536w, https:\/\/holyshit.global\/wp-content\/uploads\/2023\/06\/VT_Presents_Republica-465x310.jpg 465w, https:\/\/holyshit.global\/wp-content\/uploads\/2023\/06\/VT_Presents_Republica-695x463.jpg 695w, https:\/\/holyshit.global\/wp-content\/uploads\/2023\/06\/VT_Presents_Republica.jpg 2048w\" sizes=\"auto, (max-width: 1024px) 100vw, 1024px\" \/><\/figure>\n<\/figure>\n\n\n\n<div class=\"wp-block-buttons is-content-justification-center is-layout-flex wp-container-core-buttons-is-layout-16018d1d wp-block-buttons-is-layout-flex\">\n<div class=\"wp-block-button\"><a class=\"wp-block-button__link wp-element-button\" href=\"https:\/\/holyshit.global\/es\/encuentro-de-viva-con-agua-2023\">Anterior<\/a><\/div>\n\n\n\n<div class=\"wp-block-button\"><a class=\"wp-block-button__link wp-element-button\" href=\"https:\/\/holyshit.global\/es\/estreno-en-el-festival-de-cine-natur-vision-de-ludwigsburg-alemania\">Siguiente<\/a><\/div>\n<\/div>\n","protected":false},"excerpt":{"rendered":"<p>El lunes 5 de junio, Rub\u00e9n Abru\u00f1a, director de HOLY SHIT, y el productor Valentin Thurn visitaron re:publica 23, el festival para la sociedad digital, en Berl\u00edn. Este a\u00f1o, el lema del festival fue \u00abCASH\u00bb, que abordaba la correlaci\u00f3n de la injusticia social y la pobreza con el mercado financiero,<span class=\"more-link\"><a href=\"https:\/\/holyshit.global\/es\/holy-shit-en-republica-23\/\">Read More &rarr;<\/a><\/span><\/p>\n","protected":false},"author":1,"featured_media":0,"parent":0,"menu_order":0,"comment_status":"closed","ping_status":"closed","template":"","meta":{"footnotes":""},"class_list":["entry","author-wzu2bwzu2bwzu2b","post-2910","page","type-page","status-publish"],"_links":{"self":[{"href":"https:\/\/holyshit.global\/es\/wp-json\/wp\/v2\/pages\/2910","targetHints":{"allow":["GET"]}}],"collection":[{"href":"https:\/\/holyshit.global\/es\/wp-json\/wp\/v2\/pages"}],"about":[{"href":"https:\/\/holyshit.global\/es\/wp-json\/wp\/v2\/types\/page"}],"author":[{"embeddable":true,"href":"https:\/\/holyshit.global\/es\/wp-json\/wp\/v2\/users\/1"}],"replies":[{"embeddable":true,"href":"https:\/\/holyshit.global\/es\/wp-json\/wp\/v2\/comments?post=2910"}],"version-history":[{"count":4,"href":"https:\/\/holyshit.global\/es\/wp-json\/wp\/v2\/pages\/2910\/revisions"}],"predecessor-version":[{"id":2982,"href":"https:\/\/holyshit.global\/es\/wp-json\/wp\/v2\/pages\/2910\/revisions\/2982"}],"wp:attachment":[{"href":"https:\/\/holyshit.global\/es\/wp-json\/wp\/v2\/media?parent=2910"}],"curies":[{"name":"wp","href":"https:\/\/api.w.org\/{rel}","templated":true}]}}