{"id":2908,"date":"2023-09-05T17:43:52","date_gmt":"2023-09-05T16:43:52","guid":{"rendered":"https:\/\/holyshit.global\/resena-de-holy-shit-y-entrevista-con-ruben-abruna\/"},"modified":"2024-02-13T11:36:36","modified_gmt":"2024-02-13T10:36:36","slug":"resena-de-holy-shit-y-entrevista-con-ruben-abruna","status":"publish","type":"page","link":"https:\/\/holyshit.global\/es\/resena-de-holy-shit-y-entrevista-con-ruben-abruna\/","title":{"rendered":"Rese\u00f1a de Holy Shit y entrevista con Rub\u00e9n Abru\u00f1a"},"content":{"rendered":"\n<p class=\"has-medium-font-size\">\u00abEstamos al principio de un movimiento, y el movimiento es uno en el que la gente est\u00e1 tomando conciencia de que est\u00e1 bien hablar de mierda, de que est\u00e1 bien tratar este tema que hemos estado ignorando durante tanto tiempo\u00bb, expres\u00f3 Rub\u00e9n Abru\u00f1a, director de \u00abHoly Shit\u00bb a Michael Berger y Anita Huber, productores de la podifusi\u00f3n \u00abTour de Film\u00bb para Kanal K de Aarau, Suiza, quienes estuvieron cubriendo la 23\u00aa edici\u00f3n del Festival de Cine NaturVision en Luisburgo, Alemania, del 18 al 21 de julio de 2023.<\/p>\n\n\n\n<p class=\"has-medium-font-size\">Abru\u00f1a tambi\u00e9n explic\u00f3 sus motivaciones para viajar por el mundo para documentar diversas formas de reciclar los excrementos humanos en composta y arrojar luz sobre la complejidad de un tema que abarca desde los tab\u00faes sociales, las grandes empresas, hasta nuestro reto existencial: el cambio clim\u00e1tico.<\/p>\n\n\n\n<p class=\"has-medium-font-size\">Escucha ahora el segmento de la podifusi\u00f3n (en alem\u00e1n) y emoci\u00f3nate con el estreno en el cine alem\u00e1n de \u00abHoly Shit\u00bb el 30 de noviembre de 2023.<\/p>\n\n\n\n<figure class=\"wp-block-audio\"><audio controls src=\"https:\/\/holyshit.global\/wp-content\/uploads\/2023\/09\/Film-review-of-HS-and-interview_Ruben-Abruna_Kultur-Pur_Kanal-K.mp3\"><\/audio><figcaption class=\"wp-element-caption\">Segmento de Tour de Film (en alem\u00e1n) donde Michael Berger y Anita Huber rese\u00f1an Holy Shit y entrevistan al director Rub\u00e9n Abru\u00f1a. <\/figcaption><\/figure>\n\n\n\n<p class=\"has-medium-font-size\">El episodio completo puede escucharse en la <a href=\"https:\/\/kanalk.ch\/sendung\/kultur-pur\/20230806\" target=\"_blank\" data-type=\"link\" data-id=\"https:\/\/kanalk.ch\/sendung\/kultur-pur\/20230806\" rel=\"noreferrer noopener\">p\u00e1gina web<\/a> de Kultur Pur by Kanal K. <\/p>\n\n\n\n<div class=\"wp-block-buttons is-content-justification-center is-layout-flex wp-container-core-buttons-is-layout-16018d1d wp-block-buttons-is-layout-flex\">\n<div class=\"wp-block-button\"><a class=\"wp-block-button__link wp-element-button\" href=\"https:\/\/holyshit.global\/es\/estreno-en-el-festival-de-cine-natur-vision-de-ludwigsburg-alemania\">Anterior<\/a><\/div>\n\n\n\n<div class=\"wp-block-button\"><a class=\"wp-block-button__link wp-element-button\" href=\"https:\/\/holyshit.global\/es\/festival-de-cine-de-funf-seen\">Siguiente<\/a><\/div>\n<\/div>\n","protected":false},"excerpt":{"rendered":"<p>\u00abEstamos al principio de un movimiento, y el movimiento es uno en el que la gente est\u00e1 tomando conciencia de que est\u00e1 bien hablar de mierda, de que est\u00e1 bien tratar este tema que hemos estado ignorando durante tanto tiempo\u00bb, expres\u00f3 Rub\u00e9n Abru\u00f1a, director de \u00abHoly Shit\u00bb a Michael Berger<span class=\"more-link\"><a href=\"https:\/\/holyshit.global\/es\/resena-de-holy-shit-y-entrevista-con-ruben-abruna\/\">Read More &rarr;<\/a><\/span><\/p>\n","protected":false},"author":1,"featured_media":0,"parent":0,"menu_order":0,"comment_status":"closed","ping_status":"closed","template":"","meta":{"footnotes":""},"class_list":["entry","author-wzu2bwzu2bwzu2b","post-2908","page","type-page","status-publish"],"_links":{"self":[{"href":"https:\/\/holyshit.global\/es\/wp-json\/wp\/v2\/pages\/2908","targetHints":{"allow":["GET"]}}],"collection":[{"href":"https:\/\/holyshit.global\/es\/wp-json\/wp\/v2\/pages"}],"about":[{"href":"https:\/\/holyshit.global\/es\/wp-json\/wp\/v2\/types\/page"}],"author":[{"embeddable":true,"href":"https:\/\/holyshit.global\/es\/wp-json\/wp\/v2\/users\/1"}],"replies":[{"embeddable":true,"href":"https:\/\/holyshit.global\/es\/wp-json\/wp\/v2\/comments?post=2908"}],"version-history":[{"count":3,"href":"https:\/\/holyshit.global\/es\/wp-json\/wp\/v2\/pages\/2908\/revisions"}],"predecessor-version":[{"id":2981,"href":"https:\/\/holyshit.global\/es\/wp-json\/wp\/v2\/pages\/2908\/revisions\/2981"}],"wp:attachment":[{"href":"https:\/\/holyshit.global\/es\/wp-json\/wp\/v2\/media?parent=2908"}],"curies":[{"name":"wp","href":"https:\/\/api.w.org\/{rel}","templated":true}]}}