{"id":2906,"date":"2023-09-05T13:24:09","date_gmt":"2023-09-05T12:24:09","guid":{"rendered":"https:\/\/holyshit.global\/festival-de-cine-de-funf-seen\/"},"modified":"2024-02-12T17:25:08","modified_gmt":"2024-02-12T16:25:08","slug":"festival-de-cine-de-funf-seen","status":"publish","type":"page","link":"https:\/\/holyshit.global\/es\/festival-de-cine-de-funf-seen\/","title":{"rendered":"Festival de cine de F\u00fcnf Seen"},"content":{"rendered":"\n<p class=\"has-medium-font-size\">Holy Shit tuvo una gran acogida en el Festival de Cine F\u00fcnf Seen con proyecciones en Seefeld, Gauting y We\u00dfling. Gracias al personal por un festival tan bien organizado. Fue un placer interactuar con un p\u00fablico inteligente, bien informado e inquisitivo. El p\u00fablico de todas las salas expres\u00f3 su opini\u00f3n de que la pel\u00edcula deber\u00eda proyectarse en todas las comunidades, pueblos y ciudades para concienciar sobre un tema tan importante, y sobre la necesidad de dejar de tratar nuestros excrementos como desperdicios y, en su lugar, considerarlos como oro. Muchas personas tambi\u00e9n comentaron que el humor de la pel\u00edcula la hac\u00eda muy atractiva y entretenida sin sacrificar la profundidad y amplitud de la informaci\u00f3n.<\/p>\n\n\n\n<figure class=\"wp-block-gallery has-nested-images columns-default is-cropped wp-block-gallery-1 is-layout-flex wp-block-gallery-is-layout-flex\">\n<figure class=\"wp-block-image size-large\"><img loading=\"lazy\" decoding=\"async\" width=\"1024\" height=\"832\" data-id=\"2346\" src=\"https:\/\/holyshit.global\/wp-content\/uploads\/2023\/09\/RA-Briggite_Wessling-1024x832.jpg\" alt=\"\" class=\"wp-image-2346\" srcset=\"https:\/\/holyshit.global\/wp-content\/uploads\/2023\/09\/RA-Briggite_Wessling-1024x832.jpg 1024w, https:\/\/holyshit.global\/wp-content\/uploads\/2023\/09\/RA-Briggite_Wessling-300x244.jpg 300w, https:\/\/holyshit.global\/wp-content\/uploads\/2023\/09\/RA-Briggite_Wessling-768x624.jpg 768w, https:\/\/holyshit.global\/wp-content\/uploads\/2023\/09\/RA-Briggite_Wessling-1536x1249.jpg 1536w, https:\/\/holyshit.global\/wp-content\/uploads\/2023\/09\/RA-Briggite_Wessling-465x378.jpg 465w, https:\/\/holyshit.global\/wp-content\/uploads\/2023\/09\/RA-Briggite_Wessling-615x500.jpg 615w, https:\/\/holyshit.global\/wp-content\/uploads\/2023\/09\/RA-Briggite_Wessling.jpg 1801w\" sizes=\"auto, (max-width: 1024px) 100vw, 1024px\" \/><\/figure>\n\n\n\n<figure class=\"wp-block-image size-large\"><img loading=\"lazy\" decoding=\"async\" width=\"1024\" height=\"801\" data-id=\"2352\" src=\"https:\/\/holyshit.global\/wp-content\/uploads\/2023\/09\/RA-poster-Gauting-1024x801.jpg\" alt=\"\" class=\"wp-image-2352\" srcset=\"https:\/\/holyshit.global\/wp-content\/uploads\/2023\/09\/RA-poster-Gauting-1024x801.jpg 1024w, https:\/\/holyshit.global\/wp-content\/uploads\/2023\/09\/RA-poster-Gauting-300x235.jpg 300w, https:\/\/holyshit.global\/wp-content\/uploads\/2023\/09\/RA-poster-Gauting-768x601.jpg 768w, https:\/\/holyshit.global\/wp-content\/uploads\/2023\/09\/RA-poster-Gauting-465x364.jpg 465w, https:\/\/holyshit.global\/wp-content\/uploads\/2023\/09\/RA-poster-Gauting-639x500.jpg 639w, https:\/\/holyshit.global\/wp-content\/uploads\/2023\/09\/RA-poster-Gauting.jpg 1468w\" sizes=\"auto, (max-width: 1024px) 100vw, 1024px\" \/><\/figure>\n\n\n\n<figure class=\"wp-block-image size-large\"><img loading=\"lazy\" decoding=\"async\" width=\"1024\" height=\"615\" data-id=\"2349\" src=\"https:\/\/holyshit.global\/wp-content\/uploads\/2023\/09\/Screening-Wessling-1024x615.jpg\" alt=\"\" class=\"wp-image-2349\" srcset=\"https:\/\/holyshit.global\/wp-content\/uploads\/2023\/09\/Screening-Wessling-1024x615.jpg 1024w, https:\/\/holyshit.global\/wp-content\/uploads\/2023\/09\/Screening-Wessling-300x180.jpg 300w, https:\/\/holyshit.global\/wp-content\/uploads\/2023\/09\/Screening-Wessling-768x461.jpg 768w, https:\/\/holyshit.global\/wp-content\/uploads\/2023\/09\/Screening-Wessling-1536x923.jpg 1536w, https:\/\/holyshit.global\/wp-content\/uploads\/2023\/09\/Screening-Wessling-465x279.jpg 465w, https:\/\/holyshit.global\/wp-content\/uploads\/2023\/09\/Screening-Wessling-695x417.jpg 695w, https:\/\/holyshit.global\/wp-content\/uploads\/2023\/09\/Screening-Wessling.jpg 2016w\" sizes=\"auto, (max-width: 1024px) 100vw, 1024px\" \/><\/figure>\n\n\n\n<figure class=\"wp-block-image size-large\"><img loading=\"lazy\" decoding=\"async\" width=\"1024\" height=\"652\" data-id=\"2355\" src=\"https:\/\/holyshit.global\/wp-content\/uploads\/2023\/09\/Sternbergsee_-1024x652.jpg\" alt=\"\" class=\"wp-image-2355\" srcset=\"https:\/\/holyshit.global\/wp-content\/uploads\/2023\/09\/Sternbergsee_-1024x652.jpg 1024w, https:\/\/holyshit.global\/wp-content\/uploads\/2023\/09\/Sternbergsee_-300x191.jpg 300w, https:\/\/holyshit.global\/wp-content\/uploads\/2023\/09\/Sternbergsee_-768x489.jpg 768w, https:\/\/holyshit.global\/wp-content\/uploads\/2023\/09\/Sternbergsee_-1536x978.jpg 1536w, https:\/\/holyshit.global\/wp-content\/uploads\/2023\/09\/Sternbergsee_-465x296.jpg 465w, https:\/\/holyshit.global\/wp-content\/uploads\/2023\/09\/Sternbergsee_-695x442.jpg 695w, https:\/\/holyshit.global\/wp-content\/uploads\/2023\/09\/Sternbergsee_.jpg 2016w\" sizes=\"auto, (max-width: 1024px) 100vw, 1024px\" \/><\/figure>\n<\/figure>\n\n\n\n<div class=\"wp-block-buttons is-content-justification-center is-layout-flex wp-container-core-buttons-is-layout-16018d1d wp-block-buttons-is-layout-flex\">\n<div class=\"wp-block-button\"><a class=\"wp-block-button__link wp-element-button\" href=\"https:\/\/holyshit.global\/es\/resena-de-holy-shit-y-entrevista-con-ruben-abruna\">Anterior<\/a><\/div>\n\n\n\n<div class=\"wp-block-button\"><a class=\"wp-block-button__link wp-element-button\" href=\"https:\/\/holyshit.global\/es\/presentacion-en-el-restaurante-oberes-bruggli-en-jura-suiza\">Siguiente<\/a><\/div>\n<\/div>\n","protected":false},"excerpt":{"rendered":"<p>Holy Shit tuvo una gran acogida en el Festival de Cine F\u00fcnf Seen con proyecciones en Seefeld, Gauting y We\u00dfling. Gracias al personal por un festival tan bien organizado. Fue un placer interactuar con un p\u00fablico inteligente, bien informado e inquisitivo. El p\u00fablico de todas las salas expres\u00f3 su opini\u00f3n<span class=\"more-link\"><a href=\"https:\/\/holyshit.global\/es\/festival-de-cine-de-funf-seen\/\">Read More &rarr;<\/a><\/span><\/p>\n","protected":false},"author":1,"featured_media":0,"parent":0,"menu_order":0,"comment_status":"closed","ping_status":"closed","template":"","meta":{"footnotes":""},"class_list":["entry","author-wzu2bwzu2bwzu2b","post-2906","page","type-page","status-publish"],"_links":{"self":[{"href":"https:\/\/holyshit.global\/es\/wp-json\/wp\/v2\/pages\/2906","targetHints":{"allow":["GET"]}}],"collection":[{"href":"https:\/\/holyshit.global\/es\/wp-json\/wp\/v2\/pages"}],"about":[{"href":"https:\/\/holyshit.global\/es\/wp-json\/wp\/v2\/types\/page"}],"author":[{"embeddable":true,"href":"https:\/\/holyshit.global\/es\/wp-json\/wp\/v2\/users\/1"}],"replies":[{"embeddable":true,"href":"https:\/\/holyshit.global\/es\/wp-json\/wp\/v2\/comments?post=2906"}],"version-history":[{"count":4,"href":"https:\/\/holyshit.global\/es\/wp-json\/wp\/v2\/pages\/2906\/revisions"}],"predecessor-version":[{"id":2962,"href":"https:\/\/holyshit.global\/es\/wp-json\/wp\/v2\/pages\/2906\/revisions\/2962"}],"wp:attachment":[{"href":"https:\/\/holyshit.global\/es\/wp-json\/wp\/v2\/media?parent=2906"}],"curies":[{"name":"wp","href":"https:\/\/api.w.org\/{rel}","templated":true}]}}