{"id":2874,"date":"2023-04-05T11:24:52","date_gmt":"2023-04-05T10:24:52","guid":{"rendered":"https:\/\/holyshit.global\/rimas-de-letrinas\/"},"modified":"2024-02-12T15:43:26","modified_gmt":"2024-02-12T14:43:26","slug":"rimas-de-letrinas","status":"publish","type":"page","link":"https:\/\/holyshit.global\/es\/rimas-de-letrinas\/","title":{"rendered":"Rimas de letrinas"},"content":{"rendered":"\n<p class=\"has-medium-font-size\">Las rimas de letrinas o el grafiti de retretes son casi tan antiguas como el acto de defecar. A veces es vulgar y pueril, en ocasiones puede ser divertido y filos\u00f3fico. <\/p>\n\n<p class=\"has-medium-font-size\"> \u00bfTiene uno? \u00bfQuiere compartirlo? Env\u00edenoslo a trav\u00e9s de la p\u00e1gina de contacto y, si nos da permiso, lo publicaremos aqu\u00ed.<\/p>\n\n<p class=\"has-medium-font-size\">A continuaci\u00f3n un breve compendio.<\/p>\n\n<ul class=\"has-medium-font-size wp-block-list\">\n<li><em>Stercus cuique suum bene olet. <\/em><br\/>La propia mierda huele bien. <br\/>Antiguo proverbio romano.<\/li>\n\n\n\n<li><em>Si desit stramen, cum digito terge Feramen.<\/em><br\/>Si usted no puede obtener de grama un poquito, con el dedo limpie su culito.<br\/>Escrito en una caba\u00f1a de letrina en Ipswich, hacia 1730.<\/li>\n\n\n\n<li>\u00abNo me gusta nada este sitio. El asiento es demasiado alto y el agujero demasiado peque\u00f1o\u00bb. <br\/>Escrito debajo: <br\/>\u00abTe expones a la r\u00e9plica obvia: tu trasero es demasiado grande y tus piernas demasiado cortas\u00bb.<\/li>\n\n\n\n<li>No es rima de letrina, pero podr\u00eda serlo.<br\/><em>Inter urinas et faeces nascimur. <\/em><br\/>Nacemos entre la orina y las heces.<br\/>San Agust\u00edn. Siglo IV<\/li>\n\n\n\n<li>Una buena cagada es como medio polvo.<\/li>\n\n\n\n<li>\u00bfSoy una criatura de la naturaleza o un producto de la civilizaci\u00f3n?<\/li>\n\n\n\n<li>Aqu\u00ed es donde uno caga lo que ha comido el d\u00eda anterior.<br\/>Alabado sea Dios porque no tenemos que comer lo que cagamos el d\u00eda anterior.<\/li>\n\n\n\n<li>Lo que es comida para la boca es mierda para el culo.<\/li>\n<\/ul>\n\n<div class=\"wp-block-buttons is-content-justification-center is-layout-flex wp-container-core-buttons-is-layout-16018d1d wp-block-buttons-is-layout-flex\">\n<div class=\"wp-block-button\"><a class=\"wp-block-button__link wp-element-button\" href=\"https:\/\/holyshit.global\/es\/mierda-medicina\/\">Anterior<\/a><\/div>\n\n\n\n<div class=\"wp-block-button\"><a class=\"wp-block-button__link wp-element-button\" href=\"https:\/\/holyshit.global\/es\/mierda-como-el-oro\/\">Siguiente<\/a><\/div>\n<\/div>\n","protected":false},"excerpt":{"rendered":"<p>Las rimas de letrinas o el grafiti de retretes son casi tan antiguas como el acto de defecar. A veces es vulgar y pueril, en ocasiones puede ser divertido y filos\u00f3fico. \u00bfTiene uno? \u00bfQuiere compartirlo? Env\u00edenoslo a trav\u00e9s de la p\u00e1gina de contacto y, si nos da permiso, lo publicaremos<span class=\"more-link\"><a href=\"https:\/\/holyshit.global\/es\/rimas-de-letrinas\/\">Read More &rarr;<\/a><\/span><\/p>\n","protected":false},"author":1,"featured_media":1115,"parent":0,"menu_order":0,"comment_status":"closed","ping_status":"closed","template":"","meta":{"footnotes":""},"class_list":["entry","author-wzu2bwzu2bwzu2b","post-2874","page","type-page","status-publish","has-post-thumbnail"],"_links":{"self":[{"href":"https:\/\/holyshit.global\/es\/wp-json\/wp\/v2\/pages\/2874","targetHints":{"allow":["GET"]}}],"collection":[{"href":"https:\/\/holyshit.global\/es\/wp-json\/wp\/v2\/pages"}],"about":[{"href":"https:\/\/holyshit.global\/es\/wp-json\/wp\/v2\/types\/page"}],"author":[{"embeddable":true,"href":"https:\/\/holyshit.global\/es\/wp-json\/wp\/v2\/users\/1"}],"replies":[{"embeddable":true,"href":"https:\/\/holyshit.global\/es\/wp-json\/wp\/v2\/comments?post=2874"}],"version-history":[{"count":7,"href":"https:\/\/holyshit.global\/es\/wp-json\/wp\/v2\/pages\/2874\/revisions"}],"predecessor-version":[{"id":2886,"href":"https:\/\/holyshit.global\/es\/wp-json\/wp\/v2\/pages\/2874\/revisions\/2886"}],"wp:featuredmedia":[{"embeddable":true,"href":"https:\/\/holyshit.global\/es\/wp-json\/wp\/v2\/media\/1115"}],"wp:attachment":[{"href":"https:\/\/holyshit.global\/es\/wp-json\/wp\/v2\/media?parent=2874"}],"curies":[{"name":"wp","href":"https:\/\/api.w.org\/{rel}","templated":true}]}}