{"id":2762,"date":"2023-04-05T11:25:32","date_gmt":"2023-04-05T10:25:32","guid":{"rendered":"https:\/\/holyshit.global\/mierda-medicina\/"},"modified":"2024-02-12T15:42:02","modified_gmt":"2024-02-12T14:42:02","slug":"mierda-medicina","status":"publish","type":"page","link":"https:\/\/holyshit.global\/es\/mierda-medicina\/","title":{"rendered":"Mierda &amp; Medicina"},"content":{"rendered":"\n<p class=\"has-medium-font-size\">La aversi\u00f3n a comer mierda o a entrar en contacto directo con ella nos ha protegido a miles de millones de personas a lo largo de los siglos contra enfermedades mortales. Algunos dicen que es instintivo, pero no siempre ha sido as\u00ed.<\/p>\n\n\n<div class=\"wp-block-image\">\n<figure class=\"aligncenter size-full is-resized\"><img loading=\"lazy\" decoding=\"async\" width=\"441\" height=\"600\" src=\"https:\/\/holyshit.global\/wp-content\/uploads\/2023\/04\/Sade_-_Les_120_Journees_de_Sodome_ed._Duhren_1904_page_6_crop.jpg\" alt=\"\" class=\"wp-image-1061\" style=\"width:221px;height:300px\" srcset=\"https:\/\/holyshit.global\/wp-content\/uploads\/2023\/04\/Sade_-_Les_120_Journees_de_Sodome_ed._Duhren_1904_page_6_crop.jpg 441w, https:\/\/holyshit.global\/wp-content\/uploads\/2023\/04\/Sade_-_Les_120_Journees_de_Sodome_ed._Duhren_1904_page_6_crop-221x300.jpg 221w, https:\/\/holyshit.global\/wp-content\/uploads\/2023\/04\/Sade_-_Les_120_Journees_de_Sodome_ed._Duhren_1904_page_6_crop-368x500.jpg 368w\" sizes=\"auto, (max-width: 441px) 100vw, 441px\" \/><figcaption class=\"wp-element-caption\">Marqu\u00e9s de Sade, Dominio p\u00fablico, v\u00eda Wikimedia Commons<\/figcaption><\/figure>\n<\/div>\n\n\n<p class=\"has-medium-font-size\">En \u00ab120 d\u00edas de Sodoma\u00bb, escrita en 1785 por el Marqu\u00e9s de Sade, Madame Duclos, la principal narradora de la novela, relata numerosos episodios de actos sexuales en los que la gente se defecaba encima y se com\u00eda los excrementos de los dem\u00e1s. Esto despertaba los deseos sexuales de su p\u00fablico, que a su vez interpretaba sus sucias historias. <\/p>\n\n\n\n<p class=\"has-medium-font-size\">Representaciones como las de \u00ab120 d\u00edas de Sodoma\u00bb ten\u00edan muchos antecedentes, aunque menos repulsivos. Utilizar la orina y el excremento humano como remedios m\u00e9dicos, arrojar heces a los dem\u00e1s por diversi\u00f3n, comerlas por placer o por salvaci\u00f3n eran h\u00e1bitos documentados de la \u00e9poca anterior a Sade. <\/p>\n\n\n<div class=\"wp-block-image\">\n<figure class=\"aligncenter size-full is-resized\"><img loading=\"lazy\" decoding=\"async\" width=\"741\" height=\"899\" src=\"https:\/\/holyshit.global\/wp-content\/uploads\/2023\/04\/Abraham_Zacuto.jpg\" alt=\"\" class=\"wp-image-1065\" style=\"width:371px;height:450px\" srcset=\"https:\/\/holyshit.global\/wp-content\/uploads\/2023\/04\/Abraham_Zacuto.jpg 741w, https:\/\/holyshit.global\/wp-content\/uploads\/2023\/04\/Abraham_Zacuto-247x300.jpg 247w, https:\/\/holyshit.global\/wp-content\/uploads\/2023\/04\/Abraham_Zacuto-465x564.jpg 465w, https:\/\/holyshit.global\/wp-content\/uploads\/2023\/04\/Abraham_Zacuto-412x500.jpg 412w\" sizes=\"auto, (max-width: 741px) 100vw, 741px\" \/><figcaption class=\"wp-element-caption\">Dominio p\u00fablico, v\u00eda Wikimedia Commons. Foto de Sodabottle<\/figcaption><\/figure>\n<\/div>\n\n\n<p class=\"has-medium-font-size\">A finales del siglo XVI, el doctor Zacutus Lusitanus cuenta que conoci\u00f3 a una mujer que hab\u00eda probado sus heces por accidente y pronto se convirtieron en su comida favorita hasta el punto de que no soportaba vivir sin ellas.<\/p>\n\n\n<div class=\"wp-block-image\">\n<figure class=\"aligncenter size-large is-resized\"><img loading=\"lazy\" decoding=\"async\" width=\"1022\" height=\"1024\" src=\"https:\/\/holyshit.global\/wp-content\/uploads\/2023\/04\/Saturnalia_by_Antoine_Callet-1022x1024.jpg\" alt=\"\" class=\"wp-image-1071\" style=\"width:511px;height:512px\" srcset=\"https:\/\/holyshit.global\/wp-content\/uploads\/2023\/04\/Saturnalia_by_Antoine_Callet-1022x1024.jpg 1022w, https:\/\/holyshit.global\/wp-content\/uploads\/2023\/04\/Saturnalia_by_Antoine_Callet-300x300.jpg 300w, https:\/\/holyshit.global\/wp-content\/uploads\/2023\/04\/Saturnalia_by_Antoine_Callet-150x150.jpg 150w, https:\/\/holyshit.global\/wp-content\/uploads\/2023\/04\/Saturnalia_by_Antoine_Callet-768x770.jpg 768w, https:\/\/holyshit.global\/wp-content\/uploads\/2023\/04\/Saturnalia_by_Antoine_Callet-1533x1536.jpg 1533w, https:\/\/holyshit.global\/wp-content\/uploads\/2023\/04\/Saturnalia_by_Antoine_Callet-465x466.jpg 465w, https:\/\/holyshit.global\/wp-content\/uploads\/2023\/04\/Saturnalia_by_Antoine_Callet-499x500.jpg 499w, https:\/\/holyshit.global\/wp-content\/uploads\/2023\/04\/Saturnalia_by_Antoine_Callet.jpg 2044w\" sizes=\"auto, (max-width: 1022px) 100vw, 1022px\" \/><figcaption class=\"wp-element-caption\">Themadchopper, Antoine-Fran\u00e7ois Callet, CC0, v\u00eda Wikimedia Commons<\/figcaption><\/figure>\n<\/div>\n\n\n<p class=\"has-medium-font-size\">La Fiesta de los Locos, enraizada en la Saturnalia romana, era una celebraci\u00f3n religiosa carnavalesca para librar al entorno de las fuerzas malignas del diablo.l \u00abLas celebraciones inclu\u00edan bromas obscenas, canciones y actitudes. Llevaban carros llenos de esti\u00e9rcol que arrojaban de vez en cuando sobre el populacho\u00bb.<\/p>\n\n\n\n<p class=\"has-medium-font-size\">Los olores fecales desempe\u00f1aron un papel clave en la medicina. Hasta el a\u00f1o 1760, se esparc\u00eda mierda por las calles de Madrid porque se cre\u00eda que el aire enriquecido con sustancias fecales era saludable para los seres humanos. <\/p>\n\n\n\n<p class=\"has-medium-font-size\">Cuando la peste bub\u00f3nica asol\u00f3 Londres, las autoridades abrieron los pozos negros de la ciudad para que el aire fecal combatiera el aire de la peste con el fin de erradicarla. Antes pens\u00e1bamos que las enfermedades se transmit\u00edan por los malos olores del miasma o del aire. La p\u00f3lvora, el azufre y el humo se utilizaban para desinfectar el aire de elementos causantes de enfermedades.<\/p>\n\n\n<div class=\"wp-block-image\">\n<figure class=\"aligncenter size-full is-resized\"><img loading=\"lazy\" decoding=\"async\" width=\"1000\" height=\"786\" src=\"https:\/\/holyshit.global\/wp-content\/uploads\/2023\/04\/Paullini_tb_big_Dreck-Apothecke.jpeg\" alt=\"\" class=\"wp-image-1076\" style=\"width:500px;height:393px\" srcset=\"https:\/\/holyshit.global\/wp-content\/uploads\/2023\/04\/Paullini_tb_big_Dreck-Apothecke.jpeg 1000w, https:\/\/holyshit.global\/wp-content\/uploads\/2023\/04\/Paullini_tb_big_Dreck-Apothecke-300x236.jpeg 300w, https:\/\/holyshit.global\/wp-content\/uploads\/2023\/04\/Paullini_tb_big_Dreck-Apothecke-768x604.jpeg 768w, https:\/\/holyshit.global\/wp-content\/uploads\/2023\/04\/Paullini_tb_big_Dreck-Apothecke-465x365.jpeg 465w, https:\/\/holyshit.global\/wp-content\/uploads\/2023\/04\/Paullini_tb_big_Dreck-Apothecke-636x500.jpeg 636w\" sizes=\"auto, (max-width: 1000px) 100vw, 1000px\" \/><figcaption class=\"wp-element-caption\">Dominio p\u00fablico, v\u00eda Wikimedia Commons<\/figcaption><\/figure>\n<\/div>\n\n\n<p class=\"has-medium-font-size\">El Dr. Christian Franz Paullini, m\u00e9dico alem\u00e1n del siglo XVII, desarroll\u00f3 una \u00abCoprofarmacia\u00bb o farmacia basada en las heces. Por ejemplo, prescrib\u00eda la \u00abPomada de oro\u00bb, que consist\u00eda en \u00abheces humanas frescas colocadas sobre los abscesos, especialmente en los pechos enfermos de una mujer de parto\u00bb. Tambi\u00e9n prescribi\u00f3 el uso del propio excremento del paciente o el de un ni\u00f1o, internamente, como cura para la disenter\u00eda. En los a\u00f1os 1990 habr\u00eda sido el caso de negligencia medicinal del siglo. <\/p>\n\n\n<div class=\"wp-block-image\">\n<figure class=\"aligncenter size-full is-resized\"><img loading=\"lazy\" decoding=\"async\" width=\"800\" height=\"582\" src=\"https:\/\/holyshit.global\/wp-content\/uploads\/2023\/04\/800px-E_coli_at_10000x_original.jpg\" alt=\"\" class=\"wp-image-1082\" style=\"width:400px;height:291px\" srcset=\"https:\/\/holyshit.global\/wp-content\/uploads\/2023\/04\/800px-E_coli_at_10000x_original.jpg 800w, https:\/\/holyshit.global\/wp-content\/uploads\/2023\/04\/800px-E_coli_at_10000x_original-300x218.jpg 300w, https:\/\/holyshit.global\/wp-content\/uploads\/2023\/04\/800px-E_coli_at_10000x_original-768x559.jpg 768w, https:\/\/holyshit.global\/wp-content\/uploads\/2023\/04\/800px-E_coli_at_10000x_original-465x338.jpg 465w, https:\/\/holyshit.global\/wp-content\/uploads\/2023\/04\/800px-E_coli_at_10000x_original-687x500.jpg 687w\" sizes=\"auto, (max-width: 800px) 100vw, 800px\" \/><figcaption class=\"wp-element-caption\">Micrograf\u00eda electr\u00f3nica a baja temperatura de un grupo de bacterias E. coli, ampliada 10.000 veces. Cada bacteria individual tiene forma oblonga. Dominio p\u00fablico.<\/figcaption><\/figure>\n<\/div>\n\n\n<p class=\"has-medium-font-size\">Hoy, <a href=\"https:\/\/www.hopkinsmedicine.org\/health\/treatment-tests-and-therapies\/fecal-transplant\" target=\"_blank\" rel=\"noreferrer noopener\">\u00abTrasplante de Microbiota Fecal\u00bb<\/a> es un procedimiento m\u00e9dico en el que se recoge materia fecal de un donante y se coloca en un paciente, mediante un enema o ingiriendo una p\u00edldora fecal. Se utiliza para curar infecciones por Clostridium difficile y otras enfermedades autoinmunes. <\/p>\n\n\n\n<p class=\"has-medium-font-size\">Hoy existen bancos de heces en Estados Unidos, Francia, Pa\u00edses Bajos y Reino Unido. Aceptan y almacenan donaciones de caca de personas sanas para futuros procedimientos de transplantes de microbiota fecal. <\/p>\n\n\n\n<p class=\"has-medium-font-size\">En la red de la vida, los desechos de un animal son la fuente de alimento de otro. En la medida en que muchas frutas y verduras se fertilizan con esti\u00e9rcol y muchas de las criaturas que comemos, han comido heces de otras criaturas, podemos coincidir con el Dr. Paullini que escribi\u00f3 que todos somos comedores de mierda (\u00abDreckfresser sind wir alle.\u00bb) Esta es una interpretaci\u00f3n m\u00e1s de la red de la vida o el ciclo de los nutrientes.<\/p>\n\n\n\n<div class=\"wp-block-buttons is-content-justification-center is-layout-flex wp-container-core-buttons-is-layout-16018d1d wp-block-buttons-is-layout-flex\">\n<div class=\"wp-block-button\"><a class=\"wp-block-button__link wp-element-button\" href=\"https:\/\/holyshit.global\/es\/mierda-religion\/\">Anterior<\/a><\/div>\n\n\n\n<div class=\"wp-block-button\"><a class=\"wp-block-button__link wp-element-button\" href=\"https:\/\/holyshit.global\/es\/rimas-de-letrinas\">Siguiente<\/a><\/div>\n<\/div>\n","protected":false},"excerpt":{"rendered":"<p>La aversi\u00f3n a comer mierda o a entrar en contacto directo con ella nos ha protegido a miles de millones de personas a lo largo de los siglos contra enfermedades mortales. Algunos dicen que es instintivo, pero no siempre ha sido as\u00ed. En \u00ab120 d\u00edas de Sodoma\u00bb, escrita en 1785<span class=\"more-link\"><a href=\"https:\/\/holyshit.global\/es\/mierda-medicina\/\">Read More &rarr;<\/a><\/span><\/p>\n","protected":false},"author":1,"featured_media":0,"parent":0,"menu_order":0,"comment_status":"closed","ping_status":"closed","template":"","meta":{"footnotes":""},"class_list":["entry","author-wzu2bwzu2bwzu2b","post-2762","page","type-page","status-publish"],"_links":{"self":[{"href":"https:\/\/holyshit.global\/es\/wp-json\/wp\/v2\/pages\/2762","targetHints":{"allow":["GET"]}}],"collection":[{"href":"https:\/\/holyshit.global\/es\/wp-json\/wp\/v2\/pages"}],"about":[{"href":"https:\/\/holyshit.global\/es\/wp-json\/wp\/v2\/types\/page"}],"author":[{"embeddable":true,"href":"https:\/\/holyshit.global\/es\/wp-json\/wp\/v2\/users\/1"}],"replies":[{"embeddable":true,"href":"https:\/\/holyshit.global\/es\/wp-json\/wp\/v2\/comments?post=2762"}],"version-history":[{"count":2,"href":"https:\/\/holyshit.global\/es\/wp-json\/wp\/v2\/pages\/2762\/revisions"}],"predecessor-version":[{"id":2883,"href":"https:\/\/holyshit.global\/es\/wp-json\/wp\/v2\/pages\/2762\/revisions\/2883"}],"wp:attachment":[{"href":"https:\/\/holyshit.global\/es\/wp-json\/wp\/v2\/media?parent=2762"}],"curies":[{"name":"wp","href":"https:\/\/api.w.org\/{rel}","templated":true}]}}