{"id":2760,"date":"2023-04-05T11:22:57","date_gmt":"2023-04-05T10:22:57","guid":{"rendered":"https:\/\/holyshit.global\/mierda-religion\/"},"modified":"2024-02-12T15:39:15","modified_gmt":"2024-02-12T14:39:15","slug":"mierda-religion","status":"publish","type":"page","link":"https:\/\/holyshit.global\/es\/mierda-religion\/","title":{"rendered":"Mierda &amp; Religi\u00f3n"},"content":{"rendered":"\n<p class=\"has-medium-font-size\">Mierda y religi\u00f3n son, se puede decir, casi inseparables. <\/p>\n\n\n<div class=\"wp-block-image\">\n<figure class=\"aligncenter size-full is-resized\"><img loading=\"lazy\" decoding=\"async\" width=\"278\" height=\"712\" src=\"https:\/\/holyshit.global\/wp-content\/uploads\/2023\/04\/Khepri.jpg\" alt=\"\" class=\"wp-image-1014\" style=\"width:139px;height:356px\" srcset=\"https:\/\/holyshit.global\/wp-content\/uploads\/2023\/04\/Khepri.jpg 278w, https:\/\/holyshit.global\/wp-content\/uploads\/2023\/04\/Khepri-117x300.jpg 117w, https:\/\/holyshit.global\/wp-content\/uploads\/2023\/04\/Khepri-234x600.jpg 234w, https:\/\/holyshit.global\/wp-content\/uploads\/2023\/04\/Khepri-195x500.jpg 195w\" sizes=\"auto, (max-width: 278px) 100vw, 278px\" \/><figcaption class=\"wp-element-caption\">Por Jeff Dahl &#8211; Obra propia, CC BY-SA 4.0, https:\/\/commons.wikimedia.org\/w\/index.php?curid=3288138<\/figcaption><\/figure>\n<\/div>\n\n\n<p class=\"has-medium-font-size\">Khepri, el dios del sol naciente y del renacimiento entre los antiguos egipcios, era representado y vinculado al escarabajo o escarabajo pelotero.<\/p>\n\n\n<div class=\"wp-block-image\">\n<figure class=\"aligncenter size-large is-resized\"><img loading=\"lazy\" decoding=\"async\" width=\"1024\" height=\"668\" src=\"https:\/\/holyshit.global\/wp-content\/uploads\/2023\/04\/Bible.malmesbury.arp_-1024x668.jpg\" alt=\"\" class=\"wp-image-1022\" style=\"width:256px;height:167px\" srcset=\"https:\/\/holyshit.global\/wp-content\/uploads\/2023\/04\/Bible.malmesbury.arp_-1024x668.jpg 1024w, https:\/\/holyshit.global\/wp-content\/uploads\/2023\/04\/Bible.malmesbury.arp_-300x196.jpg 300w, https:\/\/holyshit.global\/wp-content\/uploads\/2023\/04\/Bible.malmesbury.arp_-768x501.jpg 768w, https:\/\/holyshit.global\/wp-content\/uploads\/2023\/04\/Bible.malmesbury.arp_-1536x1002.jpg 1536w, https:\/\/holyshit.global\/wp-content\/uploads\/2023\/04\/Bible.malmesbury.arp_-465x303.jpg 465w, https:\/\/holyshit.global\/wp-content\/uploads\/2023\/04\/Bible.malmesbury.arp_-695x453.jpg 695w, https:\/\/holyshit.global\/wp-content\/uploads\/2023\/04\/Bible.malmesbury.arp_.jpg 1993w\" sizes=\"auto, (max-width: 1024px) 100vw, 1024px\" \/><figcaption class=\"wp-element-caption\">Por An\u00f3nimo (foto de Adrian Pingstone) &#8211; Obra propia, Dominio p\u00fablico, https:\/\/commons.wikimedia.org\/w\/index.php?curid=68748<\/figcaption><\/figure>\n<\/div>\n\n\n<p class=\"has-medium-font-size\">En la Biblia hebrea y en el Antiguo Testamento cristiano leemos en G\u00e9nesis 2:7: \u00ab<em>Y Jehov\u00e1 Dios form\u00f3 al hombre del polvo de la tierra, y sopl\u00f3 en su nariz aliento de vida, y fue el hombre un ser viviente.\u00bb \u00ab<\/em>Suelo\u00bb en este contexto significa heces.<\/p>\n\n\n<div class=\"wp-block-image\">\n<figure class=\"aligncenter size-full\"><img loading=\"lazy\" decoding=\"async\" width=\"157\" height=\"242\" src=\"https:\/\/holyshit.global\/wp-content\/uploads\/2023\/04\/NgawangLozangGyatso.jpg\" alt=\"\" class=\"wp-image-1027\"\/><figcaption class=\"wp-element-caption\">El referente original fue Blofeld de SPECTRE at en.wikipedia &#8211; Transferido de en.wikipedia, Dominio P\u00fablico, https:\/\/commons.wikimedia.org\/w\/index.php?curid=3204075<\/figcaption><\/figure>\n<\/div>\n\n\n<p class=\"has-medium-font-size\">Los sacerdotes del V Dalai Lama a mediados del siglo XVII recog\u00edan sus heces, las secaban, las pulverizaban, las envasaban y las vend\u00edan a sus devotos. Se utilizaban para provocar estornudos, como condimento alimenticio, como remedio para enfermedades, como p\u00edldoras para comer y como protecci\u00f3n cuando se llevaban al cuello como amuletos.<\/p>\n\n\n<div class=\"wp-block-image\">\n<figure class=\"aligncenter size-full is-resized\"><img loading=\"lazy\" decoding=\"async\" width=\"455\" height=\"720\" src=\"https:\/\/holyshit.global\/wp-content\/uploads\/2023\/04\/455px-Lucas_Cranach_d.A._-_Martin_Luther_1528_Veste_Coburg.jpg\" alt=\"\" class=\"wp-image-1033\" style=\"width:228px;height:360px\" srcset=\"https:\/\/holyshit.global\/wp-content\/uploads\/2023\/04\/455px-Lucas_Cranach_d.A._-_Martin_Luther_1528_Veste_Coburg.jpg 455w, https:\/\/holyshit.global\/wp-content\/uploads\/2023\/04\/455px-Lucas_Cranach_d.A._-_Martin_Luther_1528_Veste_Coburg-190x300.jpg 190w, https:\/\/holyshit.global\/wp-content\/uploads\/2023\/04\/455px-Lucas_Cranach_d.A._-_Martin_Luther_1528_Veste_Coburg-379x600.jpg 379w, https:\/\/holyshit.global\/wp-content\/uploads\/2023\/04\/455px-Lucas_Cranach_d.A._-_Martin_Luther_1528_Veste_Coburg-316x500.jpg 316w\" sizes=\"auto, (max-width: 455px) 100vw, 455px\" \/><figcaption class=\"wp-element-caption\">Por Lucas Cranach el Viejo &#8211; GalleriX, Dominio p\u00fablico, https:\/\/commons.wikimedia.org\/w\/index.php?curid=23260036<\/figcaption><\/figure>\n<\/div>\n\n\n<p class=\"has-medium-font-size\">Se dice que Mart\u00edn Lutero, que sufr\u00eda estre\u00f1imiento cr\u00f3nico, se ilumin\u00f3 mientras estaba sentado en el retrete de la torre del monasterio de Wittenberg, en Alemania. \u00abJusticia de Dios La justicia de Dios debe ser la salvaci\u00f3n de todo creyente. Gracias Esp\u00edritu Santo por darme este dulce mensaje!\u00bb, grit\u00f3 el l\u00edder religioso, mientras intentaba defecar. Tambi\u00e9n se document\u00f3 la propensi\u00f3n de Lutero al lenguaje escatol\u00f3gico. Cuando estaba enfermo y a punto de morir, Lutero dijo: \u00abSoy como una mierda madura y el mundo es un gigantesco culo. Probablemente nos separaremos pronto\u00bb. Lutero tambi\u00e9n imagin\u00f3 al diablo como la encarnaci\u00f3n de la mierda.<\/p>\n\n\n<div class=\"wp-block-image\">\n<figure class=\"aligncenter size-full is-resized\"><img loading=\"lazy\" decoding=\"async\" width=\"785\" height=\"677\" src=\"https:\/\/holyshit.global\/wp-content\/uploads\/2023\/04\/shit-happens-cup.webp\" alt=\"\" class=\"wp-image-1038\" style=\"width:196px;height:169px\" srcset=\"https:\/\/holyshit.global\/wp-content\/uploads\/2023\/04\/shit-happens-cup.webp 785w, https:\/\/holyshit.global\/wp-content\/uploads\/2023\/04\/shit-happens-cup-300x259.webp 300w, https:\/\/holyshit.global\/wp-content\/uploads\/2023\/04\/shit-happens-cup-768x662.webp 768w, https:\/\/holyshit.global\/wp-content\/uploads\/2023\/04\/shit-happens-cup-465x401.webp 465w, https:\/\/holyshit.global\/wp-content\/uploads\/2023\/04\/shit-happens-cup-580x500.webp 580w\" sizes=\"auto, (max-width: 785px) 100vw, 785px\" \/><figcaption class=\"wp-element-caption\">Foto de la tienda web Urbandictionary.com<\/figcaption><\/figure>\n<\/div>\n\n\n<p class=\"has-medium-font-size\">Gracias a FridgeRaider de Urbandictionary.com, las religiones se han asociado a la expresi\u00f3n Shit Happens (el t\u00edtulo original de nuestra pel\u00edcula Holy Shit) Ha circulado por las redes sociales durante m\u00e1s de una d\u00e9cada.<\/p>\n\n\n\n<p class=\"has-medium-font-size\">Un concepto religioso universal:<\/p>\n\n\n\n<p class=\"has-medium-font-size\">Tao\u00edsmo: La mierda ocurre.<br>Hinduismo: Esta mierda ya ha pasado antes.<br>Islam: Si la mierda ocurre, toma rehenes.<br>Budismo: Si ocurre una mierda, \u00bfes realmente una mierda?<br>Protestantismo: La mierda se da si trabajas duro.<br>Catolicismo: La mierda siempre ocurre, y me la merezco.<br>Adventista del S\u00e9ptimo D\u00eda: La mierda ocurre los s\u00e1bados.<br>Mormonismo: Toc toc, mierda viene.<br>Juda\u00edsmo: \u00bfPor qu\u00e9 me pasa esta mierda?<br>Krishnaismo: Mierda ocurre, tin tin tin..<br>Testigo de Jehov\u00e1: La gente que vive ahora ver\u00e1n que la mierda ocurrir\u00e1.<br>Paganismo: Cada mierda tiene su propio nombre.<br>El ate\u00edsmo: \u00a1Mierda es!<br>Evangelismo televisivo: Env\u00eda m\u00e1s mierda.<br>Rastafarismo: Vamos a fumar esta mierda.<br>Estudiante de escuela dominical: Tengo que hacerlo.<\/p>\n\n\n\n<div class=\"wp-block-buttons is-content-justification-center is-layout-flex wp-container-core-buttons-is-layout-16018d1d wp-block-buttons-is-layout-flex\">\n<div class=\"wp-block-button\"><a class=\"wp-block-button__link wp-element-button\" href=\"https:\/\/holyshit.global\/es\/mierda-como-el-oro\/\">Anterior<\/a><\/div>\n\n\n\n<div class=\"wp-block-button\"><a class=\"wp-block-button__link wp-element-button\" href=\"https:\/\/holyshit.global\/es\/mierda-medicina\">Siguiente<\/a><\/div>\n<\/div>\n","protected":false},"excerpt":{"rendered":"<p>Mierda y religi\u00f3n son, se puede decir, casi inseparables. Khepri, el dios del sol naciente y del renacimiento entre los antiguos egipcios, era representado y vinculado al escarabajo o escarabajo pelotero. En la Biblia hebrea y en el Antiguo Testamento cristiano leemos en G\u00e9nesis 2:7: \u00abY Jehov\u00e1 Dios form\u00f3 al<span class=\"more-link\"><a href=\"https:\/\/holyshit.global\/es\/mierda-religion\/\">Read More &rarr;<\/a><\/span><\/p>\n","protected":false},"author":1,"featured_media":0,"parent":0,"menu_order":0,"comment_status":"closed","ping_status":"closed","template":"","meta":{"footnotes":""},"class_list":["entry","author-wzu2bwzu2bwzu2b","post-2760","page","type-page","status-publish"],"_links":{"self":[{"href":"https:\/\/holyshit.global\/es\/wp-json\/wp\/v2\/pages\/2760","targetHints":{"allow":["GET"]}}],"collection":[{"href":"https:\/\/holyshit.global\/es\/wp-json\/wp\/v2\/pages"}],"about":[{"href":"https:\/\/holyshit.global\/es\/wp-json\/wp\/v2\/types\/page"}],"author":[{"embeddable":true,"href":"https:\/\/holyshit.global\/es\/wp-json\/wp\/v2\/users\/1"}],"replies":[{"embeddable":true,"href":"https:\/\/holyshit.global\/es\/wp-json\/wp\/v2\/comments?post=2760"}],"version-history":[{"count":2,"href":"https:\/\/holyshit.global\/es\/wp-json\/wp\/v2\/pages\/2760\/revisions"}],"predecessor-version":[{"id":2882,"href":"https:\/\/holyshit.global\/es\/wp-json\/wp\/v2\/pages\/2760\/revisions\/2882"}],"wp:attachment":[{"href":"https:\/\/holyshit.global\/es\/wp-json\/wp\/v2\/media?parent=2760"}],"curies":[{"name":"wp","href":"https:\/\/api.w.org\/{rel}","templated":true}]}}