{"id":2758,"date":"2023-04-01T16:21:09","date_gmt":"2023-04-01T15:21:09","guid":{"rendered":"https:\/\/holyshit.global\/mierda-como-el-oro\/"},"modified":"2024-02-12T17:31:31","modified_gmt":"2024-02-12T16:31:31","slug":"mierda-como-el-oro","status":"publish","type":"page","link":"https:\/\/holyshit.global\/es\/mierda-como-el-oro\/","title":{"rendered":"Mierda es oro"},"content":{"rendered":"\n<p class=\"has-medium-font-size\">Durante siglos, los excrementos se han equiparado al dinero y al oro. El rey Midas fue maldecido por convertir en oro todo lo que tocaba (y por extensi\u00f3n la mierda). Los antiguos alquimistas persistieron intentando convertir los elementos b\u00e1sicos en oro. Su pobre historial no disuadi\u00f3 al norirland\u00e9s Paul Moran, que siglos despu\u00e9s fue detenido por casi incendiar su apartamento <a rel=\"noreferrer noopener\" href=\"https:\/\/www.huffpost.com\/entry\/paul-moran-tries-to-turn-feces-into-gold_n_1024363\" target=\"_blank\">\u00abintentar fabricar oro a partir de heces humanas\u00bb.<\/a><\/p>\n<div class=\"wp-block-image\">\n<figure class=\"aligncenter size-full is-resized\"><img loading=\"lazy\" decoding=\"async\" src=\"https:\/\/holyshit.global\/wp-content\/uploads\/2023\/04\/dukatenkacker.jpg\" alt=\"\" class=\"wp-image-957\" width=\"188\" height=\"250\" srcset=\"https:\/\/holyshit.global\/wp-content\/uploads\/2023\/04\/dukatenkacker.jpg 750w, https:\/\/holyshit.global\/wp-content\/uploads\/2023\/04\/dukatenkacker-225x300.jpg 225w, https:\/\/holyshit.global\/wp-content\/uploads\/2023\/04\/dukatenkacker-450x600.jpg 450w, https:\/\/holyshit.global\/wp-content\/uploads\/2023\/04\/dukatenkacker-375x500.jpg 375w\" sizes=\"auto, (max-width: 188px) 100vw, 188px\" \/><figcaption class=\"wp-element-caption\">Fuente: Feminae: \u00cdndice de mujeres y g\u00e9nero en la Edad Media \u00a92014. Bibliotecas de la Universidad de Iowa<\/figcaption><\/figure>\n<\/div>\n<p class=\"has-medium-font-size\">La figura del Dukatenkacker, del siglo XV, que expulsa monedas de oro por el ano, es la contrapartida humana de La gallina de los huevos de oro, una f\u00e1bula escrita 600 a\u00f1os antes de Cristo.<\/p>\n<div class=\"wp-block-image\">\n<figure class=\"aligncenter size-large is-resized\"><img loading=\"lazy\" decoding=\"async\" src=\"https:\/\/holyshit.global\/wp-content\/uploads\/2023\/04\/Marcel_Duchamp_1917_Fountain_photograph_by_Alfred_Stieglitzlr-784x1024.jpg\" alt=\"\" class=\"wp-image-1398\" width=\"196\" height=\"256\" srcset=\"https:\/\/holyshit.global\/wp-content\/uploads\/2023\/04\/Marcel_Duchamp_1917_Fountain_photograph_by_Alfred_Stieglitzlr-784x1024.jpg 784w, https:\/\/holyshit.global\/wp-content\/uploads\/2023\/04\/Marcel_Duchamp_1917_Fountain_photograph_by_Alfred_Stieglitzlr-230x300.jpg 230w, https:\/\/holyshit.global\/wp-content\/uploads\/2023\/04\/Marcel_Duchamp_1917_Fountain_photograph_by_Alfred_Stieglitzlr-768x1003.jpg 768w, https:\/\/holyshit.global\/wp-content\/uploads\/2023\/04\/Marcel_Duchamp_1917_Fountain_photograph_by_Alfred_Stieglitzlr-1176x1536.jpg 1176w, https:\/\/holyshit.global\/wp-content\/uploads\/2023\/04\/Marcel_Duchamp_1917_Fountain_photograph_by_Alfred_Stieglitzlr-459x600.jpg 459w, https:\/\/holyshit.global\/wp-content\/uploads\/2023\/04\/Marcel_Duchamp_1917_Fountain_photograph_by_Alfred_Stieglitzlr-383x500.jpg 383w, https:\/\/holyshit.global\/wp-content\/uploads\/2023\/04\/Marcel_Duchamp_1917_Fountain_photograph_by_Alfred_Stieglitzlr.jpg 1416w\" sizes=\"auto, (max-width: 196px) 100vw, 196px\" \/><figcaption class=\"wp-element-caption\">La escultura de Marcel Duchamp de 1917 <em>Fuente.<\/em><br\/>Alfred Stieglitz, Dominio p\u00fablico, v\u00eda Wikimedia Commons<\/figcaption><\/figure>\n<\/div>\n<p class=\"has-medium-font-size\">\u00abEl arte es una mierda\u00bb era un lema del movimiento dada\u00edsta. La met\u00e1fora se ejemplific\u00f3 con Fountain, una obra de arte de Marcel Duchamp consistente en un urinario invertido. Su obra nos hizo contemplar el arte de una forma nueva y considerar nuestros excrementos como algo digno. <\/p>\n<div class=\"wp-block-image\">\n<figure class=\"aligncenter size-large is-resized\"><img loading=\"lazy\" decoding=\"async\" src=\"https:\/\/holyshit.global\/wp-content\/uploads\/2023\/04\/Piero_Manzoni_-_Merda_Dartista_1961_-_panoramio-1024x864.jpeg\" alt=\"\" class=\"wp-image-1405\" width=\"256\" height=\"216\" srcset=\"https:\/\/holyshit.global\/wp-content\/uploads\/2023\/04\/Piero_Manzoni_-_Merda_Dartista_1961_-_panoramio-1024x864.jpeg 1024w, https:\/\/holyshit.global\/wp-content\/uploads\/2023\/04\/Piero_Manzoni_-_Merda_Dartista_1961_-_panoramio-300x253.jpeg 300w, https:\/\/holyshit.global\/wp-content\/uploads\/2023\/04\/Piero_Manzoni_-_Merda_Dartista_1961_-_panoramio-768x648.jpeg 768w, https:\/\/holyshit.global\/wp-content\/uploads\/2023\/04\/Piero_Manzoni_-_Merda_Dartista_1961_-_panoramio-1536x1297.jpeg 1536w, https:\/\/holyshit.global\/wp-content\/uploads\/2023\/04\/Piero_Manzoni_-_Merda_Dartista_1961_-_panoramio-2048x1729.jpeg 2048w, https:\/\/holyshit.global\/wp-content\/uploads\/2023\/04\/Piero_Manzoni_-_Merda_Dartista_1961_-_panoramio-465x393.jpeg 465w, https:\/\/holyshit.global\/wp-content\/uploads\/2023\/04\/Piero_Manzoni_-_Merda_Dartista_1961_-_panoramio-592x500.jpeg 592w\" sizes=\"auto, (max-width: 256px) 100vw, 256px\" \/><figcaption class=\"wp-element-caption\">Merda d&#8217;artista de Piero Manzoni.<br\/>Jens Cederskjold, CC BY 3.0 <a href=\"https:\/\/creativecommons.org\/licenses\/by\/3.0\" target=\"_blank\" rel=\"noopener\">https:\/\/creativecommons.org\/licenses\/by\/3.0<\/a>, v\u00eda Wikimedia Commons<\/figcaption><\/figure>\n<\/div>\n<p class=\"has-medium-font-size\">En los a\u00f1os sesenta, Piero Manzoni envasaba su propia mierda en peque\u00f1as latas de conserva con el t\u00edtulo \u00abMerda d&#8217;artista\u00bb, y las vend\u00eda por su peso en oro. Gaspare Luigi Marconi, editor de los escritos de Manzoni, elucida el significado de \u00abMerda d&#8217;artista\u00bb como propuesta de una relaci\u00f3n abierta con nuestra realidad biol\u00f3gica.<\/p>\n<div class=\"wp-block-image\">\n<figure class=\"aligncenter size-large is-resized\"><img loading=\"lazy\" decoding=\"async\" src=\"https:\/\/holyshit.global\/wp-content\/uploads\/2023\/04\/46._Jaeweon-Cho-touches-glass-scaled-e1680446231530-1024x576.jpg\" alt=\"\" class=\"wp-image-963\" width=\"256\" height=\"144\" srcset=\"https:\/\/holyshit.global\/wp-content\/uploads\/2023\/04\/46._Jaeweon-Cho-touches-glass-scaled-e1680446231530-1024x576.jpg 1024w, https:\/\/holyshit.global\/wp-content\/uploads\/2023\/04\/46._Jaeweon-Cho-touches-glass-scaled-e1680446231530-300x169.jpg 300w, https:\/\/holyshit.global\/wp-content\/uploads\/2023\/04\/46._Jaeweon-Cho-touches-glass-scaled-e1680446231530-768x432.jpg 768w, https:\/\/holyshit.global\/wp-content\/uploads\/2023\/04\/46._Jaeweon-Cho-touches-glass-scaled-e1680446231530-465x262.jpg 465w, https:\/\/holyshit.global\/wp-content\/uploads\/2023\/04\/46._Jaeweon-Cho-touches-glass-scaled-e1680446231530-695x391.jpg 695w, https:\/\/holyshit.global\/wp-content\/uploads\/2023\/04\/46._Jaeweon-Cho-touches-glass-scaled-e1680446231530.jpg 1280w\" sizes=\"auto, (max-width: 256px) 100vw, 256px\" \/><figcaption class=\"wp-element-caption\">Dr. Jaeweon Cho. Thurn Film \/ Justin Lovett<\/figcaption><\/figure>\n<\/div>\n<p class=\"has-medium-font-size\">La idea no sali\u00f3 de la imaginaci\u00f3n humana, como atestigua el trabajo de nuestro protagonista, el Dr. Jaeweon Cho, que cre\u00f3 el feces Standard Money (fSM), una moneda basada en nuestra producci\u00f3n fecal. <\/p>\n<div class=\"wp-block-image\">\n<figure class=\"aligncenter size-full is-resized\"><img loading=\"lazy\" decoding=\"async\" src=\"https:\/\/holyshit.global\/wp-content\/uploads\/2023\/04\/Vespasianus01_pushkin.jpg\" alt=\"\" class=\"wp-image-984\" width=\"190\" height=\"242\" srcset=\"https:\/\/holyshit.global\/wp-content\/uploads\/2023\/04\/Vespasianus01_pushkin.jpg 760w, https:\/\/holyshit.global\/wp-content\/uploads\/2023\/04\/Vespasianus01_pushkin-236x300.jpg 236w, https:\/\/holyshit.global\/wp-content\/uploads\/2023\/04\/Vespasianus01_pushkin-465x591.jpg 465w, https:\/\/holyshit.global\/wp-content\/uploads\/2023\/04\/Vespasianus01_pushkin-393x500.jpg 393w\" sizes=\"auto, (max-width: 190px) 100vw, 190px\" \/><figcaption class=\"wp-element-caption\">Busto de Vespasiano. shakko, CC BY-SA 3.0 <a href=\"https:\/\/creativecommons.org\/licenses\/by-sa\/3.0\" target=\"_blank\" rel=\"noopener\">https:\/\/creativecommons.org\/licenses\/by-sa\/3.0<\/a>, v\u00eda Wikimedia Commons<\/figcaption><\/figure>\n<\/div>\n<p class=\"has-medium-font-size\">Al final, todos podemos estar de acuerdo con el emperador romano Vespasiano, que a principios del milenio pasado impuso un impuesto sobre la orina recogida en los urinarios p\u00fablicos, que se vend\u00eda como ingrediente para el curtido y como fuente de amon\u00edaco para limpiar y blanquear las togas de lana. Cuando su hijo Tito se quej\u00f3 del car\u00e1cter repugnante del impuesto, su padre le mostr\u00f3 una moneda de oro y le pregunt\u00f3 si se sent\u00eda ofendido por su olor. Cuando Tito dijo \u00abNo\u00bb, Vespasiano respondi\u00f3 \u00ab<em>pecunia non olet<\/em>\u00bb (el dinero no apesta), lo que significa que el valor del dinero no se echa a perder por su origen. (De Wikipedia: https:\/\/en.wikipedia.org\/wiki\/Pecunia_non_olet)<\/p>\n<div class=\"wp-block-image\">\n<figure class=\"aligncenter size-large is-resized\"><img loading=\"lazy\" decoding=\"async\" src=\"https:\/\/holyshit.global\/wp-content\/uploads\/2023\/04\/Sigmund_Freud_by_Max_Halberstadt_cropped-753x1024.jpg\" alt=\"\" class=\"wp-image-991\" width=\"188\" height=\"256\" srcset=\"https:\/\/holyshit.global\/wp-content\/uploads\/2023\/04\/Sigmund_Freud_by_Max_Halberstadt_cropped-753x1024.jpg 753w, https:\/\/holyshit.global\/wp-content\/uploads\/2023\/04\/Sigmund_Freud_by_Max_Halberstadt_cropped-221x300.jpg 221w, https:\/\/holyshit.global\/wp-content\/uploads\/2023\/04\/Sigmund_Freud_by_Max_Halberstadt_cropped-768x1045.jpg 768w, https:\/\/holyshit.global\/wp-content\/uploads\/2023\/04\/Sigmund_Freud_by_Max_Halberstadt_cropped-1129x1536.jpg 1129w, https:\/\/holyshit.global\/wp-content\/uploads\/2023\/04\/Sigmund_Freud_by_Max_Halberstadt_cropped-1506x2048.jpg 1506w, https:\/\/holyshit.global\/wp-content\/uploads\/2023\/04\/Sigmund_Freud_by_Max_Halberstadt_cropped-441x600.jpg 441w, https:\/\/holyshit.global\/wp-content\/uploads\/2023\/04\/Sigmund_Freud_by_Max_Halberstadt_cropped-368x500.jpg 368w, https:\/\/holyshit.global\/wp-content\/uploads\/2023\/04\/Sigmund_Freud_by_Max_Halberstadt_cropped.jpg 1647w\" sizes=\"auto, (max-width: 188px) 100vw, 188px\" \/><figcaption class=\"wp-element-caption\">Dr. Sigmund Freud. Max Halberstadt, Dominio p\u00fablico, v\u00eda Wikimedia Commons<\/figcaption><\/figure>\n<\/div>\n<p class=\"has-medium-font-size\">A nivel psicol\u00f3gico, la mierda tambi\u00e9n se ha equiparado a un regalo precioso (dinero, oro), especialmente esas primeras cacas que todos hicimos de beb\u00e9s. El Dr. Sigmund Freud escribi\u00f3 sobre c\u00f3mo nosotros, como beb\u00e9s, nos relacionamos con nuestros excrementos. No nacemos rechazando nuestra propia mierda, ni avergonzados o asqueados por ella. Eso viene despu\u00e9s con el adiestramiento para ir al ba\u00f1o. En cambio, como beb\u00e9s, vemos nuestra caca como un regalo que producimos. Cagar permite a los beb\u00e9s decidir si quieren soltar obedientemente sus heces y regal\u00e1rselas a su amada, la madre, o retenerlas para afirmar su propia voluntad mediante el desaf\u00edo, o para obtener satisfacci\u00f3n. Con el tiempo, los ni\u00f1os, ya adultos, transfieren su inter\u00e9s de la mierda al dinero como el regalo m\u00e1s valioso de la vida. Por supuesto, estoy simplificando los postulados m\u00e1s complejos de Freud, pero eso es lo esencial.<\/p>\n\n<div class=\"wp-block-buttons is-content-justification-center is-layout-flex wp-container-core-buttons-is-layout-16018d1d wp-block-buttons-is-layout-flex\">\n<div class=\"wp-block-button\"><a class=\"wp-block-button__link wp-element-button\" href=\"https:\/\/holyshit.global\/es\/rimas-de-letrinas\/\">Anterior<\/a><\/div>\n\n\n\n<div class=\"wp-block-button\"><a class=\"wp-block-button__link wp-element-button\" href=\"https:\/\/holyshit.global\/es\/mierda-religion\/\">Siguiente<\/a><\/div>\n<\/div>\n","protected":false},"excerpt":{"rendered":"<p>Durante siglos, los excrementos se han equiparado al dinero y al oro. El rey Midas fue maldecido por convertir en oro todo lo que tocaba (y por extensi\u00f3n la mierda). Los antiguos alquimistas persistieron intentando convertir los elementos b\u00e1sicos en oro. Su pobre historial no disuadi\u00f3 al norirland\u00e9s Paul Moran,<span class=\"more-link\"><a href=\"https:\/\/holyshit.global\/es\/mierda-como-el-oro\/\">Read More &rarr;<\/a><\/span><\/p>\n","protected":false},"author":1,"featured_media":0,"parent":0,"menu_order":0,"comment_status":"closed","ping_status":"closed","template":"","meta":{"footnotes":""},"class_list":["entry","author-wzu2bwzu2bwzu2b","post-2758","page","type-page","status-publish"],"_links":{"self":[{"href":"https:\/\/holyshit.global\/es\/wp-json\/wp\/v2\/pages\/2758","targetHints":{"allow":["GET"]}}],"collection":[{"href":"https:\/\/holyshit.global\/es\/wp-json\/wp\/v2\/pages"}],"about":[{"href":"https:\/\/holyshit.global\/es\/wp-json\/wp\/v2\/types\/page"}],"author":[{"embeddable":true,"href":"https:\/\/holyshit.global\/es\/wp-json\/wp\/v2\/users\/1"}],"replies":[{"embeddable":true,"href":"https:\/\/holyshit.global\/es\/wp-json\/wp\/v2\/comments?post=2758"}],"version-history":[{"count":6,"href":"https:\/\/holyshit.global\/es\/wp-json\/wp\/v2\/pages\/2758\/revisions"}],"predecessor-version":[{"id":2971,"href":"https:\/\/holyshit.global\/es\/wp-json\/wp\/v2\/pages\/2758\/revisions\/2971"}],"wp:attachment":[{"href":"https:\/\/holyshit.global\/es\/wp-json\/wp\/v2\/media?parent=2758"}],"curies":[{"name":"wp","href":"https:\/\/api.w.org\/{rel}","templated":true}]}}