{"id":2754,"date":"2023-04-05T15:28:19","date_gmt":"2023-04-05T14:28:19","guid":{"rendered":"https:\/\/holyshit.global\/caganer\/"},"modified":"2024-02-11T22:51:44","modified_gmt":"2024-02-11T21:51:44","slug":"caganer","status":"publish","type":"page","link":"https:\/\/holyshit.global\/es\/caganer\/","title":{"rendered":"Caganer"},"content":{"rendered":"<div class=\"wp-block-image\">\n<figure class=\"aligncenter size-large is-resized\"><img loading=\"lazy\" decoding=\"async\" src=\"https:\/\/holyshit.global\/wp-content\/uploads\/2023\/04\/Pope-caganer-995x1024.jpg\" alt=\"\" class=\"wp-image-1164\" width=\"498\" height=\"512\" srcset=\"https:\/\/holyshit.global\/wp-content\/uploads\/2023\/04\/Pope-caganer-995x1024.jpg 995w, https:\/\/holyshit.global\/wp-content\/uploads\/2023\/04\/Pope-caganer-291x300.jpg 291w, https:\/\/holyshit.global\/wp-content\/uploads\/2023\/04\/Pope-caganer-768x791.jpg 768w, https:\/\/holyshit.global\/wp-content\/uploads\/2023\/04\/Pope-caganer-465x479.jpg 465w, https:\/\/holyshit.global\/wp-content\/uploads\/2023\/04\/Pope-caganer-486x500.jpg 486w, https:\/\/holyshit.global\/wp-content\/uploads\/2023\/04\/Pope-caganer.jpg 1428w\" sizes=\"auto, (max-width: 498px) 100vw, 498px\" \/><figcaption class=\"wp-element-caption\">Caganer del Papa Francisco. Foto de Rub\u00e9n Abru\u00f1a<\/figcaption><\/figure>\n<\/div>\n<p class=\"has-medium-font-size\">El Caganer, que aparece al principio de la pel\u00edcula, es una figurita representada en cuclillas con los pantalones bajados, en el acto de defecar. En castellano y catal\u00e1n, Caganer significa \u00abel cag\u00f3n\u00bb.<\/p>\n\n<p class=\"has-medium-font-size\">En Catalu\u00f1a, desde hace m\u00e1s de 100 a\u00f1os, aparece en los pesebres, compartiendo escenario con el ni\u00f1o Jes\u00fas, la Virgen Mar\u00eda y Jos\u00e9. La idea que subyace es que el caganer abona el suelo del pesebre, asegurando que habr\u00e1 uno nuevo al a\u00f1o siguiente, record\u00e1ndonos as\u00ed que nuestra caca es un abono.<\/p>\n\n<p class=\"has-medium-font-size\">Muchos caganers modernos representan figuras de autoridad como el Papa, Obama, Merkel, la Reina, Macron y Putin, entre otros cientos. Con los pantalones bajados, el Caganer sirve de ecualizador para derribar a los poderosos.<\/p>\n\n<p class=\"has-medium-font-size\">Agradecemos a <a href=\"https:\/\/caganer.com\/en\/\" target=\"_blank\" rel=\"noreferrer noopener\">Caganer.com<\/a> por su apoyo a la pel\u00edcula.<\/p>\n\n<div class=\"wp-block-buttons is-content-justification-center is-layout-flex wp-container-core-buttons-is-layout-16018d1d wp-block-buttons-is-layout-flex\">\n<div class=\"wp-block-button\"><a class=\"wp-block-button__link wp-element-button\" href=\"https:\/\/holyshit.global\/es\/el-juego-de-cartas-holy-shit\/\">Anterior<\/a><\/div>\n\n\n\n<div class=\"wp-block-button\"><a class=\"wp-block-button__link wp-element-button\" href=\"https:\/\/holyshit.global\/es\/limites-planetarios\/\">Siguiente<\/a><\/div>\n<\/div>\n","protected":false},"excerpt":{"rendered":"<p>El Caganer, que aparece al principio de la pel\u00edcula, es una figurita representada en cuclillas con los pantalones bajados, en el acto de defecar. En castellano y catal\u00e1n, Caganer significa \u00abel cag\u00f3n\u00bb. En Catalu\u00f1a, desde hace m\u00e1s de 100 a\u00f1os, aparece en los pesebres, compartiendo escenario con el ni\u00f1o Jes\u00fas,<span class=\"more-link\"><a href=\"https:\/\/holyshit.global\/es\/caganer\/\">Read More &rarr;<\/a><\/span><\/p>\n","protected":false},"author":1,"featured_media":0,"parent":0,"menu_order":0,"comment_status":"closed","ping_status":"closed","template":"","meta":{"footnotes":""},"class_list":["entry","author-wzu2bwzu2bwzu2b","post-2754","page","type-page","status-publish"],"_links":{"self":[{"href":"https:\/\/holyshit.global\/es\/wp-json\/wp\/v2\/pages\/2754","targetHints":{"allow":["GET"]}}],"collection":[{"href":"https:\/\/holyshit.global\/es\/wp-json\/wp\/v2\/pages"}],"about":[{"href":"https:\/\/holyshit.global\/es\/wp-json\/wp\/v2\/types\/page"}],"author":[{"embeddable":true,"href":"https:\/\/holyshit.global\/es\/wp-json\/wp\/v2\/users\/1"}],"replies":[{"embeddable":true,"href":"https:\/\/holyshit.global\/es\/wp-json\/wp\/v2\/comments?post=2754"}],"version-history":[{"count":3,"href":"https:\/\/holyshit.global\/es\/wp-json\/wp\/v2\/pages\/2754\/revisions"}],"predecessor-version":[{"id":2757,"href":"https:\/\/holyshit.global\/es\/wp-json\/wp\/v2\/pages\/2754\/revisions\/2757"}],"wp:attachment":[{"href":"https:\/\/holyshit.global\/es\/wp-json\/wp\/v2\/media?parent=2754"}],"curies":[{"name":"wp","href":"https:\/\/api.w.org\/{rel}","templated":true}]}}