{"id":2738,"date":"2023-03-27T17:18:07","date_gmt":"2023-03-27T16:18:07","guid":{"rendered":"https:\/\/holyshit.global\/el-juego-de-cartas-holy-shit\/"},"modified":"2024-02-12T15:07:57","modified_gmt":"2024-02-12T14:07:57","slug":"el-juego-de-cartas-holy-shit","status":"publish","type":"page","link":"https:\/\/holyshit.global\/es\/el-juego-de-cartas-holy-shit\/","title":{"rendered":"El juego de cartas Holy Shit"},"content":{"rendered":"\n<p class=\"has-medium-font-size\">El juego de cartas Holy Shit transmite la posibilidad de recoger y reciclar nutrientes utilizando retretes secos. El objetivo es comparar diferentes sistemas de saneamiento y su influencia en el ciclo global del f\u00f3sforo y el nitr\u00f3geno. El juego sirve para educar, sensibilizar e impartir conocimientos para un saneamiento sostenible. Est\u00e1 dirigido a todas las personas que van al ba\u00f1o, as\u00ed como a los planificadores y multiplicadores de la econom\u00eda circular. <\/p>\n\n\n\n<p class=\"has-medium-font-size\">Anastasia Bondar, dise\u00f1adora del juego, recibi\u00f3 el 1er premio del Premio de dise\u00f1o de Colonia. El jurado justific\u00f3 sus decisiones de la siguiente manera: <\/p>\n\n\n\n<p class=\"has-medium-font-size\"><em>&lt;&lt; Una de las tareas m\u00e1s dif\u00edciles del dise\u00f1o es romper los h\u00e1bitos cotidianos y llamar la atenci\u00f3n sobre soluciones nuevas y sostenibles. Utilizando diversos m\u00e9todos, Anastasia Bondar consigue no s\u00f3lo sensibilizar a la gente sobre el tema de los \u00abretretes secos\u00bb, sino tambi\u00e9n ganarse a los diversos agentes de la investigaci\u00f3n, la administraci\u00f3n y la pol\u00edtica para una aplicaci\u00f3n pr\u00e1ctica [for sustainable sanitation in Cologne]. En opini\u00f3n del jurado, se trata de un proyecto sobresaliente que tambi\u00e9n demuestra la relevancia y la fuerza del dise\u00f1o enfocado en el servicio. &gt;&gt;<\/em><\/p>\n\n\n\n<p class=\"has-medium-font-size\"><strong>Objetivo del juego<\/strong><br>Los jugadores utilizan las cartas para construir infraestructuras de eliminaci\u00f3n de heces y recuperaci\u00f3n de nutrientes. El objetivo es convertir las heces en nutrientes y devolverlos al campo.<\/p>\n\n\n\n<p>64 cartas<\/p>\n\n\n\n<p>Instrucciones<\/p>\n\n\n\n<p>100% divertido<\/p>\n\n\n\n<p>Recomendado para personas entre 9 &#8211; 99 a\u00f1os<\/p>\n\n\n\n<p class=\"has-medium-font-size\">Para pedir una baraja de cartas visite nuestro socio <a rel=\"noreferrer noopener\" href=\"https:\/\/goldeimer.de\/collections\/krimskrams\/products\/kartenspiel-holyshit\" target=\"_blank\">Goldeimer<\/a>. Actualmente, el juego s\u00f3lo est\u00e1 disponible en alem\u00e1n.<\/p>\n\n\n\n<div class=\"wp-block-buttons is-content-justification-center is-layout-flex wp-container-core-buttons-is-layout-16018d1d wp-block-buttons-is-layout-flex\">\n<div class=\"wp-block-button\"><a class=\"wp-block-button__link wp-element-button\" href=\"https:\/\/holyshit.global\/es\/libro-infantil-sobre-la-caca\">Anterior<\/a><\/div>\n\n\n\n<div class=\"wp-block-button\"><a class=\"wp-block-button__link wp-element-button\" href=\"https:\/\/holyshit.global\/es\/caganer\/\">Siguiente<\/a><\/div>\n<\/div>\n","protected":false},"excerpt":{"rendered":"<p>El juego de cartas Holy Shit transmite la posibilidad de recoger y reciclar nutrientes utilizando retretes secos. El objetivo es comparar diferentes sistemas de saneamiento y su influencia en el ciclo global del f\u00f3sforo y el nitr\u00f3geno. El juego sirve para educar, sensibilizar e impartir conocimientos para un saneamiento sostenible.<span class=\"more-link\"><a href=\"https:\/\/holyshit.global\/es\/el-juego-de-cartas-holy-shit\/\">Read More &rarr;<\/a><\/span><\/p>\n","protected":false},"author":1,"featured_media":816,"parent":0,"menu_order":0,"comment_status":"closed","ping_status":"closed","template":"","meta":{"footnotes":""},"class_list":["entry","author-wzu2bwzu2bwzu2b","post-2738","page","type-page","status-publish","has-post-thumbnail"],"_links":{"self":[{"href":"https:\/\/holyshit.global\/es\/wp-json\/wp\/v2\/pages\/2738","targetHints":{"allow":["GET"]}}],"collection":[{"href":"https:\/\/holyshit.global\/es\/wp-json\/wp\/v2\/pages"}],"about":[{"href":"https:\/\/holyshit.global\/es\/wp-json\/wp\/v2\/types\/page"}],"author":[{"embeddable":true,"href":"https:\/\/holyshit.global\/es\/wp-json\/wp\/v2\/users\/1"}],"replies":[{"embeddable":true,"href":"https:\/\/holyshit.global\/es\/wp-json\/wp\/v2\/comments?post=2738"}],"version-history":[{"count":14,"href":"https:\/\/holyshit.global\/es\/wp-json\/wp\/v2\/pages\/2738\/revisions"}],"predecessor-version":[{"id":2868,"href":"https:\/\/holyshit.global\/es\/wp-json\/wp\/v2\/pages\/2738\/revisions\/2868"}],"wp:featuredmedia":[{"embeddable":true,"href":"https:\/\/holyshit.global\/es\/wp-json\/wp\/v2\/media\/816"}],"wp:attachment":[{"href":"https:\/\/holyshit.global\/es\/wp-json\/wp\/v2\/media?parent=2738"}],"curies":[{"name":"wp","href":"https:\/\/api.w.org\/{rel}","templated":true}]}}