{"id":2734,"date":"2023-09-06T15:40:54","date_gmt":"2023-09-06T14:40:54","guid":{"rendered":"https:\/\/holyshit.global\/libro-infantil-sobre-la-caca\/"},"modified":"2024-02-12T15:05:54","modified_gmt":"2024-02-12T14:05:54","slug":"libro-infantil-sobre-la-caca","status":"publish","type":"page","link":"https:\/\/holyshit.global\/es\/libro-infantil-sobre-la-caca\/","title":{"rendered":"Libro infantil sobre la caca"},"content":{"rendered":"\n<p class=\"has-medium-font-size\">Presentamos \u00abUn elefante ensucia la ciudad &#8211; Un libro infantil de Dominik Bl\u00f6chl\u00bb, un ingenioso y encantador libro ilustrado triling\u00fce (alem\u00e1n\/castellano\/ingl\u00e9s) con encantadoras ilustraciones de Horacio Pelayo.<\/p>\n\n\n\n<p class=\"has-medium-font-size\">El libro trata muchos de los temas presentados en la pel\u00edcula \u00abHoly Shit\u00bb de Rub\u00e9n Abru\u00f1a, pero no te preocupes, \u00a1es apto incluso para nuestros lectores m\u00e1s j\u00f3venes!<\/p>\n\n\n\n<p class=\"has-medium-font-size\">Nos sumergimos en el fascinante mundo de la econom\u00eda circular, donde redescubrimos nuestra conexi\u00f3n con la naturaleza y la importancia de formar parte de la totalidad. Es hora de acoger el ciclo de la vida y volver a lo b\u00e1sico. Admit\u00e1moslo, a veces la cagamos, pero todo forma parte del humus. Este libro es una herramienta fant\u00e1stica para que las familias exploren juntas el viaje desde nuestros platos hasta el suelo. Aprenderemos sobre la asombrosa fertilidad de nuestros suelos, su legado para las generaciones futuras y su papel vital como sustento de la vida. Dominik Bl\u00f6chl, el autor, subraya que s\u00f3lo trabajando juntos podremos lograr una transformaci\u00f3n exitosa y sostenible.<\/p>\n\n\n\n<p class=\"has-medium-font-size\">Si est\u00e1 listo para sumergirse m\u00e1s profundamente en retornar la caca de nuevo al suelo dir\u00edjase a la <a href=\"http:\/\/www.elefantmachtindiestadt.de\/\" target=\"_blank\" rel=\"noopener\">p\u00e1gina web<\/a> para adquirir el libro. Viene acompa\u00f1ado de un impresionante p\u00f3ster A3 con objetos ocultos y microorganismos, una pegajosa canci\u00f3n infantil y un pr\u00e1ctico \u00abGlosario\u00bb con unos 50 t\u00e9rminos importantes relacionados con los retretes, el humus y la econom\u00eda circular.<\/p>\n\n\n\n<p class=\"has-medium-font-size\">Pero espere, \u00a1hay m\u00e1s! Si prefiere una experiencia m\u00e1s interactiva, puede reservar al autor para una lectura. Imag\u00ednatelo: acurrucado en la sala de tu casa, disfrutando de m\u00fasica y escuchando a Dominik Bl\u00f6chl dar vida a la historia. Es una experiencia que encantar\u00e1 a toda la familia. No se lo pierda: reserve ya su lectura, <a href=\"https:\/\/www.someware.de\/fruitbowl\/wordpress\/lesung\/\" target=\"_blank\" rel=\"noopener\">aqu\u00ed<\/a>!<\/p>\n\n\n\n<div class=\"wp-block-buttons is-content-justification-center is-layout-flex wp-container-core-buttons-is-layout-16018d1d wp-block-buttons-is-layout-flex\">\n<div class=\"wp-block-button\"><a class=\"wp-block-button__link has-text-align-center wp-element-button\" href=\"https:\/\/holyshit.global\/es\/datos-curiosos\">Anterior<\/a><\/div>\n\n\n\n<div class=\"wp-block-button\"><a class=\"wp-block-button__link wp-element-button\" href=\"https:\/\/holyshit.global\/es\/el-juego-de-cartas-holy-shit\">Siguiente<\/a><\/div>\n<\/div>\n","protected":false},"excerpt":{"rendered":"<p>Presentamos \u00abUn elefante ensucia la ciudad &#8211; Un libro infantil de Dominik Bl\u00f6chl\u00bb, un ingenioso y encantador libro ilustrado triling\u00fce (alem\u00e1n\/castellano\/ingl\u00e9s) con encantadoras ilustraciones de Horacio Pelayo. El libro trata muchos de los temas presentados en la pel\u00edcula \u00abHoly Shit\u00bb de Rub\u00e9n Abru\u00f1a, pero no te preocupes, \u00a1es apto incluso<span class=\"more-link\"><a href=\"https:\/\/holyshit.global\/es\/libro-infantil-sobre-la-caca\/\">Read More &rarr;<\/a><\/span><\/p>\n","protected":false},"author":1,"featured_media":2388,"parent":0,"menu_order":0,"comment_status":"closed","ping_status":"closed","template":"","meta":{"footnotes":""},"class_list":["entry","author-wzu2bwzu2bwzu2b","post-2734","page","type-page","status-publish","has-post-thumbnail"],"_links":{"self":[{"href":"https:\/\/holyshit.global\/es\/wp-json\/wp\/v2\/pages\/2734","targetHints":{"allow":["GET"]}}],"collection":[{"href":"https:\/\/holyshit.global\/es\/wp-json\/wp\/v2\/pages"}],"about":[{"href":"https:\/\/holyshit.global\/es\/wp-json\/wp\/v2\/types\/page"}],"author":[{"embeddable":true,"href":"https:\/\/holyshit.global\/es\/wp-json\/wp\/v2\/users\/1"}],"replies":[{"embeddable":true,"href":"https:\/\/holyshit.global\/es\/wp-json\/wp\/v2\/comments?post=2734"}],"version-history":[{"count":6,"href":"https:\/\/holyshit.global\/es\/wp-json\/wp\/v2\/pages\/2734\/revisions"}],"predecessor-version":[{"id":2867,"href":"https:\/\/holyshit.global\/es\/wp-json\/wp\/v2\/pages\/2734\/revisions\/2867"}],"wp:featuredmedia":[{"embeddable":true,"href":"https:\/\/holyshit.global\/es\/wp-json\/wp\/v2\/media\/2388"}],"wp:attachment":[{"href":"https:\/\/holyshit.global\/es\/wp-json\/wp\/v2\/media?parent=2734"}],"curies":[{"name":"wp","href":"https:\/\/api.w.org\/{rel}","templated":true}]}}