{"id":2728,"date":"2023-04-13T16:06:04","date_gmt":"2023-04-13T15:06:04","guid":{"rendered":"https:\/\/holyshit.global\/datos-curiosos\/"},"modified":"2024-02-12T15:00:36","modified_gmt":"2024-02-12T14:00:36","slug":"datos-curiosos","status":"publish","type":"page","link":"https:\/\/holyshit.global\/es\/datos-curiosos\/","title":{"rendered":"Datos curiosos"},"content":{"rendered":"\n<p class=\"has-medium-font-size\">Datos interesantes que aportan perspectiva a los temas presentados en la pel\u00edcula.<br><\/p>\n\n\n<div class=\"wp-block-image\">\n<figure class=\"aligncenter size-large is-resized\"><img loading=\"lazy\" decoding=\"async\" width=\"725\" height=\"1024\" src=\"https:\/\/holyshit.global\/wp-content\/uploads\/2023\/04\/Digestive_system_diagram_en-725x1024.jpg\" alt=\"\" class=\"wp-image-1431\" style=\"width:363px;height:512px\" srcset=\"https:\/\/holyshit.global\/wp-content\/uploads\/2023\/04\/Digestive_system_diagram_en-725x1024.jpg 725w, https:\/\/holyshit.global\/wp-content\/uploads\/2023\/04\/Digestive_system_diagram_en-212x300.jpg 212w, https:\/\/holyshit.global\/wp-content\/uploads\/2023\/04\/Digestive_system_diagram_en-768x1085.jpg 768w, https:\/\/holyshit.global\/wp-content\/uploads\/2023\/04\/Digestive_system_diagram_en-1087x1536.jpg 1087w, https:\/\/holyshit.global\/wp-content\/uploads\/2023\/04\/Digestive_system_diagram_en-1449x2048.jpg 1449w, https:\/\/holyshit.global\/wp-content\/uploads\/2023\/04\/Digestive_system_diagram_en-425x600.jpg 425w, https:\/\/holyshit.global\/wp-content\/uploads\/2023\/04\/Digestive_system_diagram_en-354x500.jpg 354w, https:\/\/holyshit.global\/wp-content\/uploads\/2023\/04\/Digestive_system_diagram_en.jpg 1453w\" sizes=\"auto, (max-width: 725px) 100vw, 725px\" \/><figcaption class=\"wp-element-caption\">Sistema digestivo humano. LadyofHats, Dominio p\u00fablico, v\u00eda Wikimedia Commons<\/figcaption><\/figure>\n<\/div>\n\n\n<p class=\"has-medium-font-size\"><strong>*<\/strong>Lo que sale de nuestro cuerpo a trav\u00e9s del ano ha formado parte de nosotros entre 40 y 85 horas.<br><\/p>\n\n\n\n<hr class=\"wp-block-separator has-alpha-channel-opacity is-style-wide\"\/>\n\n\n<div class=\"wp-block-image\">\n<figure class=\"aligncenter size-full is-resized\"><img loading=\"lazy\" decoding=\"async\" width=\"1008\" height=\"891\" src=\"https:\/\/holyshit.global\/wp-content\/uploads\/2023\/04\/Planet-Earth.jpg\" alt=\"\" class=\"wp-image-1424\" style=\"width:252px;height:223px\" srcset=\"https:\/\/holyshit.global\/wp-content\/uploads\/2023\/04\/Planet-Earth.jpg 1008w, https:\/\/holyshit.global\/wp-content\/uploads\/2023\/04\/Planet-Earth-300x265.jpg 300w, https:\/\/holyshit.global\/wp-content\/uploads\/2023\/04\/Planet-Earth-768x679.jpg 768w, https:\/\/holyshit.global\/wp-content\/uploads\/2023\/04\/Planet-Earth-465x411.jpg 465w, https:\/\/holyshit.global\/wp-content\/uploads\/2023\/04\/Planet-Earth-566x500.jpg 566w\" sizes=\"auto, (max-width: 1008px) 100vw, 1008px\" \/><figcaption class=\"wp-element-caption\">Planeta Tierra. Gobierno de EE.UU., Dominio p\u00fablico, v\u00eda Wikimedia Commons<\/figcaption><\/figure>\n<\/div>\n\n\n<p class=\"has-medium-font-size\"><strong>*<\/strong>Un a\u00f1o de mierda en kilogramos (estimado):<br>Una persona adulta caga 79,2 Kg. <br>Una ciudad como Par\u00eds genera m\u00e1s de 174 millones.<br>Europa Occidental 27.000 millones.<br>El mundo 396 mil millones.<\/p>\n\n\n\n<p class=\"has-medium-font-size\">*Un a\u00f1o de orina en litros (estimado):<br>Una persona adulta orina 540 litros . <br>Una ciudad como Par\u00eds produce m\u00e1s de 1.100 millones.<br>Europa Occidental 189.000 millones.<br>El mundo 2,7 billones.<\/p>\n\n\n\n<hr class=\"wp-block-separator has-alpha-channel-opacity is-style-wide\"\/>\n\n\n<div class=\"wp-block-image\">\n<figure class=\"aligncenter size-large is-resized\"><img loading=\"lazy\" decoding=\"async\" width=\"1024\" height=\"574\" src=\"https:\/\/holyshit.global\/wp-content\/uploads\/2023\/04\/Corn-field--1024x574.jpg\" alt=\"\" class=\"wp-image-1444\" style=\"width:512px;height:287px\" srcset=\"https:\/\/holyshit.global\/wp-content\/uploads\/2023\/04\/Corn-field--1024x574.jpg 1024w, https:\/\/holyshit.global\/wp-content\/uploads\/2023\/04\/Corn-field--300x168.jpg 300w, https:\/\/holyshit.global\/wp-content\/uploads\/2023\/04\/Corn-field--768x431.jpg 768w, https:\/\/holyshit.global\/wp-content\/uploads\/2023\/04\/Corn-field--465x261.jpg 465w, https:\/\/holyshit.global\/wp-content\/uploads\/2023\/04\/Corn-field--695x390.jpg 695w, https:\/\/holyshit.global\/wp-content\/uploads\/2023\/04\/Corn-field-.jpg 1334w\" sizes=\"auto, (max-width: 1024px) 100vw, 1024px\" \/><figcaption class=\"wp-element-caption\">\u00a92023 Rub\u00e9n Abru\u00f1a<\/figcaption><\/figure>\n<\/div>\n\n\n<p class=\"has-medium-font-size\"><strong>*<\/strong>Cada a\u00f1o los estadounidenses excretan unos 178.000 millones de litros de orina que contienen unos 890 millones de kilos de nitr\u00f3geno, m\u00e1s que suficiente para fertilizar un campo de ma\u00edz del tama\u00f1o de la ciudad de Par\u00eds durante todo un a\u00f1o.<\/p>\n\n\n\n<hr class=\"wp-block-separator has-alpha-channel-opacity is-style-wide\"\/>\n\n\n<div class=\"wp-block-image\">\n<figure class=\"aligncenter size-large is-resized\"><img loading=\"lazy\" decoding=\"async\" width=\"1024\" height=\"577\" src=\"https:\/\/holyshit.global\/wp-content\/uploads\/2023\/04\/Sitting-on-the-toilet-with-paper-in-hands-1024x577.jpg\" alt=\"\" class=\"wp-image-1450\" style=\"width:512px;height:289px\" srcset=\"https:\/\/holyshit.global\/wp-content\/uploads\/2023\/04\/Sitting-on-the-toilet-with-paper-in-hands-1024x577.jpg 1024w, https:\/\/holyshit.global\/wp-content\/uploads\/2023\/04\/Sitting-on-the-toilet-with-paper-in-hands-300x169.jpg 300w, https:\/\/holyshit.global\/wp-content\/uploads\/2023\/04\/Sitting-on-the-toilet-with-paper-in-hands-768x432.jpg 768w, https:\/\/holyshit.global\/wp-content\/uploads\/2023\/04\/Sitting-on-the-toilet-with-paper-in-hands-1536x865.jpg 1536w, https:\/\/holyshit.global\/wp-content\/uploads\/2023\/04\/Sitting-on-the-toilet-with-paper-in-hands-465x262.jpg 465w, https:\/\/holyshit.global\/wp-content\/uploads\/2023\/04\/Sitting-on-the-toilet-with-paper-in-hands-695x391.jpg 695w, https:\/\/holyshit.global\/wp-content\/uploads\/2023\/04\/Sitting-on-the-toilet-with-paper-in-hands.jpg 1671w\" sizes=\"auto, (max-width: 1024px) 100vw, 1024px\" \/><figcaption class=\"wp-element-caption\">\u00a92023 Rub\u00e9n Abru\u00f1a<\/figcaption><\/figure>\n<\/div>\n\n\n<p class=\"has-medium-font-size\"><strong>*<\/strong>Los seres humanos pasan un a\u00f1o entero de su vida defecando, y aproximadamente tres a\u00f1os sentados en el retrete.<\/p>\n\n\n\n<hr class=\"wp-block-separator has-alpha-channel-opacity is-style-wide\"\/>\n\n\n<div class=\"wp-block-image\">\n<figure class=\"aligncenter size-large is-resized\"><img loading=\"lazy\" decoding=\"async\" width=\"1024\" height=\"571\" src=\"https:\/\/holyshit.global\/wp-content\/uploads\/2023\/04\/Boots-pants-down-toilet-1024x571.jpg\" alt=\"\" class=\"wp-image-1457\" style=\"width:512px;height:286px\" srcset=\"https:\/\/holyshit.global\/wp-content\/uploads\/2023\/04\/Boots-pants-down-toilet-1024x571.jpg 1024w, https:\/\/holyshit.global\/wp-content\/uploads\/2023\/04\/Boots-pants-down-toilet-300x167.jpg 300w, https:\/\/holyshit.global\/wp-content\/uploads\/2023\/04\/Boots-pants-down-toilet-768x429.jpg 768w, https:\/\/holyshit.global\/wp-content\/uploads\/2023\/04\/Boots-pants-down-toilet-1536x857.jpg 1536w, https:\/\/holyshit.global\/wp-content\/uploads\/2023\/04\/Boots-pants-down-toilet-465x259.jpg 465w, https:\/\/holyshit.global\/wp-content\/uploads\/2023\/04\/Boots-pants-down-toilet-695x388.jpg 695w, https:\/\/holyshit.global\/wp-content\/uploads\/2023\/04\/Boots-pants-down-toilet.jpg 1672w\" sizes=\"auto, (max-width: 1024px) 100vw, 1024px\" \/><figcaption class=\"wp-element-caption\">\u00a92023 Rub\u00e9n Abru\u00f1a<\/figcaption><\/figure>\n<\/div>\n\n\n<p class=\"has-medium-font-size\"><strong>*<\/strong>La producci\u00f3n fecal diaria (orina y heces) de un individuo sano oscila entre unos 250 gramos dependiendo de la dieta. Los vegetarianos m\u00e1s que los carn\u00edvoros. Nuestra mierda es 75% agua. <\/p>\n\n\n\n<hr class=\"wp-block-separator has-alpha-channel-opacity is-style-wide\"\/>\n\n\n<div class=\"wp-block-image\">\n<figure class=\"aligncenter size-full is-resized\"><img loading=\"lazy\" decoding=\"async\" width=\"681\" height=\"566\" src=\"https:\/\/holyshit.global\/wp-content\/uploads\/2023\/04\/Skatole_structure.jpg\" alt=\"\" class=\"wp-image-1462\" style=\"width:341px;height:283px\" srcset=\"https:\/\/holyshit.global\/wp-content\/uploads\/2023\/04\/Skatole_structure.jpg 681w, https:\/\/holyshit.global\/wp-content\/uploads\/2023\/04\/Skatole_structure-300x249.jpg 300w, https:\/\/holyshit.global\/wp-content\/uploads\/2023\/04\/Skatole_structure-465x386.jpg 465w, https:\/\/holyshit.global\/wp-content\/uploads\/2023\/04\/Skatole_structure-602x500.jpg 602w\" sizes=\"auto, (max-width: 681px) 100vw, 681px\" \/><figcaption class=\"wp-element-caption\">Estructura qu\u00edmica del escatol. Dschanz, Dominio p\u00fablico, v\u00eda Wikimedia Commons.<\/figcaption><\/figure>\n<\/div>\n\n\n<p class=\"has-medium-font-size\"><strong>*<\/strong>Escatol e indol son las dos sustancias qu\u00edmicas responsables del olor de la mierda. En ella se basa la palabra escatol\u00f3gico, que significa relativo a o caracterizado por un inter\u00e9s en los excrementos y la excreci\u00f3n.<\/p>\n\n\n\n<hr class=\"wp-block-separator has-alpha-channel-opacity is-style-wide\"\/>\n\n\n<div class=\"wp-block-image\">\n<figure class=\"aligncenter size-large is-resized\"><img loading=\"lazy\" decoding=\"async\" width=\"1024\" height=\"861\" src=\"https:\/\/holyshit.global\/wp-content\/uploads\/2023\/04\/E._coli_Bacteria_-1024x861.jpg\" alt=\"\" class=\"wp-image-1474\" style=\"width:512px;height:431px\" srcset=\"https:\/\/holyshit.global\/wp-content\/uploads\/2023\/04\/E._coli_Bacteria_-1024x861.jpg 1024w, https:\/\/holyshit.global\/wp-content\/uploads\/2023\/04\/E._coli_Bacteria_-300x252.jpg 300w, https:\/\/holyshit.global\/wp-content\/uploads\/2023\/04\/E._coli_Bacteria_-768x646.jpg 768w, https:\/\/holyshit.global\/wp-content\/uploads\/2023\/04\/E._coli_Bacteria_-465x391.jpg 465w, https:\/\/holyshit.global\/wp-content\/uploads\/2023\/04\/E._coli_Bacteria_-595x500.jpg 595w, https:\/\/holyshit.global\/wp-content\/uploads\/2023\/04\/E._coli_Bacteria_.jpg 1050w\" sizes=\"auto, (max-width: 1024px) 100vw, 1024px\" \/><figcaption class=\"wp-element-caption\">Bacterias Escherichia coli. <br>NIAID, dominio p\u00fablico, v\u00eda Wikimedia Commons. <\/figcaption><\/figure>\n<\/div>\n\n\n<p class=\"has-medium-font-size\"><strong>*<\/strong>Hay 1.000.000.000.000 (10<sup>11<\/sup>) bacterias por mil\u00edmetro c\u00fabico de heces humanas adultas.<\/p>\n\n\n\n<hr class=\"wp-block-separator has-alpha-channel-opacity is-style-wide\"\/>\n\n\n<div class=\"wp-block-image\">\n<figure class=\"aligncenter size-large is-resized\"><img loading=\"lazy\" decoding=\"async\" width=\"1024\" height=\"659\" src=\"https:\/\/holyshit.global\/wp-content\/uploads\/2023\/04\/1118px-Wembley_Stadium_interior-1-1024x659.jpg\" alt=\"\" class=\"wp-image-1480\" style=\"width:512px;height:330px\" srcset=\"https:\/\/holyshit.global\/wp-content\/uploads\/2023\/04\/1118px-Wembley_Stadium_interior-1-1024x659.jpg 1024w, https:\/\/holyshit.global\/wp-content\/uploads\/2023\/04\/1118px-Wembley_Stadium_interior-1-300x193.jpg 300w, https:\/\/holyshit.global\/wp-content\/uploads\/2023\/04\/1118px-Wembley_Stadium_interior-1-768x495.jpg 768w, https:\/\/holyshit.global\/wp-content\/uploads\/2023\/04\/1118px-Wembley_Stadium_interior-1-465x299.jpg 465w, https:\/\/holyshit.global\/wp-content\/uploads\/2023\/04\/1118px-Wembley_Stadium_interior-1-695x448.jpg 695w, https:\/\/holyshit.global\/wp-content\/uploads\/2023\/04\/1118px-Wembley_Stadium_interior-1.jpg 1118w\" sizes=\"auto, (max-width: 1024px) 100vw, 1024px\" \/><figcaption class=\"wp-element-caption\">Estadio de Wembley. Jbmg40, CC BY-SA 3.0 <a href=\"https:\/\/creativecommons.org\/licenses\/by-sa\/3.0\" target=\"_blank\" rel=\"noopener\">https:\/\/creativecommons.org\/licenses\/by-sa\/3.0<\/a>, v\u00eda Wikimedia Commons<\/figcaption><\/figure>\n<\/div>\n\n\n<p class=\"has-medium-font-size\"><strong>*<\/strong>Cada d\u00eda, unas 100.000 toneladas de excrementos humanos acaban a la intemperie debido a la defecaci\u00f3n al aire libre, cantidad suficiente para llenar el estadio londinense de Wembley.<\/p>\n\n\n\n<hr class=\"wp-block-separator has-alpha-channel-opacity is-style-wide\"\/>\n\n\n<div class=\"wp-block-image\">\n<figure class=\"aligncenter size-full is-resized\"><img loading=\"lazy\" decoding=\"async\" width=\"800\" height=\"520\" src=\"https:\/\/holyshit.global\/wp-content\/uploads\/2023\/04\/Patates.jpg\" alt=\"\" class=\"wp-image-1486\" style=\"width:400px;height:260px\" srcset=\"https:\/\/holyshit.global\/wp-content\/uploads\/2023\/04\/Patates.jpg 800w, https:\/\/holyshit.global\/wp-content\/uploads\/2023\/04\/Patates-300x195.jpg 300w, https:\/\/holyshit.global\/wp-content\/uploads\/2023\/04\/Patates-768x499.jpg 768w, https:\/\/holyshit.global\/wp-content\/uploads\/2023\/04\/Patates-465x302.jpg 465w, https:\/\/holyshit.global\/wp-content\/uploads\/2023\/04\/Patates-695x452.jpg 695w\" sizes=\"auto, (max-width: 800px) 100vw, 800px\" \/><figcaption class=\"wp-element-caption\">Patatas. Scott Bauer, USDA ARS, Dominio p\u00fablico, v\u00eda Wikimedia Commons.<\/figcaption><\/figure>\n<\/div>\n\n\n<p class=\"has-medium-font-size\"><strong>*<\/strong> Cagamos el 25% de las prote\u00ednas del arroz, el 26% de las prote\u00ednas de las patatas y el 40% de las prote\u00ednas de la harina de ma\u00edz.<\/p>\n\n\n\n<hr class=\"wp-block-separator has-alpha-channel-opacity is-style-wide\"\/>\n\n\n<div class=\"wp-block-image\">\n<figure class=\"aligncenter size-large is-resized\"><img loading=\"lazy\" decoding=\"async\" width=\"1024\" height=\"574\" src=\"https:\/\/holyshit.global\/wp-content\/uploads\/2023\/04\/Earth-Huebhof-1024x574.jpg\" alt=\"\" class=\"wp-image-1500\" style=\"width:512px;height:287px\" srcset=\"https:\/\/holyshit.global\/wp-content\/uploads\/2023\/04\/Earth-Huebhof-1024x574.jpg 1024w, https:\/\/holyshit.global\/wp-content\/uploads\/2023\/04\/Earth-Huebhof-300x168.jpg 300w, https:\/\/holyshit.global\/wp-content\/uploads\/2023\/04\/Earth-Huebhof-768x430.jpg 768w, https:\/\/holyshit.global\/wp-content\/uploads\/2023\/04\/Earth-Huebhof-465x260.jpg 465w, https:\/\/holyshit.global\/wp-content\/uploads\/2023\/04\/Earth-Huebhof-695x389.jpg 695w, https:\/\/holyshit.global\/wp-content\/uploads\/2023\/04\/Earth-Huebhof.jpg 1337w\" sizes=\"auto, (max-width: 1024px) 100vw, 1024px\" \/><figcaption class=\"wp-element-caption\">\u00a9 2023 Rub\u00e9n Abru\u00f1a<\/figcaption><\/figure>\n<\/div>\n\n\n<p class=\"has-medium-font-size\">*En un a\u00f1o, la poblaci\u00f3n mundial excreta orina y heces suficientes para fertilizar m\u00e1s de un tercio de las tierras agr\u00edcolas del Planeta.<\/p>\n\n\n\n<hr class=\"wp-block-separator has-alpha-channel-opacity is-style-wide\"\/>\n\n\n<div class=\"wp-block-image\">\n<figure class=\"aligncenter size-large is-resized\"><img loading=\"lazy\" decoding=\"async\" width=\"1024\" height=\"576\" src=\"https:\/\/holyshit.global\/wp-content\/uploads\/2023\/04\/Harvesting-zuccini-1024x576.jpg\" alt=\"\" class=\"wp-image-1491\" style=\"width:512px;height:288px\" srcset=\"https:\/\/holyshit.global\/wp-content\/uploads\/2023\/04\/Harvesting-zuccini-1024x576.jpg 1024w, https:\/\/holyshit.global\/wp-content\/uploads\/2023\/04\/Harvesting-zuccini-300x169.jpg 300w, https:\/\/holyshit.global\/wp-content\/uploads\/2023\/04\/Harvesting-zuccini-768x432.jpg 768w, https:\/\/holyshit.global\/wp-content\/uploads\/2023\/04\/Harvesting-zuccini-465x261.jpg 465w, https:\/\/holyshit.global\/wp-content\/uploads\/2023\/04\/Harvesting-zuccini-695x391.jpg 695w, https:\/\/holyshit.global\/wp-content\/uploads\/2023\/04\/Harvesting-zuccini.jpg 1334w\" sizes=\"auto, (max-width: 1024px) 100vw, 1024px\" \/><figcaption class=\"wp-element-caption\">\u00a9 2023 Rub\u00e9n Abru\u00f1a<\/figcaption><\/figure>\n<\/div>\n\n\n<p class=\"has-medium-font-size\">*La producci\u00f3n anual de excrementos de una persona adulta contiene suficientes nutrientes para cultivar los alimentos que necesita durante un a\u00f1o.<\/p>\n\n\n\n<hr class=\"wp-block-separator has-alpha-channel-opacity is-style-wide\"\/>\n\n\n<div class=\"wp-block-image\">\n<figure class=\"aligncenter size-large is-resized\"><img loading=\"lazy\" decoding=\"async\" width=\"1024\" height=\"575\" src=\"https:\/\/holyshit.global\/wp-content\/uploads\/2023\/04\/RA-sits-compost-toilet-Ausente-1024x575.jpg\" alt=\"\" class=\"wp-image-1132\" style=\"width:512px;height:288px\" srcset=\"https:\/\/holyshit.global\/wp-content\/uploads\/2023\/04\/RA-sits-compost-toilet-Ausente-1024x575.jpg 1024w, https:\/\/holyshit.global\/wp-content\/uploads\/2023\/04\/RA-sits-compost-toilet-Ausente-300x169.jpg 300w, https:\/\/holyshit.global\/wp-content\/uploads\/2023\/04\/RA-sits-compost-toilet-Ausente-768x432.jpg 768w, https:\/\/holyshit.global\/wp-content\/uploads\/2023\/04\/RA-sits-compost-toilet-Ausente-1536x863.jpg 1536w, https:\/\/holyshit.global\/wp-content\/uploads\/2023\/04\/RA-sits-compost-toilet-Ausente-2048x1151.jpg 2048w, https:\/\/holyshit.global\/wp-content\/uploads\/2023\/04\/RA-sits-compost-toilet-Ausente-465x261.jpg 465w, https:\/\/holyshit.global\/wp-content\/uploads\/2023\/04\/RA-sits-compost-toilet-Ausente-695x391.jpg 695w\" sizes=\"auto, (max-width: 1024px) 100vw, 1024px\" \/><figcaption class=\"wp-element-caption\">\u00a9 2023 Rub\u00e9n Abru\u00f1a<\/figcaption><\/figure>\n<\/div>\n\n\n<p class=\"has-medium-font-size\"><strong>*<\/strong>El 75% de los estadounidenses con tel\u00e9fono m\u00f3vil lo utilizan en el ba\u00f1o. <br>El 63% respondi\u00f3 a una llamada telef\u00f3nica.<br>El 10% hizo una compra en l\u00ednea (online).<\/p>\n\n\n\n<div class=\"wp-block-buttons is-content-justification-center is-layout-flex wp-container-core-buttons-is-layout-16018d1d wp-block-buttons-is-layout-flex\">\n<div class=\"wp-block-button\"><a class=\"wp-block-button__link wp-element-button\" href=\"https:\/\/holyshit.global\/es\/pirolisis\/\">Anterior<\/a><\/div>\n\n\n\n<div class=\"wp-block-button\"><a class=\"wp-block-button__link wp-element-button\" href=\"https:\/\/holyshit.global\/es\/libro-infantil-sobre-la-caca\">Siguiente<\/a><\/div>\n<\/div>\n","protected":false},"excerpt":{"rendered":"<p>Datos interesantes que aportan perspectiva a los temas presentados en la pel\u00edcula. *Lo que sale de nuestro cuerpo a trav\u00e9s del ano ha formado parte de nosotros entre 40 y 85 horas. *Un a\u00f1o de mierda en kilogramos (estimado):Una persona adulta caga 79,2 Kg. Una ciudad como Par\u00eds genera m\u00e1s<span class=\"more-link\"><a href=\"https:\/\/holyshit.global\/es\/datos-curiosos\/\">Read More &rarr;<\/a><\/span><\/p>\n","protected":false},"author":1,"featured_media":0,"parent":0,"menu_order":0,"comment_status":"closed","ping_status":"closed","template":"","meta":{"footnotes":""},"class_list":["entry","author-wzu2bwzu2bwzu2b","post-2728","page","type-page","status-publish"],"_links":{"self":[{"href":"https:\/\/holyshit.global\/es\/wp-json\/wp\/v2\/pages\/2728","targetHints":{"allow":["GET"]}}],"collection":[{"href":"https:\/\/holyshit.global\/es\/wp-json\/wp\/v2\/pages"}],"about":[{"href":"https:\/\/holyshit.global\/es\/wp-json\/wp\/v2\/types\/page"}],"author":[{"embeddable":true,"href":"https:\/\/holyshit.global\/es\/wp-json\/wp\/v2\/users\/1"}],"replies":[{"embeddable":true,"href":"https:\/\/holyshit.global\/es\/wp-json\/wp\/v2\/comments?post=2728"}],"version-history":[{"count":6,"href":"https:\/\/holyshit.global\/es\/wp-json\/wp\/v2\/pages\/2728\/revisions"}],"predecessor-version":[{"id":2862,"href":"https:\/\/holyshit.global\/es\/wp-json\/wp\/v2\/pages\/2728\/revisions\/2862"}],"wp:attachment":[{"href":"https:\/\/holyshit.global\/es\/wp-json\/wp\/v2\/media?parent=2728"}],"curies":[{"name":"wp","href":"https:\/\/api.w.org\/{rel}","templated":true}]}}