{"id":2726,"date":"2023-04-01T16:43:45","date_gmt":"2023-04-01T15:43:45","guid":{"rendered":"https:\/\/holyshit.global\/pirolisis\/"},"modified":"2024-02-12T14:59:31","modified_gmt":"2024-02-12T13:59:31","slug":"pirolisis","status":"publish","type":"page","link":"https:\/\/holyshit.global\/es\/pirolisis\/","title":{"rendered":"Pir\u00f3lisis"},"content":{"rendered":"\n<p class=\"has-medium-font-size\">La pir\u00f3lisis es el calentamiento de materia org\u00e1nica en ausencia de ox\u00edgeno. Se utiliza en la industria qu\u00edmica para producir etileno, muchas formas de carbono y otros productos qu\u00edmicos a partir del petr\u00f3leo, el carb\u00f3n e incluso la madera, o para producir coque a partir del carb\u00f3n. Tambi\u00e9n se utiliza para convertir los residuos s\u00f3lidos urbanos en sus componentes b\u00e1sicos de carbono.<\/p>\n\n\n\n<p class=\"has-medium-font-size\">Se ha propuesto como una forma de eliminar los metales pesados y los compuestos industriales t\u00f3xicos de los lodos de plantas de tratamiento de aguas negras y convertirlos en materias primas, carbono y combustible. Sin embargo, esas propuestas iniciales se basan en el paradigma del inodoro-canalizaci\u00f3n-alcantarillado-planta de tratamiento de aguas residuales. Esto significa que no cambiar\u00edamos nuestros h\u00e1bitos de tirar de la cadena y olvidarnos de las consecuencias. <\/p>\n\n\n<div class=\"wp-block-image\">\n<figure class=\"aligncenter size-large is-resized\"><img loading=\"lazy\" decoding=\"async\" width=\"1024\" height=\"297\" src=\"https:\/\/holyshit.global\/wp-content\/uploads\/2023\/04\/pyrolysis-of-excreta-from-dry-toilets-1024x297.jpg\" alt=\"\" class=\"wp-image-1185\" style=\"width:768px;height:223px\" srcset=\"https:\/\/holyshit.global\/wp-content\/uploads\/2023\/04\/pyrolysis-of-excreta-from-dry-toilets-1024x297.jpg 1024w, https:\/\/holyshit.global\/wp-content\/uploads\/2023\/04\/pyrolysis-of-excreta-from-dry-toilets-300x87.jpg 300w, https:\/\/holyshit.global\/wp-content\/uploads\/2023\/04\/pyrolysis-of-excreta-from-dry-toilets-768x223.jpg 768w, https:\/\/holyshit.global\/wp-content\/uploads\/2023\/04\/pyrolysis-of-excreta-from-dry-toilets-1536x446.jpg 1536w, https:\/\/holyshit.global\/wp-content\/uploads\/2023\/04\/pyrolysis-of-excreta-from-dry-toilets-465x135.jpg 465w, https:\/\/holyshit.global\/wp-content\/uploads\/2023\/04\/pyrolysis-of-excreta-from-dry-toilets-695x202.jpg 695w, https:\/\/holyshit.global\/wp-content\/uploads\/2023\/04\/pyrolysis-of-excreta-from-dry-toilets.jpg 2034w\" sizes=\"auto, (max-width: 1024px) 100vw, 1024px\" \/><figcaption class=\"wp-element-caption\"><strong>Imagen del proceso de pir\u00f3lisis de excrementos humanos procedentes de retretes secos, del trabajo de investigaci\u00f3n enlazado m\u00e1s abajo. <\/strong><\/figcaption><\/figure>\n<\/div>\n\n\n<p class=\"has-medium-font-size\">Sin embargo, hay estudios m\u00e1s recientes que demuestran la viabilidad de la pir\u00f3lisis de excrementos humanos procedentes de retretes secos, como <a href=\"https:\/\/www.dropbox.com\/s\/lirfiaz5mjs4zsm\/pyrolysis%20of%20excreta%20from%20dry%20toilets.pdf?dl=1\" target=\"_blank\" rel=\"noreferrer noopener\">este trabajo de investigaci\u00f3n<\/a> demuestra.<\/p>\n\n\n\n<p class=\"has-medium-font-size\">Como <a href=\"https:\/\/www.dropbox.com\/s\/iwhgzsa87wvw7ip\/Potential%20of%20pyrolysis%20processes%20in%20the%20waste%20management%20sector.pdf?dl=1\" target=\"_blank\" rel=\"noreferrer noopener\">comenta este estudio<\/a>, varias plantas de residuos industriales utilizan o han utilizado con \u00e9xito la pir\u00f3lisis, pero a\u00fan queda un gran reto para que la pir\u00f3lisis sea econ\u00f3micamente viable, por lo que los pr\u00f3ximos estudios deber\u00edan centrarse en la aplicaci\u00f3n de los \u00faltimos avances en proyectos pilotos y a escala industrial. <\/p>\n\n\n\n<p class=\"has-medium-font-size\">La pir\u00f3lisis se convertir\u00e1 en un proceso importante para reciclar el NPK y otros micronutrientes de los excrementos humanos de los retretes secos.<\/p>\n\n\n\n<div class=\"wp-block-buttons is-content-justification-center is-layout-flex wp-container-core-buttons-is-layout-16018d1d wp-block-buttons-is-layout-flex\">\n<div class=\"wp-block-button\"><a class=\"wp-block-button__link wp-element-button\" href=\"https:\/\/holyshit.global\/es\/reduccion-de-la-volatilizacion-del-amoniaco-de-los-fertilizantes-derivados-de-la-orina\/\">Anterior<\/a><\/div>\n\n\n\n<div class=\"wp-block-button\"><a class=\"wp-block-button__link wp-element-button\" href=\"https:\/\/holyshit.global\/es\/datos-curiosos\">Siguiente<\/a><\/div>\n<\/div>\n","protected":false},"excerpt":{"rendered":"<p>La pir\u00f3lisis es el calentamiento de materia org\u00e1nica en ausencia de ox\u00edgeno. Se utiliza en la industria qu\u00edmica para producir etileno, muchas formas de carbono y otros productos qu\u00edmicos a partir del petr\u00f3leo, el carb\u00f3n e incluso la madera, o para producir coque a partir del carb\u00f3n. Tambi\u00e9n se utiliza<span class=\"more-link\"><a href=\"https:\/\/holyshit.global\/es\/pirolisis\/\">Read More &rarr;<\/a><\/span><\/p>\n","protected":false},"author":1,"featured_media":0,"parent":0,"menu_order":0,"comment_status":"closed","ping_status":"closed","template":"","meta":{"footnotes":""},"class_list":["entry","author-wzu2bwzu2bwzu2b","post-2726","page","type-page","status-publish"],"_links":{"self":[{"href":"https:\/\/holyshit.global\/es\/wp-json\/wp\/v2\/pages\/2726","targetHints":{"allow":["GET"]}}],"collection":[{"href":"https:\/\/holyshit.global\/es\/wp-json\/wp\/v2\/pages"}],"about":[{"href":"https:\/\/holyshit.global\/es\/wp-json\/wp\/v2\/types\/page"}],"author":[{"embeddable":true,"href":"https:\/\/holyshit.global\/es\/wp-json\/wp\/v2\/users\/1"}],"replies":[{"embeddable":true,"href":"https:\/\/holyshit.global\/es\/wp-json\/wp\/v2\/comments?post=2726"}],"version-history":[{"count":2,"href":"https:\/\/holyshit.global\/es\/wp-json\/wp\/v2\/pages\/2726\/revisions"}],"predecessor-version":[{"id":2861,"href":"https:\/\/holyshit.global\/es\/wp-json\/wp\/v2\/pages\/2726\/revisions\/2861"}],"wp:attachment":[{"href":"https:\/\/holyshit.global\/es\/wp-json\/wp\/v2\/media?parent=2726"}],"curies":[{"name":"wp","href":"https:\/\/api.w.org\/{rel}","templated":true}]}}