{"id":2718,"date":"2023-03-27T17:49:34","date_gmt":"2023-03-27T16:49:34","guid":{"rendered":"https:\/\/holyshit.global\/reduccion-de-la-volatilizacion-del-amoniaco-de-los-fertilizantes-derivados-de-la-orina\/"},"modified":"2024-02-12T14:58:24","modified_gmt":"2024-02-12T13:58:24","slug":"reduccion-de-la-volatilizacion-del-amoniaco-de-los-fertilizantes-derivados-de-la-orina","status":"publish","type":"page","link":"https:\/\/holyshit.global\/es\/reduccion-de-la-volatilizacion-del-amoniaco-de-los-fertilizantes-derivados-de-la-orina\/","title":{"rendered":"Reducci\u00f3n de la volatilizaci\u00f3n del amon\u00edaco de los fertilizantes derivados de la orina"},"content":{"rendered":"\n<p class=\"has-medium-font-size\">\u00abEl abono derivado de la orina es un fertilizante seguro, de origen local, que ha demostrado ser un sustituto eficaz de los fertilizantes nitrogenados sint\u00e9ticos. Sin embargo, al igual que otros fertilizantes que contienen amonia, como el esti\u00e9rcol y la urea, &#8216;<strong>Los fertilizantes derivados de la orina tienen el potencial de perder cantidades significativas de nitr\u00f3geno por la volatilizaci\u00f3n del amon\u00edaco. Esa volatilizaci\u00f3n puede producir gases de efecto invernadero&#8217;.<\/strong> Esta informaci\u00f3n proviene de un estudio publicado por SARE: Sustainable Agriculture Research and Education realizado por m\u00e1s de una docena de cient\u00edficos; El beneficiario de la subvenci\u00f3n para el estudio fue <a rel=\"noreferrer noopener\" href=\"https:\/\/richearthinstitute.org\/\" target=\"_blank\">El Instituto Rich Earth.<\/a> El director del proyecto fue Abraham Noe-Hays. Haga clic <a rel=\"noreferrer noopener\" href=\"https:\/\/www.dropbox.com\/s\/kbpb3v09pik7r4v\/Final%20report%20for%20ONE18-318%20-%20SARE%20Grant%20Management%20System.pdf?dl=1\" target=\"_blank\">aqu\u00ed<\/a> para descargarlo.<\/p>\n\n\n\n<div class=\"wp-block-buttons is-content-justification-center is-layout-flex wp-container-core-buttons-is-layout-16018d1d wp-block-buttons-is-layout-flex\">\n<div class=\"wp-block-button\"><a class=\"wp-block-button__link wp-element-button\" href=\"https:\/\/holyshit.global\/es\/kailash-ecovillage\/\">Anterior<\/a><\/div>\n\n\n\n<div class=\"wp-block-button\"><a class=\"wp-block-button__link wp-element-button\" href=\"https:\/\/holyshit.global\/es\/pirolisis\">Siguiente<\/a><\/div>\n<\/div>\n","protected":false},"excerpt":{"rendered":"<p>\u00abEl abono derivado de la orina es un fertilizante seguro, de origen local, que ha demostrado ser un sustituto eficaz de los fertilizantes nitrogenados sint\u00e9ticos. Sin embargo, al igual que otros fertilizantes que contienen amonia, como el esti\u00e9rcol y la urea, &#8216;Los fertilizantes derivados de la orina tienen el potencial<span class=\"more-link\"><a href=\"https:\/\/holyshit.global\/es\/reduccion-de-la-volatilizacion-del-amoniaco-de-los-fertilizantes-derivados-de-la-orina\/\">Read More &rarr;<\/a><\/span><\/p>\n","protected":false},"author":1,"featured_media":0,"parent":0,"menu_order":0,"comment_status":"closed","ping_status":"closed","template":"","meta":{"footnotes":""},"class_list":["entry","author-wzu2bwzu2bwzu2b","post-2718","page","type-page","status-publish"],"_links":{"self":[{"href":"https:\/\/holyshit.global\/es\/wp-json\/wp\/v2\/pages\/2718","targetHints":{"allow":["GET"]}}],"collection":[{"href":"https:\/\/holyshit.global\/es\/wp-json\/wp\/v2\/pages"}],"about":[{"href":"https:\/\/holyshit.global\/es\/wp-json\/wp\/v2\/types\/page"}],"author":[{"embeddable":true,"href":"https:\/\/holyshit.global\/es\/wp-json\/wp\/v2\/users\/1"}],"replies":[{"embeddable":true,"href":"https:\/\/holyshit.global\/es\/wp-json\/wp\/v2\/comments?post=2718"}],"version-history":[{"count":8,"href":"https:\/\/holyshit.global\/es\/wp-json\/wp\/v2\/pages\/2718\/revisions"}],"predecessor-version":[{"id":2860,"href":"https:\/\/holyshit.global\/es\/wp-json\/wp\/v2\/pages\/2718\/revisions\/2860"}],"wp:attachment":[{"href":"https:\/\/holyshit.global\/es\/wp-json\/wp\/v2\/media?parent=2718"}],"curies":[{"name":"wp","href":"https:\/\/api.w.org\/{rel}","templated":true}]}}