{"id":2711,"date":"2023-03-27T13:50:47","date_gmt":"2023-03-27T12:50:47","guid":{"rendered":"https:\/\/holyshit.global\/kailash-ecovillage\/"},"modified":"2024-02-12T14:57:19","modified_gmt":"2024-02-12T13:57:19","slug":"kailash-ecovillage","status":"publish","type":"page","link":"https:\/\/holyshit.global\/es\/kailash-ecovillage\/","title":{"rendered":"Kailash Ecovillage"},"content":{"rendered":"\n<p class=\"has-medium-font-size\">La primera vez que me enter\u00e9 de la <strong><a rel=\"noreferrer noopener\" href=\"https:\/\/www.kailashecovillage.org\/ecologicalsanitation\" target=\"_blank\">Kailash Ecovillage<\/a><\/strong> fue en 2018, cuando conoc\u00ed a su director, el Dr. Ole Ersson, durante la Conferencia sobre Retretes Secos en Tampere, Finlandia. El proyecto de viviendas sostenibles situado en Portland (Oreg\u00f3n) ha demostrado que <strong>el saneamiento basado en contenedores, que utiliza inodoros secos de compostaje e inodoros desviadores de orina, puede adoptarse con \u00e9xito en un entorno urbano<\/strong>, cumpliendo al mismo tiempo las normas internacionales de plomer\u00eda y sanidad; <\/p>\n\n\n\n<p class=\"has-medium-font-size\">Siguiendo el modelo de Joe Jenkins, autor de The Humanure Handbook, su sistema composta los excrementos humanos y utiliza la orina para producir un abono rico en humus, que utilizan en su huerto comunitario. Reduce la necesidad de acceder al agua municipal y a las alcantarillas, recupera el nitr\u00f3geno y otros nutrientes, ahorra agua potable y realiza un importante secuestro de carbono mediante la creaci\u00f3n de un tope de tierra f\u00e9rtil o mantillo (top soil).<\/p>\n\n\n\n<p class=\"has-medium-font-size\">El art\u00edculo de 22 p\u00e1ginas titulado <a rel=\"noreferrer noopener\" href=\"https:\/\/www.dropbox.com\/s\/wn3ur104d6l0asr\/The%20Kailash%20Ecovillage%20project%20converting%20human%20excreta%20into%20organic%20foodstuffs%20and%20sanitized%20compost.pdf?dl=1\" target=\"_blank\">\u00abEl proyecto de la Ecoaldea de Kailash que convierte los excrementos humanos en alimentos org\u00e1nicos y compost higienizado utilizando los nuevos c\u00f3digos internacionales de construcci\u00f3n de inodoros de compost y sistemas de desviaci\u00f3n de orina\u00bb<\/a>, explica en detalle los aspectos pr\u00e1cticos y cient\u00edficos del sistema; Est\u00e1 escrito por O. Ersson y K. King y publicado en Blue-Green Systems de la Asociaci\u00f3n Internacional del Agua (IWA); <\/p>\n\n\n\n<div class=\"wp-block-buttons is-content-justification-center is-layout-flex wp-container-core-buttons-is-layout-16018d1d wp-block-buttons-is-layout-flex\">\n<div class=\"wp-block-button\"><a class=\"wp-block-button__link wp-element-button\" href=\"https:\/\/holyshit.global\/es\/din-spec-91421\/\">Anterior<\/a><\/div>\n\n\n\n<div class=\"wp-block-button\"><a class=\"wp-block-button__link wp-element-button\" href=\"https:\/\/holyshit.global\/es\/reduccion-de-la-volatilizacion-del-amoniaco-de-los-fertilizantes-derivados-de-la-orina\">Siguiente<\/a><\/div>\n<\/div>\n","protected":false},"excerpt":{"rendered":"<p>La primera vez que me enter\u00e9 de la Kailash Ecovillage fue en 2018, cuando conoc\u00ed a su director, el Dr. Ole Ersson, durante la Conferencia sobre Retretes Secos en Tampere, Finlandia. El proyecto de viviendas sostenibles situado en Portland (Oreg\u00f3n) ha demostrado que el saneamiento basado en contenedores, que utiliza<span class=\"more-link\"><a href=\"https:\/\/holyshit.global\/es\/kailash-ecovillage\/\">Read More &rarr;<\/a><\/span><\/p>\n","protected":false},"author":1,"featured_media":731,"parent":0,"menu_order":0,"comment_status":"closed","ping_status":"closed","template":"","meta":{"footnotes":""},"class_list":["entry","author-wzu2bwzu2bwzu2b","post-2711","page","type-page","status-publish","has-post-thumbnail"],"_links":{"self":[{"href":"https:\/\/holyshit.global\/es\/wp-json\/wp\/v2\/pages\/2711","targetHints":{"allow":["GET"]}}],"collection":[{"href":"https:\/\/holyshit.global\/es\/wp-json\/wp\/v2\/pages"}],"about":[{"href":"https:\/\/holyshit.global\/es\/wp-json\/wp\/v2\/types\/page"}],"author":[{"embeddable":true,"href":"https:\/\/holyshit.global\/es\/wp-json\/wp\/v2\/users\/1"}],"replies":[{"embeddable":true,"href":"https:\/\/holyshit.global\/es\/wp-json\/wp\/v2\/comments?post=2711"}],"version-history":[{"count":7,"href":"https:\/\/holyshit.global\/es\/wp-json\/wp\/v2\/pages\/2711\/revisions"}],"predecessor-version":[{"id":2859,"href":"https:\/\/holyshit.global\/es\/wp-json\/wp\/v2\/pages\/2711\/revisions\/2859"}],"wp:featuredmedia":[{"embeddable":true,"href":"https:\/\/holyshit.global\/es\/wp-json\/wp\/v2\/media\/731"}],"wp:attachment":[{"href":"https:\/\/holyshit.global\/es\/wp-json\/wp\/v2\/media?parent=2711"}],"curies":[{"name":"wp","href":"https:\/\/api.w.org\/{rel}","templated":true}]}}