{"id":2709,"date":"2023-03-27T16:41:56","date_gmt":"2023-03-27T15:41:56","guid":{"rendered":"https:\/\/holyshit.global\/din-spec-91421\/"},"modified":"2024-02-12T15:11:38","modified_gmt":"2024-02-12T14:11:38","slug":"din-spec-91421","status":"publish","type":"page","link":"https:\/\/holyshit.global\/es\/din-spec-91421\/","title":{"rendered":"DIN SPEC 91421"},"content":{"rendered":"\n<p class=\"has-medium-font-size\">El documento DIN Spec 91421, mencionado por el director gerente de Finizio, Florian Augustin, en la pel\u00edcula, es <strong>un paso importante en la creaci\u00f3n de un est\u00e1ndar de garant\u00eda de calidad al utilizar compost de humus de musgo seco en terrenos agr\u00edcolas.<br\/><\/strong><\/p>\n\n<p class=\"has-medium-font-size\">Aqu\u00ed est\u00e1 el documento <a rel=\"noreferrer noopener\" href=\"https:\/\/www.dropbox.com\/s\/snog4d9f6appez2\/Qualit%C3%A4tssicherung%20von%20Recyclingprodukten%20aus%20Trockentoiletten.pdf?dl=1\" target=\"_blank\">en alem\u00e1n<\/a>, y aqu\u00ed est\u00e1 <a rel=\"noreferrer noopener\" href=\"https:\/\/www.dropbox.com\/s\/wqj2vm2t95gytbj\/Quality%20assurance%20of%20recycled%20products%20from%20dry%20toilets%20for%20use%20in%20horticulture.pdf?dl=1\" target=\"_blank\">en ingl\u00e9s<\/a> (traducido por DeepL libre y corregido por un humano cuando es necesario). Todav\u00eda no est\u00e1 disponible en castellano.<\/p>\n\n<div class=\"wp-block-buttons is-content-justification-center is-layout-flex wp-container-core-buttons-is-layout-16018d1d wp-block-buttons-is-layout-flex\">\n<div class=\"wp-block-button\"><a class=\"wp-block-button__link wp-element-button\" href=\"https:\/\/holyshit.global\/es\/objetivos-de-desarrollo-sostenible\/\">Anterior<\/a><\/div>\n\n\n\n<div class=\"wp-block-button\"><a class=\"wp-block-button__link wp-element-button\" href=\"https:\/\/holyshit.global\/es\/kailash-ecovillage\/\">Siguiente<\/a><\/div>\n<\/div>\n","protected":false},"excerpt":{"rendered":"<p>El documento DIN Spec 91421, mencionado por el director gerente de Finizio, Florian Augustin, en la pel\u00edcula, es un paso importante en la creaci\u00f3n de un est\u00e1ndar de garant\u00eda de calidad al utilizar compost de humus de musgo seco en terrenos agr\u00edcolas. Aqu\u00ed est\u00e1 el documento en alem\u00e1n, y aqu\u00ed<span class=\"more-link\"><a href=\"https:\/\/holyshit.global\/es\/din-spec-91421\/\">Read More &rarr;<\/a><\/span><\/p>\n","protected":false},"author":1,"featured_media":0,"parent":0,"menu_order":0,"comment_status":"closed","ping_status":"closed","template":"","meta":{"footnotes":""},"class_list":["entry","author-wzu2bwzu2bwzu2b","post-2709","page","type-page","status-publish"],"_links":{"self":[{"href":"https:\/\/holyshit.global\/es\/wp-json\/wp\/v2\/pages\/2709","targetHints":{"allow":["GET"]}}],"collection":[{"href":"https:\/\/holyshit.global\/es\/wp-json\/wp\/v2\/pages"}],"about":[{"href":"https:\/\/holyshit.global\/es\/wp-json\/wp\/v2\/types\/page"}],"author":[{"embeddable":true,"href":"https:\/\/holyshit.global\/es\/wp-json\/wp\/v2\/users\/1"}],"replies":[{"embeddable":true,"href":"https:\/\/holyshit.global\/es\/wp-json\/wp\/v2\/comments?post=2709"}],"version-history":[{"count":17,"href":"https:\/\/holyshit.global\/es\/wp-json\/wp\/v2\/pages\/2709\/revisions"}],"predecessor-version":[{"id":2873,"href":"https:\/\/holyshit.global\/es\/wp-json\/wp\/v2\/pages\/2709\/revisions\/2873"}],"wp:attachment":[{"href":"https:\/\/holyshit.global\/es\/wp-json\/wp\/v2\/media?parent=2709"}],"curies":[{"name":"wp","href":"https:\/\/api.w.org\/{rel}","templated":true}]}}