{"id":2703,"date":"2023-03-29T20:47:55","date_gmt":"2023-03-29T19:47:55","guid":{"rendered":"https:\/\/holyshit.global\/objetivos-de-desarrollo-sostenible\/"},"modified":"2024-02-12T14:50:47","modified_gmt":"2024-02-12T13:50:47","slug":"objetivos-de-desarrollo-sostenible","status":"publish","type":"page","link":"https:\/\/holyshit.global\/es\/objetivos-de-desarrollo-sostenible\/","title":{"rendered":"Objetivos de Desarrollo Sostenible"},"content":{"rendered":"<div class=\"wp-block-image\">\n<figure class=\"aligncenter size-large is-resized\"><a href=\"https:\/\/sdgs.un.org\/goals\" target=\"_blank\" rel=\"noreferrer noopener\"><img loading=\"lazy\" decoding=\"async\" width=\"1024\" height=\"936\" src=\"https:\/\/holyshit.global\/wp-content\/uploads\/2023\/04\/SDGs-1024x936.jpg\" alt=\"\" class=\"wp-image-925\" style=\"width:512px;height:468px\" srcset=\"https:\/\/holyshit.global\/wp-content\/uploads\/2023\/04\/SDGs-1024x936.jpg 1024w, https:\/\/holyshit.global\/wp-content\/uploads\/2023\/04\/SDGs-300x274.jpg 300w, https:\/\/holyshit.global\/wp-content\/uploads\/2023\/04\/SDGs-768x702.jpg 768w, https:\/\/holyshit.global\/wp-content\/uploads\/2023\/04\/SDGs-465x425.jpg 465w, https:\/\/holyshit.global\/wp-content\/uploads\/2023\/04\/SDGs-547x500.jpg 547w, https:\/\/holyshit.global\/wp-content\/uploads\/2023\/04\/SDGs.jpg 1470w\" sizes=\"auto, (max-width: 1024px) 100vw, 1024px\" \/><\/a><\/figure>\n<\/div>\n\n\n<p class=\"has-medium-font-size\">\u00abLos 17 Objetivos de Desarrollo Sostenible (ODS), que son un llamamiento urgente a la acci\u00f3n de todos los pa\u00edses -desarrollados y en desarrollo-, fueron adoptados por todos los Estados miembros de las Naciones Unidas en 2015. Proporcionan un plan compartido para la paz y la prosperidad de las personas y el planeta, ahora y en el futuro. Reconocen que acabar con la pobreza y otras privaciones debe ir de la mano de estrategias que mejoren la salud y la educaci\u00f3n, reduzcan la desigualdad y estimulen el crecimiento econ\u00f3mico, todo ello al tiempo que se hace frente al cambio clim\u00e1tico y se trabaja para preservar nuestros oc\u00e9anos y bosques\u00bb. La declaraci\u00f3n procede del <a rel=\"noreferrer noopener\" href=\"https:\/\/sdgs.un.org\/goals\" target=\"_blank\">p\u00e1gina sobre los ODS del sitio web de la ONU.<\/a><\/p>\n\n\n\n<p class=\"has-medium-font-size\">\u00abHoly Shit: La revoluci\u00f3n org\u00e1nica\u00bb se centra principalmente en <a rel=\"noreferrer noopener\" href=\"https:\/\/sdgs.un.org\/goals\/goal6\" target=\"_blank\">ODS # 6: Agua potable y saneamiento para Garantizar la disponibilidad y la gesti\u00f3n sostenible del agua y el saneamiento para todos.<\/a><\/p>\n\n\n\n<div class=\"wp-block-buttons is-content-justification-center is-layout-flex wp-container-core-buttons-is-layout-16018d1d wp-block-buttons-is-layout-flex\">\n<div class=\"wp-block-button\"><a class=\"wp-block-button__link wp-element-button\" href=\"https:\/\/holyshit.global\/es\/limites-planetarios\/\">Anterior<\/a><\/div>\n\n\n\n<div class=\"wp-block-button\"><a class=\"wp-block-button__link wp-element-button\" href=\"https:\/\/holyshit.global\/es\/din-spec-91421\">Siguiente<\/a><\/div>\n<\/div>\n","protected":false},"excerpt":{"rendered":"<p>\u00abLos 17 Objetivos de Desarrollo Sostenible (ODS), que son un llamamiento urgente a la acci\u00f3n de todos los pa\u00edses -desarrollados y en desarrollo-, fueron adoptados por todos los Estados miembros de las Naciones Unidas en 2015. Proporcionan un plan compartido para la paz y la prosperidad de las personas y<span class=\"more-link\"><a href=\"https:\/\/holyshit.global\/es\/objetivos-de-desarrollo-sostenible\/\">Read More &rarr;<\/a><\/span><\/p>\n","protected":false},"author":1,"featured_media":0,"parent":0,"menu_order":0,"comment_status":"closed","ping_status":"closed","template":"","meta":{"footnotes":""},"class_list":["entry","author-wzu2bwzu2bwzu2b","post-2703","page","type-page","status-publish"],"_links":{"self":[{"href":"https:\/\/holyshit.global\/es\/wp-json\/wp\/v2\/pages\/2703","targetHints":{"allow":["GET"]}}],"collection":[{"href":"https:\/\/holyshit.global\/es\/wp-json\/wp\/v2\/pages"}],"about":[{"href":"https:\/\/holyshit.global\/es\/wp-json\/wp\/v2\/types\/page"}],"author":[{"embeddable":true,"href":"https:\/\/holyshit.global\/es\/wp-json\/wp\/v2\/users\/1"}],"replies":[{"embeddable":true,"href":"https:\/\/holyshit.global\/es\/wp-json\/wp\/v2\/comments?post=2703"}],"version-history":[{"count":6,"href":"https:\/\/holyshit.global\/es\/wp-json\/wp\/v2\/pages\/2703\/revisions"}],"predecessor-version":[{"id":2845,"href":"https:\/\/holyshit.global\/es\/wp-json\/wp\/v2\/pages\/2703\/revisions\/2845"}],"wp:attachment":[{"href":"https:\/\/holyshit.global\/es\/wp-json\/wp\/v2\/media?parent=2703"}],"curies":[{"name":"wp","href":"https:\/\/api.w.org\/{rel}","templated":true}]}}