{"id":2701,"date":"2023-03-17T21:24:14","date_gmt":"2023-03-17T20:24:14","guid":{"rendered":"https:\/\/holyshit.global\/videos-adicionales\/"},"modified":"2024-02-11T14:41:36","modified_gmt":"2024-02-11T13:41:36","slug":"videos-adicionales","status":"publish","type":"page","link":"https:\/\/holyshit.global\/es\/videos-adicionales\/","title":{"rendered":"Videos adicionales"},"content":{"rendered":"\n<p class=\"has-medium-font-size\">Durante los a\u00f1os de producci\u00f3n conocimos a muchas personas que trabajan para obtener el m\u00e1ximo partido al producto de nuestra digesti\u00f3n. Fue todo un reto determinar qu\u00e9 se qued\u00f3 en la pel\u00edcula y qu\u00e9 se dej\u00f3 afuera. Nos complace compartir testimonios que formaron parte de la pel\u00edcula en alg\u00fan momento pero que no llegaron a la versi\u00f3n final. <\/p>\n\n<div class=\"wp-block-columns is-layout-flex wp-container-core-columns-is-layout-9d6595d7 wp-block-columns-is-layout-flex\">\n<div class=\"wp-block-column is-layout-flow wp-block-column-is-layout-flow\">\n<figure class=\"wp-block-embed is-type-video is-provider-vimeo wp-block-embed-vimeo wp-embed-aspect-16-9 wp-has-aspect-ratio\"><div class=\"wp-block-embed__wrapper\">\n<iframe loading=\"lazy\" src=\"https:\/\/player.vimeo.com\/video\/809160281?dnt=1&amp;app_id=122963\" width=\"1280\" height=\"720\" frameborder=\"0\" allow=\"autoplay; fullscreen; picture-in-picture\"><\/iframe>\n<\/div><figcaption class=\"wp-element-caption\"><strong>Rub\u00e9n Abru\u00f1a descubre los Caganers<\/strong><\/figcaption><\/figure>\n\n\n\n<figure class=\"wp-block-embed is-type-video is-provider-vimeo wp-block-embed-vimeo wp-embed-aspect-16-9 wp-has-aspect-ratio\"><div class=\"wp-block-embed__wrapper\">\n<iframe loading=\"lazy\" src=\"https:\/\/player.vimeo.com\/video\/810548646?dnt=1&amp;app_id=122963\" width=\"1280\" height=\"720\" frameborder=\"0\" allow=\"autoplay; fullscreen; picture-in-picture\"><\/iframe>\n<\/div><figcaption class=\"wp-element-caption\"><strong>Montando el Emoji por primera vez<\/strong><\/figcaption><\/figure>\n\n\n\n<figure class=\"wp-block-embed is-type-video is-provider-vimeo wp-block-embed-vimeo wp-embed-aspect-16-9 wp-has-aspect-ratio\"><div class=\"wp-block-embed__wrapper\">\n<iframe loading=\"lazy\" src=\"https:\/\/player.vimeo.com\/video\/810548899?dnt=1&amp;app_id=122963\" width=\"1280\" height=\"720\" frameborder=\"0\" allow=\"autoplay; fullscreen; picture-in-picture\"><\/iframe>\n<\/div><figcaption class=\"wp-element-caption\"><strong>Mwende Lefler: MWRD Chicago produce estruvita.<\/strong><\/figcaption><\/figure>\n\n\n\n<figure class=\"wp-block-embed is-type-video is-provider-vimeo wp-block-embed-vimeo wp-embed-aspect-16-9 wp-has-aspect-ratio\"><div class=\"wp-block-embed__wrapper\">\n<iframe loading=\"lazy\" src=\"https:\/\/player.vimeo.com\/video\/816533832?h=fe8ba0e397&amp;dnt=1&amp;app_id=122963\" width=\"1280\" height=\"720\" frameborder=\"0\" allow=\"autoplay; fullscreen; picture-in-picture\"><\/iframe>\n<\/div><figcaption class=\"wp-element-caption\"><strong>Mwende Lefler: Los digestores de MWRD Chicago generan electricidad<\/strong><\/figcaption><\/figure>\n\n\n\n<figure class=\"wp-block-embed is-type-video is-provider-vimeo wp-block-embed-vimeo wp-embed-aspect-16-9 wp-has-aspect-ratio\"><div class=\"wp-block-embed__wrapper\">\n<iframe loading=\"lazy\" src=\"https:\/\/player.vimeo.com\/video\/809160709?dnt=1&amp;app_id=122963\" width=\"1280\" height=\"720\" frameborder=\"0\" allow=\"autoplay; fullscreen; picture-in-picture\"><\/iframe>\n<\/div><figcaption class=\"wp-element-caption\"><strong>Fred Stone: No hay un nivel seguro<\/strong><\/figcaption><\/figure>\n\n\n\n<figure class=\"wp-block-embed is-type-video is-provider-vimeo wp-block-embed-vimeo wp-embed-aspect-16-9 wp-has-aspect-ratio\"><div class=\"wp-block-embed__wrapper\">\n<iframe loading=\"lazy\" src=\"https:\/\/player.vimeo.com\/video\/810548843?dnt=1&amp;app_id=122963\" width=\"1280\" height=\"720\" frameborder=\"0\" allow=\"autoplay; fullscreen; picture-in-picture\"><\/iframe>\n<\/div><figcaption class=\"wp-element-caption\"><strong>Patrick MacRoy: Los PFAS son una receta para el desastre<\/strong><\/figcaption><\/figure>\n\n\n\n<figure class=\"wp-block-embed is-type-video is-provider-vimeo wp-block-embed-vimeo wp-embed-aspect-16-9 wp-has-aspect-ratio\"><div class=\"wp-block-embed__wrapper\">\n<iframe loading=\"lazy\" src=\"https:\/\/player.vimeo.com\/video\/809160738?dnt=1&amp;app_id=122963\" width=\"1280\" height=\"720\" frameborder=\"0\" allow=\"autoplay; fullscreen; picture-in-picture\"><\/iframe>\n<\/div><figcaption class=\"wp-element-caption\"><strong>Fred Stone: Para limpiar esta granja<\/strong><\/figcaption><\/figure>\n\n\n\n<figure class=\"wp-block-embed is-type-video is-provider-vimeo wp-block-embed-vimeo wp-embed-aspect-16-9 wp-has-aspect-ratio\"><div class=\"wp-block-embed__wrapper\">\n<iframe loading=\"lazy\" src=\"https:\/\/player.vimeo.com\/video\/809160670?dnt=1&amp;app_id=122963\" width=\"1280\" height=\"720\" frameborder=\"0\" allow=\"autoplay; fullscreen; picture-in-picture\"><\/iframe>\n<\/div><figcaption class=\"wp-element-caption\"><strong>Skip Backus: Estamos en un momento muy dif\u00edcil<\/strong><\/figcaption><\/figure>\n\n\n\n<figure class=\"wp-block-embed is-type-video is-provider-vimeo wp-block-embed-vimeo wp-embed-aspect-16-9 wp-has-aspect-ratio\"><div class=\"wp-block-embed__wrapper\">\n<iframe loading=\"lazy\" src=\"https:\/\/player.vimeo.com\/video\/809160624?dnt=1&amp;app_id=122963\" width=\"1280\" height=\"720\" frameborder=\"0\" allow=\"autoplay; fullscreen; picture-in-picture\"><\/iframe>\n<\/div><figcaption class=\"wp-element-caption\"><strong>Skip Backus: Las personas est\u00e1n separadas del proceso<\/strong><\/figcaption><\/figure>\n\n\n\n<figure class=\"wp-block-embed is-type-video is-provider-vimeo wp-block-embed-vimeo wp-embed-aspect-16-9 wp-has-aspect-ratio\"><div class=\"wp-block-embed__wrapper\">\n<iframe loading=\"lazy\" src=\"https:\/\/player.vimeo.com\/video\/809160328?dnt=1&amp;app_id=122963\" width=\"1280\" height=\"720\" frameborder=\"0\" allow=\"autoplay; fullscreen; picture-in-picture\"><\/iframe>\n<\/div><figcaption class=\"wp-element-caption\"><strong>Moses Henry: Cuando llega GiveLove las cosas empiezan a cambiar<\/strong><\/figcaption><\/figure>\n\n\n\n<figure class=\"wp-block-embed is-type-video is-provider-vimeo wp-block-embed-vimeo wp-embed-aspect-16-9 wp-has-aspect-ratio\"><div class=\"wp-block-embed__wrapper\">\n<iframe loading=\"lazy\" src=\"https:\/\/player.vimeo.com\/video\/810548705?dnt=1&amp;app_id=122963\" width=\"1280\" height=\"720\" frameborder=\"0\" allow=\"autoplay; fullscreen; picture-in-picture\"><\/iframe>\n<\/div><figcaption class=\"wp-element-caption\"><strong>Escuela Maanzoni_Kenya Connect_Inodoros de composta<\/strong><\/figcaption><\/figure>\n<\/div>\n\n\n\n<div class=\"wp-block-column is-layout-flow wp-block-column-is-layout-flow\">\n<figure class=\"wp-block-embed is-type-video is-provider-vimeo wp-block-embed-vimeo wp-embed-aspect-16-9 wp-has-aspect-ratio\"><div class=\"wp-block-embed__wrapper\">\n<iframe loading=\"lazy\" src=\"https:\/\/player.vimeo.com\/video\/809160554?dnt=1&amp;app_id=122963\" width=\"1280\" height=\"720\" frameborder=\"0\" allow=\"autoplay; fullscreen; picture-in-picture\"><\/iframe>\n<\/div><figcaption class=\"wp-element-caption\"><strong>Hamish Skermer: Tenemos que parar<\/strong><\/figcaption><\/figure>\n\n\n\n<figure class=\"wp-block-embed is-type-video is-provider-vimeo wp-block-embed-vimeo wp-embed-aspect-16-9 wp-has-aspect-ratio\"><div class=\"wp-block-embed__wrapper\">\n<iframe loading=\"lazy\" src=\"https:\/\/player.vimeo.com\/video\/809160589?dnt=1&amp;app_id=122963\" width=\"1280\" height=\"720\" frameborder=\"0\" allow=\"autoplay; fullscreen; picture-in-picture\"><\/iframe>\n<\/div><figcaption class=\"wp-element-caption\"><strong>Hamish Skermer: Tecnolog\u00eda aplicable a los campos de refugiados<\/strong><\/figcaption><\/figure>\n\n\n\n<figure class=\"wp-block-embed is-type-video is-provider-vimeo wp-block-embed-vimeo wp-embed-aspect-16-9 wp-has-aspect-ratio\"><div class=\"wp-block-embed__wrapper\">\n<iframe loading=\"lazy\" src=\"https:\/\/player.vimeo.com\/video\/809160470?dnt=1&amp;app_id=122963\" width=\"1280\" height=\"720\" frameborder=\"0\" allow=\"autoplay; fullscreen; picture-in-picture\"><\/iframe>\n<\/div><figcaption class=\"wp-element-caption\"><strong>Hamish Skermer: Los quiero<\/strong><\/figcaption><\/figure>\n\n\n\n<figure class=\"wp-block-embed is-type-video is-provider-vimeo wp-block-embed-vimeo wp-embed-aspect-16-9 wp-has-aspect-ratio\"><div class=\"wp-block-embed__wrapper\">\n<iframe loading=\"lazy\" src=\"https:\/\/player.vimeo.com\/video\/816512030?h=38d10aa53e&amp;dnt=1&amp;app_id=122963\" width=\"1280\" height=\"720\" frameborder=\"0\" allow=\"autoplay; fullscreen; picture-in-picture\"><\/iframe>\n<\/div><figcaption class=\"wp-element-caption\"><strong><strong>Carl Lindstrom: Crec\u00ed con un inodoro de composta<\/strong><\/strong><\/figcaption><\/figure>\n\n\n\n<figure class=\"wp-block-embed is-type-video is-provider-vimeo wp-block-embed-vimeo wp-embed-aspect-16-9 wp-has-aspect-ratio\"><div class=\"wp-block-embed__wrapper\">\n<iframe loading=\"lazy\" src=\"https:\/\/player.vimeo.com\/video\/809160376?dnt=1&amp;app_id=122963\" width=\"1280\" height=\"720\" frameborder=\"0\" allow=\"autoplay; fullscreen; picture-in-picture\"><\/iframe>\n<\/div><figcaption class=\"wp-element-caption\"><strong>Carl Lindstrom: Todas las ciudades del mundo<\/strong><\/figcaption><\/figure>\n\n\n\n<figure class=\"wp-block-embed is-type-video is-provider-vimeo wp-block-embed-vimeo wp-embed-aspect-16-9 wp-has-aspect-ratio\"><div class=\"wp-block-embed__wrapper\">\n<iframe loading=\"lazy\" src=\"https:\/\/player.vimeo.com\/video\/809160408?dnt=1&amp;app_id=122963\" width=\"1280\" height=\"720\" frameborder=\"0\" allow=\"autoplay; fullscreen; picture-in-picture\"><\/iframe>\n<\/div><figcaption class=\"wp-element-caption\"><strong>Carl Lindstrom: El da\u00f1o que estamos haciendo al medio ambiente<\/strong><\/figcaption><\/figure>\n\n\n\n<figure class=\"wp-block-embed is-type-video is-provider-vimeo wp-block-embed-vimeo wp-embed-aspect-16-9 wp-has-aspect-ratio\"><div class=\"wp-block-embed__wrapper\">\n<iframe loading=\"lazy\" src=\"https:\/\/player.vimeo.com\/video\/810548978?dnt=1&amp;app_id=122963\" width=\"1280\" height=\"720\" frameborder=\"0\" allow=\"autoplay; fullscreen; picture-in-picture\"><\/iframe>\n<\/div><figcaption class=\"wp-element-caption\"><strong>Fran\u00e7oise Julier-Costes: La mierda puede alcanzarte<\/strong><\/figcaption><\/figure>\n\n\n\n<figure class=\"wp-block-embed is-type-video is-provider-vimeo wp-block-embed-vimeo wp-embed-aspect-16-9 wp-has-aspect-ratio\"><div class=\"wp-block-embed__wrapper\">\n<iframe loading=\"lazy\" src=\"https:\/\/player.vimeo.com\/video\/810548601?dnt=1&amp;app_id=122963\" width=\"1280\" height=\"720\" frameborder=\"0\" allow=\"autoplay; fullscreen; picture-in-picture\"><\/iframe>\n<\/div><figcaption class=\"wp-element-caption\"><strong>Fran\u00e7oise Julier-Costes: Puede formar parte de su mundo<\/strong><\/figcaption><\/figure>\n\n\n\n<figure class=\"wp-block-embed is-type-video is-provider-vimeo wp-block-embed-vimeo wp-embed-aspect-16-9 wp-has-aspect-ratio\"><div class=\"wp-block-embed__wrapper\">\n<iframe loading=\"lazy\" src=\"https:\/\/player.vimeo.com\/video\/810548946?dnt=1&amp;app_id=122963\" width=\"1280\" height=\"720\" frameborder=\"0\" allow=\"autoplay; fullscreen; picture-in-picture\"><\/iframe>\n<\/div><figcaption class=\"wp-element-caption\"><strong>Benoit Molineaux: Es posible<\/strong><\/figcaption><\/figure>\n\n\n\n<figure class=\"wp-block-embed is-type-video is-provider-vimeo wp-block-embed-vimeo wp-embed-aspect-16-9 wp-has-aspect-ratio\"><div class=\"wp-block-embed__wrapper\">\n<iframe loading=\"lazy\" src=\"https:\/\/player.vimeo.com\/video\/811217110?dnt=1&amp;app_id=122963\" width=\"1280\" height=\"720\" frameborder=\"0\" allow=\"autoplay; fullscreen; picture-in-picture\"><\/iframe>\n<\/div><figcaption class=\"wp-element-caption\"><strong>Philippe Morier-Genoud: Nunca hemos tenido que vaciarlo<\/strong><\/figcaption><\/figure>\n\n\n\n<figure class=\"wp-block-embed is-type-video is-provider-vimeo wp-block-embed-vimeo wp-embed-aspect-16-9 wp-has-aspect-ratio\"><div class=\"wp-block-embed__wrapper\">\n<iframe loading=\"lazy\" src=\"https:\/\/player.vimeo.com\/video\/811217080?dnt=1&amp;app_id=122963\" width=\"1280\" height=\"720\" frameborder=\"0\" allow=\"autoplay; fullscreen; picture-in-picture\"><\/iframe>\n<\/div><figcaption class=\"wp-element-caption\"><strong>Philippe Morier-Genoud: Acerca de la palabra heces<\/strong><\/figcaption><\/figure>\n\n\n\n<figure class=\"wp-block-embed is-type-video is-provider-vimeo wp-block-embed-vimeo wp-embed-aspect-16-9 wp-has-aspect-ratio\"><div class=\"wp-block-embed__wrapper\">\n<iframe loading=\"lazy\" title=\"Toilets.\" src=\"https:\/\/player.vimeo.com\/video\/169518130?dnt=1&amp;app_id=122963\" width=\"1380\" height=\"776\" frameborder=\"0\" allow=\"autoplay; fullscreen; picture-in-picture\"><\/iframe>\n<\/div><figcaption class=\"wp-element-caption\"><strong>Inodoros: Un argumento a favor de la abolici\u00f3n de los retretes con cisterna<\/strong><\/figcaption><\/figure>\n<\/div>\n<\/div>\n","protected":false},"excerpt":{"rendered":"<p>Durante los a\u00f1os de producci\u00f3n conocimos a muchas personas que trabajan para obtener el m\u00e1ximo partido al producto de nuestra digesti\u00f3n. Fue todo un reto determinar qu\u00e9 se qued\u00f3 en la pel\u00edcula y qu\u00e9 se dej\u00f3 afuera. Nos complace compartir testimonios que formaron parte de la pel\u00edcula en alg\u00fan momento<span class=\"more-link\"><a href=\"https:\/\/holyshit.global\/es\/videos-adicionales\/\">Read More &rarr;<\/a><\/span><\/p>\n","protected":false},"author":1,"featured_media":0,"parent":0,"menu_order":0,"comment_status":"closed","ping_status":"closed","template":"","meta":{"footnotes":""},"class_list":["entry","author-wzu2bwzu2bwzu2b","post-2701","page","type-page","status-publish"],"_links":{"self":[{"href":"https:\/\/holyshit.global\/es\/wp-json\/wp\/v2\/pages\/2701","targetHints":{"allow":["GET"]}}],"collection":[{"href":"https:\/\/holyshit.global\/es\/wp-json\/wp\/v2\/pages"}],"about":[{"href":"https:\/\/holyshit.global\/es\/wp-json\/wp\/v2\/types\/page"}],"author":[{"embeddable":true,"href":"https:\/\/holyshit.global\/es\/wp-json\/wp\/v2\/users\/1"}],"replies":[{"embeddable":true,"href":"https:\/\/holyshit.global\/es\/wp-json\/wp\/v2\/comments?post=2701"}],"version-history":[{"count":1,"href":"https:\/\/holyshit.global\/es\/wp-json\/wp\/v2\/pages\/2701\/revisions"}],"predecessor-version":[{"id":2702,"href":"https:\/\/holyshit.global\/es\/wp-json\/wp\/v2\/pages\/2701\/revisions\/2702"}],"wp:attachment":[{"href":"https:\/\/holyshit.global\/es\/wp-json\/wp\/v2\/media?parent=2701"}],"curies":[{"name":"wp","href":"https:\/\/api.w.org\/{rel}","templated":true}]}}