{"id":2689,"date":"2023-06-03T09:53:25","date_gmt":"2023-06-03T08:53:25","guid":{"rendered":"https:\/\/holyshit.global\/trailer-de-impacto\/"},"modified":"2024-02-10T18:21:28","modified_gmt":"2024-02-10T17:21:28","slug":"trailer-de-impacto","status":"publish","type":"page","link":"https:\/\/holyshit.global\/es\/trailer-de-impacto\/","title":{"rendered":"Tr\u00e1iler de impacto"},"content":{"rendered":"\n<p>Versi\u00f3n ingl\u00e9s<\/p>\n\n<figure class=\"wp-block-embed is-type-video is-provider-vimeo wp-block-embed-vimeo wp-embed-aspect-16-9 wp-has-aspect-ratio\"><div class=\"wp-block-embed__wrapper\">\n<iframe loading=\"lazy\" title=\"Holy Shit_Impact Trailer\" src=\"https:\/\/player.vimeo.com\/video\/832252620?dnt=1&amp;app_id=122963\" width=\"1380\" height=\"776\" frameborder=\"0\" allow=\"autoplay; fullscreen; picture-in-picture\"><\/iframe>\n<\/div><\/figure>\n\n<hr class=\"wp-block-separator has-alpha-channel-opacity\"\/>\n\n<p>Versi\u00f3n alem\u00e1n<\/p>\n\n<figure class=\"wp-block-embed is-type-video is-provider-vimeo wp-block-embed-vimeo wp-embed-aspect-16-9 wp-has-aspect-ratio\"><div class=\"wp-block-embed__wrapper\">\n<iframe loading=\"lazy\" title=\"Holy Shit_Impact Trailer_DE\" src=\"https:\/\/player.vimeo.com\/video\/832253103?dnt=1&amp;app_id=122963\" width=\"1380\" height=\"776\" frameborder=\"0\" allow=\"autoplay; fullscreen; picture-in-picture\"><\/iframe>\n<\/div><\/figure>\n","protected":false},"excerpt":{"rendered":"<p>Versi\u00f3n ingl\u00e9s Versi\u00f3n alem\u00e1n<span class=\"more-link\"><a href=\"https:\/\/holyshit.global\/es\/trailer-de-impacto\/\">Read More &rarr;<\/a><\/span><\/p>\n","protected":false},"author":1,"featured_media":0,"parent":0,"menu_order":0,"comment_status":"closed","ping_status":"closed","template":"","meta":{"footnotes":""},"class_list":["entry","author-wzu2bwzu2bwzu2b","post-2689","page","type-page","status-publish"],"_links":{"self":[{"href":"https:\/\/holyshit.global\/es\/wp-json\/wp\/v2\/pages\/2689","targetHints":{"allow":["GET"]}}],"collection":[{"href":"https:\/\/holyshit.global\/es\/wp-json\/wp\/v2\/pages"}],"about":[{"href":"https:\/\/holyshit.global\/es\/wp-json\/wp\/v2\/types\/page"}],"author":[{"embeddable":true,"href":"https:\/\/holyshit.global\/es\/wp-json\/wp\/v2\/users\/1"}],"replies":[{"embeddable":true,"href":"https:\/\/holyshit.global\/es\/wp-json\/wp\/v2\/comments?post=2689"}],"version-history":[{"count":1,"href":"https:\/\/holyshit.global\/es\/wp-json\/wp\/v2\/pages\/2689\/revisions"}],"predecessor-version":[{"id":2690,"href":"https:\/\/holyshit.global\/es\/wp-json\/wp\/v2\/pages\/2689\/revisions\/2690"}],"wp:attachment":[{"href":"https:\/\/holyshit.global\/es\/wp-json\/wp\/v2\/media?parent=2689"}],"curies":[{"name":"wp","href":"https:\/\/api.w.org\/{rel}","templated":true}]}}