{"id":2603,"date":"2023-12-14T11:11:59","date_gmt":"2023-12-14T10:11:59","guid":{"rendered":"https:\/\/holyshit.global\/ver-holy-shit-ahora-mismo\/"},"modified":"2026-03-06T15:49:11","modified_gmt":"2026-03-06T14:49:11","slug":"ver-holy-shit-ahora-mismo","status":"publish","type":"page","link":"https:\/\/holyshit.global\/es\/ver-holy-shit-ahora-mismo\/","title":{"rendered":"Ver Holy Shit ahora mismo"},"content":{"rendered":"\n<p class=\"has-medium-font-size\">Puede ver la versi\u00f3n completa de \u00abHoly Shit: La revoluci\u00f3n regenerativa\u00bb narrada en castellano y con subt\u00edtulos en castellano haciendo clic en el bot\u00f3n \u00abRent\u00bb. La pel\u00edcula est\u00e1 actualmente disponible en todos los territorios a\u00fan no vendidos. <br\/><br\/>Para reservar una proyecci\u00f3n comunitaria, educativa o para grupos grandes, p\u00f3ngase en contacto con <a href=\"https:\/\/vimeo.com\/ondemand\/holyshitmovie\" target=\"_blank\" rel=\"noreferrer noopener\">Autlook Filmsales <\/a>para obtener m\u00e1s informaci\u00f3n;<\/p>\n\n<figure class=\"wp-block-embed is-type-video is-provider-vimeo wp-block-embed-vimeo wp-embed-aspect-16-9 wp-has-aspect-ratio\"><div class=\"wp-block-embed__wrapper\">\n<iframe loading=\"lazy\" title=\"Holy Shit: La revoluci\u00f3n regenerativa\" src=\"https:\/\/player.vimeo.com\/video\/1128772080?dnt=1&amp;app_id=122963\" width=\"1380\" height=\"776\" frameborder=\"0\" allow=\"autoplay; fullscreen; picture-in-picture; clipboard-write; encrypted-media; web-share\" referrerpolicy=\"strict-origin-when-cross-origin\"><\/iframe>\n<\/div><\/figure>\n\n<p><\/p>\n","protected":false},"excerpt":{"rendered":"<p>Puede ver la versi\u00f3n completa de \u00abHoly Shit: La revoluci\u00f3n regenerativa\u00bb narrada en castellano y con subt\u00edtulos en castellano haciendo clic en el bot\u00f3n \u00abRent\u00bb. La pel\u00edcula est\u00e1 actualmente disponible en todos los territorios a\u00fan no vendidos. Para reservar una proyecci\u00f3n comunitaria, educativa o para grupos grandes, p\u00f3ngase en contacto<span class=\"more-link\"><a href=\"https:\/\/holyshit.global\/es\/ver-holy-shit-ahora-mismo\/\">Read More &rarr;<\/a><\/span><\/p>\n","protected":false},"author":1,"featured_media":0,"parent":0,"menu_order":0,"comment_status":"closed","ping_status":"closed","template":"","meta":{"footnotes":""},"class_list":["entry","author-wzu2bwzu2bwzu2b","post-2603","page","type-page","status-publish"],"_links":{"self":[{"href":"https:\/\/holyshit.global\/es\/wp-json\/wp\/v2\/pages\/2603","targetHints":{"allow":["GET"]}}],"collection":[{"href":"https:\/\/holyshit.global\/es\/wp-json\/wp\/v2\/pages"}],"about":[{"href":"https:\/\/holyshit.global\/es\/wp-json\/wp\/v2\/types\/page"}],"author":[{"embeddable":true,"href":"https:\/\/holyshit.global\/es\/wp-json\/wp\/v2\/users\/1"}],"replies":[{"embeddable":true,"href":"https:\/\/holyshit.global\/es\/wp-json\/wp\/v2\/comments?post=2603"}],"version-history":[{"count":17,"href":"https:\/\/holyshit.global\/es\/wp-json\/wp\/v2\/pages\/2603\/revisions"}],"predecessor-version":[{"id":3211,"href":"https:\/\/holyshit.global\/es\/wp-json\/wp\/v2\/pages\/2603\/revisions\/3211"}],"wp:attachment":[{"href":"https:\/\/holyshit.global\/es\/wp-json\/wp\/v2\/media?parent=2603"}],"curies":[{"name":"wp","href":"https:\/\/api.w.org\/{rel}","templated":true}]}}