{"id":2508,"date":"2023-03-11T09:25:21","date_gmt":"2023-03-11T08:25:21","guid":{"rendered":"https:\/\/holyshit.global\/que-puedo-hacer\/"},"modified":"2023-11-21T19:04:27","modified_gmt":"2023-11-21T18:04:27","slug":"que-puedo-hacer","status":"publish","type":"page","link":"https:\/\/holyshit.global\/es\/que-puedo-hacer\/","title":{"rendered":"\u00bfQu\u00e9 puedo hacer?"},"content":{"rendered":"\n<p class=\"has-medium-font-size\">Aqu\u00ed tienes una lista de cosas pr\u00e1cticas que puedes hacer para dejar de despilfarrar y <strong>empezar a reutilizar el NPK de nuestra excreta.<\/strong><\/p>\n\n<p class=\"has-medium-font-size\">Puedes <strong>empezar a recolectar tu orina<\/strong>, incluso si no tienes un inodoro seco o un inodoro seco con desviaci\u00f3n de orina. Con un embudo, simplemente orina en una botella de cristal o pl\u00e1stico duro que puedas tapar seguramente y transfiere la orina a un recipiente m\u00e1s grande cuando est\u00e9 lleno. Las mujeres pueden utilizar un urinario femenino reutilizable como <a href=\"https:\/\/www.amazon.de\/dp\/B0899H2CZZ\/ref=pe_27091401_487027711_TE_SCE_dp_1?th=1\" target=\"_blank\" rel=\"noreferrer noopener\">este<\/a> o un <a href=\"https:\/\/www.missoir.de\/\" target=\"_blank\" rel=\"noreferrer noopener\">Missoir<\/a>. Util\u00edzalo como abono en tu jard\u00edn de flores y hortalizas y ver\u00e1s c\u00f3mo las plantas brotan de la tierra como nunca antes. Adem\u00e1s, el ahorro de agua es enorme porque no tendr\u00e1s que tirar de la cadena cuando orines en una botella. Un inodoro convencional consume un promedio de 7 litros de agua potable por descarga. <\/p>\n\n<p class=\"has-text-align-center\"> <a href=\"https:\/\/www.dropbox.com\/s\/p2sku175c73npgs\/The%20use%20of%20urine%20fertilizer.pdf?dl=1\" target=\"_blank\" rel=\"noreferrer noopener\"><img loading=\"lazy\" decoding=\"async\" width=\"150\" height=\"152\" class=\"wp-image-650\" style=\"width: 150px;\" src=\"https:\/\/holyshit.global\/wp-content\/uploads\/2023\/03\/Cover-page-of-The-use-of-urine-fertilizer.jpg\" alt=\"\" srcset=\"https:\/\/holyshit.global\/wp-content\/uploads\/2023\/03\/Cover-page-of-The-use-of-urine-fertilizer.jpg 407w, https:\/\/holyshit.global\/wp-content\/uploads\/2023\/03\/Cover-page-of-The-use-of-urine-fertilizer-296x300.jpg 296w\" sizes=\"auto, (max-width: 150px) 100vw, 150px\" \/><\/a><\/p>\n\n<p class=\"has-medium-font-size\">El manual titulado <a rel=\"noreferrer noopener\" href=\"https:\/\/www.dropbox.com\/s\/p2sku175c73npgs\/The%20use%20of%20urine%20fertilizer.pdf?dl=1\" target=\"_blank\">The Use of Urine as Fertilizer<\/a> (en ingl\u00e9s) es un buen comienzo para entender c\u00f3mo utilizar la orina de forma segura, siguiendo las directrices establecidas por la Organizaci\u00f3n Mundial de la Salud. Lo he seguido y puedo dar fe de su valor. \u00c9chale un vistazo a <a href=\"https:\/\/vimeo.com\/579929271\/35abf6a310\" target=\"_blank\" rel=\"noreferrer noopener\">este video<\/a>. <br\/><\/p>\n\n<p class=\"has-text-align-center has-medium-font-size\"><a href=\"https:\/\/www.vunanexus.com\/aurin\" target=\"_blank\" rel=\"noreferrer noopener\"><img loading=\"lazy\" decoding=\"async\" width=\"150\" height=\"207\" class=\"wp-image-655\" style=\"width: 150px;\" src=\"https:\/\/holyshit.global\/wp-content\/uploads\/2023\/03\/Aurin-e1679837187171.png\" alt=\"\" srcset=\"https:\/\/holyshit.global\/wp-content\/uploads\/2023\/03\/Aurin-e1679837187171.png 346w, https:\/\/holyshit.global\/wp-content\/uploads\/2023\/03\/Aurin-e1679837187171-217x300.png 217w\" sizes=\"auto, (max-width: 150px) 100vw, 150px\" \/><\/a><\/p>\n\n<p class=\"has-text-align-left has-medium-font-size\">En Suiza, Liechtenstein y Austria puedes <strong>comprar abono hecho con orina humana.<\/strong> El producto se llama Aurin y lo fabrica <a rel=\"noreferrer noopener\" href=\"https:\/\/www.vunanexus.com\/aurin\" target=\"_blank\">VunaNexus.<\/a> Lo he utilizado en mi jard\u00edn y funciona muy bien, y no apesta.<br\/><\/p>\n\n<p class=\"has-text-align-center has-medium-font-size\"><img loading=\"lazy\" decoding=\"async\" width=\"150\" height=\"150\" class=\"wp-image-841\" style=\"width: 150px;\" src=\"https:\/\/holyshit.global\/wp-content\/uploads\/2023\/03\/Finizio_tuetentoilette3.jpeg\" alt=\"\" srcset=\"https:\/\/holyshit.global\/wp-content\/uploads\/2023\/03\/Finizio_tuetentoilette3.jpeg 1200w, https:\/\/holyshit.global\/wp-content\/uploads\/2023\/03\/Finizio_tuetentoilette3-300x300.jpeg 300w, https:\/\/holyshit.global\/wp-content\/uploads\/2023\/03\/Finizio_tuetentoilette3-1024x1024.jpeg 1024w, https:\/\/holyshit.global\/wp-content\/uploads\/2023\/03\/Finizio_tuetentoilette3-150x150.jpeg 150w, https:\/\/holyshit.global\/wp-content\/uploads\/2023\/03\/Finizio_tuetentoilette3-768x768.jpeg 768w, https:\/\/holyshit.global\/wp-content\/uploads\/2023\/03\/Finizio_tuetentoilette3-465x465.jpeg 465w, https:\/\/holyshit.global\/wp-content\/uploads\/2023\/03\/Finizio_tuetentoilette3-500x500.jpeg 500w\" sizes=\"auto, (max-width: 150px) 100vw, 150px\" \/><\/p>\n\n<p class=\"has-medium-font-size\"><strong>Adquiera un inodoro seco con desviaci\u00f3n de orina.<\/strong> Separa la orina y las heces en la fuente o punto de origen. La orina se separa arriba o abajo; La imagen superior muestra un inodoro con desviaci\u00f3n de orina, de separaci\u00f3n superior. Con ambos, puede utilizar la orina como fertilizante l\u00edquido con bastante rapidez. Las heces se almacenan por separado y pueden dejarse secar o compostarse. El nuevo inodoro de <a rel=\"noreferrer noopener\" href=\"https:\/\/finizio.de\/rohrposttoilette\/\" target=\"_blank\">Finizio<\/a> es un buen ejemplo de un retrete de separaci\u00f3n superior. El <a rel=\"noreferrer noopener\" href=\"http:\/\/www.compostera.co.uk\/compostera.co.uk\/CompostEraEngl.html\" target=\"_blank\">CompostEra<\/a> dise\u00f1ado por Carl Lindstrom es un buen ejemplo de separaci\u00f3n inferior. Es ideal para zonas rurales o suburbanas. Su precursor, inventado por su padre Rikard Lindstrom, es el igualmente sostenible <a rel=\"noreferrer noopener\" href=\"https:\/\/clivusmultrum.com\/products-services.php#products\" target=\"_blank\">Clivusmultrum<\/a> con instalaciones en toda Norteam\u00e9rica. Consulte las ofertas de inodoros con desviaci\u00f3n de orina de <a rel=\"noreferrer noopener\" href=\"https:\/\/www.naturalevent.com.au\/products\/\" target=\"_blank\">Natural Event<\/a> y <a rel=\"noreferrer noopener\" href=\"https:\/\/www.kompotoi.ch\/produkt-kategorie\/toiletten\/\" target=\"_blank\">Kompotoi.<\/a> Hay muchas m\u00e1s opciones al alcance de la mano con una simple b\u00fasqueda en Google.<\/p>\n\n<p class=\"has-text-align-center has-medium-font-size\"><br\/><a href=\"https:\/\/www.dropbox.com\/s\/zqtcm5fgj1i5i8f\/Learning%20about%20compost%20toilets.pdf?dl=1\" target=\"_blank\" rel=\"noreferrer noopener\"><img loading=\"lazy\" decoding=\"async\" width=\"150\" height=\"183\" class=\"wp-image-684\" style=\"width: 150px;\" src=\"https:\/\/holyshit.global\/wp-content\/uploads\/2023\/03\/Cover-page-Learning-about-compost-toilets.jpg\" alt=\"\" srcset=\"https:\/\/holyshit.global\/wp-content\/uploads\/2023\/03\/Cover-page-Learning-about-compost-toilets.jpg 737w, https:\/\/holyshit.global\/wp-content\/uploads\/2023\/03\/Cover-page-Learning-about-compost-toilets-246x300.jpg 246w, https:\/\/holyshit.global\/wp-content\/uploads\/2023\/03\/Cover-page-Learning-about-compost-toilets-465x567.jpg 465w, https:\/\/holyshit.global\/wp-content\/uploads\/2023\/03\/Cover-page-Learning-about-compost-toilets-410x500.jpg 410w\" sizes=\"auto, (max-width: 150px) 100vw, 150px\" \/><\/a><br\/><\/p>\n\n<p class=\"has-medium-font-size\"><strong>Establecer un sistema que pueda compostar tanto la orina como las heces<\/strong>. La orina es m\u00e1s segura de manejar que las heces porque tiene un contaje bacteriano bajo. Por lo tanto, para montar un sistema que tambi\u00e9n convierta las heces en abono, hay que estar m\u00e1s atento al proceso. GiveLove, la organizaci\u00f3n que desempe\u00f1\u00f3 un rol en los cap\u00edtulos africanos de la pel\u00edcula, nos dio permiso para compartir con ustedes <a rel=\"noreferrer noopener\" href=\"https:\/\/www.dropbox.com\/s\/zqtcm5fgj1i5i8f\/Learning%20about%20compost%20toilets.pdf?dl=1\" target=\"_blank\">Learning About Compost Toilets: A guide for humanure composting in schools and homesteads.<\/a> (en ingl\u00e9s) Explica en un lenguaje sencillo pero cient\u00edficamente preciso los fundamentos del compostaje de excrementos humanos. Para profundizar en la ciencia del compostaje <a rel=\"noreferrer noopener\" href=\"https:\/\/humanurehandbook.com\/\" target=\"_blank\">The Humanure Handbook por Joseph C. Jenkins<\/a> es una lectura obligada. Se ha traducido a 21 idiomas y se considera una de las gu\u00edas m\u00e1s autorizadas sobre el tema. Joe Jenkins, que tambi\u00e9n forma parte del consejo asesor de GiveLove, ha influido en el contenido de la pel\u00edcula. <\/p>\n<div class=\"wp-block-image\">\n<figure class=\"aligncenter size-full\"><img loading=\"lazy\" decoding=\"async\" width=\"250\" height=\"250\" src=\"https:\/\/holyshit.global\/wp-content\/uploads\/2023\/03\/cropped-HS-Emoji-logo-e1678515414455.jpg\" alt=\"\" class=\"wp-image-62\" srcset=\"https:\/\/holyshit.global\/wp-content\/uploads\/2023\/03\/cropped-HS-Emoji-logo-e1678515414455.jpg 250w, https:\/\/holyshit.global\/wp-content\/uploads\/2023\/03\/cropped-HS-Emoji-logo-e1678515414455-150x150.jpg 150w, https:\/\/holyshit.global\/wp-content\/uploads\/2023\/03\/cropped-HS-Emoji-logo-e1678515414455-100x100.jpg 100w\" sizes=\"auto, (max-width: 250px) 100vw, 250px\" \/><\/figure>\n<\/div>\n<p class=\"has-medium-font-size\">Pero, como muestro en la pel\u00edcula, sigue siendo ilegal utilizar excrementos humanos compostados como abono en la agricultura comercial. Esto tiene que cambiar, por lo que debemos presionar a las autoridades nacionales y estatales para que <strong>legalicen el uso de excrementos compostados como abono<\/strong>, y pedir que se establezcan centros de recolecci\u00f3n locales donde la gente, incluso la que tiene inodoros con cisterna, pueda llevar su orina para ser reciclada en abono.<br\/><\/p>\n\n<p class=\"has-medium-font-size\">Tambi\u00e9n debemos exigir a nuestro gobierno que <strong>hagan de los inodoros de compostaje y los sistemas de tratamiento locales que generan energ\u00eda, las primeras opciones en todas las nuevas construcciones.<\/strong>;<br\/><\/p>\n\n<p class=\"has-medium-font-size\">Tambi\u00e9n debemos exigir a nuestras plantas de tratamiento de aguas que <strong>no usen los lodos de depuradora o bios\u00f3lidos como fertilizantes.<\/strong><\/p>\n","protected":false},"excerpt":{"rendered":"<p>Aqu\u00ed tienes una lista de cosas pr\u00e1cticas que puedes hacer para dejar de despilfarrar y empezar a reutilizar el NPK de nuestra excreta. Puedes empezar a recolectar tu orina, incluso si no tienes un inodoro seco o un inodoro seco con desviaci\u00f3n de orina. Con un embudo, simplemente orina en<span class=\"more-link\"><a href=\"https:\/\/holyshit.global\/es\/que-puedo-hacer\/\">Read More &rarr;<\/a><\/span><\/p>\n","protected":false},"author":1,"featured_media":0,"parent":0,"menu_order":0,"comment_status":"closed","ping_status":"closed","template":"","meta":{"footnotes":""},"class_list":["entry","author-wzu2bwzu2bwzu2b","post-2508","page","type-page","status-publish"],"_links":{"self":[{"href":"https:\/\/holyshit.global\/es\/wp-json\/wp\/v2\/pages\/2508","targetHints":{"allow":["GET"]}}],"collection":[{"href":"https:\/\/holyshit.global\/es\/wp-json\/wp\/v2\/pages"}],"about":[{"href":"https:\/\/holyshit.global\/es\/wp-json\/wp\/v2\/types\/page"}],"author":[{"embeddable":true,"href":"https:\/\/holyshit.global\/es\/wp-json\/wp\/v2\/users\/1"}],"replies":[{"embeddable":true,"href":"https:\/\/holyshit.global\/es\/wp-json\/wp\/v2\/comments?post=2508"}],"version-history":[{"count":1,"href":"https:\/\/holyshit.global\/es\/wp-json\/wp\/v2\/pages\/2508\/revisions"}],"predecessor-version":[{"id":2509,"href":"https:\/\/holyshit.global\/es\/wp-json\/wp\/v2\/pages\/2508\/revisions\/2509"}],"wp:attachment":[{"href":"https:\/\/holyshit.global\/es\/wp-json\/wp\/v2\/media?parent=2508"}],"curies":[{"name":"wp","href":"https:\/\/api.w.org\/{rel}","templated":true}]}}