{"id":2504,"date":"2023-03-28T14:08:27","date_gmt":"2023-03-28T13:08:27","guid":{"rendered":"https:\/\/holyshit.global\/limites-planetarios\/"},"modified":"2024-02-12T15:09:51","modified_gmt":"2024-02-12T14:09:51","slug":"limites-planetarios","status":"publish","type":"page","link":"https:\/\/holyshit.global\/es\/limites-planetarios\/","title":{"rendered":"L\u00edmites planetarios"},"content":{"rendered":"\n<p class=\"has-medium-font-size\">En 2009, un grupo de cient\u00edficos dirigido por Johan Rockstr\u00f6m, en Suecia, defini\u00f3 nueve l\u00edmites \u00abdentro de los cuales la humanidad puede seguir desarroll\u00e1ndose y prosperar durante generaciones\u00bb, siempre que no los sobrepasemos. Ese es, en esencia, el concepto de l\u00edmites planetarios.<\/p>\n\n\n\n<p class=\"has-medium-font-size\">Es otra forma de decir que hay l\u00edmites al crecimiento y que <strong>nuestro planeta es un organismo vivo que s\u00f3lo puede mantener la vida mientras nuestras actividades humanas no tengan consecuencias desastrosas e irreparables<\/strong> <\/p>\n\n\n\n<p class=\"has-medium-font-size\">Hemos sobrepasado ampliamente el l\u00edmite planetario relacionado con la producci\u00f3n y el uso de nitr\u00f3geno y f\u00f3sforo. La agricultura moderna es una de las principales causas de ello, ya que produce cambios medioambientales a gran escala inducidos por el nitr\u00f3geno y el f\u00f3sforo que causan grandes da\u00f1os y ponen en peligro la vida en el planeta Tierra. Esta es una muy buena raz\u00f3n para reciclar nuestros excrementos como abono, o para devolver nuestra caca al suelo. Para saber m\u00e1s sobre los l\u00edmites planetarios, visite <a rel=\"noreferrer noopener\" href=\"https:\/\/www.stockholmresilience.org\/research\/planetary-boundaries.html\" target=\"_blank\">este sitio<\/a>. <\/p>\n\n\n\n<p class=\"has-medium-font-size\">El siguiente gr\u00e1fico ilustra los nueve l\u00edmites planetarios y su estado actual. En los l\u00edmites de flujos biogeoqu\u00edmicos, las letras P y N significan f\u00f3sforo y nitr\u00f3geno.<\/p>\n\n\n\n<figure class=\"wp-block-image size-large\"><img loading=\"lazy\" decoding=\"async\" width=\"1007\" height=\"1024\" src=\"https:\/\/holyshit.global\/wp-content\/uploads\/2023\/03\/planterary-boundaries-vector-1007x1024.jpg\" alt=\"\" class=\"wp-image-858\" srcset=\"https:\/\/holyshit.global\/wp-content\/uploads\/2023\/03\/planterary-boundaries-vector-1007x1024.jpg 1007w, https:\/\/holyshit.global\/wp-content\/uploads\/2023\/03\/planterary-boundaries-vector-295x300.jpg 295w, https:\/\/holyshit.global\/wp-content\/uploads\/2023\/03\/planterary-boundaries-vector-768x781.jpg 768w, https:\/\/holyshit.global\/wp-content\/uploads\/2023\/03\/planterary-boundaries-vector-1511x1536.jpg 1511w, https:\/\/holyshit.global\/wp-content\/uploads\/2023\/03\/planterary-boundaries-vector-465x473.jpg 465w, https:\/\/holyshit.global\/wp-content\/uploads\/2023\/03\/planterary-boundaries-vector-492x500.jpg 492w, https:\/\/holyshit.global\/wp-content\/uploads\/2023\/03\/planterary-boundaries-vector.jpg 1575w\" sizes=\"auto, (max-width: 1007px) 100vw, 1007px\" \/><figcaption class=\"wp-element-caption\">(Cr\u00e9dito: J. Lokrantz\/Azote basado en Steffen et al. 2015) <\/figcaption><\/figure>\n\n\n\n<div class=\"wp-block-buttons is-content-justification-center is-layout-flex wp-container-core-buttons-is-layout-16018d1d wp-block-buttons-is-layout-flex\">\n<div class=\"wp-block-button\"><a class=\"wp-block-button__link wp-element-button\" href=\"https:\/\/holyshit.global\/es\/caganer\">Anterior<\/a><\/div>\n\n\n\n<div class=\"wp-block-button\"><a class=\"wp-block-button__link wp-element-button\" href=\"https:\/\/holyshit.global\/es\/objetivos-de-desarrollo-sostenible\">Siguiente<\/a><\/div>\n<\/div>\n","protected":false},"excerpt":{"rendered":"<p>En 2009, un grupo de cient\u00edficos dirigido por Johan Rockstr\u00f6m, en Suecia, defini\u00f3 nueve l\u00edmites \u00abdentro de los cuales la humanidad puede seguir desarroll\u00e1ndose y prosperar durante generaciones\u00bb, siempre que no los sobrepasemos. Ese es, en esencia, el concepto de l\u00edmites planetarios. Es otra forma de decir que hay l\u00edmites<span class=\"more-link\"><a href=\"https:\/\/holyshit.global\/es\/limites-planetarios\/\">Read More &rarr;<\/a><\/span><\/p>\n","protected":false},"author":1,"featured_media":0,"parent":0,"menu_order":0,"comment_status":"closed","ping_status":"closed","template":"","meta":{"footnotes":""},"class_list":["entry","author-wzu2bwzu2bwzu2b","post-2504","page","type-page","status-publish"],"_links":{"self":[{"href":"https:\/\/holyshit.global\/es\/wp-json\/wp\/v2\/pages\/2504","targetHints":{"allow":["GET"]}}],"collection":[{"href":"https:\/\/holyshit.global\/es\/wp-json\/wp\/v2\/pages"}],"about":[{"href":"https:\/\/holyshit.global\/es\/wp-json\/wp\/v2\/types\/page"}],"author":[{"embeddable":true,"href":"https:\/\/holyshit.global\/es\/wp-json\/wp\/v2\/users\/1"}],"replies":[{"embeddable":true,"href":"https:\/\/holyshit.global\/es\/wp-json\/wp\/v2\/comments?post=2504"}],"version-history":[{"count":5,"href":"https:\/\/holyshit.global\/es\/wp-json\/wp\/v2\/pages\/2504\/revisions"}],"predecessor-version":[{"id":2869,"href":"https:\/\/holyshit.global\/es\/wp-json\/wp\/v2\/pages\/2504\/revisions\/2869"}],"wp:attachment":[{"href":"https:\/\/holyshit.global\/es\/wp-json\/wp\/v2\/media?parent=2504"}],"curies":[{"name":"wp","href":"https:\/\/api.w.org\/{rel}","templated":true}]}}