{"id":2500,"date":"2023-03-14T17:53:42","date_gmt":"2023-03-14T16:53:42","guid":{"rendered":"https:\/\/holyshit.global\/dr-jaeweon-cho\/"},"modified":"2023-11-21T18:29:06","modified_gmt":"2023-11-21T17:29:06","slug":"dr-jaeweon-cho","status":"publish","type":"page","link":"https:\/\/holyshit.global\/es\/dr-jaeweon-cho\/","title":{"rendered":"Dr. Jaeweon Cho"},"content":{"rendered":"\n<p class=\"has-medium-font-size\">En el Instituto Nacional de Ciencia y Tecnolog\u00eda de Ulsan (UNIST), el Dr. Jaeweon Cho invent\u00f3 un sistema experimental basado en un inodoro que separa la orina de las heces fecales por el que la gente puede ganar dinero con sus dep\u00f3sitos diarios. Ggool, que significa miel en coreano y es apodado por algunos como Shitcoin es la unidad digital del sistema monetario que cre\u00f3 llamado feces Standard Money o fSM. Esta idea innovadora, que tambi\u00e9n puede servir de base para un sistema de renta b\u00e1sica universal, se presenta en su libro <a rel=\"noreferrer noopener\" href=\"https:\/\/art-earth.org.uk\/honey-money\/#:~:text=Honey%20Money%3A%20fSM%20%E2%80%93%20new%20money,the%20infrastructural%20economic%20status%20quo.\" target=\"_blank\">Honey Money-fSM New Money for a New Society. <\/a> Tambi\u00e9n te puede interesar la <a href=\"https:\/\/art-earth.org.uk\/honey-money-a-review-by-ruben-abruna\/\" target=\"_blank\" rel=\"noreferrer noopener\">rese\u00f1a<\/a> que escrib\u00ed (en ingl\u00e9s) sobre el libro.<\/p>\n\n<p class=\"has-small-font-size\">Foto \u00a9 2023 ThurnFilm\/Justin Lovett<\/p>\n\n<div class=\"wp-block-buttons is-content-justification-center is-layout-flex wp-container-core-buttons-is-layout-16018d1d wp-block-buttons-is-layout-flex\">\n<div class=\"wp-block-button\"><a class=\"wp-block-button__link wp-element-button\" href=\"https:\/\/holyshit.global\/es\/finizio-saneamiento-del-futuro\/\">Anterior<\/a><\/div>\n\n\n\n<div class=\"wp-block-button\"><a class=\"wp-block-button__link wp-element-button\" href=\"https:\/\/holyshit.global\/es\/ruben-abruna-director\/\">Siguiente<\/a><\/div>\n<\/div>\n","protected":false},"excerpt":{"rendered":"<p>En el Instituto Nacional de Ciencia y Tecnolog\u00eda de Ulsan (UNIST), el Dr. Jaeweon Cho invent\u00f3 un sistema experimental basado en un inodoro que separa la orina de las heces fecales por el que la gente puede ganar dinero con sus dep\u00f3sitos diarios. Ggool, que significa miel en coreano y<span class=\"more-link\"><a href=\"https:\/\/holyshit.global\/es\/dr-jaeweon-cho\/\">Read More &rarr;<\/a><\/span><\/p>\n","protected":false},"author":1,"featured_media":457,"parent":0,"menu_order":0,"comment_status":"closed","ping_status":"closed","template":"","meta":{"footnotes":""},"class_list":["entry","author-wzu2bwzu2bwzu2b","post-2500","page","type-page","status-publish","has-post-thumbnail"],"_links":{"self":[{"href":"https:\/\/holyshit.global\/es\/wp-json\/wp\/v2\/pages\/2500","targetHints":{"allow":["GET"]}}],"collection":[{"href":"https:\/\/holyshit.global\/es\/wp-json\/wp\/v2\/pages"}],"about":[{"href":"https:\/\/holyshit.global\/es\/wp-json\/wp\/v2\/types\/page"}],"author":[{"embeddable":true,"href":"https:\/\/holyshit.global\/es\/wp-json\/wp\/v2\/users\/1"}],"replies":[{"embeddable":true,"href":"https:\/\/holyshit.global\/es\/wp-json\/wp\/v2\/comments?post=2500"}],"version-history":[{"count":1,"href":"https:\/\/holyshit.global\/es\/wp-json\/wp\/v2\/pages\/2500\/revisions"}],"predecessor-version":[{"id":2501,"href":"https:\/\/holyshit.global\/es\/wp-json\/wp\/v2\/pages\/2500\/revisions\/2501"}],"wp:featuredmedia":[{"embeddable":true,"href":"https:\/\/holyshit.global\/es\/wp-json\/wp\/v2\/media\/457"}],"wp:attachment":[{"href":"https:\/\/holyshit.global\/es\/wp-json\/wp\/v2\/media?parent=2500"}],"curies":[{"name":"wp","href":"https:\/\/api.w.org\/{rel}","templated":true}]}}