{"id":2498,"date":"2023-03-14T17:24:08","date_gmt":"2023-03-14T16:24:08","guid":{"rendered":"https:\/\/holyshit.global\/finizio-saneamiento-del-futuro\/"},"modified":"2024-02-12T11:27:46","modified_gmt":"2024-02-12T10:27:46","slug":"finizio-saneamiento-del-futuro","status":"publish","type":"page","link":"https:\/\/holyshit.global\/es\/finizio-saneamiento-del-futuro\/","title":{"rendered":"Finizio \/ Saneamiento del futuro"},"content":{"rendered":"\n<p class=\"has-medium-font-size\">Financiada por agencias de desarrollo alemanas y de la UE, la empresa <a rel=\"noreferrer noopener\" href=\"https:\/\/finizio.de\/\" target=\"_blank\">Finizio<\/a> construy\u00f3 en 2019, en Eberswalde, Brandeburgo, la primera planta de reciclaje de Alemania para convertir los excrementos humanos de los ba\u00f1os secos, en su mayor\u00eda de festivales al aire libre, en abono de humus, con el objetivo futuro de construir instalaciones escalables y descentralizadas en todo el pa\u00eds. Es similar a la forma en que Hamish Skermer y Natural Event llevan haci\u00e9ndolo en Australia y Europa desde hace m\u00e1s de 20 a\u00f1os.<\/p>\n\n\n\n<p class=\"has-small-font-size\"> <\/p>\n\n\n\n<p class=\"has-small-font-size\">Foto \u00a9 2023 ThurnFilm\/Chris Rowe<\/p>\n\n\n\n<div class=\"wp-block-buttons is-content-justification-center is-layout-flex wp-container-core-buttons-is-layout-16018d1d wp-block-buttons-is-layout-flex\">\n<div class=\"wp-block-button\"><a class=\"wp-block-button__link wp-element-button\" href=\"https:\/\/holyshit.global\/es\/jenfelder-au-hamburg-wasser\/\">Anterior<\/a><\/div>\n\n\n\n<div class=\"wp-block-button\"><a class=\"wp-block-button__link wp-element-button\" href=\"https:\/\/holyshit.global\/es\/dr-jaeweon-cho\">Siguiente<\/a><\/div>\n<\/div>\n","protected":false},"excerpt":{"rendered":"<p>Financiada por agencias de desarrollo alemanas y de la UE, la empresa Finizio construy\u00f3 en 2019, en Eberswalde, Brandeburgo, la primera planta de reciclaje de Alemania para convertir los excrementos humanos de los ba\u00f1os secos, en su mayor\u00eda de festivales al aire libre, en abono de humus, con el objetivo<span class=\"more-link\"><a href=\"https:\/\/holyshit.global\/es\/finizio-saneamiento-del-futuro\/\">Read More &rarr;<\/a><\/span><\/p>\n","protected":false},"author":1,"featured_media":445,"parent":0,"menu_order":0,"comment_status":"closed","ping_status":"closed","template":"","meta":{"footnotes":""},"class_list":["entry","author-wzu2bwzu2bwzu2b","post-2498","page","type-page","status-publish","has-post-thumbnail"],"_links":{"self":[{"href":"https:\/\/holyshit.global\/es\/wp-json\/wp\/v2\/pages\/2498","targetHints":{"allow":["GET"]}}],"collection":[{"href":"https:\/\/holyshit.global\/es\/wp-json\/wp\/v2\/pages"}],"about":[{"href":"https:\/\/holyshit.global\/es\/wp-json\/wp\/v2\/types\/page"}],"author":[{"embeddable":true,"href":"https:\/\/holyshit.global\/es\/wp-json\/wp\/v2\/users\/1"}],"replies":[{"embeddable":true,"href":"https:\/\/holyshit.global\/es\/wp-json\/wp\/v2\/comments?post=2498"}],"version-history":[{"count":2,"href":"https:\/\/holyshit.global\/es\/wp-json\/wp\/v2\/pages\/2498\/revisions"}],"predecessor-version":[{"id":2782,"href":"https:\/\/holyshit.global\/es\/wp-json\/wp\/v2\/pages\/2498\/revisions\/2782"}],"wp:featuredmedia":[{"embeddable":true,"href":"https:\/\/holyshit.global\/es\/wp-json\/wp\/v2\/media\/445"}],"wp:attachment":[{"href":"https:\/\/holyshit.global\/es\/wp-json\/wp\/v2\/media?parent=2498"}],"curies":[{"name":"wp","href":"https:\/\/api.w.org\/{rel}","templated":true}]}}