{"id":2496,"date":"2023-03-13T15:18:07","date_gmt":"2023-03-13T14:18:07","guid":{"rendered":"https:\/\/holyshit.global\/jenfelder-au-hamburg-wasser\/"},"modified":"2024-02-12T11:26:54","modified_gmt":"2024-02-12T10:26:54","slug":"jenfelder-au-hamburg-wasser","status":"publish","type":"page","link":"https:\/\/holyshit.global\/es\/jenfelder-au-hamburg-wasser\/","title":{"rendered":"Jenfelder Au\/Hamburg Wasser"},"content":{"rendered":"\n<p class=\"has-medium-font-size\">El proveedor de agua de Hamburgo, Alemania, desarroll\u00f3 el Hamburg Water Cycle en el distrito de Jenfelder Au, donde los inodoros de vac\u00edo env\u00edan las aguas residuales a un sistema local que utiliza un fermentador para convertirlas en energ\u00eda y abono, sin pasar por el proceso de tratamiento convencional. Toda el agua se recicla o se devuelve a los acu\u00edferos. Tratar\u00e1 los excrementos de 2.000 personas que habitar\u00e1n m\u00e1s de 800 apartamentos, convirti\u00e9ndola en la mayor de su clase en Europa.<\/p>\n\n\n\n<p class=\"has-small-font-size\">Foto \u00a92023 ThurnFilm\/Hajo Schomerus<\/p>\n\n\n\n<div class=\"wp-block-buttons is-content-justification-center is-layout-flex wp-container-core-buttons-is-layout-16018d1d wp-block-buttons-is-layout-flex\">\n<div class=\"wp-block-button\"><a class=\"wp-block-button__link wp-element-button\" href=\"https:\/\/holyshit.global\/es\/cooperativa-equilibre\/\">Anterior<\/a><\/div>\n\n\n\n<div class=\"wp-block-button\"><a class=\"wp-block-button__link wp-element-button\" href=\"https:\/\/holyshit.global\/es\/finizio-saneamiento-del-futuro\">Siguiente<\/a><\/div>\n<\/div>\n","protected":false},"excerpt":{"rendered":"<p>El proveedor de agua de Hamburgo, Alemania, desarroll\u00f3 el Hamburg Water Cycle en el distrito de Jenfelder Au, donde los inodoros de vac\u00edo env\u00edan las aguas residuales a un sistema local que utiliza un fermentador para convertirlas en energ\u00eda y abono, sin pasar por el proceso de tratamiento convencional. Toda<span class=\"more-link\"><a href=\"https:\/\/holyshit.global\/es\/jenfelder-au-hamburg-wasser\/\">Read More &rarr;<\/a><\/span><\/p>\n","protected":false},"author":1,"featured_media":440,"parent":0,"menu_order":0,"comment_status":"closed","ping_status":"closed","template":"","meta":{"footnotes":""},"class_list":["entry","author-wzu2bwzu2bwzu2b","post-2496","page","type-page","status-publish","has-post-thumbnail"],"_links":{"self":[{"href":"https:\/\/holyshit.global\/es\/wp-json\/wp\/v2\/pages\/2496","targetHints":{"allow":["GET"]}}],"collection":[{"href":"https:\/\/holyshit.global\/es\/wp-json\/wp\/v2\/pages"}],"about":[{"href":"https:\/\/holyshit.global\/es\/wp-json\/wp\/v2\/types\/page"}],"author":[{"embeddable":true,"href":"https:\/\/holyshit.global\/es\/wp-json\/wp\/v2\/users\/1"}],"replies":[{"embeddable":true,"href":"https:\/\/holyshit.global\/es\/wp-json\/wp\/v2\/comments?post=2496"}],"version-history":[{"count":2,"href":"https:\/\/holyshit.global\/es\/wp-json\/wp\/v2\/pages\/2496\/revisions"}],"predecessor-version":[{"id":2781,"href":"https:\/\/holyshit.global\/es\/wp-json\/wp\/v2\/pages\/2496\/revisions\/2781"}],"wp:featuredmedia":[{"embeddable":true,"href":"https:\/\/holyshit.global\/es\/wp-json\/wp\/v2\/media\/440"}],"wp:attachment":[{"href":"https:\/\/holyshit.global\/es\/wp-json\/wp\/v2\/media?parent=2496"}],"curies":[{"name":"wp","href":"https:\/\/api.w.org\/{rel}","templated":true}]}}