{"id":2492,"date":"2023-03-13T15:10:52","date_gmt":"2023-03-13T14:10:52","guid":{"rendered":"https:\/\/holyshit.global\/cooperativa-equilibre\/"},"modified":"2024-02-12T11:25:59","modified_gmt":"2024-02-12T10:25:59","slug":"cooperativa-equilibre","status":"publish","type":"page","link":"https:\/\/holyshit.global\/es\/cooperativa-equilibre\/","title":{"rendered":"Cooperativa \u00c9quilibre"},"content":{"rendered":"\n<p class=\"has-medium-font-size\">En Ginebra, un grupo de residentes pioneros, miembros de la <a href=\"https:\/\/www.cooperative-equilibre.ch\/\" target=\"_blank\" rel=\"noreferrer noopener\">Cooperativa \u00c9quilibre<\/a> consigui\u00f3 una autorizaci\u00f3n excepcional, la primera de este tipo a nivel nacional, para construir viviendas sin la obligatoria conexi\u00f3n al alcantarillado. Dos edificios distintos adoptaron soluciones diferentes para gestionar localmente los excrementos humanos: uno con inodoros secos y el otro con inodoros de cisterna. Ambos mantienen intactos los ciclos de nutrientes y del agua sin contaminar el medio ambiente.<\/p>\n\n\n\n<p>Foto \u00a9 2023 ThurnFilm\/Hajo Schomerus<\/p>\n\n\n\n<div class=\"wp-block-buttons is-content-justification-center is-layout-flex wp-container-core-buttons-is-layout-16018d1d wp-block-buttons-is-layout-flex\">\n<div class=\"wp-block-button\"><a class=\"wp-block-button__link wp-element-button\" href=\"https:\/\/holyshit.global\/es\/carl-lindstrom\/\">Anterior<\/a><\/div>\n\n\n\n<div class=\"wp-block-button\"><a class=\"wp-block-button__link wp-element-button\" href=\"https:\/\/holyshit.global\/es\/jenfelder-au-hamburg-wasse\">Siguiente<\/a><\/div>\n<\/div>\n","protected":false},"excerpt":{"rendered":"<p>En Ginebra, un grupo de residentes pioneros, miembros de la Cooperativa \u00c9quilibre consigui\u00f3 una autorizaci\u00f3n excepcional, la primera de este tipo a nivel nacional, para construir viviendas sin la obligatoria conexi\u00f3n al alcantarillado. Dos edificios distintos adoptaron soluciones diferentes para gestionar localmente los excrementos humanos: uno con inodoros secos y<span class=\"more-link\"><a href=\"https:\/\/holyshit.global\/es\/cooperativa-equilibre\/\">Read More &rarr;<\/a><\/span><\/p>\n","protected":false},"author":1,"featured_media":919,"parent":0,"menu_order":0,"comment_status":"closed","ping_status":"closed","template":"","meta":{"footnotes":""},"class_list":["entry","author-wzu2bwzu2bwzu2b","post-2492","page","type-page","status-publish","has-post-thumbnail"],"_links":{"self":[{"href":"https:\/\/holyshit.global\/es\/wp-json\/wp\/v2\/pages\/2492","targetHints":{"allow":["GET"]}}],"collection":[{"href":"https:\/\/holyshit.global\/es\/wp-json\/wp\/v2\/pages"}],"about":[{"href":"https:\/\/holyshit.global\/es\/wp-json\/wp\/v2\/types\/page"}],"author":[{"embeddable":true,"href":"https:\/\/holyshit.global\/es\/wp-json\/wp\/v2\/users\/1"}],"replies":[{"embeddable":true,"href":"https:\/\/holyshit.global\/es\/wp-json\/wp\/v2\/comments?post=2492"}],"version-history":[{"count":3,"href":"https:\/\/holyshit.global\/es\/wp-json\/wp\/v2\/pages\/2492\/revisions"}],"predecessor-version":[{"id":2780,"href":"https:\/\/holyshit.global\/es\/wp-json\/wp\/v2\/pages\/2492\/revisions\/2780"}],"wp:featuredmedia":[{"embeddable":true,"href":"https:\/\/holyshit.global\/es\/wp-json\/wp\/v2\/media\/919"}],"wp:attachment":[{"href":"https:\/\/holyshit.global\/es\/wp-json\/wp\/v2\/media?parent=2492"}],"curies":[{"name":"wp","href":"https:\/\/api.w.org\/{rel}","templated":true}]}}