{"id":2490,"date":"2023-03-12T14:33:43","date_gmt":"2023-03-12T13:33:43","guid":{"rendered":"https:\/\/holyshit.global\/carl-lindstrom\/"},"modified":"2024-02-12T11:25:02","modified_gmt":"2024-02-12T10:25:02","slug":"carl-lindstrom","status":"publish","type":"page","link":"https:\/\/holyshit.global\/es\/carl-lindstrom\/","title":{"rendered":"Carl Lindstrom"},"content":{"rendered":"\n<p class=\"has-medium-font-size\">Carl Lindstrom invent\u00f3 el primer inodoro seco del mundo con \u00e9xito comercial, el <a href=\"https:\/\/clivusmultrum.com\/\" target=\"_blank\" rel=\"noreferrer noopener\">Clivus Multrum,<\/a>a principios de la d\u00e9cada de 1960. Lo simplific\u00f3 a uno que no apesta, no muestra el dep\u00f3sito y evita cualquier sensaci\u00f3n de asco, y lo llam\u00f3 el <a href=\"https:\/\/www.compostera.co.uk\/compostera.co.uk\/CompostEraEngl.html\" target=\"_blank\" rel=\"noreferrer noopener\">CompostEra.<\/a><\/p>\n\n\n\n<p class=\"has-small-font-size\">Foto: \u00a92023 ThurnFilm\/Ralf Weber<\/p>\n\n\n\n<div class=\"wp-block-buttons is-content-justification-center is-layout-flex wp-container-core-buttons-is-layout-16018d1d wp-block-buttons-is-layout-flex\">\n<div class=\"wp-block-button\"><a class=\"wp-block-button__link wp-element-button\" href=\"https:\/\/holyshit.global\/es\/hamish-skermer\/\">Anterior<\/a><\/div>\n\n\n\n<div class=\"wp-block-button\"><a class=\"wp-block-button__link wp-element-button\" href=\"https:\/\/holyshit.global\/es\/cooperativa-equilibre\">Siguiente<\/a><\/div>\n<\/div>\n","protected":false},"excerpt":{"rendered":"<p>Carl Lindstrom invent\u00f3 el primer inodoro seco del mundo con \u00e9xito comercial, el Clivus Multrum,a principios de la d\u00e9cada de 1960. Lo simplific\u00f3 a uno que no apesta, no muestra el dep\u00f3sito y evita cualquier sensaci\u00f3n de asco, y lo llam\u00f3 el CompostEra. Foto: \u00a92023 ThurnFilm\/Ralf Weber<span class=\"more-link\"><a href=\"https:\/\/holyshit.global\/es\/carl-lindstrom\/\">Read More &rarr;<\/a><\/span><\/p>\n","protected":false},"author":1,"featured_media":419,"parent":0,"menu_order":0,"comment_status":"closed","ping_status":"closed","template":"","meta":{"footnotes":""},"class_list":["entry","author-wzu2bwzu2bwzu2b","post-2490","page","type-page","status-publish","has-post-thumbnail"],"_links":{"self":[{"href":"https:\/\/holyshit.global\/es\/wp-json\/wp\/v2\/pages\/2490","targetHints":{"allow":["GET"]}}],"collection":[{"href":"https:\/\/holyshit.global\/es\/wp-json\/wp\/v2\/pages"}],"about":[{"href":"https:\/\/holyshit.global\/es\/wp-json\/wp\/v2\/types\/page"}],"author":[{"embeddable":true,"href":"https:\/\/holyshit.global\/es\/wp-json\/wp\/v2\/users\/1"}],"replies":[{"embeddable":true,"href":"https:\/\/holyshit.global\/es\/wp-json\/wp\/v2\/comments?post=2490"}],"version-history":[{"count":2,"href":"https:\/\/holyshit.global\/es\/wp-json\/wp\/v2\/pages\/2490\/revisions"}],"predecessor-version":[{"id":2779,"href":"https:\/\/holyshit.global\/es\/wp-json\/wp\/v2\/pages\/2490\/revisions\/2779"}],"wp:featuredmedia":[{"embeddable":true,"href":"https:\/\/holyshit.global\/es\/wp-json\/wp\/v2\/media\/419"}],"wp:attachment":[{"href":"https:\/\/holyshit.global\/es\/wp-json\/wp\/v2\/media?parent=2490"}],"curies":[{"name":"wp","href":"https:\/\/api.w.org\/{rel}","templated":true}]}}