{"id":2488,"date":"2023-03-12T14:20:56","date_gmt":"2023-03-12T13:20:56","guid":{"rendered":"https:\/\/holyshit.global\/hamish-skermer\/"},"modified":"2024-02-12T11:23:54","modified_gmt":"2024-02-12T10:23:54","slug":"hamish-skermer","status":"publish","type":"page","link":"https:\/\/holyshit.global\/es\/hamish-skermer\/","title":{"rendered":"Hamish Skermer"},"content":{"rendered":"\n<p class=\"has-medium-font-size\">El pionero fecal Hamish Skermer es el fundador de <a href=\"https:\/\/www.naturalevent.com.au\/\" target=\"_blank\" rel=\"noreferrer noopener\">Natural Event<\/a> compa\u00f1\u00eda que est\u00e1 cambiando el mundo de abajo hacia arriba. Durante m\u00e1s de 20 a\u00f1os, ha suministrado inodoros de composta para sustituir a las letrinas de caseta en m\u00e1s de 450 festivales de m\u00fasica en 13 pa\u00edses, lo que supone unos 50 millones de viajes al inodoro. Mientras sostiene en sus manos un pedazo de tierra f\u00e9rtil creada a partir de excrementos humanos compostados, declara: \u00abEsto demuestra que es posible convertir la mierda en tierra. Ah\u00ed est\u00e1\u00bb.<\/p>\n\n\n\n<p class=\"has-small-font-size\"><br>Foto \u00a9 2023 ThurnFilm\/Hajo Schomerus<\/p>\n\n\n\n<div class=\"wp-block-buttons is-content-justification-center is-layout-flex wp-container-core-buttons-is-layout-16018d1d wp-block-buttons-is-layout-flex\">\n<div class=\"wp-block-button\"><a class=\"wp-block-button__link wp-element-button\" href=\"https:\/\/holyshit.global\/es\/piratas-fecales\/\">Anterior<\/a><\/div>\n\n\n\n<div class=\"wp-block-button\"><a class=\"wp-block-button__link wp-element-button\" href=\"https:\/\/holyshit.global\/es\/carl-lindstrom\">Siguiente<\/a><\/div>\n<\/div>\n","protected":false},"excerpt":{"rendered":"<p>El pionero fecal Hamish Skermer es el fundador de Natural Event compa\u00f1\u00eda que est\u00e1 cambiando el mundo de abajo hacia arriba. Durante m\u00e1s de 20 a\u00f1os, ha suministrado inodoros de composta para sustituir a las letrinas de caseta en m\u00e1s de 450 festivales de m\u00fasica en 13 pa\u00edses, lo que<span class=\"more-link\"><a href=\"https:\/\/holyshit.global\/es\/hamish-skermer\/\">Read More &rarr;<\/a><\/span><\/p>\n","protected":false},"author":1,"featured_media":413,"parent":0,"menu_order":0,"comment_status":"closed","ping_status":"closed","template":"","meta":{"footnotes":""},"class_list":["entry","author-wzu2bwzu2bwzu2b","post-2488","page","type-page","status-publish","has-post-thumbnail"],"_links":{"self":[{"href":"https:\/\/holyshit.global\/es\/wp-json\/wp\/v2\/pages\/2488","targetHints":{"allow":["GET"]}}],"collection":[{"href":"https:\/\/holyshit.global\/es\/wp-json\/wp\/v2\/pages"}],"about":[{"href":"https:\/\/holyshit.global\/es\/wp-json\/wp\/v2\/types\/page"}],"author":[{"embeddable":true,"href":"https:\/\/holyshit.global\/es\/wp-json\/wp\/v2\/users\/1"}],"replies":[{"embeddable":true,"href":"https:\/\/holyshit.global\/es\/wp-json\/wp\/v2\/comments?post=2488"}],"version-history":[{"count":2,"href":"https:\/\/holyshit.global\/es\/wp-json\/wp\/v2\/pages\/2488\/revisions"}],"predecessor-version":[{"id":2778,"href":"https:\/\/holyshit.global\/es\/wp-json\/wp\/v2\/pages\/2488\/revisions\/2778"}],"wp:featuredmedia":[{"embeddable":true,"href":"https:\/\/holyshit.global\/es\/wp-json\/wp\/v2\/media\/413"}],"wp:attachment":[{"href":"https:\/\/holyshit.global\/es\/wp-json\/wp\/v2\/media?parent=2488"}],"curies":[{"name":"wp","href":"https:\/\/api.w.org\/{rel}","templated":true}]}}