{"id":2486,"date":"2023-03-12T12:23:48","date_gmt":"2023-03-12T11:23:48","guid":{"rendered":"https:\/\/holyshit.global\/piratas-fecales\/"},"modified":"2024-02-12T11:22:55","modified_gmt":"2024-02-12T10:22:55","slug":"piratas-fecales","status":"publish","type":"page","link":"https:\/\/holyshit.global\/es\/piratas-fecales\/","title":{"rendered":"Piratas Fecales"},"content":{"rendered":"\n<p class=\"has-medium-font-size\">Todos los domingos por la ma\u00f1ana, los Piratas Fecales de GiveLove o t\u00e9cnicos del compostaje, maniobran con su carro por los dif\u00edciles caminos de Kamwokya, Kampala, para recoger los contenedores llenos de los retretes secos y sustituirlos por otros vac\u00edos y limpios. Tambi\u00e9n suministran aserr\u00edn que se utiliza para evitar los malos olores y mantener alejadas a las moscas. Los contenedores se llevan a la estaci\u00f3n principal de compostaje para ser tratados y convertidos en abono, seguro para cultivar alimentos.<\/p>\n\n\n\n<p class=\"has-small-font-size\">Foto: \u00a92023 ThurnFilm\/Ralf Weber<\/p>\n\n\n\n<div class=\"wp-block-buttons is-content-justification-center is-layout-flex wp-container-core-buttons-is-layout-16018d1d wp-block-buttons-is-layout-flex\">\n<div class=\"wp-block-button\"><a class=\"wp-block-button__link wp-element-button\" href=\"https:\/\/holyshit.global\/es\/modem-wizzy\/\">Anterior<\/a><\/div>\n\n\n\n<div class=\"wp-block-button\"><a class=\"wp-block-button__link wp-element-button\" href=\"https:\/\/holyshit.global\/es\/hamish-skermer\">Siguiente<\/a><\/div>\n<\/div>\n","protected":false},"excerpt":{"rendered":"<p>Todos los domingos por la ma\u00f1ana, los Piratas Fecales de GiveLove o t\u00e9cnicos del compostaje, maniobran con su carro por los dif\u00edciles caminos de Kamwokya, Kampala, para recoger los contenedores llenos de los retretes secos y sustituirlos por otros vac\u00edos y limpios. Tambi\u00e9n suministran aserr\u00edn que se utiliza para evitar<span class=\"more-link\"><a href=\"https:\/\/holyshit.global\/es\/piratas-fecales\/\">Read More &rarr;<\/a><\/span><\/p>\n","protected":false},"author":1,"featured_media":407,"parent":0,"menu_order":0,"comment_status":"closed","ping_status":"closed","template":"","meta":{"footnotes":""},"class_list":["entry","author-wzu2bwzu2bwzu2b","post-2486","page","type-page","status-publish","has-post-thumbnail"],"_links":{"self":[{"href":"https:\/\/holyshit.global\/es\/wp-json\/wp\/v2\/pages\/2486","targetHints":{"allow":["GET"]}}],"collection":[{"href":"https:\/\/holyshit.global\/es\/wp-json\/wp\/v2\/pages"}],"about":[{"href":"https:\/\/holyshit.global\/es\/wp-json\/wp\/v2\/types\/page"}],"author":[{"embeddable":true,"href":"https:\/\/holyshit.global\/es\/wp-json\/wp\/v2\/users\/1"}],"replies":[{"embeddable":true,"href":"https:\/\/holyshit.global\/es\/wp-json\/wp\/v2\/comments?post=2486"}],"version-history":[{"count":2,"href":"https:\/\/holyshit.global\/es\/wp-json\/wp\/v2\/pages\/2486\/revisions"}],"predecessor-version":[{"id":2777,"href":"https:\/\/holyshit.global\/es\/wp-json\/wp\/v2\/pages\/2486\/revisions\/2777"}],"wp:featuredmedia":[{"embeddable":true,"href":"https:\/\/holyshit.global\/es\/wp-json\/wp\/v2\/media\/407"}],"wp:attachment":[{"href":"https:\/\/holyshit.global\/es\/wp-json\/wp\/v2\/media?parent=2486"}],"curies":[{"name":"wp","href":"https:\/\/api.w.org\/{rel}","templated":true}]}}