{"id":2484,"date":"2023-03-12T12:03:13","date_gmt":"2023-03-12T11:03:13","guid":{"rendered":"https:\/\/holyshit.global\/modem-wizzy\/"},"modified":"2024-02-12T11:21:58","modified_gmt":"2024-02-12T10:21:58","slug":"modem-wizzy","status":"publish","type":"page","link":"https:\/\/holyshit.global\/es\/modem-wizzy\/","title":{"rendered":"Modem Wizzy"},"content":{"rendered":"\n<p class=\"has-medium-font-size\">Residente de Kamwokya, Kampala, Uganda, Mundende Moses, alias Modem Wizzy, es un t\u00e9cnico de compostaje de GiveLove que escribi\u00f3, compuso y produjo la canci\u00f3n \u00abBetter Use Your Compost\u00bb. Se trata de un llamamiento a compostar los excrementos humanos de los retretes secos, al tiempo que se ense\u00f1a c\u00f3mo hacerlo. Es una melod\u00eda pegajosa que una vez que la escuchas no puedes parar de cantarla.<\/p>\n\n\n\n<p class=\"has-small-font-size\">Foto: \u00a92023 ThurnFilm\/Hajo Schomerus<\/p>\n\n\n\n<div class=\"wp-block-buttons is-content-justification-center is-layout-flex wp-container-core-buttons-is-layout-16018d1d wp-block-buttons-is-layout-flex\">\n<div class=\"wp-block-button\"><a class=\"wp-block-button__link wp-element-button\" href=\"https:\/\/holyshit.global\/es\/sabiiti-isaac\/\">Anterior<\/a><\/div>\n\n\n\n<div class=\"wp-block-button\"><a class=\"wp-block-button__link wp-element-button\" href=\"https:\/\/holyshit.global\/es\/piratas-fecales\">Siguiente<\/a><\/div>\n<\/div>\n","protected":false},"excerpt":{"rendered":"<p>Residente de Kamwokya, Kampala, Uganda, Mundende Moses, alias Modem Wizzy, es un t\u00e9cnico de compostaje de GiveLove que escribi\u00f3, compuso y produjo la canci\u00f3n \u00abBetter Use Your Compost\u00bb. Se trata de un llamamiento a compostar los excrementos humanos de los retretes secos, al tiempo que se ense\u00f1a c\u00f3mo hacerlo. Es<span class=\"more-link\"><a href=\"https:\/\/holyshit.global\/es\/modem-wizzy\/\">Read More &rarr;<\/a><\/span><\/p>\n","protected":false},"author":1,"featured_media":325,"parent":0,"menu_order":0,"comment_status":"closed","ping_status":"closed","template":"","meta":{"footnotes":""},"class_list":["entry","author-wzu2bwzu2bwzu2b","post-2484","page","type-page","status-publish","has-post-thumbnail"],"_links":{"self":[{"href":"https:\/\/holyshit.global\/es\/wp-json\/wp\/v2\/pages\/2484","targetHints":{"allow":["GET"]}}],"collection":[{"href":"https:\/\/holyshit.global\/es\/wp-json\/wp\/v2\/pages"}],"about":[{"href":"https:\/\/holyshit.global\/es\/wp-json\/wp\/v2\/types\/page"}],"author":[{"embeddable":true,"href":"https:\/\/holyshit.global\/es\/wp-json\/wp\/v2\/users\/1"}],"replies":[{"embeddable":true,"href":"https:\/\/holyshit.global\/es\/wp-json\/wp\/v2\/comments?post=2484"}],"version-history":[{"count":2,"href":"https:\/\/holyshit.global\/es\/wp-json\/wp\/v2\/pages\/2484\/revisions"}],"predecessor-version":[{"id":2776,"href":"https:\/\/holyshit.global\/es\/wp-json\/wp\/v2\/pages\/2484\/revisions\/2776"}],"wp:featuredmedia":[{"embeddable":true,"href":"https:\/\/holyshit.global\/es\/wp-json\/wp\/v2\/media\/325"}],"wp:attachment":[{"href":"https:\/\/holyshit.global\/es\/wp-json\/wp\/v2\/media?parent=2484"}],"curies":[{"name":"wp","href":"https:\/\/api.w.org\/{rel}","templated":true}]}}