{"id":2482,"date":"2023-03-12T11:33:57","date_gmt":"2023-03-12T10:33:57","guid":{"rendered":"https:\/\/holyshit.global\/sabiiti-isaac\/"},"modified":"2024-02-12T11:20:13","modified_gmt":"2024-02-12T10:20:13","slug":"sabiiti-isaac","status":"publish","type":"page","link":"https:\/\/holyshit.global\/es\/sabiiti-isaac\/","title":{"rendered":"Sabiiti Isaac"},"content":{"rendered":"\n<p class=\"has-medium-font-size\">Isaac es un ugand\u00e9s pionero en convertir los excrementos humanos compostados de los retretes secos en pellets para facilitar su transporte y aplicaci\u00f3n. Con el apoyo de GiveLove, fabrica Green Plant, un fertilizante org\u00e1nico utilizado por m\u00e1s de 200 peque\u00f1os agricultores.<\/p>\n\n\n\n<p class=\"has-small-font-size\">Foto: \u00a92023 ThurnFilm\/Hajo Schomerus<\/p>\n\n\n\n<div class=\"wp-block-buttons is-content-justification-center is-layout-flex wp-container-core-buttons-is-layout-16018d1d wp-block-buttons-is-layout-flex\">\n<div class=\"wp-block-button\"><a class=\"wp-block-button__link wp-element-button\" href=\"https:\/\/holyshit.global\/es\/patrick-mavo\/\">Anterior<\/a><\/div>\n\n\n\n<div class=\"wp-block-button\"><a class=\"wp-block-button__link wp-element-button\" href=\"https:\/\/holyshit.global\/es\/modem-wizzy\">Siguiente<\/a><\/div>\n<\/div>\n","protected":false},"excerpt":{"rendered":"<p>Isaac es un ugand\u00e9s pionero en convertir los excrementos humanos compostados de los retretes secos en pellets para facilitar su transporte y aplicaci\u00f3n. Con el apoyo de GiveLove, fabrica Green Plant, un fertilizante org\u00e1nico utilizado por m\u00e1s de 200 peque\u00f1os agricultores. Foto: \u00a92023 ThurnFilm\/Hajo Schomerus<span class=\"more-link\"><a href=\"https:\/\/holyshit.global\/es\/sabiiti-isaac\/\">Read More &rarr;<\/a><\/span><\/p>\n","protected":false},"author":1,"featured_media":316,"parent":0,"menu_order":0,"comment_status":"closed","ping_status":"closed","template":"","meta":{"footnotes":""},"class_list":["entry","author-wzu2bwzu2bwzu2b","post-2482","page","type-page","status-publish","has-post-thumbnail"],"_links":{"self":[{"href":"https:\/\/holyshit.global\/es\/wp-json\/wp\/v2\/pages\/2482","targetHints":{"allow":["GET"]}}],"collection":[{"href":"https:\/\/holyshit.global\/es\/wp-json\/wp\/v2\/pages"}],"about":[{"href":"https:\/\/holyshit.global\/es\/wp-json\/wp\/v2\/types\/page"}],"author":[{"embeddable":true,"href":"https:\/\/holyshit.global\/es\/wp-json\/wp\/v2\/users\/1"}],"replies":[{"embeddable":true,"href":"https:\/\/holyshit.global\/es\/wp-json\/wp\/v2\/comments?post=2482"}],"version-history":[{"count":2,"href":"https:\/\/holyshit.global\/es\/wp-json\/wp\/v2\/pages\/2482\/revisions"}],"predecessor-version":[{"id":2775,"href":"https:\/\/holyshit.global\/es\/wp-json\/wp\/v2\/pages\/2482\/revisions\/2775"}],"wp:featuredmedia":[{"embeddable":true,"href":"https:\/\/holyshit.global\/es\/wp-json\/wp\/v2\/media\/316"}],"wp:attachment":[{"href":"https:\/\/holyshit.global\/es\/wp-json\/wp\/v2\/media?parent=2482"}],"curies":[{"name":"wp","href":"https:\/\/api.w.org\/{rel}","templated":true}]}}