{"id":2480,"date":"2023-03-12T09:54:05","date_gmt":"2023-03-12T08:54:05","guid":{"rendered":"https:\/\/holyshit.global\/patrick-mavo\/"},"modified":"2024-02-12T11:18:30","modified_gmt":"2024-02-12T10:18:30","slug":"patrick-mavo","status":"publish","type":"page","link":"https:\/\/holyshit.global\/es\/patrick-mavo\/","title":{"rendered":"Patrick Mavo"},"content":{"rendered":"\n<p class=\"has-medium-font-size\">Patrick Mavo es el fundador de la <a href=\"https:\/\/to.org\/grt\/\" target=\"_blank\" rel=\"noreferrer noopener\">Ghetto Research Lab (GRL)<\/a> en Kamwokya, el barrio marginal m\u00e1s grande de Kampala, Uganda. GRL es el epicentro del cambio para muchos residentes al promover, entre otras, el uso de excrementos humanos compostados procedentes de retretes secos, la higiene, la conservaci\u00f3n del agua, la acuapon\u00eda, y la reutilizaci\u00f3n de pl\u00e1sticos.<\/p>\n\n\n\n<p class=\"has-small-font-size\">Foto: \u00a92023 ThurnFilm\/Hajo Schomerus<\/p>\n\n\n\n<div class=\"wp-block-buttons is-content-justification-center is-layout-flex wp-container-core-buttons-is-layout-16018d1d wp-block-buttons-is-layout-flex\">\n<div class=\"wp-block-button\"><a class=\"wp-block-button__link wp-element-button\" href=\"https:\/\/holyshit.global\/es\/givelove\/\">Anterior<\/a><\/div>\n\n\n\n<div class=\"wp-block-button\"><a class=\"wp-block-button__link wp-element-button\" href=\"https:\/\/holyshit.global\/es\/sabiiti-isaac\">Siguiente<\/a><\/div>\n<\/div>\n","protected":false},"excerpt":{"rendered":"<p>Patrick Mavo es el fundador de la Ghetto Research Lab (GRL) en Kamwokya, el barrio marginal m\u00e1s grande de Kampala, Uganda. GRL es el epicentro del cambio para muchos residentes al promover, entre otras, el uso de excrementos humanos compostados procedentes de retretes secos, la higiene, la conservaci\u00f3n del agua,<span class=\"more-link\"><a href=\"https:\/\/holyshit.global\/es\/patrick-mavo\/\">Read More &rarr;<\/a><\/span><\/p>\n","protected":false},"author":1,"featured_media":392,"parent":0,"menu_order":0,"comment_status":"closed","ping_status":"closed","template":"","meta":{"footnotes":""},"class_list":["entry","author-wzu2bwzu2bwzu2b","post-2480","page","type-page","status-publish","has-post-thumbnail"],"_links":{"self":[{"href":"https:\/\/holyshit.global\/es\/wp-json\/wp\/v2\/pages\/2480","targetHints":{"allow":["GET"]}}],"collection":[{"href":"https:\/\/holyshit.global\/es\/wp-json\/wp\/v2\/pages"}],"about":[{"href":"https:\/\/holyshit.global\/es\/wp-json\/wp\/v2\/types\/page"}],"author":[{"embeddable":true,"href":"https:\/\/holyshit.global\/es\/wp-json\/wp\/v2\/users\/1"}],"replies":[{"embeddable":true,"href":"https:\/\/holyshit.global\/es\/wp-json\/wp\/v2\/comments?post=2480"}],"version-history":[{"count":2,"href":"https:\/\/holyshit.global\/es\/wp-json\/wp\/v2\/pages\/2480\/revisions"}],"predecessor-version":[{"id":2774,"href":"https:\/\/holyshit.global\/es\/wp-json\/wp\/v2\/pages\/2480\/revisions\/2774"}],"wp:featuredmedia":[{"embeddable":true,"href":"https:\/\/holyshit.global\/es\/wp-json\/wp\/v2\/media\/392"}],"wp:attachment":[{"href":"https:\/\/holyshit.global\/es\/wp-json\/wp\/v2\/media?parent=2480"}],"curies":[{"name":"wp","href":"https:\/\/api.w.org\/{rel}","templated":true}]}}