{"id":2478,"date":"2023-03-12T09:39:22","date_gmt":"2023-03-12T08:39:22","guid":{"rendered":"https:\/\/holyshit.global\/givelove\/"},"modified":"2024-02-12T11:16:21","modified_gmt":"2024-02-12T10:16:21","slug":"givelove","status":"publish","type":"page","link":"https:\/\/holyshit.global\/es\/givelove\/","title":{"rendered":"GiveLove"},"content":{"rendered":"\n<p class=\"has-medium-font-size\"><a href=\"https:\/\/givelove.org\/\" target=\"_blank\" rel=\"noreferrer noopener\">GiveLove<\/a> es una organizaci\u00f3n dedicada a la ense\u00f1anza del Saneamiento Ecol\u00f3gico y el compostaje para proporcionar inodoros asequibles y soluciones para zonas de alta necesidad y escasez de agua. La pel\u00edcula documenta dos de sus proyectos: En los barrios marginales de Kampala, Uganda, y en la aldea de Iremito, Kenia, entre los masai. Agradecemos a Alisa Puga Keesey, Directora de GiveLove por hacernos posible documentar el trabajo genial realizado en estas dos maravillosas comunidades.<\/p>\n\n\n\n<p class=\"has-small-font-size\">Foto: \u00a92023 ThurnFilm\/Hajo Schomerus<\/p>\n\n\n\n<div class=\"wp-block-buttons is-content-justification-center is-layout-flex wp-container-core-buttons-is-layout-16018d1d wp-block-buttons-is-layout-flex\">\n<div class=\"wp-block-button\"><a class=\"wp-block-button__link wp-element-button\" href=\"https:\/\/holyshit.global\/es\/robert-skip-backus\/\">Anterior<\/a><\/div>\n\n\n\n<div class=\"wp-block-button\"><a class=\"wp-block-button__link wp-element-button\" href=\"https:\/\/holyshit.global\/es\/patrick-mavo\">Siguiente<\/a><\/div>\n<\/div>\n","protected":false},"excerpt":{"rendered":"<p>GiveLove es una organizaci\u00f3n dedicada a la ense\u00f1anza del Saneamiento Ecol\u00f3gico y el compostaje para proporcionar inodoros asequibles y soluciones para zonas de alta necesidad y escasez de agua. La pel\u00edcula documenta dos de sus proyectos: En los barrios marginales de Kampala, Uganda, y en la aldea de Iremito, Kenia,<span class=\"more-link\"><a href=\"https:\/\/holyshit.global\/es\/givelove\/\">Read More &rarr;<\/a><\/span><\/p>\n","protected":false},"author":1,"featured_media":395,"parent":0,"menu_order":0,"comment_status":"closed","ping_status":"closed","template":"","meta":{"footnotes":""},"class_list":["entry","author-wzu2bwzu2bwzu2b","post-2478","page","type-page","status-publish","has-post-thumbnail"],"_links":{"self":[{"href":"https:\/\/holyshit.global\/es\/wp-json\/wp\/v2\/pages\/2478","targetHints":{"allow":["GET"]}}],"collection":[{"href":"https:\/\/holyshit.global\/es\/wp-json\/wp\/v2\/pages"}],"about":[{"href":"https:\/\/holyshit.global\/es\/wp-json\/wp\/v2\/types\/page"}],"author":[{"embeddable":true,"href":"https:\/\/holyshit.global\/es\/wp-json\/wp\/v2\/users\/1"}],"replies":[{"embeddable":true,"href":"https:\/\/holyshit.global\/es\/wp-json\/wp\/v2\/comments?post=2478"}],"version-history":[{"count":2,"href":"https:\/\/holyshit.global\/es\/wp-json\/wp\/v2\/pages\/2478\/revisions"}],"predecessor-version":[{"id":2773,"href":"https:\/\/holyshit.global\/es\/wp-json\/wp\/v2\/pages\/2478\/revisions\/2773"}],"wp:featuredmedia":[{"embeddable":true,"href":"https:\/\/holyshit.global\/es\/wp-json\/wp\/v2\/media\/395"}],"wp:attachment":[{"href":"https:\/\/holyshit.global\/es\/wp-json\/wp\/v2\/media?parent=2478"}],"curies":[{"name":"wp","href":"https:\/\/api.w.org\/{rel}","templated":true}]}}