{"id":2476,"date":"2023-03-12T08:22:52","date_gmt":"2023-03-12T07:22:52","guid":{"rendered":"https:\/\/holyshit.global\/robert-skip-backus\/"},"modified":"2024-02-12T11:14:56","modified_gmt":"2024-02-12T10:14:56","slug":"robert-skip-backus","status":"publish","type":"page","link":"https:\/\/holyshit.global\/es\/robert-skip-backus\/","title":{"rendered":"Robert \u00abSkip\u00bb Backus"},"content":{"rendered":"\n<p class=\"has-medium-font-size\">El director general del Instituto Omega de Rhinebeck, Nueva York, tambi\u00e9n dirige el <a href=\"https:\/\/www.eomega.org\/center-sustainable-living\/home\" target=\"_blank\" rel=\"noreferrer noopener\">Centro Omega para una Vida Sostenible (OCSL)<\/a>, un centro educativo donde las personas pueden relacionarse con su entorno y sus aguas residuales. El coraz\u00f3n de la OCSL es la M\u00e1quina Ecol\u00f3gica<sup>TM<\/sup> una planta de tratamiento de aguas residuales localizada que no contamina los cursos de agua, es un sistema de energ\u00eda neta cero y reduce el 95% de los residuos de medicamentos en el agua. Lo hace gracias a una combinaci\u00f3n de humedales artificiales, lagunas aireadas, organismos de todos los reinos de la vida y el sol. <\/p>\n\n\n\n<p class=\"has-small-font-size\">Foto: \u00a92023 ThurnFilm\/Hajo Schomerus<\/p>\n\n\n\n<div class=\"wp-block-buttons is-content-justification-center is-layout-flex wp-container-core-buttons-is-layout-16018d1d wp-block-buttons-is-layout-flex\">\n<div class=\"wp-block-button\"><a class=\"wp-block-button__link wp-element-button\" href=\"https:\/\/holyshit.global\/es\/dr-david-l-lewis\/\">Anterior<\/a><\/div>\n\n\n\n<div class=\"wp-block-button\"><a class=\"wp-block-button__link wp-element-button\" href=\"https:\/\/holyshit.global\/es\/givelove\">Siguiente<\/a><\/div>\n<\/div>\n","protected":false},"excerpt":{"rendered":"<p>El director general del Instituto Omega de Rhinebeck, Nueva York, tambi\u00e9n dirige el Centro Omega para una Vida Sostenible (OCSL), un centro educativo donde las personas pueden relacionarse con su entorno y sus aguas residuales. El coraz\u00f3n de la OCSL es la M\u00e1quina Ecol\u00f3gicaTM una planta de tratamiento de aguas<span class=\"more-link\"><a href=\"https:\/\/holyshit.global\/es\/robert-skip-backus\/\">Read More &rarr;<\/a><\/span><\/p>\n","protected":false},"author":1,"featured_media":398,"parent":0,"menu_order":0,"comment_status":"closed","ping_status":"closed","template":"","meta":{"footnotes":""},"class_list":["entry","author-wzu2bwzu2bwzu2b","post-2476","page","type-page","status-publish","has-post-thumbnail"],"_links":{"self":[{"href":"https:\/\/holyshit.global\/es\/wp-json\/wp\/v2\/pages\/2476","targetHints":{"allow":["GET"]}}],"collection":[{"href":"https:\/\/holyshit.global\/es\/wp-json\/wp\/v2\/pages"}],"about":[{"href":"https:\/\/holyshit.global\/es\/wp-json\/wp\/v2\/types\/page"}],"author":[{"embeddable":true,"href":"https:\/\/holyshit.global\/es\/wp-json\/wp\/v2\/users\/1"}],"replies":[{"embeddable":true,"href":"https:\/\/holyshit.global\/es\/wp-json\/wp\/v2\/comments?post=2476"}],"version-history":[{"count":2,"href":"https:\/\/holyshit.global\/es\/wp-json\/wp\/v2\/pages\/2476\/revisions"}],"predecessor-version":[{"id":2772,"href":"https:\/\/holyshit.global\/es\/wp-json\/wp\/v2\/pages\/2476\/revisions\/2772"}],"wp:featuredmedia":[{"embeddable":true,"href":"https:\/\/holyshit.global\/es\/wp-json\/wp\/v2\/media\/398"}],"wp:attachment":[{"href":"https:\/\/holyshit.global\/es\/wp-json\/wp\/v2\/media?parent=2476"}],"curies":[{"name":"wp","href":"https:\/\/api.w.org\/{rel}","templated":true}]}}