{"id":2474,"date":"2023-03-12T07:24:29","date_gmt":"2023-03-12T06:24:29","guid":{"rendered":"https:\/\/holyshit.global\/dr-david-l-lewis\/"},"modified":"2024-02-12T11:13:29","modified_gmt":"2024-02-12T10:13:29","slug":"dr-david-l-lewis","status":"publish","type":"page","link":"https:\/\/holyshit.global\/es\/dr-david-l-lewis\/","title":{"rendered":"Dr. David L. Lewis"},"content":{"rendered":"\n<p class=\"has-medium-font-size\">El Dr. David L. Lewis denunci\u00f3 a la Agencia de Protecci\u00f3n del Medio Ambiente de EE.UU. (EPA) por manipular datos cient\u00edficos para legalizar el uso de lodos de depuradora t\u00f3xicos y mortales, tambi\u00e9n conocidos como bios\u00f3lidos, como fertilizantes. Lleva d\u00e9cadas investigando sus efectos sobre el medio ambiente y las personas, y ha correlacionado un repunte de los casos de autismo en EE.UU. con el aumento del uso de bios\u00f3lidos, cargados de metales pesados y compuestos qu\u00edmicos, como fertilizante para cultivar alimentos. Es el autor de <a rel=\"noreferrer noopener\" href=\"https:\/\/www.amazon.com\/Science-Sale-Government-Corporations-Universities\/dp\/1626360715\" target=\"_blank\">Science for Sale: How the US Government Uses Powerful Corporations and Leading Universities to Support Government Policies, Silence Top Scientists, Jeopardize Our Health, and Protect Corporate Profits.<\/a><\/p>\n\n\n\n<p class=\"has-small-font-size\">Foto \u00a9 2023 ThurnFilm\/Ralf Weber<\/p>\n\n\n\n<div class=\"wp-block-buttons is-content-justification-center is-layout-flex wp-container-core-buttons-is-layout-16018d1d wp-block-buttons-is-layout-flex\">\n<div class=\"wp-block-button\"><a class=\"wp-block-button__link wp-element-button\" href=\"https:\/\/holyshit.global\/es\/fred-stone\/\">Anterior<\/a><\/div>\n\n\n\n<div class=\"wp-block-button\"><a class=\"wp-block-button__link wp-element-button\" href=\"https:\/\/holyshit.global\/es\/robert-skip-backus\">Siguiente<\/a><\/div>\n<\/div>\n","protected":false},"excerpt":{"rendered":"<p>El Dr. David L. Lewis denunci\u00f3 a la Agencia de Protecci\u00f3n del Medio Ambiente de EE.UU. (EPA) por manipular datos cient\u00edficos para legalizar el uso de lodos de depuradora t\u00f3xicos y mortales, tambi\u00e9n conocidos como bios\u00f3lidos, como fertilizantes. Lleva d\u00e9cadas investigando sus efectos sobre el medio ambiente y las personas,<span class=\"more-link\"><a href=\"https:\/\/holyshit.global\/es\/dr-david-l-lewis\/\">Read More &rarr;<\/a><\/span><\/p>\n","protected":false},"author":1,"featured_media":274,"parent":0,"menu_order":0,"comment_status":"closed","ping_status":"closed","template":"","meta":{"footnotes":""},"class_list":["entry","author-wzu2bwzu2bwzu2b","post-2474","page","type-page","status-publish","has-post-thumbnail"],"_links":{"self":[{"href":"https:\/\/holyshit.global\/es\/wp-json\/wp\/v2\/pages\/2474","targetHints":{"allow":["GET"]}}],"collection":[{"href":"https:\/\/holyshit.global\/es\/wp-json\/wp\/v2\/pages"}],"about":[{"href":"https:\/\/holyshit.global\/es\/wp-json\/wp\/v2\/types\/page"}],"author":[{"embeddable":true,"href":"https:\/\/holyshit.global\/es\/wp-json\/wp\/v2\/users\/1"}],"replies":[{"embeddable":true,"href":"https:\/\/holyshit.global\/es\/wp-json\/wp\/v2\/comments?post=2474"}],"version-history":[{"count":2,"href":"https:\/\/holyshit.global\/es\/wp-json\/wp\/v2\/pages\/2474\/revisions"}],"predecessor-version":[{"id":2771,"href":"https:\/\/holyshit.global\/es\/wp-json\/wp\/v2\/pages\/2474\/revisions\/2771"}],"wp:featuredmedia":[{"embeddable":true,"href":"https:\/\/holyshit.global\/es\/wp-json\/wp\/v2\/media\/274"}],"wp:attachment":[{"href":"https:\/\/holyshit.global\/es\/wp-json\/wp\/v2\/media?parent=2474"}],"curies":[{"name":"wp","href":"https:\/\/api.w.org\/{rel}","templated":true}]}}