{"id":2472,"date":"2023-03-12T07:02:33","date_gmt":"2023-03-12T06:02:33","guid":{"rendered":"https:\/\/holyshit.global\/fred-stone\/"},"modified":"2024-02-12T11:11:00","modified_gmt":"2024-02-12T10:11:00","slug":"fred-stone","status":"publish","type":"page","link":"https:\/\/holyshit.global\/es\/fred-stone\/","title":{"rendered":"Fred Stone"},"content":{"rendered":"\n<p class=\"has-medium-font-size\">Fred Stone, propietario de la granja Stoneridge de Arundel (Maine), fue el primer agricultor que sac\u00f3 a la luz la contaminaci\u00f3n de los acu\u00edferos de su regi\u00f3n por lodos residuales, conocidos como bios\u00f3lidos, cargados de PFAS. Contamin\u00f3 toda la cadena alimentaria, incluidas sus vacas y la heno que comen. Hoy sigue esperando una indemnizaci\u00f3n por la destrucci\u00f3n de toda su explotaci\u00f3n lechera. La contaminaci\u00f3n por PFAS se ha detectado en todo EE.UU. y Europa. Algunos expertos ya califican esta crisis como la cat\u00e1strofe t\u00f3xica del siglo. Por desgracia, no va a desaparecer pronto.<\/p>\n\n\n\n<p class=\"has-small-font-size\">Foto: \u00a92023 ThurnFilm\/Ralf Weber<\/p>\n\n\n\n<div class=\"wp-block-buttons is-content-justification-center is-layout-flex wp-container-core-buttons-is-layout-16018d1d wp-block-buttons-is-layout-flex\">\n<div class=\"wp-block-button\"><a class=\"wp-block-button__link wp-element-button\" href=\"https:\/\/holyshit.global\/es\/dr-paul-rozin\/\">Anterior<\/a><\/div>\n\n\n\n<div class=\"wp-block-button\"><a class=\"wp-block-button__link wp-element-button\" href=\"https:\/\/holyshit.global\/es\/dr-david-l-lewis\/\">Siguiente<\/a><\/div>\n<\/div>\n","protected":false},"excerpt":{"rendered":"<p>Fred Stone, propietario de la granja Stoneridge de Arundel (Maine), fue el primer agricultor que sac\u00f3 a la luz la contaminaci\u00f3n de los acu\u00edferos de su regi\u00f3n por lodos residuales, conocidos como bios\u00f3lidos, cargados de PFAS. Contamin\u00f3 toda la cadena alimentaria, incluidas sus vacas y la heno que comen. Hoy<span class=\"more-link\"><a href=\"https:\/\/holyshit.global\/es\/fred-stone\/\">Read More &rarr;<\/a><\/span><\/p>\n","protected":false},"author":1,"featured_media":268,"parent":0,"menu_order":0,"comment_status":"closed","ping_status":"closed","template":"","meta":{"footnotes":""},"class_list":["entry","author-wzu2bwzu2bwzu2b","post-2472","page","type-page","status-publish","has-post-thumbnail"],"_links":{"self":[{"href":"https:\/\/holyshit.global\/es\/wp-json\/wp\/v2\/pages\/2472","targetHints":{"allow":["GET"]}}],"collection":[{"href":"https:\/\/holyshit.global\/es\/wp-json\/wp\/v2\/pages"}],"about":[{"href":"https:\/\/holyshit.global\/es\/wp-json\/wp\/v2\/types\/page"}],"author":[{"embeddable":true,"href":"https:\/\/holyshit.global\/es\/wp-json\/wp\/v2\/users\/1"}],"replies":[{"embeddable":true,"href":"https:\/\/holyshit.global\/es\/wp-json\/wp\/v2\/comments?post=2472"}],"version-history":[{"count":2,"href":"https:\/\/holyshit.global\/es\/wp-json\/wp\/v2\/pages\/2472\/revisions"}],"predecessor-version":[{"id":2770,"href":"https:\/\/holyshit.global\/es\/wp-json\/wp\/v2\/pages\/2472\/revisions\/2770"}],"wp:featuredmedia":[{"embeddable":true,"href":"https:\/\/holyshit.global\/es\/wp-json\/wp\/v2\/media\/268"}],"wp:attachment":[{"href":"https:\/\/holyshit.global\/es\/wp-json\/wp\/v2\/media?parent=2472"}],"curies":[{"name":"wp","href":"https:\/\/api.w.org\/{rel}","templated":true}]}}