{"id":2461,"date":"2023-05-04T13:19:39","date_gmt":"2023-05-04T12:19:39","guid":{"rendered":"https:\/\/holyshit.global\/ruben-abruna-director\/"},"modified":"2024-02-12T11:29:12","modified_gmt":"2024-02-12T10:29:12","slug":"ruben-abruna-director","status":"publish","type":"page","link":"https:\/\/holyshit.global\/es\/ruben-abruna-director\/","title":{"rendered":"Rub\u00e9n Abru\u00f1a \/ Director"},"content":{"rendered":"\n<p class=\"has-small-font-size\">Foto \u00a9 2023 ThurnFilm\/Ralf Weber<\/p>\n\n\n\n<p class=\"has-medium-font-size\">Hace unas dos d\u00e9cadas, experiment\u00e9 una epifan\u00eda sanitaria en mi tierra natal, Puerto Rico, cuando utilic\u00e9 un inodoro seco de composta. Me sorprendi\u00f3 gratamente comprobar que no hab\u00eda olores desagradables despu\u00e9s de hacer mis necesidades, y que s\u00f3lo necesitaba utilizar dos tazas de materia org\u00e1nica para cubrir el dep\u00f3sito, en lugar de tirar al menos siete litros de agua potable. Al salir de la habitaci\u00f3n, me sent\u00ed satisfecho de haber contribuido positivamente a mi entorno inmediato, y m\u00e1s a\u00fan al darme cuenta de que mis excrementos servir\u00edan para abonar un huerto.<\/p>\n\n\n\n<p class=\"has-medium-font-size\">Varios a\u00f1os despu\u00e9s, decid\u00ed hacer una pel\u00edcula de 55 minutos sobre la casa que me introdujo en el uso del inodoro de compostaje. La pel\u00edcula, titulada \u00abLa Casa Ausente \/ The Absent House\u00bb, estren\u00f3 en 2014 y se proyect\u00f3 en m\u00e1s de una docena de festivales internacionales de cine en cinco continentes. Sigue generando inter\u00e9s y demanda a trav\u00e9s de su distribuidora, Icarus Films.<\/p>\n\n\n\n<p class=\"has-medium-font-size\">A pesar del \u00e9xito de la pel\u00edcula, sigo pregunt\u00e1ndome por qu\u00e9 no se utilizan m\u00e1s los retretes de compostaje. <\/p>\n\n\n\n<p class=\"has-medium-font-size\">De ni\u00f1o, acompa\u00f1aba a mi padre, un cient\u00edfico de suelos que trabajaba en m\u00faltiples proyectos agr\u00edcolas por toda la isla, a plantaciones de arroz y caf\u00e9, donde aprend\u00ed la importancia de los fertilizantes y el agua para cultivar alimentos.<\/p>\n\n\n\n<p class=\"has-medium-font-size\">A principios de los 80, me inspir\u00e9 en dos documentalistas, George Stoney, de la escuela de cine de la Universidad de Nueva York, y Jean Rouch, pionero del cinema-verit\u00e9. Me ense\u00f1aron el poder transformador de los documentales;<\/p>\n\n\n\n<p class=\"has-medium-font-size\">Todas estas experiencias se juntaron, como la materia org\u00e1nica, la humedad, las lombrices, los excrementos y las bacterias term\u00f3filas que crean abono, y me llevaron en 2014 a embarcarme en un proyecto de investigaci\u00f3n que culmin\u00f3 en la pel\u00edcula \u00abHoly Shit: La revoluci\u00f3n org\u00e1nica\u00bb<\/p>\n\n\n\n<div class=\"wp-block-group is-content-justification-center is-nowrap is-layout-flex wp-container-core-group-is-layout-94bc23d7 wp-block-group-is-layout-flex\">\n<div class=\"wp-block-buttons is-layout-flex wp-block-buttons-is-layout-flex\">\n<div class=\"wp-block-button\"><a class=\"wp-block-button__link wp-element-button\" href=\"https:\/\/holyshit.global\/es\/dr-jaeweon-cho\">Anterior<\/a><\/div>\n<\/div>\n\n\n\n<div class=\"wp-block-buttons is-layout-flex wp-block-buttons-is-layout-flex\">\n<div class=\"wp-block-button\"><a class=\"wp-block-button__link wp-element-button\" href=\"https:\/\/holyshit.global\/es\/agentes-del-cambio\/dr-paul-rozin\/\">Siguiente<\/a><\/div>\n<\/div>\n<\/div>\n","protected":false},"excerpt":{"rendered":"<p>Foto \u00a9 2023 ThurnFilm\/Ralf Weber Hace unas dos d\u00e9cadas, experiment\u00e9 una epifan\u00eda sanitaria en mi tierra natal, Puerto Rico, cuando utilic\u00e9 un inodoro seco de composta. Me sorprendi\u00f3 gratamente comprobar que no hab\u00eda olores desagradables despu\u00e9s de hacer mis necesidades, y que s\u00f3lo necesitaba utilizar dos tazas de materia org\u00e1nica<span class=\"more-link\"><a href=\"https:\/\/holyshit.global\/es\/ruben-abruna-director\/\">Read More &rarr;<\/a><\/span><\/p>\n","protected":false},"author":1,"featured_media":1682,"parent":0,"menu_order":0,"comment_status":"closed","ping_status":"closed","template":"","meta":{"footnotes":""},"class_list":["entry","author-wzu2bwzu2bwzu2b","post-2461","page","type-page","status-publish","has-post-thumbnail"],"_links":{"self":[{"href":"https:\/\/holyshit.global\/es\/wp-json\/wp\/v2\/pages\/2461","targetHints":{"allow":["GET"]}}],"collection":[{"href":"https:\/\/holyshit.global\/es\/wp-json\/wp\/v2\/pages"}],"about":[{"href":"https:\/\/holyshit.global\/es\/wp-json\/wp\/v2\/types\/page"}],"author":[{"embeddable":true,"href":"https:\/\/holyshit.global\/es\/wp-json\/wp\/v2\/users\/1"}],"replies":[{"embeddable":true,"href":"https:\/\/holyshit.global\/es\/wp-json\/wp\/v2\/comments?post=2461"}],"version-history":[{"count":10,"href":"https:\/\/holyshit.global\/es\/wp-json\/wp\/v2\/pages\/2461\/revisions"}],"predecessor-version":[{"id":2783,"href":"https:\/\/holyshit.global\/es\/wp-json\/wp\/v2\/pages\/2461\/revisions\/2783"}],"wp:featuredmedia":[{"embeddable":true,"href":"https:\/\/holyshit.global\/es\/wp-json\/wp\/v2\/media\/1682"}],"wp:attachment":[{"href":"https:\/\/holyshit.global\/es\/wp-json\/wp\/v2\/media?parent=2461"}],"curies":[{"name":"wp","href":"https:\/\/api.w.org\/{rel}","templated":true}]}}