{"id":2459,"date":"2023-05-04T14:07:57","date_gmt":"2023-05-04T13:07:57","guid":{"rendered":"https:\/\/holyshit.global\/sobre-la-pelicula\/"},"modified":"2023-11-25T11:51:58","modified_gmt":"2023-11-25T10:51:58","slug":"sobre-la-pelicula","status":"publish","type":"page","link":"https:\/\/holyshit.global\/es\/sobre-la-pelicula\/","title":{"rendered":"Sobre la pel\u00edcula"},"content":{"rendered":"\n<p class=\"has-medium-font-size\"><strong>Un documental de largo metraje de <a href=\"https:\/\/holyshit.global\/es\/ruben-abruna-director\/\" target=\"_blank\" rel=\"noreferrer noopener\">Rub\u00e9n Abru\u00f1a<\/a><\/strong><br\/><strong>Producido por <a href=\"https:\/\/www.thurnfilm.de\/en\/\" target=\"_blank\" rel=\"noreferrer noopener\">Thurn Film<\/a><\/strong>, <strong>en coproducci\u00f3n con <a href=\"https:\/\/www.peacock.ch\/PROJECTS\/60\" target=\"_blank\" rel=\"noreferrer noopener\">Peacock Film (CH)<\/a><\/strong><\/p>\n\n<p class=\"has-medium-font-size\"><strong>Estreno en cines alemanes y austriacos en oto\u00f1o de 2023.<\/strong><br\/><strong>Distribuci\u00f3n en cines:<\/strong> <a href=\"http:\/\/farbfilm-verleih.de\/\" target=\"_blank\" rel=\"noreferrer noopener\"><strong>Farbfilm<\/strong><\/a>,<strong> Distribuidor mundial:<\/strong> <a href=\"https:\/\/www.autlookfilms.com\/\" target=\"_blank\" rel=\"noreferrer noopener\"><strong>Autlook<\/strong><\/a><br\/><strong>Campa\u00f1a de impacto<\/strong>: <strong><a href=\"https:\/\/tfip.org\/films-action\/\" target=\"_blank\" rel=\"noreferrer noopener\">Think-Film Impact Production<\/a><\/strong><\/p>\n\n<p class=\"has-medium-font-size\">\u00bfQu\u00e9 ocurre con los alimentos que digerimos cuando salen de nuestro cuerpo? \u00bfEs un residuo que hay que desechar o un recurso que hay que reutilizar? En busca de respuestas, el director Rub\u00e9n Abru\u00f1a se embarca en un viaje de investigaci\u00f3n y entretenimiento a trav\u00e9s de 16 ciudades de 4 continentes;<\/p>\n\n<p class=\"has-medium-font-size\">Sigue el rastro de las cacas desde las largas cloacas parisinas hasta una enorme planta de tratamiento de aguas residuales en Chicago. La supuesta soluci\u00f3n de utilizar los restos semis\u00f3lidos del proceso de tratamiento como abono resulta ser una pesadilla, ya que contienen metales pesados y sustancias qu\u00edmicas PFAS t\u00f3xicas.<\/p>\n\n<p class=\"has-medium-font-size\">\u00bfSe pueden utilizar los excrementos para cultivar alimentos y mitigar la inminente escasez de fertilizantes? Conoce a los Piratas fecales de Uganda, que con su trabajo y sus canciones ense\u00f1an a la gente a convertir los excrementos en abono. En la Suecia rural, un ingeniero le ense\u00f1a un retrete seco que fabrica abono a partir de la orina.<\/p>\n\n<p class=\"has-medium-font-size\">En Hamburgo y Ginebra, descubre residenciales con depuradoras localizadas, no conectadas al alcantarillado, que producen electricidad y abono a partir de excrementos humanos. Al final, el director encuentra respuestas para reutilizar de forma sostenible la caca y el pis humanos que aumentan la seguridad alimentaria mundial, la protecci\u00f3n del medio ambiente y la higiene y mitigan el cambio clim\u00e1tico.<\/p>\n\n<p class=\"has-medium-font-size\"><strong>Informaci\u00f3n adicional: <\/strong><\/p>\n\n<p class=\"has-medium-font-size\">Una pel\u00edcula de Rub\u00e9n Abru\u00f1a <br\/>C\u00e1mara: Hajo Schomerus <br\/>Sonido: Ralf Weber<br\/>Edici\u00f3n: C\u00e9cile Welter<br\/>M\u00fasica: Ulrich Kodjo Wendt <br\/>Narrador (versi\u00f3n alemana): Christoph Maria Herbst <br\/>Narrador (versiones en ingl\u00e9s y castellano): Rub\u00e9n Abru\u00f1a <br\/>Productor ejecutivo: Valentin Thurn<br\/>Coproductora: Elena Pedrazzoli <br\/>Editores: Jutta Krug (WDR), Martin Kowalczyk (BR) Urs Augstburger (SRF) y Sven W\u00e4lti (SRG SSR)<br\/>En coproducci\u00f3n con Peacock Film (Z\u00farich)<br\/>Westdeutscher Rundfunk (WDR)<br\/>Bayerischer Rundfunk (BR) Petra Felber <br\/>Schweizer Radio und Fernsehen (SRF)SRG SSR <br\/>Con el apoyo de: Film- und Medienstiftung NRW <br\/>El Comisario de Cultura y Medios de Comunicaci\u00f3n del Gobierno Federal (BKM)<br\/>Deutscher Filmf\u00f6rderfonds (DFFF) <br\/>Oficina Federal de Cultura (BAK)<br\/>Succ\u00e8s passage antennes (SRG SSR) <\/p>\n","protected":false},"excerpt":{"rendered":"<p>Un documental de largo metraje de Rub\u00e9n Abru\u00f1aProducido por Thurn Film, en coproducci\u00f3n con Peacock Film (CH) Estreno en cines alemanes y austriacos en oto\u00f1o de 2023.Distribuci\u00f3n en cines: Farbfilm, Distribuidor mundial: AutlookCampa\u00f1a de impacto: Think-Film Impact Production \u00bfQu\u00e9 ocurre con los alimentos que digerimos cuando salen de nuestro cuerpo?<span class=\"more-link\"><a href=\"https:\/\/holyshit.global\/es\/sobre-la-pelicula\/\">Read More &rarr;<\/a><\/span><\/p>\n","protected":false},"author":1,"featured_media":389,"parent":0,"menu_order":0,"comment_status":"closed","ping_status":"closed","template":"","meta":{"footnotes":""},"class_list":["entry","author-wzu2bwzu2bwzu2b","post-2459","page","type-page","status-publish","has-post-thumbnail"],"_links":{"self":[{"href":"https:\/\/holyshit.global\/es\/wp-json\/wp\/v2\/pages\/2459","targetHints":{"allow":["GET"]}}],"collection":[{"href":"https:\/\/holyshit.global\/es\/wp-json\/wp\/v2\/pages"}],"about":[{"href":"https:\/\/holyshit.global\/es\/wp-json\/wp\/v2\/types\/page"}],"author":[{"embeddable":true,"href":"https:\/\/holyshit.global\/es\/wp-json\/wp\/v2\/users\/1"}],"replies":[{"embeddable":true,"href":"https:\/\/holyshit.global\/es\/wp-json\/wp\/v2\/comments?post=2459"}],"version-history":[{"count":4,"href":"https:\/\/holyshit.global\/es\/wp-json\/wp\/v2\/pages\/2459\/revisions"}],"predecessor-version":[{"id":2549,"href":"https:\/\/holyshit.global\/es\/wp-json\/wp\/v2\/pages\/2459\/revisions\/2549"}],"wp:featuredmedia":[{"embeddable":true,"href":"https:\/\/holyshit.global\/es\/wp-json\/wp\/v2\/media\/389"}],"wp:attachment":[{"href":"https:\/\/holyshit.global\/es\/wp-json\/wp\/v2\/media?parent=2459"}],"curies":[{"name":"wp","href":"https:\/\/api.w.org\/{rel}","templated":true}]}}