{"id":2202,"date":"2023-07-25T09:52:46","date_gmt":"2023-07-25T08:52:46","guid":{"rendered":"https:\/\/holyshit.global\/estreno-en-el-festival-de-cine-natur-vision-de-ludwigsburg-alemania\/"},"modified":"2024-02-13T11:35:03","modified_gmt":"2024-02-13T10:35:03","slug":"estreno-en-el-festival-de-cine-natur-vision-de-ludwigsburg-alemania","status":"publish","type":"page","link":"https:\/\/holyshit.global\/es\/estreno-en-el-festival-de-cine-natur-vision-de-ludwigsburg-alemania\/","title":{"rendered":"Estreno en el Festival de Cine NaturVisi\u00f3n de Luisburgo, Alemania"},"content":{"rendered":"\n<p class=\"has-medium-font-size\">El s\u00e1bado 22 de julio, HOLY SHIT tuvo su estreno en la 23 edici\u00f3n del Festival de cine NaturVisi\u00f3n de Luisburgo, Alemania. En el marco del D\u00eda Mundial, que se centra en pel\u00edculas que abordan el desarrollo sostenible, llenamos la sala de 150 butacas del Filmstudio y m\u00e1s de media docena de personas se quedaron de pie. Elias Zand-Akbari moder\u00f3 la interesante sesi\u00f3n de preguntas y respuestas que tuvo lugar tras la proyecci\u00f3n con el productor Valentin Thurn y Rub\u00e9n Abru\u00f1a, guionista y director. El p\u00fablico demostr\u00f3 un alto nivel de comprensi\u00f3n y conocimiento de los temas, y recibimos muchos comentarios positivos y alentadores, de los cuales estamos agradecidos. Gracias.<\/p>\n\n\n\n<figure class=\"wp-block-gallery has-nested-images columns-default is-cropped wp-block-gallery-1 is-layout-flex wp-block-gallery-is-layout-flex\">\n<figure class=\"wp-block-image size-large\"><img loading=\"lazy\" decoding=\"async\" width=\"683\" height=\"1024\" data-id=\"2233\" src=\"https:\/\/holyshit.global\/wp-content\/uploads\/2023\/07\/Global_Day_2023-07-22_\u00a9Balk-8441-683x1024.jpg\" alt=\"\" class=\"wp-image-2233\" srcset=\"https:\/\/holyshit.global\/wp-content\/uploads\/2023\/07\/Global_Day_2023-07-22_\u00a9Balk-8441-683x1024.jpg 683w, https:\/\/holyshit.global\/wp-content\/uploads\/2023\/07\/Global_Day_2023-07-22_\u00a9Balk-8441-200x300.jpg 200w, https:\/\/holyshit.global\/wp-content\/uploads\/2023\/07\/Global_Day_2023-07-22_\u00a9Balk-8441-768x1152.jpg 768w, https:\/\/holyshit.global\/wp-content\/uploads\/2023\/07\/Global_Day_2023-07-22_\u00a9Balk-8441-1024x1536.jpg 1024w, https:\/\/holyshit.global\/wp-content\/uploads\/2023\/07\/Global_Day_2023-07-22_\u00a9Balk-8441-1365x2048.jpg 1365w, https:\/\/holyshit.global\/wp-content\/uploads\/2023\/07\/Global_Day_2023-07-22_\u00a9Balk-8441-400x600.jpg 400w, https:\/\/holyshit.global\/wp-content\/uploads\/2023\/07\/Global_Day_2023-07-22_\u00a9Balk-8441-333x500.jpg 333w, https:\/\/holyshit.global\/wp-content\/uploads\/2023\/07\/Global_Day_2023-07-22_\u00a9Balk-8441-scaled.jpg 1707w\" sizes=\"auto, (max-width: 683px) 100vw, 683px\" \/><\/figure>\n\n\n\n<figure class=\"wp-block-image size-large\"><img loading=\"lazy\" decoding=\"async\" width=\"1024\" height=\"540\" data-id=\"2205\" src=\"https:\/\/holyshit.global\/wp-content\/uploads\/2023\/07\/Natur-Vision-Full-House2-1024x540.jpg\" alt=\"\" class=\"wp-image-2205\" srcset=\"https:\/\/holyshit.global\/wp-content\/uploads\/2023\/07\/Natur-Vision-Full-House2-1024x540.jpg 1024w, https:\/\/holyshit.global\/wp-content\/uploads\/2023\/07\/Natur-Vision-Full-House2-300x158.jpg 300w, https:\/\/holyshit.global\/wp-content\/uploads\/2023\/07\/Natur-Vision-Full-House2-768x405.jpg 768w, https:\/\/holyshit.global\/wp-content\/uploads\/2023\/07\/Natur-Vision-Full-House2-1536x810.jpg 1536w, https:\/\/holyshit.global\/wp-content\/uploads\/2023\/07\/Natur-Vision-Full-House2-465x245.jpg 465w, https:\/\/holyshit.global\/wp-content\/uploads\/2023\/07\/Natur-Vision-Full-House2-695x366.jpg 695w, https:\/\/holyshit.global\/wp-content\/uploads\/2023\/07\/Natur-Vision-Full-House2.jpg 2016w\" sizes=\"auto, (max-width: 1024px) 100vw, 1024px\" \/><\/figure>\n\n\n\n<figure class=\"wp-block-image size-large\"><img loading=\"lazy\" decoding=\"async\" width=\"1024\" height=\"683\" data-id=\"2218\" src=\"https:\/\/holyshit.global\/wp-content\/uploads\/2023\/07\/Global_Day_2023-07-22_\u00a9Balk-8341-1024x683.jpg\" alt=\"\" class=\"wp-image-2218\" srcset=\"https:\/\/holyshit.global\/wp-content\/uploads\/2023\/07\/Global_Day_2023-07-22_\u00a9Balk-8341-1024x683.jpg 1024w, https:\/\/holyshit.global\/wp-content\/uploads\/2023\/07\/Global_Day_2023-07-22_\u00a9Balk-8341-300x200.jpg 300w, https:\/\/holyshit.global\/wp-content\/uploads\/2023\/07\/Global_Day_2023-07-22_\u00a9Balk-8341-768x512.jpg 768w, https:\/\/holyshit.global\/wp-content\/uploads\/2023\/07\/Global_Day_2023-07-22_\u00a9Balk-8341-1536x1024.jpg 1536w, https:\/\/holyshit.global\/wp-content\/uploads\/2023\/07\/Global_Day_2023-07-22_\u00a9Balk-8341-2048x1365.jpg 2048w, https:\/\/holyshit.global\/wp-content\/uploads\/2023\/07\/Global_Day_2023-07-22_\u00a9Balk-8341-465x310.jpg 465w, https:\/\/holyshit.global\/wp-content\/uploads\/2023\/07\/Global_Day_2023-07-22_\u00a9Balk-8341-695x463.jpg 695w\" sizes=\"auto, (max-width: 1024px) 100vw, 1024px\" \/><\/figure>\n\n\n\n<figure class=\"wp-block-image size-large\"><img loading=\"lazy\" decoding=\"async\" width=\"1024\" height=\"683\" data-id=\"2221\" src=\"https:\/\/holyshit.global\/wp-content\/uploads\/2023\/07\/Global_Day_2023-07-22_\u00a9Balk-8361-1024x683.jpg\" alt=\"\" class=\"wp-image-2221\" srcset=\"https:\/\/holyshit.global\/wp-content\/uploads\/2023\/07\/Global_Day_2023-07-22_\u00a9Balk-8361-1024x683.jpg 1024w, https:\/\/holyshit.global\/wp-content\/uploads\/2023\/07\/Global_Day_2023-07-22_\u00a9Balk-8361-300x200.jpg 300w, https:\/\/holyshit.global\/wp-content\/uploads\/2023\/07\/Global_Day_2023-07-22_\u00a9Balk-8361-768x512.jpg 768w, https:\/\/holyshit.global\/wp-content\/uploads\/2023\/07\/Global_Day_2023-07-22_\u00a9Balk-8361-1536x1024.jpg 1536w, https:\/\/holyshit.global\/wp-content\/uploads\/2023\/07\/Global_Day_2023-07-22_\u00a9Balk-8361-2048x1365.jpg 2048w, https:\/\/holyshit.global\/wp-content\/uploads\/2023\/07\/Global_Day_2023-07-22_\u00a9Balk-8361-465x310.jpg 465w, https:\/\/holyshit.global\/wp-content\/uploads\/2023\/07\/Global_Day_2023-07-22_\u00a9Balk-8361-695x463.jpg 695w\" sizes=\"auto, (max-width: 1024px) 100vw, 1024px\" \/><\/figure>\n\n\n\n<figure class=\"wp-block-image size-large\"><img loading=\"lazy\" decoding=\"async\" width=\"1024\" height=\"683\" data-id=\"2236\" src=\"https:\/\/holyshit.global\/wp-content\/uploads\/2023\/07\/Global_Day_2023-07-22_\u00a9Balk-8578-1024x683.jpg\" alt=\"\" class=\"wp-image-2236\" srcset=\"https:\/\/holyshit.global\/wp-content\/uploads\/2023\/07\/Global_Day_2023-07-22_\u00a9Balk-8578-1024x683.jpg 1024w, https:\/\/holyshit.global\/wp-content\/uploads\/2023\/07\/Global_Day_2023-07-22_\u00a9Balk-8578-300x200.jpg 300w, https:\/\/holyshit.global\/wp-content\/uploads\/2023\/07\/Global_Day_2023-07-22_\u00a9Balk-8578-768x512.jpg 768w, https:\/\/holyshit.global\/wp-content\/uploads\/2023\/07\/Global_Day_2023-07-22_\u00a9Balk-8578-1536x1024.jpg 1536w, https:\/\/holyshit.global\/wp-content\/uploads\/2023\/07\/Global_Day_2023-07-22_\u00a9Balk-8578-2048x1365.jpg 2048w, https:\/\/holyshit.global\/wp-content\/uploads\/2023\/07\/Global_Day_2023-07-22_\u00a9Balk-8578-465x310.jpg 465w, https:\/\/holyshit.global\/wp-content\/uploads\/2023\/07\/Global_Day_2023-07-22_\u00a9Balk-8578-695x463.jpg 695w\" sizes=\"auto, (max-width: 1024px) 100vw, 1024px\" \/><\/figure>\n\n\n\n<figure class=\"wp-block-image size-large\"><img loading=\"lazy\" decoding=\"async\" width=\"1024\" height=\"683\" data-id=\"2227\" src=\"https:\/\/holyshit.global\/wp-content\/uploads\/2023\/07\/Global_Day_2023-07-22_\u00a9Balk-8411-1024x683.jpg\" alt=\"\" class=\"wp-image-2227\" srcset=\"https:\/\/holyshit.global\/wp-content\/uploads\/2023\/07\/Global_Day_2023-07-22_\u00a9Balk-8411-1024x683.jpg 1024w, https:\/\/holyshit.global\/wp-content\/uploads\/2023\/07\/Global_Day_2023-07-22_\u00a9Balk-8411-300x200.jpg 300w, https:\/\/holyshit.global\/wp-content\/uploads\/2023\/07\/Global_Day_2023-07-22_\u00a9Balk-8411-768x512.jpg 768w, https:\/\/holyshit.global\/wp-content\/uploads\/2023\/07\/Global_Day_2023-07-22_\u00a9Balk-8411-1536x1024.jpg 1536w, https:\/\/holyshit.global\/wp-content\/uploads\/2023\/07\/Global_Day_2023-07-22_\u00a9Balk-8411-2048x1365.jpg 2048w, https:\/\/holyshit.global\/wp-content\/uploads\/2023\/07\/Global_Day_2023-07-22_\u00a9Balk-8411-465x310.jpg 465w, https:\/\/holyshit.global\/wp-content\/uploads\/2023\/07\/Global_Day_2023-07-22_\u00a9Balk-8411-695x463.jpg 695w\" sizes=\"auto, (max-width: 1024px) 100vw, 1024px\" \/><\/figure>\n\n\n\n<figure class=\"wp-block-image size-large\"><img loading=\"lazy\" decoding=\"async\" width=\"683\" height=\"1024\" data-id=\"2224\" src=\"https:\/\/holyshit.global\/wp-content\/uploads\/2023\/07\/Global_Day_2023-07-22_\u00a9Balk-8390-683x1024.jpg\" alt=\"\" class=\"wp-image-2224\" srcset=\"https:\/\/holyshit.global\/wp-content\/uploads\/2023\/07\/Global_Day_2023-07-22_\u00a9Balk-8390-683x1024.jpg 683w, https:\/\/holyshit.global\/wp-content\/uploads\/2023\/07\/Global_Day_2023-07-22_\u00a9Balk-8390-200x300.jpg 200w, https:\/\/holyshit.global\/wp-content\/uploads\/2023\/07\/Global_Day_2023-07-22_\u00a9Balk-8390-768x1152.jpg 768w, https:\/\/holyshit.global\/wp-content\/uploads\/2023\/07\/Global_Day_2023-07-22_\u00a9Balk-8390-1024x1536.jpg 1024w, https:\/\/holyshit.global\/wp-content\/uploads\/2023\/07\/Global_Day_2023-07-22_\u00a9Balk-8390-1365x2048.jpg 1365w, https:\/\/holyshit.global\/wp-content\/uploads\/2023\/07\/Global_Day_2023-07-22_\u00a9Balk-8390-400x600.jpg 400w, https:\/\/holyshit.global\/wp-content\/uploads\/2023\/07\/Global_Day_2023-07-22_\u00a9Balk-8390-333x500.jpg 333w, https:\/\/holyshit.global\/wp-content\/uploads\/2023\/07\/Global_Day_2023-07-22_\u00a9Balk-8390-scaled.jpg 1706w\" sizes=\"auto, (max-width: 683px) 100vw, 683px\" \/><\/figure>\n\n\n\n<figure class=\"wp-block-image size-large\"><img loading=\"lazy\" decoding=\"async\" width=\"683\" height=\"1024\" data-id=\"2242\" src=\"https:\/\/holyshit.global\/wp-content\/uploads\/2023\/07\/Global_Day_2023-07-22_\u00a9Balk-8672-683x1024.jpg\" alt=\"\" class=\"wp-image-2242\" srcset=\"https:\/\/holyshit.global\/wp-content\/uploads\/2023\/07\/Global_Day_2023-07-22_\u00a9Balk-8672-683x1024.jpg 683w, https:\/\/holyshit.global\/wp-content\/uploads\/2023\/07\/Global_Day_2023-07-22_\u00a9Balk-8672-200x300.jpg 200w, https:\/\/holyshit.global\/wp-content\/uploads\/2023\/07\/Global_Day_2023-07-22_\u00a9Balk-8672-768x1152.jpg 768w, https:\/\/holyshit.global\/wp-content\/uploads\/2023\/07\/Global_Day_2023-07-22_\u00a9Balk-8672-1024x1536.jpg 1024w, https:\/\/holyshit.global\/wp-content\/uploads\/2023\/07\/Global_Day_2023-07-22_\u00a9Balk-8672-1365x2048.jpg 1365w, https:\/\/holyshit.global\/wp-content\/uploads\/2023\/07\/Global_Day_2023-07-22_\u00a9Balk-8672-400x600.jpg 400w, https:\/\/holyshit.global\/wp-content\/uploads\/2023\/07\/Global_Day_2023-07-22_\u00a9Balk-8672-333x500.jpg 333w, https:\/\/holyshit.global\/wp-content\/uploads\/2023\/07\/Global_Day_2023-07-22_\u00a9Balk-8672-scaled.jpg 1706w\" sizes=\"auto, (max-width: 683px) 100vw, 683px\" \/><\/figure>\n\n\n\n<figure class=\"wp-block-image size-large\"><img loading=\"lazy\" decoding=\"async\" width=\"1024\" height=\"683\" data-id=\"2230\" src=\"https:\/\/holyshit.global\/wp-content\/uploads\/2023\/07\/Global_Day_2023-07-22_\u00a9Balk-8430-1024x683.jpg\" alt=\"\" class=\"wp-image-2230\" srcset=\"https:\/\/holyshit.global\/wp-content\/uploads\/2023\/07\/Global_Day_2023-07-22_\u00a9Balk-8430-1024x683.jpg 1024w, https:\/\/holyshit.global\/wp-content\/uploads\/2023\/07\/Global_Day_2023-07-22_\u00a9Balk-8430-300x200.jpg 300w, https:\/\/holyshit.global\/wp-content\/uploads\/2023\/07\/Global_Day_2023-07-22_\u00a9Balk-8430-768x512.jpg 768w, https:\/\/holyshit.global\/wp-content\/uploads\/2023\/07\/Global_Day_2023-07-22_\u00a9Balk-8430-1536x1024.jpg 1536w, https:\/\/holyshit.global\/wp-content\/uploads\/2023\/07\/Global_Day_2023-07-22_\u00a9Balk-8430-2048x1365.jpg 2048w, https:\/\/holyshit.global\/wp-content\/uploads\/2023\/07\/Global_Day_2023-07-22_\u00a9Balk-8430-465x310.jpg 465w, https:\/\/holyshit.global\/wp-content\/uploads\/2023\/07\/Global_Day_2023-07-22_\u00a9Balk-8430-695x463.jpg 695w\" sizes=\"auto, (max-width: 1024px) 100vw, 1024px\" \/><\/figure>\n\n\n\n<figure class=\"wp-block-image size-large\"><img loading=\"lazy\" decoding=\"async\" width=\"683\" height=\"1024\" data-id=\"2245\" src=\"https:\/\/holyshit.global\/wp-content\/uploads\/2023\/07\/Global_Day_2023-07-22_\u00a9Balk-8704-683x1024.jpg\" alt=\"\" class=\"wp-image-2245\" srcset=\"https:\/\/holyshit.global\/wp-content\/uploads\/2023\/07\/Global_Day_2023-07-22_\u00a9Balk-8704-683x1024.jpg 683w, https:\/\/holyshit.global\/wp-content\/uploads\/2023\/07\/Global_Day_2023-07-22_\u00a9Balk-8704-200x300.jpg 200w, https:\/\/holyshit.global\/wp-content\/uploads\/2023\/07\/Global_Day_2023-07-22_\u00a9Balk-8704-768x1152.jpg 768w, https:\/\/holyshit.global\/wp-content\/uploads\/2023\/07\/Global_Day_2023-07-22_\u00a9Balk-8704-1024x1536.jpg 1024w, https:\/\/holyshit.global\/wp-content\/uploads\/2023\/07\/Global_Day_2023-07-22_\u00a9Balk-8704-1365x2048.jpg 1365w, https:\/\/holyshit.global\/wp-content\/uploads\/2023\/07\/Global_Day_2023-07-22_\u00a9Balk-8704-400x600.jpg 400w, https:\/\/holyshit.global\/wp-content\/uploads\/2023\/07\/Global_Day_2023-07-22_\u00a9Balk-8704-333x500.jpg 333w, https:\/\/holyshit.global\/wp-content\/uploads\/2023\/07\/Global_Day_2023-07-22_\u00a9Balk-8704-scaled.jpg 1707w\" sizes=\"auto, (max-width: 683px) 100vw, 683px\" \/><\/figure>\n\n\n\n<figure class=\"wp-block-image size-large\"><img loading=\"lazy\" decoding=\"async\" width=\"1024\" height=\"683\" data-id=\"2239\" src=\"https:\/\/holyshit.global\/wp-content\/uploads\/2023\/07\/Global_Day_2023-07-22_\u00a9Balk-8625-1024x683.jpg\" alt=\"\" class=\"wp-image-2239\" srcset=\"https:\/\/holyshit.global\/wp-content\/uploads\/2023\/07\/Global_Day_2023-07-22_\u00a9Balk-8625-1024x683.jpg 1024w, https:\/\/holyshit.global\/wp-content\/uploads\/2023\/07\/Global_Day_2023-07-22_\u00a9Balk-8625-300x200.jpg 300w, https:\/\/holyshit.global\/wp-content\/uploads\/2023\/07\/Global_Day_2023-07-22_\u00a9Balk-8625-768x512.jpg 768w, https:\/\/holyshit.global\/wp-content\/uploads\/2023\/07\/Global_Day_2023-07-22_\u00a9Balk-8625-1536x1024.jpg 1536w, https:\/\/holyshit.global\/wp-content\/uploads\/2023\/07\/Global_Day_2023-07-22_\u00a9Balk-8625-2048x1365.jpg 2048w, https:\/\/holyshit.global\/wp-content\/uploads\/2023\/07\/Global_Day_2023-07-22_\u00a9Balk-8625-465x310.jpg 465w, https:\/\/holyshit.global\/wp-content\/uploads\/2023\/07\/Global_Day_2023-07-22_\u00a9Balk-8625-695x463.jpg 695w\" sizes=\"auto, (max-width: 1024px) 100vw, 1024px\" \/><\/figure>\n\n\n\n<figure class=\"wp-block-image size-large\"><img loading=\"lazy\" decoding=\"async\" width=\"975\" height=\"562\" data-id=\"2208\" src=\"https:\/\/holyshit.global\/wp-content\/uploads\/2023\/07\/NaturVision-RA5.jpg\" alt=\"\" class=\"wp-image-2208\" srcset=\"https:\/\/holyshit.global\/wp-content\/uploads\/2023\/07\/NaturVision-RA5.jpg 975w, https:\/\/holyshit.global\/wp-content\/uploads\/2023\/07\/NaturVision-RA5-300x173.jpg 300w, https:\/\/holyshit.global\/wp-content\/uploads\/2023\/07\/NaturVision-RA5-768x443.jpg 768w, https:\/\/holyshit.global\/wp-content\/uploads\/2023\/07\/NaturVision-RA5-465x268.jpg 465w, https:\/\/holyshit.global\/wp-content\/uploads\/2023\/07\/NaturVision-RA5-695x401.jpg 695w\" sizes=\"auto, (max-width: 975px) 100vw, 975px\" \/><\/figure>\n<\/figure>\n\n\n\n<div class=\"wp-block-buttons is-content-justification-center is-layout-flex wp-container-core-buttons-is-layout-16018d1d wp-block-buttons-is-layout-flex\">\n<div class=\"wp-block-button\"><a class=\"wp-block-button__link wp-element-button\" href=\"https:\/\/holyshit.global\/es\/holy-shit-en-republica-23\/\">Anterior<\/a><\/div>\n\n\n\n<div class=\"wp-block-button\"><a class=\"wp-block-button__link wp-element-button\" href=\"https:\/\/holyshit.global\/es\/resena-de-holy-shit-y-entrevista-con-ruben-abruna\/\">Siguiente<\/a><\/div>\n<\/div>\n","protected":false},"excerpt":{"rendered":"<p>El s\u00e1bado 22 de julio, HOLY SHIT tuvo su estreno en la 23 edici\u00f3n del Festival de cine NaturVisi\u00f3n de Luisburgo, Alemania. En el marco del D\u00eda Mundial, que se centra en pel\u00edculas que abordan el desarrollo sostenible, llenamos la sala de 150 butacas del Filmstudio y m\u00e1s de media<span class=\"more-link\"><a href=\"https:\/\/holyshit.global\/es\/estreno-en-el-festival-de-cine-natur-vision-de-ludwigsburg-alemania\/\">Read More &rarr;<\/a><\/span><\/p>\n","protected":false},"author":1,"featured_media":0,"parent":0,"menu_order":0,"comment_status":"closed","ping_status":"closed","template":"","meta":{"footnotes":""},"class_list":["entry","author-wzu2bwzu2bwzu2b","post-2202","page","type-page","status-publish"],"_links":{"self":[{"href":"https:\/\/holyshit.global\/es\/wp-json\/wp\/v2\/pages\/2202","targetHints":{"allow":["GET"]}}],"collection":[{"href":"https:\/\/holyshit.global\/es\/wp-json\/wp\/v2\/pages"}],"about":[{"href":"https:\/\/holyshit.global\/es\/wp-json\/wp\/v2\/types\/page"}],"author":[{"embeddable":true,"href":"https:\/\/holyshit.global\/es\/wp-json\/wp\/v2\/users\/1"}],"replies":[{"embeddable":true,"href":"https:\/\/holyshit.global\/es\/wp-json\/wp\/v2\/comments?post=2202"}],"version-history":[{"count":16,"href":"https:\/\/holyshit.global\/es\/wp-json\/wp\/v2\/pages\/2202\/revisions"}],"predecessor-version":[{"id":2980,"href":"https:\/\/holyshit.global\/es\/wp-json\/wp\/v2\/pages\/2202\/revisions\/2980"}],"wp:attachment":[{"href":"https:\/\/holyshit.global\/es\/wp-json\/wp\/v2\/media?parent=2202"}],"curies":[{"name":"wp","href":"https:\/\/api.w.org\/{rel}","templated":true}]}}