{"id":3315,"date":"2026-03-07T16:54:42","date_gmt":"2026-03-07T15:54:42","guid":{"rendered":"https:\/\/holyshit.global\/holy-shit-feiert-am-29-oktober-2023-in-der-ziegelhuette-in-zuerich-seine-schweizer-premiere\/"},"modified":"2026-03-07T17:28:40","modified_gmt":"2026-03-07T16:28:40","slug":"holy-shit-feiert-am-29-oktober-2023-in-der-ziegelhuette-in-zuerich-seine-schweizer-premiere","status":"publish","type":"page","link":"https:\/\/holyshit.global\/de\/holy-shit-feiert-am-29-oktober-2023-in-der-ziegelhuette-in-zuerich-seine-schweizer-premiere\/","title":{"rendered":"Holy Shit feiert am 29. Oktober 2023 in der Ziegelh\u00fctte in Z\u00fcrich seine Schweizer Premiere."},"content":{"rendered":"\n<p>Vielen Dank an Tamo und Rose von Ziegelh\u00fctte f\u00fcr ihre Freundlichkeit und Unterst\u00fctzung f\u00fcr mich und den Film. Mit \u00fcber 100 Besuchern war der Saal bis auf den letzten Platz gef\u00fcllt. Es war ein wunderbarer Abend mit Freunden und Angeh\u00f6rigen, darunter auch die Cutterin des Films, C\u00e9cile Welter, und ihre Familie. An der Fragerunde nahmen Jojo Casanova von Kompotoi, Bastian Etter von Vuna und ich teil.   <\/p>\n\n<figure class=\"wp-block-image size-large\"><img loading=\"lazy\" decoding=\"async\" width=\"1024\" height=\"768\" src=\"https:\/\/holyshit.global\/wp-content\/uploads\/2026\/03\/Ziegel-beer-garden-w-film-poster-1-1024x768.jpg\" alt=\"\" class=\"wp-image-3345\" srcset=\"https:\/\/holyshit.global\/wp-content\/uploads\/2026\/03\/Ziegel-beer-garden-w-film-poster-1-1024x768.jpg 1024w, https:\/\/holyshit.global\/wp-content\/uploads\/2026\/03\/Ziegel-beer-garden-w-film-poster-1-300x225.jpg 300w, https:\/\/holyshit.global\/wp-content\/uploads\/2026\/03\/Ziegel-beer-garden-w-film-poster-1-768x576.jpg 768w, https:\/\/holyshit.global\/wp-content\/uploads\/2026\/03\/Ziegel-beer-garden-w-film-poster-1-1536x1152.jpg 1536w, https:\/\/holyshit.global\/wp-content\/uploads\/2026\/03\/Ziegel-beer-garden-w-film-poster-1-465x349.jpg 465w, https:\/\/holyshit.global\/wp-content\/uploads\/2026\/03\/Ziegel-beer-garden-w-film-poster-1-667x500.jpg 667w, https:\/\/holyshit.global\/wp-content\/uploads\/2026\/03\/Ziegel-beer-garden-w-film-poster-1.jpg 2016w\" sizes=\"auto, (max-width: 1024px) 100vw, 1024px\" \/><\/figure>\n\n<figure class=\"wp-block-image size-full\"><img loading=\"lazy\" decoding=\"async\" width=\"1024\" height=\"768\" src=\"https:\/\/holyshit.global\/wp-content\/uploads\/2026\/03\/Screening-Ziegelhuette-1-1.jpg\" alt=\"\" class=\"wp-image-3339\" srcset=\"https:\/\/holyshit.global\/wp-content\/uploads\/2026\/03\/Screening-Ziegelhuette-1-1.jpg 1024w, https:\/\/holyshit.global\/wp-content\/uploads\/2026\/03\/Screening-Ziegelhuette-1-1-300x225.jpg 300w, https:\/\/holyshit.global\/wp-content\/uploads\/2026\/03\/Screening-Ziegelhuette-1-1-768x576.jpg 768w, https:\/\/holyshit.global\/wp-content\/uploads\/2026\/03\/Screening-Ziegelhuette-1-1-465x349.jpg 465w, https:\/\/holyshit.global\/wp-content\/uploads\/2026\/03\/Screening-Ziegelhuette-1-1-667x500.jpg 667w\" sizes=\"auto, (max-width: 1024px) 100vw, 1024px\" \/><\/figure>\n\n<figure class=\"wp-block-image size-full\"><img loading=\"lazy\" decoding=\"async\" width=\"768\" height=\"1024\" src=\"https:\/\/holyshit.global\/wp-content\/uploads\/2026\/03\/QA-Stage-at-Ziegelhuette-1-1.jpg\" alt=\"\" class=\"wp-image-3342\" srcset=\"https:\/\/holyshit.global\/wp-content\/uploads\/2026\/03\/QA-Stage-at-Ziegelhuette-1-1.jpg 768w, https:\/\/holyshit.global\/wp-content\/uploads\/2026\/03\/QA-Stage-at-Ziegelhuette-1-1-225x300.jpg 225w, https:\/\/holyshit.global\/wp-content\/uploads\/2026\/03\/QA-Stage-at-Ziegelhuette-1-1-450x600.jpg 450w, https:\/\/holyshit.global\/wp-content\/uploads\/2026\/03\/QA-Stage-at-Ziegelhuette-1-1-375x500.jpg 375w\" sizes=\"auto, (max-width: 768px) 100vw, 768px\" \/><\/figure>\n\n<figure class=\"wp-block-image size-large\"><img loading=\"lazy\" decoding=\"async\" width=\"768\" height=\"1024\" src=\"https:\/\/holyshit.global\/wp-content\/uploads\/2026\/03\/Ziegelhuetteposter-2-768x1024.jpg\" alt=\"\" class=\"wp-image-3348\" srcset=\"https:\/\/holyshit.global\/wp-content\/uploads\/2026\/03\/Ziegelhuetteposter-2-768x1024.jpg 768w, https:\/\/holyshit.global\/wp-content\/uploads\/2026\/03\/Ziegelhuetteposter-2-225x300.jpg 225w, https:\/\/holyshit.global\/wp-content\/uploads\/2026\/03\/Ziegelhuetteposter-2-1152x1536.jpg 1152w, https:\/\/holyshit.global\/wp-content\/uploads\/2026\/03\/Ziegelhuetteposter-2-450x600.jpg 450w, https:\/\/holyshit.global\/wp-content\/uploads\/2026\/03\/Ziegelhuetteposter-2-375x500.jpg 375w, https:\/\/holyshit.global\/wp-content\/uploads\/2026\/03\/Ziegelhuetteposter-2.jpg 1512w\" sizes=\"auto, (max-width: 768px) 100vw, 768px\" \/><\/figure>\n","protected":false},"excerpt":{"rendered":"<p>Vielen Dank an Tamo und Rose von Ziegelh\u00fctte f\u00fcr ihre Freundlichkeit und Unterst\u00fctzung f\u00fcr mich und den Film. Mit \u00fcber 100 Besuchern war der Saal bis auf den letzten Platz gef\u00fcllt. Es war ein wunderbarer Abend mit Freunden und Angeh\u00f6rigen, darunter auch die Cutterin des Films, C\u00e9cile Welter, und ihre<span class=\"more-link\"><a href=\"https:\/\/holyshit.global\/de\/holy-shit-feiert-am-29-oktober-2023-in-der-ziegelhuette-in-zuerich-seine-schweizer-premiere\/\">Read More &rarr;<\/a><\/span><\/p>\n","protected":false},"author":1,"featured_media":0,"parent":0,"menu_order":0,"comment_status":"closed","ping_status":"closed","template":"","meta":{"footnotes":""},"class_list":["entry","author-wzu2bwzu2bwzu2b","post-3315","page","type-page","status-publish"],"_links":{"self":[{"href":"https:\/\/holyshit.global\/de\/wp-json\/wp\/v2\/pages\/3315","targetHints":{"allow":["GET"]}}],"collection":[{"href":"https:\/\/holyshit.global\/de\/wp-json\/wp\/v2\/pages"}],"about":[{"href":"https:\/\/holyshit.global\/de\/wp-json\/wp\/v2\/types\/page"}],"author":[{"embeddable":true,"href":"https:\/\/holyshit.global\/de\/wp-json\/wp\/v2\/users\/1"}],"replies":[{"embeddable":true,"href":"https:\/\/holyshit.global\/de\/wp-json\/wp\/v2\/comments?post=3315"}],"version-history":[{"count":2,"href":"https:\/\/holyshit.global\/de\/wp-json\/wp\/v2\/pages\/3315\/revisions"}],"predecessor-version":[{"id":3352,"href":"https:\/\/holyshit.global\/de\/wp-json\/wp\/v2\/pages\/3315\/revisions\/3352"}],"wp:attachment":[{"href":"https:\/\/holyshit.global\/de\/wp-json\/wp\/v2\/media?parent=3315"}],"curies":[{"name":"wp","href":"https:\/\/api.w.org\/{rel}","templated":true}]}}