{"id":3268,"date":"2026-03-06T17:32:47","date_gmt":"2026-03-06T16:32:47","guid":{"rendered":"https:\/\/holyshit.global\/holy-shit-auf-der-architekturbiennale-in-venedig-19-oktober-2023\/"},"modified":"2026-03-06T17:40:28","modified_gmt":"2026-03-06T16:40:28","slug":"holy-shit-auf-der-architekturbiennale-in-venedig-19-oktober-2023","status":"publish","type":"page","link":"https:\/\/holyshit.global\/de\/holy-shit-auf-der-architekturbiennale-in-venedig-19-oktober-2023\/","title":{"rendered":"Holy Shit auf der Architekturbiennale in Venedig 19. Oktober 2023"},"content":{"rendered":"\n<p>Holy Shit hatte einen besonderen Auftritt auf der Architekturbiennale 2023 in Venedig, die vom Deutschen Pavillon veranstaltet wurde. Die Vorf\u00fchrung fand im wundersch\u00f6nen Veranstaltungsort S.a.L.E. Docks statt, einem ehemaligen verlassenen Salzlagerhaus, das von einer Gruppe venezianischer Einwohner besetzt wurde, die schlie\u00dflich das Eigentumsrecht an dem Geb\u00e4ude erlangten und es in ein multifunktionales Kulturzentrum (Theater, Kino, Literatur, Tanz, Musik, gesellschaftliche Veranstaltungen\u2026) umwandelten \u2013 oh, und mit einer Trockentoilette mit Kompostierung.<\/p>\n\n<p>Dar\u00fcber hinaus fand ein Dialog \u00fcber Kino und Architektur im Kontext der Kreislaufwirtschaft zwischen dem Architekten Fernando Abru\u00f1a Charneco FAIA und dem Regisseur von Holy Shit, Rub\u00e9n Abru\u00f1a, statt. Fernando nahm aus San Juan, Puerto Rico, teil, Rub\u00e9n von der Biennale in Venedig, Italien.<\/p>\n\n<p>Vielen Dank an Zirkulier.bar f\u00fcr die Unterst\u00fctzung.<\/p>\n\n<figure class=\"wp-block-gallery has-nested-images columns-default is-cropped wp-block-gallery-1 is-layout-flex wp-block-gallery-is-layout-flex\">\n<figure class=\"wp-block-image size-large\"><img loading=\"lazy\" decoding=\"async\" width=\"576\" height=\"1024\" data-id=\"3234\" src=\"https:\/\/holyshit.global\/wp-content\/uploads\/2026\/03\/Venice-Bienal-program-576x1024.jpg\" alt=\"\" class=\"wp-image-3234\" srcset=\"https:\/\/holyshit.global\/wp-content\/uploads\/2026\/03\/Venice-Bienal-program-576x1024.jpg 576w, https:\/\/holyshit.global\/wp-content\/uploads\/2026\/03\/Venice-Bienal-program-169x300.jpg 169w, https:\/\/holyshit.global\/wp-content\/uploads\/2026\/03\/Venice-Bienal-program-768x1366.jpg 768w, https:\/\/holyshit.global\/wp-content\/uploads\/2026\/03\/Venice-Bienal-program-337x600.jpg 337w, https:\/\/holyshit.global\/wp-content\/uploads\/2026\/03\/Venice-Bienal-program-281x500.jpg 281w, https:\/\/holyshit.global\/wp-content\/uploads\/2026\/03\/Venice-Bienal-program.jpg 863w\" sizes=\"auto, (max-width: 576px) 100vw, 576px\" \/><\/figure>\n\n\n\n<figure class=\"wp-block-image size-large\"><img loading=\"lazy\" decoding=\"async\" width=\"1024\" height=\"768\" data-id=\"3249\" src=\"https:\/\/holyshit.global\/wp-content\/uploads\/2026\/03\/Venice-canal-1024x768.jpg\" alt=\"\" class=\"wp-image-3249\" srcset=\"https:\/\/holyshit.global\/wp-content\/uploads\/2026\/03\/Venice-canal-1024x768.jpg 1024w, https:\/\/holyshit.global\/wp-content\/uploads\/2026\/03\/Venice-canal-300x225.jpg 300w, https:\/\/holyshit.global\/wp-content\/uploads\/2026\/03\/Venice-canal-768x576.jpg 768w, https:\/\/holyshit.global\/wp-content\/uploads\/2026\/03\/Venice-canal-1536x1152.jpg 1536w, https:\/\/holyshit.global\/wp-content\/uploads\/2026\/03\/Venice-canal-465x349.jpg 465w, https:\/\/holyshit.global\/wp-content\/uploads\/2026\/03\/Venice-canal-667x500.jpg 667w, https:\/\/holyshit.global\/wp-content\/uploads\/2026\/03\/Venice-canal.jpg 2016w\" sizes=\"auto, (max-width: 1024px) 100vw, 1024px\" \/><\/figure>\n\n\n\n<figure class=\"wp-block-image size-large\"><img loading=\"lazy\" decoding=\"async\" width=\"1024\" height=\"768\" data-id=\"3246\" src=\"https:\/\/holyshit.global\/wp-content\/uploads\/2026\/03\/Venice-gondolas-1024x768.jpg\" alt=\"\" class=\"wp-image-3246\" srcset=\"https:\/\/holyshit.global\/wp-content\/uploads\/2026\/03\/Venice-gondolas-1024x768.jpg 1024w, https:\/\/holyshit.global\/wp-content\/uploads\/2026\/03\/Venice-gondolas-300x225.jpg 300w, https:\/\/holyshit.global\/wp-content\/uploads\/2026\/03\/Venice-gondolas-768x576.jpg 768w, https:\/\/holyshit.global\/wp-content\/uploads\/2026\/03\/Venice-gondolas-1536x1152.jpg 1536w, https:\/\/holyshit.global\/wp-content\/uploads\/2026\/03\/Venice-gondolas-465x349.jpg 465w, https:\/\/holyshit.global\/wp-content\/uploads\/2026\/03\/Venice-gondolas-666x500.jpg 666w, https:\/\/holyshit.global\/wp-content\/uploads\/2026\/03\/Venice-gondolas.jpg 1798w\" sizes=\"auto, (max-width: 1024px) 100vw, 1024px\" \/><\/figure>\n\n\n\n<figure class=\"wp-block-image size-large\"><img loading=\"lazy\" decoding=\"async\" width=\"1024\" height=\"768\" data-id=\"3240\" src=\"https:\/\/holyshit.global\/wp-content\/uploads\/2026\/03\/Poster-at-Venice-w-people-1024x768.jpg\" alt=\"\" class=\"wp-image-3240\" srcset=\"https:\/\/holyshit.global\/wp-content\/uploads\/2026\/03\/Poster-at-Venice-w-people-1024x768.jpg 1024w, https:\/\/holyshit.global\/wp-content\/uploads\/2026\/03\/Poster-at-Venice-w-people-300x225.jpg 300w, https:\/\/holyshit.global\/wp-content\/uploads\/2026\/03\/Poster-at-Venice-w-people-768x576.jpg 768w, https:\/\/holyshit.global\/wp-content\/uploads\/2026\/03\/Poster-at-Venice-w-people-1536x1152.jpg 1536w, https:\/\/holyshit.global\/wp-content\/uploads\/2026\/03\/Poster-at-Venice-w-people-465x349.jpg 465w, https:\/\/holyshit.global\/wp-content\/uploads\/2026\/03\/Poster-at-Venice-w-people-666x500.jpg 666w, https:\/\/holyshit.global\/wp-content\/uploads\/2026\/03\/Poster-at-Venice-w-people.jpg 1754w\" sizes=\"auto, (max-width: 1024px) 100vw, 1024px\" \/><\/figure>\n\n\n\n<figure class=\"wp-block-image size-large\"><img loading=\"lazy\" decoding=\"async\" width=\"1024\" height=\"768\" data-id=\"3255\" src=\"https:\/\/holyshit.global\/wp-content\/uploads\/2026\/03\/Venice-Bookstore-at-Sale-1024x768.jpg\" alt=\"\" class=\"wp-image-3255\" srcset=\"https:\/\/holyshit.global\/wp-content\/uploads\/2026\/03\/Venice-Bookstore-at-Sale-1024x768.jpg 1024w, https:\/\/holyshit.global\/wp-content\/uploads\/2026\/03\/Venice-Bookstore-at-Sale-300x225.jpg 300w, https:\/\/holyshit.global\/wp-content\/uploads\/2026\/03\/Venice-Bookstore-at-Sale-768x576.jpg 768w, https:\/\/holyshit.global\/wp-content\/uploads\/2026\/03\/Venice-Bookstore-at-Sale-1536x1152.jpg 1536w, https:\/\/holyshit.global\/wp-content\/uploads\/2026\/03\/Venice-Bookstore-at-Sale-465x349.jpg 465w, https:\/\/holyshit.global\/wp-content\/uploads\/2026\/03\/Venice-Bookstore-at-Sale-667x500.jpg 667w, https:\/\/holyshit.global\/wp-content\/uploads\/2026\/03\/Venice-Bookstore-at-Sale.jpg 2016w\" sizes=\"auto, (max-width: 1024px) 100vw, 1024px\" \/><\/figure>\n\n\n\n<figure class=\"wp-block-image size-large\"><img loading=\"lazy\" decoding=\"async\" width=\"1024\" height=\"768\" data-id=\"3258\" src=\"https:\/\/holyshit.global\/wp-content\/uploads\/2026\/03\/Venice-Bar-at-Sale-1024x768.jpg\" alt=\"\" class=\"wp-image-3258\" srcset=\"https:\/\/holyshit.global\/wp-content\/uploads\/2026\/03\/Venice-Bar-at-Sale-1024x768.jpg 1024w, https:\/\/holyshit.global\/wp-content\/uploads\/2026\/03\/Venice-Bar-at-Sale-300x225.jpg 300w, https:\/\/holyshit.global\/wp-content\/uploads\/2026\/03\/Venice-Bar-at-Sale-768x576.jpg 768w, https:\/\/holyshit.global\/wp-content\/uploads\/2026\/03\/Venice-Bar-at-Sale-1536x1152.jpg 1536w, https:\/\/holyshit.global\/wp-content\/uploads\/2026\/03\/Venice-Bar-at-Sale-465x349.jpg 465w, https:\/\/holyshit.global\/wp-content\/uploads\/2026\/03\/Venice-Bar-at-Sale-667x500.jpg 667w, https:\/\/holyshit.global\/wp-content\/uploads\/2026\/03\/Venice-Bar-at-Sale.jpg 2016w\" sizes=\"auto, (max-width: 1024px) 100vw, 1024px\" \/><\/figure>\n\n\n\n<figure class=\"wp-block-image size-large\"><img loading=\"lazy\" decoding=\"async\" width=\"1024\" height=\"768\" data-id=\"3243\" src=\"https:\/\/holyshit.global\/wp-content\/uploads\/2026\/03\/Venice-piazza-St-marco-1024x768.jpg\" alt=\"\" class=\"wp-image-3243\" srcset=\"https:\/\/holyshit.global\/wp-content\/uploads\/2026\/03\/Venice-piazza-St-marco-1024x768.jpg 1024w, https:\/\/holyshit.global\/wp-content\/uploads\/2026\/03\/Venice-piazza-St-marco-300x225.jpg 300w, https:\/\/holyshit.global\/wp-content\/uploads\/2026\/03\/Venice-piazza-St-marco-768x576.jpg 768w, https:\/\/holyshit.global\/wp-content\/uploads\/2026\/03\/Venice-piazza-St-marco-1536x1152.jpg 1536w, https:\/\/holyshit.global\/wp-content\/uploads\/2026\/03\/Venice-piazza-St-marco-465x349.jpg 465w, https:\/\/holyshit.global\/wp-content\/uploads\/2026\/03\/Venice-piazza-St-marco-667x500.jpg 667w, https:\/\/holyshit.global\/wp-content\/uploads\/2026\/03\/Venice-piazza-St-marco.jpg 2016w\" sizes=\"auto, (max-width: 1024px) 100vw, 1024px\" \/><\/figure>\n\n\n\n<figure class=\"wp-block-image size-large\"><img loading=\"lazy\" decoding=\"async\" width=\"1024\" height=\"768\" data-id=\"3252\" src=\"https:\/\/holyshit.global\/wp-content\/uploads\/2026\/03\/Venice-flooded-St.-Marks-1024x768.jpg\" alt=\"\" class=\"wp-image-3252\" srcset=\"https:\/\/holyshit.global\/wp-content\/uploads\/2026\/03\/Venice-flooded-St.-Marks-1024x768.jpg 1024w, https:\/\/holyshit.global\/wp-content\/uploads\/2026\/03\/Venice-flooded-St.-Marks-300x225.jpg 300w, https:\/\/holyshit.global\/wp-content\/uploads\/2026\/03\/Venice-flooded-St.-Marks-768x576.jpg 768w, https:\/\/holyshit.global\/wp-content\/uploads\/2026\/03\/Venice-flooded-St.-Marks-1536x1152.jpg 1536w, https:\/\/holyshit.global\/wp-content\/uploads\/2026\/03\/Venice-flooded-St.-Marks-465x349.jpg 465w, https:\/\/holyshit.global\/wp-content\/uploads\/2026\/03\/Venice-flooded-St.-Marks-667x500.jpg 667w, https:\/\/holyshit.global\/wp-content\/uploads\/2026\/03\/Venice-flooded-St.-Marks.jpg 2016w\" sizes=\"auto, (max-width: 1024px) 100vw, 1024px\" \/><\/figure>\n\n\n\n<figure class=\"wp-block-image size-large\"><img loading=\"lazy\" decoding=\"async\" width=\"1024\" height=\"768\" data-id=\"3261\" src=\"https:\/\/holyshit.global\/wp-content\/uploads\/2026\/03\/Venice-at-Sale-screening-1024x768.jpg\" alt=\"\" class=\"wp-image-3261\" srcset=\"https:\/\/holyshit.global\/wp-content\/uploads\/2026\/03\/Venice-at-Sale-screening-1024x768.jpg 1024w, https:\/\/holyshit.global\/wp-content\/uploads\/2026\/03\/Venice-at-Sale-screening-300x225.jpg 300w, https:\/\/holyshit.global\/wp-content\/uploads\/2026\/03\/Venice-at-Sale-screening-768x576.jpg 768w, https:\/\/holyshit.global\/wp-content\/uploads\/2026\/03\/Venice-at-Sale-screening-1536x1152.jpg 1536w, https:\/\/holyshit.global\/wp-content\/uploads\/2026\/03\/Venice-at-Sale-screening-465x349.jpg 465w, https:\/\/holyshit.global\/wp-content\/uploads\/2026\/03\/Venice-at-Sale-screening-667x500.jpg 667w, https:\/\/holyshit.global\/wp-content\/uploads\/2026\/03\/Venice-at-Sale-screening.jpg 2016w\" sizes=\"auto, (max-width: 1024px) 100vw, 1024px\" \/><\/figure>\n<\/figure>\n\n<figure class=\"wp-block-gallery has-nested-images columns-default is-cropped wp-block-gallery-2 is-layout-flex wp-block-gallery-is-layout-flex\">\n<figure class=\"wp-block-image size-large\"><img loading=\"lazy\" decoding=\"async\" width=\"1024\" height=\"768\" data-id=\"3237\" src=\"https:\/\/holyshit.global\/wp-content\/uploads\/2026\/03\/F-Stone-on-screen-at-Sale-1024x768.jpg\" alt=\"\" class=\"wp-image-3237\" srcset=\"https:\/\/holyshit.global\/wp-content\/uploads\/2026\/03\/F-Stone-on-screen-at-Sale-1024x768.jpg 1024w, https:\/\/holyshit.global\/wp-content\/uploads\/2026\/03\/F-Stone-on-screen-at-Sale-300x225.jpg 300w, https:\/\/holyshit.global\/wp-content\/uploads\/2026\/03\/F-Stone-on-screen-at-Sale-768x576.jpg 768w, https:\/\/holyshit.global\/wp-content\/uploads\/2026\/03\/F-Stone-on-screen-at-Sale-1536x1152.jpg 1536w, https:\/\/holyshit.global\/wp-content\/uploads\/2026\/03\/F-Stone-on-screen-at-Sale-465x349.jpg 465w, https:\/\/holyshit.global\/wp-content\/uploads\/2026\/03\/F-Stone-on-screen-at-Sale-667x500.jpg 667w, https:\/\/holyshit.global\/wp-content\/uploads\/2026\/03\/F-Stone-on-screen-at-Sale.jpg 1581w\" sizes=\"auto, (max-width: 1024px) 100vw, 1024px\" \/><\/figure>\n<\/figure>\n\n<figure class=\"wp-block-gallery has-nested-images columns-default is-cropped wp-block-gallery-3 is-layout-flex wp-block-gallery-is-layout-flex\"><\/figure>\n","protected":false},"excerpt":{"rendered":"<p>Holy Shit hatte einen besonderen Auftritt auf der Architekturbiennale 2023 in Venedig, die vom Deutschen Pavillon veranstaltet wurde. Die Vorf\u00fchrung fand im wundersch\u00f6nen Veranstaltungsort S.a.L.E. Docks statt, einem ehemaligen verlassenen Salzlagerhaus, das von einer Gruppe venezianischer Einwohner besetzt wurde, die schlie\u00dflich das Eigentumsrecht an dem Geb\u00e4ude erlangten und es in<span class=\"more-link\"><a href=\"https:\/\/holyshit.global\/de\/holy-shit-auf-der-architekturbiennale-in-venedig-19-oktober-2023\/\">Read More &rarr;<\/a><\/span><\/p>\n","protected":false},"author":1,"featured_media":0,"parent":0,"menu_order":0,"comment_status":"closed","ping_status":"closed","template":"","meta":{"footnotes":""},"class_list":["entry","author-wzu2bwzu2bwzu2b","post-3268","page","type-page","status-publish"],"_links":{"self":[{"href":"https:\/\/holyshit.global\/de\/wp-json\/wp\/v2\/pages\/3268","targetHints":{"allow":["GET"]}}],"collection":[{"href":"https:\/\/holyshit.global\/de\/wp-json\/wp\/v2\/pages"}],"about":[{"href":"https:\/\/holyshit.global\/de\/wp-json\/wp\/v2\/types\/page"}],"author":[{"embeddable":true,"href":"https:\/\/holyshit.global\/de\/wp-json\/wp\/v2\/users\/1"}],"replies":[{"embeddable":true,"href":"https:\/\/holyshit.global\/de\/wp-json\/wp\/v2\/comments?post=3268"}],"version-history":[{"count":1,"href":"https:\/\/holyshit.global\/de\/wp-json\/wp\/v2\/pages\/3268\/revisions"}],"predecessor-version":[{"id":3269,"href":"https:\/\/holyshit.global\/de\/wp-json\/wp\/v2\/pages\/3268\/revisions\/3269"}],"wp:attachment":[{"href":"https:\/\/holyshit.global\/de\/wp-json\/wp\/v2\/media?parent=3268"}],"curies":[{"name":"wp","href":"https:\/\/api.w.org\/{rel}","templated":true}]}}