{"id":3154,"date":"2024-02-17T13:04:38","date_gmt":"2024-02-17T12:04:38","guid":{"rendered":"https:\/\/holyshit.global\/holy-shit-gewinnt-den-publikumswahl-und-den-preis-fuer-den-besten-film-auf-dem-deutscher-naturfilmpreis\/"},"modified":"2024-02-18T09:24:30","modified_gmt":"2024-02-18T08:24:30","slug":"holy-shit-gewinnt-den-publikumswahl-und-den-preis-fuer-den-besten-film-auf-dem-deutscher-naturfilmpreis","status":"publish","type":"page","link":"https:\/\/holyshit.global\/de\/holy-shit-gewinnt-den-publikumswahl-und-den-preis-fuer-den-besten-film-auf-dem-deutscher-naturfilmpreis\/","title":{"rendered":"Holy Shit gewinnt den Publikumspreis und den Preis f\u00fcr den besten Film beim Deutschen NaturfilmPreis."},"content":{"rendered":"\n<div class=\"wp-block-group\"><div class=\"wp-block-group__inner-container is-layout-constrained wp-block-group-is-layout-constrained\">\n<div class=\"wp-block-group is-content-justification-center is-nowrap is-layout-flex wp-container-core-group-is-layout-94bc23d7 wp-block-group-is-layout-flex\">\n<figure class=\"wp-block-image size-large is-resized\"><img loading=\"lazy\" decoding=\"async\" width=\"1024\" height=\"819\" src=\"https:\/\/holyshit.global\/wp-content\/uploads\/2024\/02\/NFP_Publikumswahl_GOLD_23-1024x819.jpg\" alt=\"\" class=\"wp-image-3124\" style=\"width:277px;height:auto\" srcset=\"https:\/\/holyshit.global\/wp-content\/uploads\/2024\/02\/NFP_Publikumswahl_GOLD_23-1024x819.jpg 1024w, https:\/\/holyshit.global\/wp-content\/uploads\/2024\/02\/NFP_Publikumswahl_GOLD_23-300x240.jpg 300w, https:\/\/holyshit.global\/wp-content\/uploads\/2024\/02\/NFP_Publikumswahl_GOLD_23-768x615.jpg 768w, https:\/\/holyshit.global\/wp-content\/uploads\/2024\/02\/NFP_Publikumswahl_GOLD_23-465x372.jpg 465w, https:\/\/holyshit.global\/wp-content\/uploads\/2024\/02\/NFP_Publikumswahl_GOLD_23-625x500.jpg 625w, https:\/\/holyshit.global\/wp-content\/uploads\/2024\/02\/NFP_Publikumswahl_GOLD_23.jpg 1181w\" sizes=\"auto, (max-width: 1024px) 100vw, 1024px\" \/><\/figure>\n\n\n\n<figure class=\"wp-block-image size-large is-resized\"><img loading=\"lazy\" decoding=\"async\" width=\"1024\" height=\"819\" src=\"https:\/\/holyshit.global\/wp-content\/uploads\/2024\/02\/NFP_Bester_Film_M_N_ROT_23-1024x819.jpg\" alt=\"\" class=\"wp-image-3133\" style=\"width:290px;height:auto\" srcset=\"https:\/\/holyshit.global\/wp-content\/uploads\/2024\/02\/NFP_Bester_Film_M_N_ROT_23-1024x819.jpg 1024w, https:\/\/holyshit.global\/wp-content\/uploads\/2024\/02\/NFP_Bester_Film_M_N_ROT_23-300x240.jpg 300w, https:\/\/holyshit.global\/wp-content\/uploads\/2024\/02\/NFP_Bester_Film_M_N_ROT_23-768x615.jpg 768w, https:\/\/holyshit.global\/wp-content\/uploads\/2024\/02\/NFP_Bester_Film_M_N_ROT_23-465x372.jpg 465w, https:\/\/holyshit.global\/wp-content\/uploads\/2024\/02\/NFP_Bester_Film_M_N_ROT_23-625x500.jpg 625w, https:\/\/holyshit.global\/wp-content\/uploads\/2024\/02\/NFP_Bester_Film_M_N_ROT_23.jpg 1181w\" sizes=\"auto, (max-width: 1024px) 100vw, 1024px\" \/><\/figure>\n<\/div>\n<\/div><\/div>\n\n<p class=\"has-medium-font-size\">Am 7. Oktober 2023 erhielt Holy Shit den Publikumswahl und den Preis f\u00fcr den besten Film in der Kategorie Mensch und Natur von Deutschlands bedeutendstem Naturfilmfestival, dem Darsser NaturFilmPreis. Die Laudatio sagt es deutlich.<\/p>\n\n<p class=\"has-medium-font-size\">LAUDATIO<br\/>Deutscher NaturFilmPreis 2023<br\/>Bester Film | Mensch und Natur<\/p>\n\n<p class=\"has-medium-font-size\">Wer sich mit Naturthemen besch\u00e4ftigt, bekommt schnell ein Gefu\u0308hl der Ausweglosigkeit. Wir \u2013 die Spezies Mensch \u2013 sind ja gerade dabei, viel zu zerst\u00f6ren. Das Klima, die Artenvielfalt. Ob wir die Welt noch retten k\u00f6nnen? Das ist eine gro\u00dfe Frage. Ein Teil der Antwort liegt vielleicht n\u00e4her als man denkt. Genauer gesagt: in der Kloschu\u0308ssel.<\/p>\n\n<p class=\"has-medium-font-size\">Wir erleben die Geschichte einer Verwandlung. Wie n\u00e4mlich aus dem, was wir alle t\u00e4glich achtlos das Klo runterspu\u0308len, etwas Wunderbares, Wertvolles werden kann: Du\u0308nger. 86 Minuten dauert es, diese verblu\u0308ffende Geschichte zu erz\u00e4hlen. Keine Sekunde davon ist langweilig. Die Story fu\u0308hrt um den halben Erdball. Jede Station beleuchtet eine neue Facette des Themas. Man ahnt, wieviel Zeit in die Recherche geflossen ist. Wie schmal der Grat war, zwischen dem heiteren Ton, den der Film gefunden hat \u2013 und billigen Witzchen, die sich anb\u00f6ten.<\/p>\n\n<p class=\"has-medium-font-size\">Aber das allein ist es nicht. Es sind auch die Menschen, denen wir begegnen, die den Film so unfassbar gut machen. M\u00e4nner und Frauen, die mutig und frei von Konventionen forschen und handeln. Die alle denselben Traum hegen: Menschliche Kacke zuru\u0308ck in den Kreislauf der Natur zu fu\u0308hren. Ihre Begeisterung steckt an. Oder, wie ein Mitglied der Jury sagte: Er verspu\u0308rt jetzt den dringenden Wunsch, ein Torfklo anzuschaffen.<\/p>\n\n<p class=\"has-medium-font-size\">Preistr\u00e4ger des Deutschen NaturfilmPreises 2023 in der Kategorie \u00bbBester Film | Mensch und Natur\u00ab ist: \u00bbHoly Shit \u2013 Entscheidend ist, was hinten rauskommt\u00ab von Rub\u00e9n Abru\u00f1a.<\/p>\n\n<p class=\"has-medium-font-size\">Herzlichen Glu\u0308ckwunsch!<\/p>\n\n<figure class=\"wp-block-gallery has-nested-images columns-default is-cropped wp-block-gallery-1 is-layout-flex wp-block-gallery-is-layout-flex\">\n<figure class=\"wp-block-image size-large\"><img decoding=\"async\" data-id=\"3111\" src=\"https:\/\/holyshit.global\/wp-content\/uploads\/2024\/02\/52_FM6_5879web-scaled.jpg\" alt=\"\" class=\"wp-image-3111\"\/><\/figure>\n\n\n\n<figure class=\"wp-block-image size-large\"><img decoding=\"async\" data-id=\"3117\" src=\"https:\/\/holyshit.global\/wp-content\/uploads\/2024\/02\/52_FM6_5887web.jpg\" alt=\"\" class=\"wp-image-3117\"\/><\/figure>\n\n\n\n<figure class=\"wp-block-image size-full\"><img decoding=\"async\" data-id=\"3108\" src=\"https:\/\/holyshit.global\/wp-content\/uploads\/2024\/02\/52_FM6_6066web-scaled.jpg\" alt=\"\" class=\"wp-image-3108\"\/><\/figure>\n\n\n\n<figure class=\"wp-block-image size-large\"><img decoding=\"async\" data-id=\"3105\" src=\"https:\/\/holyshit.global\/wp-content\/uploads\/2024\/02\/52_FM6_6061web-scaled.jpg\" alt=\"\" class=\"wp-image-3105\"\/><\/figure>\n\n\n\n<figure class=\"wp-block-image size-large\"><img loading=\"lazy\" decoding=\"async\" width=\"1024\" height=\"576\" data-id=\"3050\" src=\"https:\/\/holyshit.global\/wp-content\/uploads\/2024\/02\/Deutscher_NaturfilmPreis_2023__c__DSN___picture_alliance___Frank_May-1024x576.jpg\" alt=\"\" class=\"wp-image-3050\" srcset=\"https:\/\/holyshit.global\/wp-content\/uploads\/2024\/02\/Deutscher_NaturfilmPreis_2023__c__DSN___picture_alliance___Frank_May-1024x576.jpg 1024w, https:\/\/holyshit.global\/wp-content\/uploads\/2024\/02\/Deutscher_NaturfilmPreis_2023__c__DSN___picture_alliance___Frank_May-300x169.jpg 300w, https:\/\/holyshit.global\/wp-content\/uploads\/2024\/02\/Deutscher_NaturfilmPreis_2023__c__DSN___picture_alliance___Frank_May-768x432.jpg 768w, https:\/\/holyshit.global\/wp-content\/uploads\/2024\/02\/Deutscher_NaturfilmPreis_2023__c__DSN___picture_alliance___Frank_May-1536x864.jpg 1536w, https:\/\/holyshit.global\/wp-content\/uploads\/2024\/02\/Deutscher_NaturfilmPreis_2023__c__DSN___picture_alliance___Frank_May-2048x1152.jpg 2048w, https:\/\/holyshit.global\/wp-content\/uploads\/2024\/02\/Deutscher_NaturfilmPreis_2023__c__DSN___picture_alliance___Frank_May-465x262.jpg 465w, https:\/\/holyshit.global\/wp-content\/uploads\/2024\/02\/Deutscher_NaturfilmPreis_2023__c__DSN___picture_alliance___Frank_May-695x391.jpg 695w\" sizes=\"auto, (max-width: 1024px) 100vw, 1024px\" \/><\/figure>\n\n\n<div class=\"wp-block-image\">\n<figure class=\"aligncenter size-large\"><img decoding=\"async\" data-id=\"3102\" src=\"https:\/\/holyshit.global\/wp-content\/uploads\/2024\/02\/52_FM6_6044web-scaled.jpg\" alt=\"\" class=\"wp-image-3102\"\/><\/figure>\n<\/div><\/figure>\n\n<p>\u00a9 DNS | picture alliance | Frank May<\/p>\n\n<div class=\"wp-block-group\"><div class=\"wp-block-group__inner-container is-layout-constrained wp-block-group-is-layout-constrained\">\n<div class=\"wp-block-buttons is-content-justification-center is-layout-flex wp-container-core-buttons-is-layout-16018d1d wp-block-buttons-is-layout-flex\">\n<div class=\"wp-block-button\"><a class=\"wp-block-button__link wp-element-button\" href=\"https:\/\/holyshit.global\/de\/praesentation-im-oberes-brueggli-restaurant-in-jura\/\">Vorherige<\/a><\/div>\n\n\n\n<div class=\"wp-block-button\"><a class=\"wp-block-button__link wp-element-button\">N\u00e4chste<\/a><\/div>\n<\/div>\n<\/div><\/div>\n","protected":false},"excerpt":{"rendered":"<p>Am 7. Oktober 2023 erhielt Holy Shit den Publikumswahl und den Preis f\u00fcr den besten Film in der Kategorie Mensch und Natur von Deutschlands bedeutendstem Naturfilmfestival, dem Darsser NaturFilmPreis. Die Laudatio sagt es deutlich. LAUDATIODeutscher NaturFilmPreis 2023Bester Film | Mensch und Natur Wer sich mit Naturthemen besch\u00e4ftigt, bekommt schnell ein<span class=\"more-link\"><a href=\"https:\/\/holyshit.global\/de\/holy-shit-gewinnt-den-publikumswahl-und-den-preis-fuer-den-besten-film-auf-dem-deutscher-naturfilmpreis\/\">Read More &rarr;<\/a><\/span><\/p>\n","protected":false},"author":1,"featured_media":0,"parent":0,"menu_order":0,"comment_status":"closed","ping_status":"closed","template":"","meta":{"footnotes":""},"class_list":["entry","author-wzu2bwzu2bwzu2b","post-3154","page","type-page","status-publish"],"_links":{"self":[{"href":"https:\/\/holyshit.global\/de\/wp-json\/wp\/v2\/pages\/3154","targetHints":{"allow":["GET"]}}],"collection":[{"href":"https:\/\/holyshit.global\/de\/wp-json\/wp\/v2\/pages"}],"about":[{"href":"https:\/\/holyshit.global\/de\/wp-json\/wp\/v2\/types\/page"}],"author":[{"embeddable":true,"href":"https:\/\/holyshit.global\/de\/wp-json\/wp\/v2\/users\/1"}],"replies":[{"embeddable":true,"href":"https:\/\/holyshit.global\/de\/wp-json\/wp\/v2\/comments?post=3154"}],"version-history":[{"count":4,"href":"https:\/\/holyshit.global\/de\/wp-json\/wp\/v2\/pages\/3154\/revisions"}],"predecessor-version":[{"id":3173,"href":"https:\/\/holyshit.global\/de\/wp-json\/wp\/v2\/pages\/3154\/revisions\/3173"}],"wp:attachment":[{"href":"https:\/\/holyshit.global\/de\/wp-json\/wp\/v2\/media?parent=3154"}],"curies":[{"name":"wp","href":"https:\/\/api.w.org\/{rel}","templated":true}]}}