{"id":2559,"date":"2023-12-14T11:11:59","date_gmt":"2023-12-14T10:11:59","guid":{"rendered":"https:\/\/holyshit.global\/holy-shit-now-ansehen\/"},"modified":"2026-03-07T17:14:18","modified_gmt":"2026-03-07T16:14:18","slug":"holy-shit-now-ansehen","status":"publish","type":"page","link":"https:\/\/holyshit.global\/de\/holy-shit-now-ansehen\/","title":{"rendered":"Holy Shit Jetzt ansehen"},"content":{"rendered":"\n<p class=\"has-medium-font-size\">Hier k\u00f6nnen Sie die Kinoversion von Holy Shit anschauen (L\u00e4nge: 85 Minuten, mit englischem Kommentar und englischen Untertiteln), wenn sie in einem Land wohnen, in dem der Film noch nicht an einen Sender verkauft ist. Bitte klicken sie rechts oben auf &#8218;Ausleihen&#8216;.  <br\/><br\/>Um eine \u00f6ffentliche Vorf\u00fchrung zu buchen (f\u00fcr Bildungseinrichtungen oder Gruppen), kontaktieren Sie bitte <a href=\"https:\/\/www.autlookfilms.com\/films\/holy-shit\" target=\"_blank\" rel=\"noreferrer noopener\">Autlook Filmsales<\/a> f\u00fcr weitere Informationen. <br\/><br\/>Um die Website des deutschen Vertriebspartners zu besuchen, gehen Sie auf https:\/\/holyshit-derfilm.de\/<\/p>\n\n<figure class=\"wp-block-embed is-type-video is-provider-vimeo wp-block-embed-vimeo wp-embed-aspect-16-9 wp-has-aspect-ratio\"><div class=\"wp-block-embed__wrapper\">\n<iframe loading=\"lazy\" title=\"Holy Shit\" src=\"https:\/\/player.vimeo.com\/video\/886853580?dnt=1&amp;app_id=122963\" width=\"1380\" height=\"776\" frameborder=\"0\" allow=\"autoplay; fullscreen; picture-in-picture\"><\/iframe>\n<\/div><\/figure>\n\n<p><\/p>\n","protected":false},"excerpt":{"rendered":"<p>Hier k\u00f6nnen Sie die Kinoversion von Holy Shit anschauen (L\u00e4nge: 85 Minuten, mit englischem Kommentar und englischen Untertiteln), wenn sie in einem Land wohnen, in dem der Film noch nicht an einen Sender verkauft ist. Bitte klicken sie rechts oben auf &#8218;Ausleihen&#8216;. Um eine \u00f6ffentliche Vorf\u00fchrung zu buchen (f\u00fcr Bildungseinrichtungen<span class=\"more-link\"><a href=\"https:\/\/holyshit.global\/de\/holy-shit-now-ansehen\/\">Read More &rarr;<\/a><\/span><\/p>\n","protected":false},"author":1,"featured_media":0,"parent":0,"menu_order":0,"comment_status":"closed","ping_status":"closed","template":"","meta":{"footnotes":""},"class_list":["entry","author-wzu2bwzu2bwzu2b","post-2559","page","type-page","status-publish"],"_links":{"self":[{"href":"https:\/\/holyshit.global\/de\/wp-json\/wp\/v2\/pages\/2559","targetHints":{"allow":["GET"]}}],"collection":[{"href":"https:\/\/holyshit.global\/de\/wp-json\/wp\/v2\/pages"}],"about":[{"href":"https:\/\/holyshit.global\/de\/wp-json\/wp\/v2\/types\/page"}],"author":[{"embeddable":true,"href":"https:\/\/holyshit.global\/de\/wp-json\/wp\/v2\/users\/1"}],"replies":[{"embeddable":true,"href":"https:\/\/holyshit.global\/de\/wp-json\/wp\/v2\/comments?post=2559"}],"version-history":[{"count":36,"href":"https:\/\/holyshit.global\/de\/wp-json\/wp\/v2\/pages\/2559\/revisions"}],"predecessor-version":[{"id":3325,"href":"https:\/\/holyshit.global\/de\/wp-json\/wp\/v2\/pages\/2559\/revisions\/3325"}],"wp:attachment":[{"href":"https:\/\/holyshit.global\/de\/wp-json\/wp\/v2\/media?parent=2559"}],"curies":[{"name":"wp","href":"https:\/\/api.w.org\/{rel}","templated":true}]}}